{"id":27,"date":"2016-10-21T17:31:30","date_gmt":"2016-10-21T15:31:30","guid":{"rendered":"https:\/\/www.budapestcard.org\/cs\/?page_id=27"},"modified":"2026-04-13T06:06:38","modified_gmt":"2026-04-13T04:06:38","slug":"ceny","status":"publish","type":"page","link":"https:\/\/www.budapestcard.org\/cs\/ceny\/","title":{"rendered":"Ceny Budapest Card"},"content":{"rendered":"\n<p>Karta Budapest Card je jedn\u00edm z nejlep\u0161\u00edch n\u00e1stroj\u016f pro objevov\u00e1n\u00ed v\u0161ech \u00fa\u017easn\u00fdch m\u00edst, kter\u00e1 Budape\u0161\u0165 nab\u00edz\u00ed. Kter\u00e1 z variant je ale pro v\u00e1s ta prav\u00e1?<\/p>\n\n\n\n<p>Karta Budapest Card je k dispozici v p\u011bti variant\u00e1ch s r\u016fznou d\u00e9lkou platnosti: <strong>24<\/strong>, <strong>48<\/strong>, <strong>72<\/strong>, <strong>96 <\/strong>a <strong>120 <\/strong>hodin. Ka\u017ed\u00e1 karta je platn\u00e1 od prvn\u00edho pou\u017eit\u00ed po dobu, kter\u00e1 je na n\u00ed uvedena. Karta se aktivuje a\u017e p\u0159i prvn\u00edm pou\u017eit\u00ed, tak\u017ee si ji m\u016f\u017ee\u0161 pohodln\u011b koupit je\u0161t\u011b p\u0159ed cestou. Plat\u00ed do konce aktu\u00e1ln\u00ed sez\u00f3ny, tedy do 30. dubna 2026. Kup si ji v\u010das a u\u0161et\u0159i!<\/p>\n\n\n\n<h3 class=\"wp-block-heading\">Cen\u00edk<\/h3>\n\n\n<div class=\"ms-table frozenColumn\"><table><tr><th>Dosp\u011bl\u00fd<\/th><th>B\u011b\u017en\u00e1 cena<\/th><\/tr><tr><td>24 hodin<\/td><td>\u20ac55,00 (\u20ac55,00 za den)<\/td><\/tr><tr><td>48 hodin<\/td><td>\u20ac71,50 (\u20ac35,75 za den)<\/td><\/tr><tr><td>72 hodin<\/td><td>\u20ac91,30 (\u20ac30,43 za den)<\/td><\/tr><tr><td>96 hodin<\/td><td>\u20ac114,40 (\u20ac28,60 za den)<\/td><\/tr><tr><td>120 hodin<\/td><td>\u20ac127,60 (\u20ac25,52 za den)<\/td><\/tr><\/table><\/div>\n\n\n<p><strong>Pozn\u00e1mka:<\/strong> Ka\u017ed\u00e1 karta plat\u00ed pro jednoho dosp\u011bl\u00e9ho a jedno d\u00edt\u011b do \u0161esti let, kter\u00e9 s n\u00edm cestuje.<\/p>\n\n\n\n<p>Abyste zjistili, jestli se v\u00e1m karta Budapest Card vyplat\u00ed, polo\u017ete si tyto t\u0159i ot\u00e1zky:<\/p>\n\n\n\n<ol class=\"wp-block-list\">\n<li>Jak dlouho budu v Budape\u0161ti?<\/li>\n\n\n\n<li>Kolik \u00fa\u017easn\u00fdch m\u00edst chci vid\u011bt?<\/li>\n\n\n\n<li>Kolik chci u\u0161et\u0159it?<\/li>\n<\/ol>\n\n\n\n<p>Chyst\u00e1te se do Budape\u0161ti jen na jeden den, abyste ochutnali slavn\u00fd ma\u010farsk\u00fd trdeln\u00edk v Moln\u00e1r&#8217;s K\u00fcrt\u0151skal\u00e1cs nebo si zaplavali v term\u00e1ln\u00edch l\u00e1zn\u00edch a baz\u00e9nu Luk\u00e1cs? V tom p\u0159\u00edpad\u011b by pro v\u00e1s mohla b\u00fdt nejlep\u0161\u00ed volbou 24hodinov\u00e1 karta. Pokud se zdr\u017e\u00edte d\u00e9le nebo chcete za\u017e\u00edt v\u00edc ne\u017e jen sladkou pochoutku a relaxa\u010dn\u00ed koupel, zva\u017ete po\u0159\u00edzen\u00ed karty s platnost\u00ed 48, 72, 96 nebo 120 hodin.<\/p>\n\n\n<div class=\"gb-container gb-container-bc0d9ca1 ms-alert--primary ms-p ms-rounded ms-mb-last-child-0 ms-mb-children-condensed ms-mb-block\">\n\n<p>Karty s del\u0161\u00ed platnost\u00ed jsou velmi v\u00fdhodn\u00e9, zejm\u00e9na ta 120hodinov\u00e1, jej\u00ed\u017e denn\u00ed cena je pouh\u00fdch \u20ac25,52.<\/p>\n\n<\/div>\n\n\n<p>S kartou Budapest Card z\u00edsk\u00e1te kl\u00ed\u010de k m\u011bstu. Des\u00edtky bar\u016f, restaurac\u00ed, l\u00e1zn\u00ed, muze\u00ed a dal\u0161\u00edch m\u00edst nab\u00edzej\u00ed obrovsk\u00e9 slevy na vstupn\u00e9, slu\u017eby a n\u00e1kupy. M\u016f\u017eete zdarma vyu\u017e\u00edvat m\u011bstskou hromadnou dopravu, \u00fa\u010dastnit se bezplatn\u00fdch p\u011b\u0161\u00edch prohl\u00eddek a plaveb po \u0159ece nebo nav\u0161t\u00edvit term\u00e1ln\u00ed l\u00e1zn\u011b Luk\u00e1cs. Mo\u017enosti jsou nekone\u010dn\u00e9.<\/p>\n\n\n\n<p>Pod\u00edvejte se na na\u0161i str\u00e1nku <a href=\"https:\/\/www.budapestcard.org\/cs\/discounts\/\" target=\"_blank\" rel=\"noreferrer noopener\">Slevy<\/a>, kde najdete v\u00edce informac\u00ed o v\u0161ech \u00fa\u017easn\u00fdch v\u00fdhod\u00e1ch, kter\u00e9 m\u016f\u017eete s kartou Budapest Card z\u00edskat. &nbsp;<\/p>\n\n\n\n<p><\/p>\n","protected":false},"excerpt":{"rendered":"","protected":false},"author":1,"featured_media":0,"parent":0,"menu_order":4,"comment_status":"closed","ping_status":"closed","template":"","meta":{"_acf_changed":false,"footnotes":"","button_url":"https:\/\/www.tiqets.com\/cs\/things-to-do-in-budapest-c68199\/tickets-for-budapest-card-free-entrance-to-szt-lukacs-thermal-bath-and-pool-p974576\/?partner=budapestcard","ms_product_id":"","ms_product_name":"","ms_price":"","ms_currency":"","ms_rating_value":"","ms_review_count":"","rank_math_title":"Budapest Card \u2013 Ceny v roce %currentyear%","rank_math_description":"Objevte Budape\u0161\u0165 v roce %currentyear% s nejv\u00fdhodn\u011bj\u0161\u00ed kartou Budapest Card. Vyberte si z 24, 48, 72, 96 nebo 120 hodin. Ceny karet Budapest Card najdete zde."},"post-style":[],"producer":[],"class_list":["post-27","page","type-page","status-publish","has-post-thumbnail"],"acf":[],"product_schema":{"ms_product_id":"","ms_product_name":"","ms_price":"","ms_currency":"","ms_rating_value":"","ms_review_count":""},"_links":{"self":[{"href":"https:\/\/www.budapestcard.org\/cs\/wp-json\/wp\/v2\/pages\/27","targetHints":{"allow":["GET"]}}],"collection":[{"href":"https:\/\/www.budapestcard.org\/cs\/wp-json\/wp\/v2\/pages"}],"about":[{"href":"https:\/\/www.budapestcard.org\/cs\/wp-json\/wp\/v2\/types\/page"}],"author":[{"embeddable":true,"href":"https:\/\/www.budapestcard.org\/cs\/wp-json\/wp\/v2\/users\/1"}],"replies":[{"embeddable":true,"href":"https:\/\/www.budapestcard.org\/cs\/wp-json\/wp\/v2\/comments?post=27"}],"version-history":[{"count":3,"href":"https:\/\/www.budapestcard.org\/cs\/wp-json\/wp\/v2\/pages\/27\/revisions"}],"predecessor-version":[{"id":1056,"href":"https:\/\/www.budapestcard.org\/cs\/wp-json\/wp\/v2\/pages\/27\/revisions\/1056"}],"wp:attachment":[{"href":"https:\/\/www.budapestcard.org\/cs\/wp-json\/wp\/v2\/media?parent=27"}],"wp:term":[{"taxonomy":"post-style","embeddable":true,"href":"https:\/\/www.budapestcard.org\/cs\/wp-json\/wp\/v2\/post-style?post=27"},{"taxonomy":"producer","embeddable":true,"href":"https:\/\/www.budapestcard.org\/cs\/wp-json\/wp\/v2\/producer?post=27"}],"curies":[{"name":"wp","href":"https:\/\/api.w.org\/{rel}","templated":true}]}}