{"id":29,"date":"2016-10-21T17:36:59","date_gmt":"2016-10-21T15:36:59","guid":{"rendered":"https:\/\/www.budapestcard.org\/cs\/?page_id=29"},"modified":"2025-09-25T22:22:14","modified_gmt":"2025-09-25T20:22:14","slug":"faq","status":"publish","type":"page","link":"https:\/\/www.budapestcard.org\/cs\/faq\/","title":{"rendered":"\u010casto kladen\u00e9 ot\u00e1zky"},"content":{"rendered":"<div id=\"rank-math-faq\" class=\"rank-math-block\">\n<div class=\"rank-math-list \">\n<div id=\"faq-question-1717062476605\" class=\"rank-math-list-item\">\n<h3 class=\"rank-math-question \">Co je Budapest Card?<\/h3>\n<div class=\"rank-math-answer \">\n\n<p>Budapest Card je v\u00e1\u0161 kl\u00ed\u010d k m\u011bstu. M\u016f\u017eete ji pou\u017e\u00edt hned t\u0159emi zp\u016fsoby: jako j\u00edzdenku na m\u011bstskou hromadnou dopravu (kter\u00e1 v\u00e1m umo\u017en\u00ed bezplatn\u011b cestovat v\u0161emi prost\u0159edky), jako vstupenku k atrakc\u00edm, kter\u00e9 v\u00e1s provedou histori\u00ed a kulturou, a jako slevovou kartu, kter\u00e1 v\u00e1m pom\u016f\u017ee u\u0161et\u0159it spoustu pen\u011bz.<\/p>\n<p>S Budapest Card z\u00edsk\u00e1te bezplatn\u00fd vstup do v\u00edce ne\u017e 30 muze\u00ed a atrakc\u00ed, a\u017e 50% slevy v restaurac\u00edch, barech a obchodech, bezplatn\u00e9 p\u011b\u0161\u00ed prohl\u00eddky i plavby po \u0159ece, d\u00edky kter\u00fdm si Budape\u0161\u0165 zamilujete.<\/p>\n\n<\/div>\n<\/div>\n<div id=\"faq-question-1717062505033\" class=\"rank-math-list-item\">\n<h3 class=\"rank-math-question \">Jak\u00e9 jsou v\u00fdhody karty Budapest Card?<\/h3>\n<div class=\"rank-math-answer \">\n\n<p>Nejv\u011bt\u0161\u00ed v\u00fdhodou Budapest Card je to, \u017ee v\u00e1m u\u0161et\u0159\u00ed \u010das i pen\u00edze. D\u00edky bezplatn\u00e9mu vstupu do v\u00edce ne\u017e 30 atrakc\u00ed (v\u010detn\u011b slavn\u00fdch m\u00edst, jako je Ma\u010farsk\u00e9 n\u00e1rodn\u00ed muzeum a term\u00e1ln\u00ed l\u00e1zn\u011b sv. Luk\u00e1\u0161e) a slev\u00e1m v mnoha dal\u0161\u00edch podnic\u00edch m\u016f\u017eete snadno u\u0161et\u0159it stovky eur. A\u0165 u\u017e cestujete sami, nebo s p\u0159\u00e1teli, v\u017edy z\u00edsk\u00e1te stejn\u00e9 skv\u011bl\u00e9 slevy.<\/p>\n<p>A\u0165 u\u017e si chcete u\u017e\u00edt l\u00e1ze\u0148sk\u00fd den v jedn\u00e9 z mnoha term\u00e1ln\u00edch l\u00e1zn\u00ed, nebo v\u00e1s l\u00e1k\u00e1 p\u0159edstaven\u00ed v historick\u00e9m divadle \u010di muzeu, Budapest Card m\u00e1 zkr\u00e1tka pro ka\u017ed\u00e9ho n\u011bco.<\/p>\n\n<\/div>\n<\/div>\n<div id=\"faq-question-1717062519392\" class=\"rank-math-list-item\">\n<h3 class=\"rank-math-question \">Jak\u00e9 slevy nab\u00edz\u00ed Budapest Card?<\/h3>\n<div class=\"rank-math-answer \">\n\n<p>Budapest Card nab\u00edz\u00ed slevy na dopravu, atrakce, prohl\u00eddky m\u011bsta, restaurace, l\u00e1zn\u011b a mnoho dal\u0161\u00edho. S kartou nav\u00edc z\u00edsk\u00e1te bezplatn\u00fd p\u0159\u00edstup ke v\u0161em prost\u0159edk\u016fm hromadn\u00e9 dopravy v Budape\u0161ti, vstup do jedn\u011bch z legend\u00e1rn\u00edch term\u00e1ln\u00edch l\u00e1zn\u00ed a bezplatn\u00fd vstup do v\u00edce ne\u017e 30 nejv\u00fdznamn\u011bj\u0161\u00edch muze\u00ed a historick\u00fdch pam\u00e1tek. Krom\u011b toho maj\u00ed dr\u017eitel\u00e9 Budapest Card slevu na vstup do mnoha dal\u0161\u00edch kulturn\u00edch pam\u00e1tek a kostel\u016f.<\/p>\n<p>Pokud r\u00e1di pozn\u00e1v\u00e1te pam\u00e1tky, ocen\u00edte, \u017ee karta zahrnuje bezplatn\u00e9 p\u011b\u0161\u00ed prohl\u00eddky, kter\u00e9 v\u00e1s provedou od Ryb\u00e1\u0159sk\u00e9 ba\u0161ty na hradn\u00edm vrchu a\u017e po n\u00e1dhernou Baziliku svat\u00e9ho \u0160t\u011bp\u00e1na na pe\u0161\u0165sk\u00e9 stran\u011b m\u011bsta. M\u016f\u017eete si tak\u00e9 u\u017e\u00edt bezplatn\u00e9 plavby po \u0159ece, kter\u00e9 nab\u00edzej\u00ed skv\u011blou p\u0159\u00edle\u017eitost obdivovat \u00fachvatn\u00e9 panorama Budape\u0161ti z Dunaje.<\/p>\n<p>A pokud jste gurm\u00e1n, Budapest Card v\u00e1m poskytne a\u017e 50% slevu v n\u011bkter\u00fdch skv\u011bl\u00fdch restaurac\u00edch, kav\u00e1rn\u00e1ch a barech, tak\u017ee si m\u016f\u017eete vychutnat to nejlep\u0161\u00ed z ma\u010farsk\u00e9 kuchyn\u011b, ani\u017e byste utratili spoustu pen\u011bz. Stru\u010dn\u011b \u0159e\u010deno, Budapest Card nab\u00edz\u00ed slevy pro v\u0161echny typy cestovatel\u016f \u2013 a\u0165 u\u017e v\u00e1s zaj\u00edm\u00e1 historie, j\u00eddlo, nebo z\u00e1bava. \u00dapln\u00fd seznam v\u00fdhod najdete na str\u00e1nce se <a href=\"https:\/\/www.budapestcard.org\/discounts\/\"><\/a><a href=\"https:\/\/www.budapestcard.org\/cs\/discounts\/\" target=\"_blank\" rel=\"noreferrer noopener\">slevami<\/a>. <\/p>\n\n<\/div>\n<\/div>\n<div id=\"faq-question-1724227536551\" class=\"rank-math-list-item\">\n<h3 class=\"rank-math-question \">Vyplat\u00ed se Budapest Card?<\/h3>\n<div class=\"rank-math-answer \">\n\n<p>Budapest Card v\u00e1m poskytne bezplatn\u00fd p\u0159\u00edstup k hromadn\u00e9 doprav\u011b a v\u00edce ne\u017e 50 slev do muze\u00ed, na atrakce, do bar\u016f, restaurac\u00ed, kav\u00e1ren a term\u00e1ln\u00edch l\u00e1zn\u00ed. Karta v\u00e1m nejen u\u0161et\u0159\u00ed pen\u00edze, ale tak\u00e9 v\u00e1m d\u00e1 svobodu poznat m\u011bsto, jak se v\u00e1m zl\u00edb\u00ed, a pohodln\u011b nav\u0161t\u00edvit v\u0161echny \u00fa\u017easn\u00e9 budape\u0161\u0165sk\u00e9 atrakce podle sv\u00fdch vlastn\u00edch p\u0159edstav. Jedin\u011b vy si m\u016f\u017eete odpov\u011bd\u011bt, zda se Budapest Card vyplat\u00ed.<\/p>\n\n<\/div>\n<\/div>\n<div id=\"faq-question-1745825055616\" class=\"rank-math-list-item\">\n<h3 class=\"rank-math-question \">Mohu s Budapest Card p\u0159esko\u010dit fronty?<\/h3>\n<div class=\"rank-math-answer \">\n\n<p>Ne, Budapest Card v\u00e1m neumo\u017e\u0148uje p\u0159esko\u010dit fronty. Z\u00edsk\u00e1te s n\u00ed bezplatn\u00fd vstup nebo slevy, ale stejn\u011b jako v\u0161ichni ostatn\u00ed mus\u00edte \u010dekat ve front\u011b.<\/p>\n\n<\/div>\n<\/div>\n<div id=\"faq-question-1745831504115\" class=\"rank-math-list-item\">\n<h3 class=\"rank-math-question \">Jak dlouho je karta Budapest Card platn\u00e1?<\/h3>\n<div class=\"rank-math-answer \">\n\n<p>M\u016f\u017eete si vybrat kartu, kter\u00e1 plat\u00ed 24, 48, 72, 96 nebo 120 hodin od prvn\u00edho pou\u017eit\u00ed. Ka\u017ed\u00e1 karta je tak\u00e9 sou\u010d\u00e1st\u00ed ro\u010dn\u00ed sez\u00f3ny:<br \/><strong>Karty pro sez\u00f3nu 2024\/2025<\/strong>: platn\u00e9 od 1. kv\u011btna 2024 do 30. dubna 2025.<br \/><strong>Karty pro sez\u00f3nu 2025\/2026<\/strong>: platn\u00e9 od 1. kv\u011btna 2025 do 30. dubna 2026.<br \/>Ujist\u011bte se, \u017ee platnost karty odpov\u00edd\u00e1 term\u00ednu va\u0161\u00ed cesty!<\/p>\n\n<\/div>\n<\/div>\n<div id=\"faq-question-1745831746962\" class=\"rank-math-list-item\">\n<h3 class=\"rank-math-question \">Co kdy\u017e ztrat\u00edm kartu Budapest Card?<\/h3>\n<div class=\"rank-math-answer \">\n\n<p>Pokud kartu ztrat\u00edte, nezoufejte! Pokud jste ji po zakoupen\u00ed zaregistrovali na webu, m\u016f\u017eete si po\u017e\u00e1dat o n\u00e1hradn\u00ed kartu v <a href=\"https:\/\/www.budapestcard.org\/cs\/contact\/\" target=\"_blank\" data-type=\"link\" data-id=\"https:\/\/www.budapestcard.org\/cs\/contact\/\" rel=\"noreferrer noopener\">turistick\u00e9 informa\u010dn\u00ed kancel\u00e1\u0159i Budapestinfo<\/a>.<\/p>\n\n<\/div>\n<\/div>\n<div id=\"faq-question-1724227544295\" class=\"rank-math-list-item\">\n<h3 class=\"rank-math-question \">Co je ma\u010farsk\u00e9 digit\u00e1ln\u00ed nom\u00e1dsk\u00e9 v\u00edzum?<\/h3>\n<div class=\"rank-math-answer \">\n\n<p><a href=\"https:\/\/www.budapestcard.org\/cs\/hungary-digital-nomad-visa\/\" target=\"_blank\" rel=\"noreferrer noopener\">Ma\u010farsk\u00e9 digit\u00e1ln\u00ed nom\u00e1dsk\u00e9 v\u00edzum<\/a>, zn\u00e1m\u00e9 tak\u00e9 jako b\u00edl\u00e1 karta, je ro\u010dn\u00ed povolen\u00ed k pobytu, kter\u00e9 umo\u017e\u0148uje pracovn\u00edk\u016fm na d\u00e1lku leg\u00e1ln\u011b \u017e\u00edt a pracovat v Ma\u010farsku. Lze jej jednou prodlou\u017eit, co\u017e umo\u017e\u0148uje maxim\u00e1ln\u00ed pobyt po dobu dvou let. \u00a0<\/p>\n\n<\/div>\n<\/div>\n<\/div>\n<\/div>","protected":false},"excerpt":{"rendered":"","protected":false},"author":1,"featured_media":0,"parent":0,"menu_order":5,"comment_status":"closed","ping_status":"closed","template":"","meta":{"_acf_changed":false,"footnotes":""},"post-style":[],"producer":[],"class_list":["post-29","page","type-page","status-publish"],"acf":[],"_links":{"self":[{"href":"https:\/\/www.budapestcard.org\/cs\/wp-json\/wp\/v2\/pages\/29","targetHints":{"allow":["GET"]}}],"collection":[{"href":"https:\/\/www.budapestcard.org\/cs\/wp-json\/wp\/v2\/pages"}],"about":[{"href":"https:\/\/www.budapestcard.org\/cs\/wp-json\/wp\/v2\/types\/page"}],"author":[{"embeddable":true,"href":"https:\/\/www.budapestcard.org\/cs\/wp-json\/wp\/v2\/users\/1"}],"replies":[{"embeddable":true,"href":"https:\/\/www.budapestcard.org\/cs\/wp-json\/wp\/v2\/comments?post=29"}],"version-history":[{"count":3,"href":"https:\/\/www.budapestcard.org\/cs\/wp-json\/wp\/v2\/pages\/29\/revisions"}],"predecessor-version":[{"id":989,"href":"https:\/\/www.budapestcard.org\/cs\/wp-json\/wp\/v2\/pages\/29\/revisions\/989"}],"wp:attachment":[{"href":"https:\/\/www.budapestcard.org\/cs\/wp-json\/wp\/v2\/media?parent=29"}],"wp:term":[{"taxonomy":"post-style","embeddable":true,"href":"https:\/\/www.budapestcard.org\/cs\/wp-json\/wp\/v2\/post-style?post=29"},{"taxonomy":"producer","embeddable":true,"href":"https:\/\/www.budapestcard.org\/cs\/wp-json\/wp\/v2\/producer?post=29"}],"curies":[{"name":"wp","href":"https:\/\/api.w.org\/{rel}","templated":true}]}}