{"id":509,"date":"2024-08-09T10:09:25","date_gmt":"2024-08-09T08:09:25","guid":{"rendered":"https:\/\/www.budapestcard.org\/cs\/?page_id=509"},"modified":"2026-03-28T05:18:25","modified_gmt":"2026-03-28T04:18:25","slug":"budapest-card","status":"publish","type":"page","link":"https:\/\/www.budapestcard.org\/cs\/","title":{"rendered":"Budapest Card"},"content":{"rendered":"\n<figure class=\"gb-block-image gb-block-image-5d9661c3\"><img decoding=\"async\" width=\"1920\" height=\"1080\" class=\"gb-image gb-image-5d9661c3 ms-mb-block\" src=\"https:\/\/www.budapestcard.org\/cs\/wp-content\/uploads\/sites\/10\/budapest-hompage-1745203934.jpg\" alt=\"View of Budapest City\" title=\"Budapest-hompage\" srcset=\"https:\/\/www.budapestcard.org\/cs\/wp-content\/uploads\/sites\/10\/budapest-hompage-1745203934.jpg 1920w, https:\/\/www.budapestcard.org\/cs\/wp-content\/uploads\/sites\/10\/budapest-hompage-1745203934-768x432.jpg 768w, https:\/\/www.budapestcard.org\/cs\/wp-content\/uploads\/sites\/10\/budapest-hompage-1745203934-1024x576.jpg 1024w, https:\/\/www.budapestcard.org\/cs\/wp-content\/uploads\/sites\/10\/budapest-hompage-1745203934-1280x720.jpg 1280w, https:\/\/www.budapestcard.org\/cs\/wp-content\/uploads\/sites\/10\/budapest-hompage-1745203934-1600x900.jpg 1600w\" sizes=\"(max-width: 1920px) 100vw, 1920px\" \/><\/figure>\n\n\n\n<h1 class=\"wp-block-heading has-ms-color-neutral-darker-color has-text-color has-link-color wp-elements-cba5541da7daa68e55760198370c6649\">Budape\u0161\u0165sk\u00e1 karta<br><strong><mark style=\"background-color:var(--ms-color-white)\" class=\"has-inline-color has-ms-color-neutral-color\">Objevte Budape\u0161\u0165 s Budape\u0161\u0165skou kartou<\/mark><\/strong><\/h1>\n\n\n\n<p>U\u017eijte si neomezen\u00fd MHD (v\u010detn\u011b p\u0159epravy z leti\u0161t\u011b) a voln\u00fd vstup do p\u0159edn\u00edch atrakc\u00ed s Budapest Card. Zahrnuje voln\u00fd vstup do 22 muzej\u00ed a pam\u00e1tek, jedno bezplatn\u00e9 term\u00e1ln\u00ed l\u00e1zn\u011b, bezplatnou plavbu po Dunaji a tak\u00e9 slevy na dal\u0161\u00ed atrakce, restaurace a dal\u0161\u00ed z\u00e1\u017eitky.<\/p>\n\n\n\n<div class=\"ms-p ms-rounded ms-mb-last-child-0 ms-mb-children-condensed ms-alert--contrast ms-mb-block\">\n<h4 class=\"gb-text-26a71c5b\"><span class=\"gb-shape\"><svg viewBox=\"0 0 256 256\" fill=\"#000000\" height=\"32\" width=\"32\" xmlns=\"http:\/\/www.w3.org\/2000\/svg\"><path d=\"M246.15,133.18,146.83,33.86A19.85,19.85,0,0,0,132.69,28H40A12,12,0,0,0,28,40v92.69a19.85,19.85,0,0,0,5.86,14.14l99.32,99.32a20,20,0,0,0,28.28,0l84.69-84.69A20,20,0,0,0,246.15,133.18Zm-98.83,93.17L52,131V52h79l95.32,95.32ZM100,84A16,16,0,1,1,84,68,16,16,0,0,1,100,84Z\"><\/path><\/svg><\/span><span class=\"gb-text\"><strong><strong>Nenechte si to uj\u00edt!<\/strong><\/strong><\/span><\/h4>\n\n\n\n<p class=\"gb-text\">Z\u00edskejte exkluzivn\u00ed slevy na obl\u00edben\u00e9 atrakce Budape\u0161ti, kdy\u017e je zkombinujete s Budapest Card.<\/p>\n\n\n\n<p class=\"gb-text\"><a href=\"https:\/\/www.tiqets.com\/cs\/things-to-do-in-budapest-c68199\/tickets-for-budapest-card-free-entrance-to-szt-lukacs-thermal-bath-and-pool-p974576\/?partner=budapestcard\" data-type=\"link\" data-id=\"https:\/\/www.getyourguide.com\/budapest-l29\/budapest-card-public-transport-17-museums-and-discounts-t187335\/?partner_id=FENKESD&amp;utm_medium=online_publisher\" rel=\"nofollow noopener\">P\u0159idat z\u00e1\u017eitky a ulo\u017eit \u2192<\/a><\/p>\n<\/div>\n\n\n<div class=\"gb-container gb-container-1e1905d6 gb-tabs\" role=\"tablist\" data-opened-tab=\"1\">\n<div class=\"gb-container gb-container-c0d25ee5 gb-tabs__buttons\" role=\"list\">\n\n<button class=\"gb-button gb-button-38b6d7d4 gb-button-text gb-tabs__button gb-block-is-current\" id=\"gb-tab-button-38b6d7d4\" role=\"tab\">V\u00fdhody<\/button>\n\n\n\n<button class=\"gb-button gb-button-c40a7253 gb-button-text gb-tabs__button\" id=\"gb-tab-button-c40a7253\" role=\"tab\">Co to je<\/button>\n\n\n\n<button class=\"gb-button gb-button-89feebf9 gb-button-text gb-tabs__button\" id=\"gb-tab-button-89feebf9\" role=\"tab\">Kde koupit<\/button>\n\n\n\n<button class=\"gb-button gb-button-15f4a474 gb-button-text gb-tabs__button\" id=\"gb-tab-button-15f4a474\" role=\"tab\">Jak pou\u017e\u00edvat<\/button>\n\n<\/div>\n\n<div class=\"gb-container gb-container-8fcce89b gb-tabs__items\">\n<div class=\"gb-container gb-container-2e268732 gb-tabs__item gb-tabs__item-open\" id=\"gb-tab-item-2e268732\" role=\"tabpanel\">\n<div class=\"gb-grid-wrapper gb-grid-wrapper-cd1d9c10\">\n<div class=\"gb-grid-column gb-grid-column-e5e7f9c4\"><div class=\"gb-container gb-container-e5e7f9c4\">\n\n<h5 class=\"gb-headline gb-headline-60e9d754\"><span class=\"gb-icon\"><svg viewBox=\"0 0 256 256\" fill=\"#000000\" height=\"32\" width=\"32\" xmlns=\"http:\/\/www.w3.org\/2000\/svg\"><path d=\"M232.49,80.49l-128,128a12,12,0,0,1-17,0l-56-56a12,12,0,1,1,17-17L96,183,215.51,63.51a12,12,0,0,1,17,17Z\"><\/path><\/svg><\/span><span class=\"gb-headline-text\"><strong>Bezplatn\u00e1 doprava<\/strong><\/span><\/h5>\n\n\n\n<p class=\"gb-headline gb-headline-7a66953a gb-headline-text\">Neomezen\u00e9 bezplatn\u00e9 cestov\u00e1n\u00ed autobusy, metrem, tramvajemi a trolejbusy.<\/p>\n\n<\/div><\/div>\n\n<div class=\"gb-grid-column gb-grid-column-5d6b898d\"><div class=\"gb-container gb-container-5d6b898d\">\n\n<h5 class=\"gb-headline gb-headline-adcb5959\"><span class=\"gb-icon\"><svg viewBox=\"0 0 256 256\" fill=\"#000000\" height=\"32\" width=\"32\" xmlns=\"http:\/\/www.w3.org\/2000\/svg\"><path d=\"M232.49,80.49l-128,128a12,12,0,0,1-17,0l-56-56a12,12,0,1,1,17-17L96,183,215.51,63.51a12,12,0,0,1,17,17Z\"><\/path><\/svg><\/span><span class=\"gb-headline-text\"><strong><strong>Voln\u00fd vstup<\/strong><\/strong><\/span><\/h5>\n\n\n\n<p class=\"gb-headline gb-headline-bb4a4e2f gb-headline-text ms-icon-list__item\">P\u0159\u00edstup do 22 p\u0159edn\u00edch muzej\u00ed a atrakc\u00ed zdarma.<\/p>\n\n<\/div><\/div>\n\n<div class=\"gb-grid-column gb-grid-column-e238867d\"><div class=\"gb-container gb-container-e238867d\">\n\n<h5 class=\"gb-headline gb-headline-0615572f\"><span class=\"gb-icon\"><svg viewBox=\"0 0 256 256\" fill=\"#000000\" height=\"32\" width=\"32\" xmlns=\"http:\/\/www.w3.org\/2000\/svg\"><path d=\"M232.49,80.49l-128,128a12,12,0,0,1-17,0l-56-56a12,12,0,1,1,17-17L96,183,215.51,63.51a12,12,0,0,1,17,17Z\"><\/path><\/svg><\/span><span class=\"gb-headline-text\"><strong><strong>Bezplatn\u00e9 p\u011b\u0161\u00ed prohl\u00eddky<\/strong><\/strong><\/span><\/h5>\n\n\n\n<p class=\"gb-headline gb-headline-0c389bf3 gb-headline-text ms-icon-list__item\">P\u0159idejte se k pr\u016fvodn\u00edm proch\u00e1zk\u00e1m po Bud\u011b a Pe\u0161ti a objevte p\u0159\u00edb\u011bhy skryt\u00e9 za pam\u00e1tkami.<\/p>\n\n<\/div><\/div>\n\n<div class=\"gb-grid-column gb-grid-column-4a8883e7\"><div class=\"gb-container gb-container-4a8883e7\">\n\n<h5 class=\"gb-headline gb-headline-ec997f6b\"><span class=\"gb-icon\"><svg viewBox=\"0 0 256 256\" fill=\"#000000\" height=\"32\" width=\"32\" xmlns=\"http:\/\/www.w3.org\/2000\/svg\"><path d=\"M232.49,80.49l-128,128a12,12,0,0,1-17,0l-56-56a12,12,0,1,1,17-17L96,183,215.51,63.51a12,12,0,0,1,17,17Z\"><\/path><\/svg><\/span><span class=\"gb-headline-text\"><strong><strong>Bezplatn\u00e9 plavby<\/strong><\/strong><\/span><\/h5>\n\n\n\n<p class=\"gb-headline gb-headline-44007cef gb-headline-text\">Vyberte si jednu bezplatnou plavbu po Dunaji z \u010dty\u0159 r\u016fzn\u00fdch mo\u017enost\u00ed.<\/p>\n\n<\/div><\/div>\n\n<div class=\"gb-grid-column gb-grid-column-b7d0120f\"><div class=\"gb-container gb-container-b7d0120f\">\n\n<h5 class=\"gb-headline gb-headline-c1e5c141\"><span class=\"gb-icon\"><svg viewBox=\"0 0 256 256\" fill=\"#000000\" height=\"32\" width=\"32\" xmlns=\"http:\/\/www.w3.org\/2000\/svg\"><path d=\"M232.49,80.49l-128,128a12,12,0,0,1-17,0l-56-56a12,12,0,1,1,17-17L96,183,215.51,63.51a12,12,0,0,1,17,17Z\"><\/path><\/svg><\/span><span class=\"gb-headline-text\"><strong>Nab\u00eddky a slevy<\/strong><\/span><\/h5>\n\n\n\n<p class=\"gb-headline gb-headline-df24e1db gb-headline-text\">10\u201350% sleva na Baziliku svat\u00e9ho \u0160t\u011bp\u00e1na, prohl\u00eddky parlamentu, synagogy a v\u00edce ne\u017e 25 dal\u0161\u00edch atrakc\u00ed.<\/p>\n\n<\/div><\/div>\n\n<div class=\"gb-grid-column gb-grid-column-ea1410f9\"><div class=\"gb-container gb-container-ea1410f9\">\n\n<h5 class=\"gb-headline gb-headline-d8492c81\"><span class=\"gb-icon\"><svg viewBox=\"0 0 256 256\" fill=\"#000000\" height=\"32\" width=\"32\" xmlns=\"http:\/\/www.w3.org\/2000\/svg\"><path d=\"M232.49,80.49l-128,128a12,12,0,0,1-17,0l-56-56a12,12,0,1,1,17-17L96,183,215.51,63.51a12,12,0,0,1,17,17Z\"><\/path><\/svg><\/span><span class=\"gb-headline-text\"><strong>Term\u00e1ln\u00ed l\u00e1zn\u011b<\/strong><\/span><\/h5>\n\n\n\n<p class=\"gb-headline gb-headline-d3685999 gb-headline-text\">Voln\u00fd vstup do Luk\u00e1csov\u00fdch l\u00e1zn\u00ed a 20% sleva na Sz\u00e9chenyiho l\u00e1zn\u011b a dal\u0161\u00ed obl\u00edben\u00e9 l\u00e1zn\u011b.<\/p>\n\n<\/div><\/div>\n<\/div>\n<\/div>\n\n<div class=\"gb-container gb-container-3bccd8b9 gb-tabs__item\" id=\"gb-tab-item-3bccd8b9\" role=\"tabpanel\">\n\n<p>Budapest Card je pas v\u0161e v jednom, kter\u00fd zahrnuje MHD, vstupy do muzej\u00ed a slevy po cel\u00e9m m\u011bst\u011b. Zvolte dobu platnosti (24, 48, 72, 96 nebo 120 hodin), aktivujte p\u0159i prvn\u00edm pou\u017eit\u00ed a prozkoum\u00e1vejte m\u011bsto bez kupov\u00e1n\u00ed jednotliv\u00fdch l\u00edztenek.<\/p>\n\n\n\n<p>Je ur\u010den pro cestovatele, kte\u0159\u00ed cht\u011bj\u00ed voln\u011b cestovat po Budape\u0161ti. Z Pe\u0161ti do Budy, r\u00e1no jeskyn\u011b, odpoledne term\u00e1ln\u00ed l\u00e1zn\u011b, plavba po \u0159ece a muzea na cest\u011b. Bez pl\u00e1nov\u00e1n\u00ed ka\u017ed\u00e9 j\u00edzdy metrem nebo s\u010d\u00edt\u00e1n\u00ed cen j\u00edzdenek.<\/p>\n\n\n<div class=\"gb-container gb-container-7d45ff9c ms-alert--primary ms-p ms-rounded ms-mb-last-child-0 ms-mb-children-condensed ms-mb-block\">\n\n<p>Budape\u0161\u0165sk\u00e1 karta je 3 v 1 <strong>dopravn\u00ed karta<\/strong>, <strong>vstupenka na atrakce<\/strong> a <strong>slevov\u00e1 karta<\/strong>.<\/p>\n\n<\/div>\n\n\n<p><strong>Pro\u010d zvolit Budapest Card?<\/strong><\/p>\n\n\n\n<p>Budapest Card je ide\u00e1ln\u00ed pro n\u00e1v\u0161t\u011bvn\u00edky, kte\u0159\u00ed cht\u011bj\u00ed z\u00edskout ze sv\u00e9ho pobytu v ma\u010farsk\u00e9 metropoli maximum. Dr\u017eitel\u00e9 Budapest Card vyu\u017e\u00edvaj\u00ed:<\/p>\n\n\n<ul class=\"gb-container gb-container-53b82d66 ms-mb-block ms-icon-list\">\n\n<li class=\"gb-headline gb-headline-f5138486 ms-icon-list__item\"><span class=\"gb-icon\"><svg viewBox=\"0 0 256 256\" fill=\"#000000\" height=\"32\" width=\"32\" xmlns=\"http:\/\/www.w3.org\/2000\/svg\"><path d=\"M232.49,80.49l-128,128a12,12,0,0,1-17,0l-56-56a12,12,0,1,1,17-17L96,183,215.51,63.51a12,12,0,0,1,17,17Z\"><\/path><\/svg><\/span><span class=\"gb-headline-text\">Neomezen\u00e9 bezplatn\u00e9 cestov\u00e1n\u00ed autobusy, tramvajemi, metrem, trolejbusy, p\u0159\u00edm\u011bstsk\u00fdmi vlaky (H\u00c9V) nebo vlaky<\/span><\/li>\n\n\n\n<li class=\"gb-headline gb-headline-eb81dbda ms-icon-list__item\"><span class=\"gb-icon\"><svg viewBox=\"0 0 256 256\" fill=\"#000000\" height=\"32\" width=\"32\" xmlns=\"http:\/\/www.w3.org\/2000\/svg\"><path d=\"M232.49,80.49l-128,128a12,12,0,0,1-17,0l-56-56a12,12,0,1,1,17-17L96,183,215.51,63.51a12,12,0,0,1,17,17Z\"><\/path><\/svg><\/span><span class=\"gb-headline-text\">Voln\u00fd vstup do v\u00edce ne\u017e 20 muzej\u00ed, galeri\u00ed a historick\u00fdch pam\u00e1t\u00e9k (v\u010detn\u011b Ma\u010farsk\u00e9ho n\u00e1rodn\u00edho muzea a Budape\u0161tsk\u00e9ho historick\u00e9ho muzea)<\/span><\/li>\n\n\n\n<li class=\"gb-headline gb-headline-b37bb796 ms-icon-list__item\"><span class=\"gb-icon\"><svg viewBox=\"0 0 256 256\" fill=\"#000000\" height=\"32\" width=\"32\" xmlns=\"http:\/\/www.w3.org\/2000\/svg\"><path d=\"M232.49,80.49l-128,128a12,12,0,0,1-17,0l-56-56a12,12,0,1,1,17-17L96,183,215.51,63.51a12,12,0,0,1,17,17Z\"><\/path><\/svg><\/span><span class=\"gb-headline-text\">Voln\u00fd vstup do Luk\u00e1csov\u00fdch l\u00e1zn\u00ed a na pl\u00e1\u017e Lupa (a 20% sleva v jin\u00fdch zn\u00e1m\u00fdch l\u00e1zn\u00edch)<\/span><\/li>\n\n\n\n<li class=\"gb-headline gb-headline-47470800 ms-icon-list__item\"><span class=\"gb-icon\"><svg viewBox=\"0 0 256 256\" fill=\"#000000\" height=\"32\" width=\"32\" xmlns=\"http:\/\/www.w3.org\/2000\/svg\"><path d=\"M232.49,80.49l-128,128a12,12,0,0,1-17,0l-56-56a12,12,0,1,1,17-17L96,183,215.51,63.51a12,12,0,0,1,17,17Z\"><\/path><\/svg><\/span><span class=\"gb-headline-text\">Bezplatn\u00e9 p\u011b\u0161\u00ed prohl\u00eddky v Bud\u011b a Pe\u0161ti s m\u00edstn\u00edmi pr\u016fvodci<\/span><\/li>\n\n\n\n<li class=\"gb-headline gb-headline-88925859 ms-icon-list__item\"><span class=\"gb-icon\"><svg viewBox=\"0 0 256 256\" fill=\"#000000\" height=\"32\" width=\"32\" xmlns=\"http:\/\/www.w3.org\/2000\/svg\"><path d=\"M232.49,80.49l-128,128a12,12,0,0,1-17,0l-56-56a12,12,0,1,1,17-17L96,183,215.51,63.51a12,12,0,0,1,17,17Z\"><\/path><\/svg><\/span><span class=\"gb-headline-text\">Jedna bezplatn\u00e1 plavba po Dunaji z \u010dty\u0159 r\u016fzn\u00fdch mo\u017enost\u00ed<\/span><\/li>\n\n\n\n<li class=\"gb-headline gb-headline-7fd90256 ms-icon-list__item\"><span class=\"gb-icon\"><svg viewBox=\"0 0 256 256\" fill=\"#000000\" height=\"32\" width=\"32\" xmlns=\"http:\/\/www.w3.org\/2000\/svg\"><path d=\"M232.49,80.49l-128,128a12,12,0,0,1-17,0l-56-56a12,12,0,1,1,17-17L96,183,215.51,63.51a12,12,0,0,1,17,17Z\"><\/path><\/svg><\/span><span class=\"gb-headline-text\">Slevy (10\u201350 %) ve v\u00edce ne\u017e 25 atrakc\u00edch, v\u010detn\u011b Baziliky sv. \u0160t\u011bp\u00e1na, Doh\u00e1nyho synagogy a Buda\u0161pe\u0161\u0165sk\u00e9 zoologick\u00e9 zahrady<\/span><\/li>\n\n\n\n<li class=\"gb-headline gb-headline-ae6d3b3f ms-icon-list__item\"><span class=\"gb-icon\"><svg viewBox=\"0 0 256 256\" fill=\"#000000\" height=\"32\" width=\"32\" xmlns=\"http:\/\/www.w3.org\/2000\/svg\"><path d=\"M232.49,80.49l-128,128a12,12,0,0,1-17,0l-56-56a12,12,0,1,1,17-17L96,183,215.51,63.51a12,12,0,0,1,17,17Z\"><\/path><\/svg><\/span><span class=\"gb-headline-text\">Slevy v restaurac\u00edch a kav\u00e1rn\u00e1ch ve v\u00edce ne\u017e 12 podnic\u00edch po cel\u00e9m m\u011bst\u011b<\/span><\/li>\n\n\n\n<li class=\"gb-headline gb-headline-023640eb ms-icon-list__item\"><span class=\"gb-icon\"><svg viewBox=\"0 0 256 256\" fill=\"#000000\" height=\"32\" width=\"32\" xmlns=\"http:\/\/www.w3.org\/2000\/svg\"><path d=\"M232.49,80.49l-128,128a12,12,0,0,1-17,0l-56-56a12,12,0,1,1,17-17L96,183,215.51,63.51a12,12,0,0,1,17,17Z\"><\/path><\/svg><\/span><span class=\"gb-headline-text\">Bonusov\u00e9 v\u00fdhody od 72 hodin: bezplatn\u00fd transfer z leti\u0161t\u011b, bezplatn\u00fd l\u00e1ngos, voln\u00fd vstup do Maty\u00e1\u0161ova chr\u00e1mu a bezplatn\u00e1 j\u00edzda funikul\u00e1rem na Budinsk\u00fd hrad<\/span><\/li>\n\n<\/ul>\n\n\n<p><a href=\"https:\/\/www.budapestcard.org\/cs\/slevy\/\" data-type=\"link\" data-id=\"https:\/\/www.budapestcard.org\/cs\/slevy\/\">Zobrazit v\u0161echny zahrnut\u00e9 atrakce \u2192<\/a><\/p>\n\n<\/div>\n\n<div class=\"gb-container gb-container-41af1dc1 gb-tabs__item\" id=\"gb-tab-item-41af1dc1\" role=\"tabpanel\">\n\n<p>Jak z\u00edskat Budapest Card:<\/p>\n\n\n\n<ol class=\"wp-block-list\">\n<li>Pou\u017eijte rezerva\u010dni formul\u00e1\u0159 na t\u00e9to str\u00e1nce k v\u00fdb\u011bru preferovan\u00e9ho data a doby platnosti karty (24, 48, 72, 96 nebo 120 hodin).<\/li>\n\n\n\n<li>Vylep\u0161ete sv\u00e9 z\u00e1zhitky p\u0159id\u00e1n\u00edm zlevn\u011bn\u00fdch vstupenek na top atrakce, nebo pokra\u010dujte jen s Budapest Card.<\/li>\n\n\n\n<li>Po potvrzen\u00ed n\u00e1kupu obdr\u017e\u00edte voucher e-mailem.<\/li>\n\n\n\n<li>Vym\u011b\u0148te voucher za fyzickou Budapest Card na zvolen\u00e9m v\u00fddejn\u00edm m\u00edst\u011b. V\u00fddejn\u00e1 m\u00edsta:\n<ul class=\"wp-block-list\">\n<li><strong>Hoff House:<\/strong> Nagymez\u0151 u. 40, 1065 Budape\u0161t | Otev\u00edrac\u00ed doba: \u010dtvrtek\u2013ned\u011ble 12:00\u201319:00 | Tel.: +36 70 614 5630<\/li>\n\n\n\n<li><strong>Hotel Gozsdu Court:<\/strong> Kir\u00e1ly street 13 \/ 1. patro, 1075 Budape\u0161t | Otev\u00edrac\u00ed doba: pond\u011bl\u00ed\u2013ned\u011ble 08:00\u201318:00 | Tel.: +36 20 620 1634<\/li>\n\n\n\n<li><strong>Ibis Styles Airport Hotel:<\/strong> National Aeroport Terminal nr. 2 Hrsz. 072 3, 1185 Budape\u0161t | Otev\u00edrac\u00ed doba: pond\u011bl\u00ed\u2013ned\u011ble 0\u201324 | Tel.: +36 1 296 0060<\/li>\n<\/ul>\n<\/li>\n<\/ol>\n\n\n<div class=\"gb-container gb-container-de8af032 ms-alert--primary ms-p ms-rounded ms-mb-last-child-0 ms-mb-children-condensed ms-mb-block\">\n\n<p>Karta se aktivuje p\u0159i prvn\u00edm pou\u017eit\u00ed a je platn\u00e1 po zvolenou dobu \u2013 a\u0165 u\u017e je to 24, 48, 72, 96 nebo 120 hodin.<\/p>\n\n<\/div>\n<\/div>\n\n<div class=\"gb-container gb-container-f6b05e28 gb-tabs__item\" id=\"gb-tab-item-f6b05e28\" role=\"tabpanel\">\n\n<p>Budapest Card usnad\u0148uje pozn\u00e1v\u00e1n\u00ed Budape\u0161ti. Jak za\u010d\u00edt:<\/p>\n\n\n\n<h3 class=\"gb-text-7ac36802\"><span class=\"gb-shape\"><svg viewBox=\"0 0 256 256\" fill=\"#000000\" height=\"32\" width=\"32\" xmlns=\"http:\/\/www.w3.org\/2000\/svg\"><path d=\"M246.15,133.18,146.83,33.86A19.85,19.85,0,0,0,132.69,28H40A12,12,0,0,0,28,40v92.69a19.85,19.85,0,0,0,5.86,14.14l99.32,99.32a20,20,0,0,0,28.28,0l84.69-84.69A20,20,0,0,0,246.15,133.18Zm-98.83,93.17L52,131V52h79l95.32,95.32ZM100,84A16,16,0,1,1,84,68,16,16,0,0,1,100,84Z\"><\/path><\/svg><\/span><span class=\"gb-text\"><strong><strong>Vyzvednut\u00ed a aktivace<\/strong><\/strong><\/span><\/h3>\n\n\n\n<p>Po online rezervaci vyzvedn\u011bte kartu na <a href=\"#gb-tab-item-41af1dc1\" data-type=\"internal\" data-id=\"#gb-tab-item-41af1dc1\">zvolen\u00e9m v\u00fddejn\u00edm m\u00edst\u011b<\/a>. P\u0159ineste potvrzen\u00ed rezervace. Aktivujte Budapest Card prvn\u00edm pou\u017eit\u00edm v n\u011bkter\u00e9 atrakci nebo p\u0159i cestov\u00e1n\u00ed MHD.<\/p>\n\n\n\n<p>Aktivujte svou Budapest Card pou\u017eit\u00edm v jak\u00e9koli atrakci nebo p\u0159i cestov\u00e1n\u00ed ve\u0159ejnou dopravou. Va\u0161e karta bude platn\u00e1 po dobu 24, 48, 72, 96 nebo 120 po sob\u011b jdouc\u00edch hodin, v z\u00e1vislosti na zakoupen\u00e9 variant\u011b.<\/p>\n\n\n\n<h3 class=\"gb-text-2509f913\"><span class=\"gb-shape\"><svg viewBox=\"0 0 256 256\" fill=\"#000000\" height=\"32\" width=\"32\" xmlns=\"http:\/\/www.w3.org\/2000\/svg\"><path d=\"M184,20H72A36,36,0,0,0,36,56V184a36,36,0,0,0,36,36h0l-9.6,12.8a12,12,0,1,0,19.2,14.4L102,220h52l20.4,27.2a12,12,0,0,0,19.2-14.4L184,220h0a36,36,0,0,0,36-36V56A36,36,0,0,0,184,20ZM72,44H184a12,12,0,0,1,12,12v60H60V56A12,12,0,0,1,72,44ZM184,196H72a12,12,0,0,1-12-12V140H196v44A12,12,0,0,1,184,196Zm-80-28a16,16,0,1,1-16-16A16,16,0,0,1,104,168Zm80,0a16,16,0,1,1-16-16A16,16,0,0,1,184,168Z\"><\/path><\/svg><\/span><span class=\"gb-text\"><strong><strong>Cestujte bez starost\u00ed<\/strong><\/strong><\/span><\/h3>\n\n\n\n<p>Va\u0161e karta zahrnuje neomezen\u00e9 MHD v Budape\u0161ti, v\u010detn\u011b metra, autobusu, tramvaje a trolejbusu. Nen\u00ed t\u0159eba kupovat jednotliv\u00e9 j\u00edzdenky.<\/p>\n\n\n\n<h3 class=\"gb-text-58e1c7cb\"><span class=\"gb-shape\"><svg viewBox=\"0 0 256 256\" fill=\"#000000\" height=\"32\" width=\"32\" xmlns=\"http:\/\/www.w3.org\/2000\/svg\"><path d=\"M221.56,100.85,141.61,25.38l-.16-.15a19.93,19.93,0,0,0-26.91,0l-.17.15L34.44,100.85A20.07,20.07,0,0,0,28,115.55V208a20,20,0,0,0,20,20H96a20,20,0,0,0,20-20V164h24v44a20,20,0,0,0,20,20h48a20,20,0,0,0,20-20V115.55A20.07,20.07,0,0,0,221.56,100.85ZM204,204H164V160a20,20,0,0,0-20-20H112a20,20,0,0,0-20,20v44H52V117.28l76-71.75,76,71.75Z\"><\/path><\/svg><\/span><span class=\"gb-text\"><strong><strong>Nav\u0161tivte bezplatn\u00e9 atrakce<\/strong><\/strong><\/span><\/h3>\n\n\n\n<p>Uka\u017ete kartu u vstupu do libovoln\u00e9ho zahrnut\u00e9ho muzea, galerie nebo term\u00e1ln\u00edch l\u00e1zn\u00ed. Vstup do 22 atrakc\u00ed je zcela zdarma, v\u010detn\u011b Luk\u00e1csov\u00fdch l\u00e1zn\u00ed, Ma\u010farsk\u00e9ho n\u00e1rodn\u00edho muzea a P\u00e1l-v\u00f6lgysk\u00e9 jeskyn\u011b.<\/p>\n\n\n\n<h3 class=\"gb-text-a362a94c\"><span class=\"gb-shape\"><svg viewBox=\"0 0 256 256\" fill=\"#000000\" height=\"32\" width=\"32\" xmlns=\"http:\/\/www.w3.org\/2000\/svg\"><path d=\"M212,180H156a12,12,0,0,0-12,12v12a40,40,0,0,0,80,0V192A12,12,0,0,0,212,180Zm-28,40a16,16,0,0,1-16-16h32A16,16,0,0,1,184,220Zm-84-64H44a12,12,0,0,0-12,12v12a40,40,0,0,0,80,0V168A12,12,0,0,0,100,156ZM72,196a16,16,0,0,1-16-16H88A16,16,0,0,1,72,196ZM72,12c-14.06,0-27.7,12.33-37.41,33.83-12.45,27.57-16.78,67.52,3.14,90.11a12,12,0,0,0,9,4.06H97.25a12,12,0,0,0,9-4.06c19.92-22.59,15.59-62.54,3.14-90.11C99.68,24.33,86,12,72,12ZM91.07,116H52.9c-6.71-12.13-7.67-35.45,3.56-60.3C63.16,40.85,70.28,36,72,36s8.82,4.85,15.53,19.7C98.73,80.55,97.77,103.87,91.07,116Zm67.68,48h50.54a12,12,0,0,0,9-4.06c19.92-22.59,15.59-62.54,3.14-90.11C211.72,48.33,198.08,36,184,36s-27.7,12.33-37.41,33.83c-12.45,27.57-16.78,67.52,3.14,90.11A12,12,0,0,0,158.75,164Zm9.74-84.3C175.2,64.85,182.32,60,184,60s8.82,4.85,15.52,19.7c11.23,24.85,10.27,48.17,3.56,60.3H164.93C158.23,127.87,157.27,104.55,168.49,79.7Z\"><\/path><\/svg><\/span><span class=\"gb-text\"><strong><strong>Pou\u017e\u00edvejte bezplatn\u00e9 p\u011b\u0161\u00ed prohl\u00eddky<\/strong><\/strong><\/span><\/h3>\n\n\n\n<p>Prohl\u00eddky jsou potvrzeny a nevy\u017eaduj\u00ed p\u0159edchoz\u00ed registraci. Sta\u010d\u00ed dorazit na m\u00edsto setk\u00e1n\u00ed s Budapest Card.<\/p>\n\n\n\n<ul class=\"wp-block-list\">\n<li><strong>Prohl\u00eddka Pe\u0161ti: <br><\/strong>Odjezd v 10:00 v pond\u011bl\u00ed, st\u0159edu, p\u00e1tek, sobotu a ned\u011bli. <br>M\u00edsto setk\u00e1n\u00ed: V\u00e1ci Street 31, 1052 Budape\u0161t (Moln\u00e1r&#8217;s K\u00fcrt\u0151skal\u00e1cs)<\/li>\n<\/ul>\n\n\n\n<ul class=\"wp-block-list\">\n<li><strong>Prohl\u00eddka Budy: <br><\/strong>Odjezd v 14:00 v \u00fater\u00fd, \u010dtvrtek, p\u00e1tek, sobotu a ned\u011bli. <br>M\u00edsto setk\u00e1n\u00ed: Trinity Square 2, 1014 Budape\u0161t (socha Nejsvat\u011bj\u0161\u00ed Trojice p\u0159ed Maty\u00e1\u0161ov\u00fdm chr\u00e1mem)<\/li>\n<\/ul>\n\n\n\n<h3 class=\"gb-text-71511e1b\"><span class=\"gb-shape\"><svg viewBox=\"0 0 256 256\" fill=\"#000000\" height=\"32\" width=\"32\" xmlns=\"http:\/\/www.w3.org\/2000\/svg\"><path d=\"M228.75,100.05c-3.52-3.67-7.15-7.46-8.34-10.33-1.06-2.56-1.14-7.83-1.21-12.47-.15-10-.34-22.44-9.18-31.27s-21.27-9-31.27-9.18c-4.64-.07-9.91-.15-12.47-1.21-2.87-1.19-6.66-4.82-10.33-8.34C148.87,20.46,140.05,12,128,12s-20.87,8.46-27.95,15.25c-3.67,3.52-7.46,7.15-10.33,8.34-2.56,1.06-7.83,1.14-12.47,1.21C67.25,37,54.81,37.14,46,46S37,67.25,36.8,77.25c-.07,4.64-.15,9.91-1.21,12.47-1.19,2.87-4.82,6.66-8.34,10.33C20.46,107.13,12,116,12,128S20.46,148.87,27.25,156c3.52,3.67,7.15,7.46,8.34,10.33,1.06,2.56,1.14,7.83,1.21,12.47.15,10,.34,22.44,9.18,31.27s21.27,9,31.27,9.18c4.64.07,9.91.15,12.47,1.21,2.87,1.19,6.66,4.82,10.33,8.34C107.13,235.54,116,244,128,244s20.87-8.46,27.95-15.25c3.67-3.52,7.46-7.15,10.33-8.34,2.56-1.06,7.83-1.14,12.47-1.21,10-.15,22.44-.34,31.27-9.18s9-21.27,9.18-31.27c.07-4.64.15-9.91,1.21-12.47,1.19-2.87,4.82-6.66,8.34-10.33C235.54,148.87,244,140.05,244,128S235.54,107.13,228.75,100.05Zm-17.32,39.29c-4.82,5-10.28,10.72-13.19,17.76-2.82,6.8-2.93,14.16-3,21.29-.08,5.36-.19,12.71-2.15,14.66s-9.3,2.07-14.66,2.15c-7.13.11-14.49.22-21.29,3-7,2.91-12.73,8.37-17.76,13.19C135.78,214.84,130.4,220,128,220s-7.78-5.16-11.34-8.57c-5-4.82-10.72-10.28-17.76-13.19-6.8-2.82-14.16-2.93-21.29-3-5.36-.08-12.71-.19-14.66-2.15s-2.07-9.3-2.15-14.66c-.11-7.13-.22-14.49-3-21.29-2.91-7-8.37-12.73-13.19-17.76C41.16,135.78,36,130.4,36,128s5.16-7.78,8.57-11.34c4.82-5,10.28-10.72,13.19-17.76,2.82-6.8,2.93-14.16,3-21.29C60.88,72.25,61,64.9,63,63s9.3-2.07,14.66-2.15c7.13-.11,14.49-.22,21.29-3,7-2.91,12.73-8.37,17.76-13.19C120.22,41.16,125.6,36,128,36s7.78,5.16,11.34,8.57c5,4.82,10.72,10.28,17.76,13.19,6.8,2.82,14.16,2.93,21.29,3,5.36.08,12.71.19,14.66,2.15s2.07,9.3,2.15,14.66c.11,7.13.22,14.49,3,21.29,2.91,7,8.37,12.73,13.19,17.76,3.41,3.56,8.57,8.94,8.57,11.34S214.84,135.78,211.43,139.34ZM176.49,95.51a12,12,0,0,1,0,17l-56,56a12,12,0,0,1-17,0l-24-24a12,12,0,1,1,17-17L112,143l47.51-47.52A12,12,0,0,1,176.49,95.51Z\"><\/path><\/svg><\/span><span class=\"gb-text\"><strong><strong>Vyu\u017eijte sv\u00e9 slevy<\/strong><\/strong><\/span><\/h3>\n\n\n\n<p>P\u0159edlo\u017ete kartu v zapojen\u00fdch atrakc\u00edch a restaurac\u00edch pro z\u00edskat 10\u201350% slevu. Mezi hlavn\u00ed slevy pat\u0159\u00ed Sz\u00e9chenyiho l\u00e1zn\u011b (20 %), Bazilika sv. \u0160t\u011bp\u00e1na (20 %) a Doh\u00e1nyho synagoga (10 %).<\/p>\n\n\n<div class=\"gb-container gb-container-0b5d1c06 ms-alert--primary ms-p ms-rounded ms-mb-last-child-0 ms-mb-children-condensed ms-mb-block\">\n\n<p>V\u00edce informac\u00ed:\u00a0<a href=\"https:\/\/www.budapestcard.org\/cs\/slevy\/\" data-type=\"page\" data-id=\"8\">slevy<\/a>\u00a0\u2013\u00a0<a href=\"https:\/\/www.budapestcard.org\/cs\/ceny\/\" data-type=\"page\" data-id=\"27\">ceny<\/a>\u00a0\u2013\u00a0<a href=\"https:\/\/www.budapestcard.org\/cs\/faq\/\" data-type=\"page\" data-id=\"29\">\u010dasto kladen\u00e9 ot\u00e1zky<\/a><\/p>\n\n<\/div>\n<\/div>\n<\/div>\n<\/div>\n\n\n<p><\/p>\n","protected":false},"excerpt":{"rendered":"","protected":false},"author":2,"featured_media":874,"parent":0,"menu_order":7,"comment_status":"closed","ping_status":"closed","template":"","meta":{"_acf_changed":false,"footnotes":""},"post-style":[7],"producer":[],"class_list":["post-509","page","type-page","status-publish","has-post-thumbnail"],"acf":[],"_links":{"self":[{"href":"https:\/\/www.budapestcard.org\/cs\/wp-json\/wp\/v2\/pages\/509","targetHints":{"allow":["GET"]}}],"collection":[{"href":"https:\/\/www.budapestcard.org\/cs\/wp-json\/wp\/v2\/pages"}],"about":[{"href":"https:\/\/www.budapestcard.org\/cs\/wp-json\/wp\/v2\/types\/page"}],"author":[{"embeddable":true,"href":"https:\/\/www.budapestcard.org\/cs\/wp-json\/wp\/v2\/users\/2"}],"replies":[{"embeddable":true,"href":"https:\/\/www.budapestcard.org\/cs\/wp-json\/wp\/v2\/comments?post=509"}],"version-history":[{"count":3,"href":"https:\/\/www.budapestcard.org\/cs\/wp-json\/wp\/v2\/pages\/509\/revisions"}],"predecessor-version":[{"id":1051,"href":"https:\/\/www.budapestcard.org\/cs\/wp-json\/wp\/v2\/pages\/509\/revisions\/1051"}],"wp:featuredmedia":[{"embeddable":true,"href":"https:\/\/www.budapestcard.org\/cs\/wp-json\/wp\/v2\/media\/874"}],"wp:attachment":[{"href":"https:\/\/www.budapestcard.org\/cs\/wp-json\/wp\/v2\/media?parent=509"}],"wp:term":[{"taxonomy":"post-style","embeddable":true,"href":"https:\/\/www.budapestcard.org\/cs\/wp-json\/wp\/v2\/post-style?post=509"},{"taxonomy":"producer","embeddable":true,"href":"https:\/\/www.budapestcard.org\/cs\/wp-json\/wp\/v2\/producer?post=509"}],"curies":[{"name":"wp","href":"https:\/\/api.w.org\/{rel}","templated":true}]}}