{"id":60,"date":"2023-06-09T11:54:12","date_gmt":"2023-06-09T09:54:12","guid":{"rendered":"https:\/\/www.budapestcard.org\/cs\/?page_id=60"},"modified":"2025-09-25T22:23:22","modified_gmt":"2025-09-25T20:23:22","slug":"hungary-digital-nomad-visa","status":"publish","type":"page","link":"https:\/\/www.budapestcard.org\/cs\/hungary-digital-nomad-visa\/","title":{"rendered":"Ma\u010farsk\u00e9 digit\u00e1ln\u00ed nom\u00e1dsk\u00e9 v\u00edzum"},"content":{"rendered":"\n<p>Ma\u010farsko se rychle st\u00e1v\u00e1 obl\u00edbenou destinac\u00ed pro digit\u00e1ln\u00ed nom\u00e1dy, kte\u0159\u00ed hledaj\u00ed \u017eivou kulturu, bohatou historii a dostupn\u00e9 bydlen\u00ed. V reakci na rostouc\u00ed trend pr\u00e1ce na d\u00e1lku zavedlo Ma\u010farsko v\u00edzum pro digit\u00e1ln\u00ed nom\u00e1dy, kter\u00e9 umo\u017e\u0148uje lidem pracuj\u00edc\u00edm na d\u00e1lku leg\u00e1ln\u011b pob\u00fdvat a pracovat v zemi.<\/p>\n\n\n\n<figure><div class=\"ms-credits\">\n<img decoding=\"async\" class=\"gb-media-dac065ff\" src=\"https:\/\/www.budapestcard.org\/cs\/wp-content\/uploads\/sites\/10\/visit-camp-nou-1745208234.jpg\" alt=\"Hungary Digital Nomad Visa\" title=\"Hungary-digital-nomad-visa\" \/>\n<span class='ms-credits__info' id='media875'><svg xmlns=\"http:\/\/www.w3.org\/2000\/svg\" width=\"20\" height=\"22\" fill=\"#000000\" viewBox=\"0 0 256 256\"><path d=\"M128,24A104,104,0,1,0,232,128,104.11,104.11,0,0,0,128,24Zm0,192a88,88,0,1,1,88-88A88.1,88.1,0,0,1,128,216ZM96,128a32,32,0,0,0,57.6,19.2,8,8,0,0,1,12.8,9.61,48,48,0,1,1,0-57.62,8,8,0,0,1-12.8,9.61A32,32,0,0,0,96,128Z\"><\/path><\/svg>stadtratte\/<a href=https:\/\/depositphotos.com\/photo\/man-suitcase-travels-hungary-230842712.html rel='nofollow' target='_blank'>Depositphotos<\/a><\/span><span class='ms-credits__btn' id='btn_media875' onclick='ms_credits_trigger(\"#media875\", this)'><svg xmlns=\"http:\/\/www.w3.org\/2000\/svg\" class=\"info_icon\" width=\"28\" height=\"28\" fill=\"#FFF\" viewBox=\"0 0 256 256\"><path d=\"M128,24A104,104,0,1,0,232,128,104.11,104.11,0,0,0,128,24Zm0,192a88,88,0,1,1,88-88A88.1,88.1,0,0,1,128,216Zm16-40a8,8,0,0,1-8,8,16,16,0,0,1-16-16V128a8,8,0,0,1,0-16,16,16,0,0,1,16,16v40A8,8,0,0,1,144,176ZM112,84a12,12,0,1,1,12,12A12,12,0,0,1,112,84Z\"><\/path><\/svg><svg xmlns=\"http:\/\/www.w3.org\/2000\/svg\" class=\"close_icon\" width=\"28\" height=\"28\" fill=\"#FFF\" viewBox=\"0 0 256 256\"><path d=\"M165.66,101.66,139.31,128l26.35,26.34a8,8,0,0,1-11.32,11.32L128,139.31l-26.34,26.35a8,8,0,0,1-11.32-11.32L116.69,128,90.34,101.66a8,8,0,0,1,11.32-11.32L128,116.69l26.34-26.35a8,8,0,0,1,11.32,11.32ZM232,128A104,104,0,1,1,128,24,104.11,104.11,0,0,1,232,128Zm-16,0a88,88,0,1,0-88,88A88.1,88.1,0,0,0,216,128Z\"><\/path><\/svg><\/span><\/div>\n\n\n<figcaption class=\"gb-text\">Ma\u010farsk\u00e9 v\u00edzum pro digit\u00e1ln\u00ed nom\u00e1dy<\/figcaption>\n<\/figure>\n\n\n\n<h2 class=\"wp-block-heading\">Co je ma\u010farsk\u00e9 v\u00edzum pro digit\u00e1ln\u00ed nom\u00e1dy?<\/h2>\n\n\n\n<p>Ma\u010farsk\u00e9 v\u00edzum pro digit\u00e1ln\u00ed nom\u00e1dy, zn\u00e1m\u00e9 tak\u00e9 jako b\u00edl\u00e1 karta, je ro\u010dn\u00ed povolen\u00ed k pobytu, kter\u00e9 umo\u017e\u0148uje lidem pracuj\u00edc\u00edm na d\u00e1lku leg\u00e1ln\u011b \u017e\u00edt a pracovat v Ma\u010farsku. Lze jej jednou prodlou\u017eit, co\u017e umo\u017e\u0148uje maxim\u00e1ln\u00ed pobyt po dobu dvou let.<\/p>\n\n\n\n<p>Toto v\u00edzum je ur\u010deno pro osoby, kter\u00e9 mohou prok\u00e1zat, \u017ee maj\u00ed stabiln\u00ed p\u0159\u00edjem z pr\u00e1ce na d\u00e1lku, z nez\u00e1visl\u00e9 \u010dinnosti (tzv. &#8222;freelancing&#8220;) nebo z provozov\u00e1n\u00ed vlastn\u00edho online podnik\u00e1n\u00ed.<\/p>\n\n\n\n<h2 class=\"wp-block-heading\">Zp\u016fsobilost a po\u017eadavky<\/h2>\n\n\n\n<p>Abyste m\u011bli n\u00e1rok na ma\u010farsk\u00e9 v\u00edzum pro digit\u00e1ln\u00ed nom\u00e1dy, mus\u00edte spl\u0148ovat n\u00e1sleduj\u00edc\u00ed po\u017eadavky:<\/p>\n\n\n\n<ul class=\"wp-block-list\">\n<li>B\u00fdt ob\u010danem mimo EU\/EHP.<\/li>\n\n\n\n<li>M\u00edt ov\u011b\u0159enou pr\u00e1ci na d\u00e1lku nebo vlastnit \u00fasp\u011b\u0161n\u00fd podnik mimo Ma\u010farsko.<\/li>\n\n\n\n<li>Pracovat na d\u00e1lku s vyu\u017eit\u00edm pokro\u010dil\u00fdch digit\u00e1ln\u00edch technologi\u00ed.<\/li>\n\n\n\n<li>Nesm\u00edte b\u00fdt zam\u011bstn\u00e1n v Ma\u010farsku ani vlastnit obchodn\u00ed pod\u00edly v m\u00edstn\u00ed firm\u011b.<\/li>\n\n\n\n<li>M\u00edt dolo\u017eiteln\u00fd minim\u00e1ln\u00ed m\u011bs\u00ed\u010dn\u00ed p\u0159\u00edjem 3 000 EUR za posledn\u00edch \u0161est m\u011bs\u00edc\u016f.<\/li>\n\n\n\n<li>P\u0159edlo\u017eit doklad o ubytov\u00e1n\u00ed v Ma\u010farsku.<\/li>\n\n\n\n<li>M\u00edt platn\u00e9 zdravotn\u00ed poji\u0161t\u011bn\u00ed.<\/li>\n\n\n\n<li>M\u00edt platn\u00fd cestovn\u00ed pas.<\/li>\n<\/ul>\n\n\n\n<h2 class=\"wp-block-heading\">Proces pod\u00e1n\u00ed \u017e\u00e1dosti<\/h2>\n\n\n\n<p>\u017d\u00e1dost o ma\u010farsk\u00e9 v\u00edzum pro digit\u00e1ln\u00ed nom\u00e1dy prob\u00edh\u00e1 ve dvou f\u00e1z\u00edch:<\/p>\n\n\n\n<ol class=\"wp-block-list\">\n<li>Po schv\u00e1len\u00ed m\u016f\u017eete odcestovat do Ma\u010farska a do jednoho m\u011bs\u00edce od p\u0159\u00edjezdu po\u017e\u00e1dat o \u201eb\u00edlou kartu\u201c. Doba zpracov\u00e1n\u00ed je p\u0159ibli\u017en\u011b 21 dn\u00ed.<\/li>\n\n\n\n<li>O v\u00edzum pro digit\u00e1ln\u00ed nom\u00e1dy po\u017e\u00e1dejte na ma\u010farsk\u00e9m velvyslanectv\u00ed nebo konzul\u00e1tu ve sv\u00e9 zemi. Tento proces m\u016f\u017ee trvat zhruba 30 dn\u00ed.<\/li>\n<\/ol>\n\n\n\n<p>Pr\u016fb\u011bh cel\u00e9 \u017e\u00e1dosti m\u016f\u017eete sledovat na webu <a href=\"http:\/\/www.hungaryvisa.org\" target=\"_blank\" rel=\"noreferrer noopener nofollow\">www.hungaryvisa.org<\/a>.<\/p>\n\n\n\n<h2 class=\"wp-block-heading\">N\u00e1klady<\/h2>\n\n\n\n<p>Poplatky spojen\u00e9 s ma\u010farsk\u00fdm v\u00edzem pro digit\u00e1ln\u00ed nom\u00e1dy jsou n\u00e1sleduj\u00edc\u00ed:<\/p>\n\n\n\n<ul class=\"wp-block-list\">\n<li>\u017d\u00e1dost o vstupn\u00ed v\u00edzum: 110 EUR (pro \u017e\u00e1dosti podan\u00e9 mimo Ma\u010farsko)<\/li>\n\n\n\n<li>Poplatek za osobn\u00ed pod\u00e1n\u00ed \u017e\u00e1dosti: 39 000 HUF (v Ma\u010farsku)<\/li>\n\n\n\n<li>Poplatek za online pod\u00e1n\u00ed \u017e\u00e1dosti: 24 000 HUF (prost\u0159ednictv\u00edm platformy Enter Hungary)<\/li>\n<\/ul>\n\n\n\n<h2 class=\"wp-block-heading\">V\u00fdhody ma\u010farsk\u00e9ho v\u00edza pro digit\u00e1ln\u00ed nom\u00e1dy<\/h2>\n\n\n\n<p>Ma\u010farsk\u00e9 v\u00edzum pro digit\u00e1ln\u00ed nom\u00e1dy nab\u00edz\u00ed pracovn\u00edk\u016fm na d\u00e1lku n\u011bkolik v\u00fdhod:<\/p>\n\n\n\n<p>Mo\u017enost \u017e\u00edt a pracovat v Ma\u010farsku po dobu jednoho roku s mo\u017enost\u00ed prodlou\u017een\u00ed o dal\u0161\u00ed rok, pokud st\u00e1le spl\u0148ujete podm\u00ednky.<\/p>\n\n\n\n<p>P\u0159\u00edstup k cenov\u011b dostupn\u00fdm \u017eivotn\u00edm n\u00e1klad\u016fm, bohat\u00e9 kultu\u0159e a malebn\u00e9 ma\u010farsk\u00e9 krajin\u011b.<\/p>\n\n\n\n<p>Mo\u017enost cestovat v r\u00e1mci schengensk\u00e9ho prostoru bez nutnosti dal\u0161\u00edch v\u00edz.<\/p>\n\n\n\n<h2 class=\"wp-block-heading\">\u017divot v Ma\u010farsku<\/h2>\n\n\n\n<p>Jako digit\u00e1ln\u00ed nom\u00e1d v Ma\u010farsku budete m\u00edt p\u0159\u00edle\u017eitost za\u017e\u00edt r\u016fzn\u00e9 aspekty \u017eivota v t\u00e9to zemi. Zde je n\u011bkolik kl\u00ed\u010dov\u00fdch bod\u016f, kter\u00e9 je t\u0159eba zv\u00e1\u017eit:<\/p>\n\n\n\n<p><strong>\u017divotn\u00ed n\u00e1klady:<\/strong><br>Ma\u010farsko nab\u00edz\u00ed p\u0159ijateln\u00e9 \u017eivotn\u00ed n\u00e1klady ve srovn\u00e1n\u00ed s mnoha z\u00e1padoevropsk\u00fdmi zem\u011bmi. N\u00e1jem, energie, potraviny a doprava jsou obecn\u011b dostupn\u011bj\u0161\u00ed, co\u017e z n\u011bj d\u011bl\u00e1 atraktivn\u00ed volbu pro digit\u00e1ln\u00ed nom\u00e1dy.<\/p>\n\n\n\n<p><strong>Bydlen\u00ed:<\/strong><br>Najdete zde \u0161irokou \u0161k\u00e1lu mo\u017enost\u00ed bydlen\u00ed, od sd\u00edlen\u00fdch byt\u016f a soukrom\u00fdch pron\u00e1jm\u016f po kr\u00e1tkodob\u00e9 ubytov\u00e1n\u00ed. Nejobl\u00edben\u011bj\u0161\u00ed je hlavn\u00ed m\u011bsto Budape\u0161\u0165, ale i men\u0161\u00ed m\u011bsta jako Szeged, Debrec\u00edn a P\u00e9cs maj\u00ed sv\u00e9 kouzlo.<\/p>\n\n\n\n<p><strong>Internet a coworkingov\u00e9 prostory:<\/strong><br>Ma\u010farsko m\u00e1 spolehlivou internetovou infrastrukturu s rozs\u00e1hl\u00fdm pokryt\u00edm Wi-Fi, a to i ve ve\u0159ejn\u00fdch prostor\u00e1ch. Ve v\u011bt\u0161\u00edch m\u011bstech, jako je Budape\u0161\u0165, najdete spoustu coworkingov\u00fdch prostor ur\u010den\u00fdch pro komunitu digit\u00e1ln\u00edch nom\u00e1d\u016f.<\/p>\n\n\n\n<p><strong>Doprava:<\/strong><br>Ma\u010farsko m\u00e1 rozs\u00e1hlou s\u00ed\u0165 ve\u0159ejn\u00e9 dopravy, v\u010detn\u011b autobus\u016f, tramvaj\u00ed a vlak\u016f. Budape\u0161\u0165 nab\u00edz\u00ed tak\u00e9 metro. Po zemi m\u016f\u017eete snadno cestovat region\u00e1ln\u00edmi vlaky nebo autobusy.<\/p>\n\n\n\n<p><strong>Zdravotn\u00ed p\u00e9\u010de:<\/strong><br>Ma\u010farsko m\u00e1 syst\u00e9m ve\u0159ejn\u00e9 zdravotn\u00ed p\u00e9\u010de, kter\u00fd poskytuje univerz\u00e1ln\u00ed pokryt\u00ed v\u0161em obyvatel\u016fm. Jako digit\u00e1ln\u00ed nom\u00e1d budete pravd\u011bpodobn\u011b pot\u0159ebovat soukrom\u00e9 zdravotn\u00ed poji\u0161t\u011bn\u00ed. Soukrom\u00e1 zdravotnick\u00e1 za\u0159\u00edzen\u00ed, zejm\u00e9na ve v\u011bt\u0161\u00edch m\u011bstech, \u010dasto nab\u00edzej\u00ed velmi kvalitn\u00ed p\u00e9\u010di.<\/p>\n\n\n\n<p><strong>Spole\u010densk\u00fd \u017eivot a networking:<\/strong><br>Ma\u010farsko nab\u00edz\u00ed \u017eivou spole\u010denskou sc\u00e9nu s \u010detn\u00fdmi restauracemi, bary a kulturn\u00edmi akcemi. P\u0159\u00edle\u017eitosti k networkingu jsou bohat\u00e9 d\u00edky setk\u00e1vac\u00edm skupin\u00e1m, akc\u00edm pro v\u00fdm\u011bnu jazyk\u016f a komunit\u00e1m digit\u00e1ln\u00edch nom\u00e1d\u016f.<\/p>\n","protected":false},"excerpt":{"rendered":"","protected":false},"author":1,"featured_media":875,"parent":0,"menu_order":6,"comment_status":"closed","ping_status":"closed","template":"","meta":{"_acf_changed":false,"footnotes":"","button_url":"https:\/\/www.tiqets.com\/cs\/things-to-do-in-budapest-c68199\/tickets-for-budapest-card-free-entrance-to-szt-lukacs-thermal-bath-and-pool-p974576\/?partner=budapestcard","ms_product_id":"","ms_product_name":"","ms_price":"","ms_currency":"","ms_rating_value":"","ms_review_count":"","rank_math_title":"%title% %sep% %sitename%","rank_math_description":"S ma\u010farsk\u00fdm digit\u00e1ln\u00edm nom\u00e1dsk\u00fdm v\u00edzem m\u016f\u017eete p\u0159i pr\u00e1ci na d\u00e1lku vyu\u017e\u00edvat n\u00edzk\u00e9 \u017eivotn\u00ed n\u00e1klady, \u017eivou kulturu a historick\u00fd \u0161arm. Zjist\u011bte, jak o n\u011bj po\u017e\u00e1dat."},"post-style":[],"producer":[],"class_list":["post-60","page","type-page","status-publish","has-post-thumbnail"],"acf":[],"product_schema":{"ms_product_id":"","ms_product_name":"","ms_price":"","ms_currency":"","ms_rating_value":"","ms_review_count":""},"_links":{"self":[{"href":"https:\/\/www.budapestcard.org\/cs\/wp-json\/wp\/v2\/pages\/60","targetHints":{"allow":["GET"]}}],"collection":[{"href":"https:\/\/www.budapestcard.org\/cs\/wp-json\/wp\/v2\/pages"}],"about":[{"href":"https:\/\/www.budapestcard.org\/cs\/wp-json\/wp\/v2\/types\/page"}],"author":[{"embeddable":true,"href":"https:\/\/www.budapestcard.org\/cs\/wp-json\/wp\/v2\/users\/1"}],"replies":[{"embeddable":true,"href":"https:\/\/www.budapestcard.org\/cs\/wp-json\/wp\/v2\/comments?post=60"}],"version-history":[{"count":3,"href":"https:\/\/www.budapestcard.org\/cs\/wp-json\/wp\/v2\/pages\/60\/revisions"}],"predecessor-version":[{"id":990,"href":"https:\/\/www.budapestcard.org\/cs\/wp-json\/wp\/v2\/pages\/60\/revisions\/990"}],"wp:featuredmedia":[{"embeddable":true,"href":"https:\/\/www.budapestcard.org\/cs\/wp-json\/wp\/v2\/media\/875"}],"wp:attachment":[{"href":"https:\/\/www.budapestcard.org\/cs\/wp-json\/wp\/v2\/media?parent=60"}],"wp:term":[{"taxonomy":"post-style","embeddable":true,"href":"https:\/\/www.budapestcard.org\/cs\/wp-json\/wp\/v2\/post-style?post=60"},{"taxonomy":"producer","embeddable":true,"href":"https:\/\/www.budapestcard.org\/cs\/wp-json\/wp\/v2\/producer?post=60"}],"curies":[{"name":"wp","href":"https:\/\/api.w.org\/{rel}","templated":true}]}}