{"id":681,"date":"2024-10-22T13:11:57","date_gmt":"2024-10-22T11:11:57","guid":{"rendered":"https:\/\/www.budapestcard.org\/cs\/?page_id=681"},"modified":"2025-10-27T18:27:06","modified_gmt":"2025-10-27T17:27:06","slug":"kontakt","status":"publish","type":"page","link":"https:\/\/www.budapestcard.org\/cs\/kontakt\/","title":{"rendered":"Kontakt"},"content":{"rendered":"\n<h3 class=\"wp-block-heading\">Dotazy ohledn\u011b vstupenek<\/h3>\n\n\n\n<p>M\u00e1te-li jak\u00e9koli dotazy ohledn\u011b vstupenek nebo va\u0161\u00ed st\u00e1vaj\u00edc\u00ed rezervace, obra\u0165te se pros\u00edm na na\u0161eho prodejn\u00edho partnera:<\/p>\n\n\n\n<ul class=\"wp-block-list\">\n<li>E-mail: <a href=\"mailto:info@ticketbar.eu\">info@ticketbar.eu<\/a><\/li>\n\n\n\n<li>Telefon: +44 2035142614<\/li>\n<\/ul>\n\n\n\n<hr class=\"wp-block-separator has-alpha-channel-opacity\"\/>\n\n\n\n<h3 class=\"wp-block-heading\">Turistick\u00e9 informace<\/h3>\n\n\n\n<h4 class=\"wp-block-heading\"><strong>Turistick\u00e9 informa\u010dn\u00ed centrum Budapestinfo<\/strong><\/h4>\n\n\n\n<p>For any questions related to tourism in Budapest and in Hungary, such as maps, guides, and tips on attractions and events:<\/p>\n\n\n\n<ul class=\"wp-block-list\">\n<li>Adresa: 1052 V\u00e1rosh\u00e1za park, roh K\u00e1roly k\u00f6r\u00fat \u2013 ulice B\u00e1rczy Istv\u00e1n (u n\u00e1m\u011bst\u00ed De\u00e1k Ferenc t\u00e9r, zast\u00e1vka metra M1, M2, M3 nebo autobusu 100E, naproti p\u0159\u00edletov\u00e9mu termin\u00e1lu leti\u0161t\u011b)<\/li>\n<\/ul>\n\n\n\n<h4 class=\"wp-block-heading\"><strong>Infolinka pro Budapest Card<\/strong><\/h4>\n\n\n\n<p>Podrobn\u00e9 informace o kart\u011b Budapest Card, slev\u00e1ch a v\u00fdhod\u00e1ch z\u00edsk\u00e1te na:<\/p>\n\n\n\n<ul class=\"wp-block-list\">\n<li>Telefon: +36 30 955 0398 (k dispozici od 9:00 do 19:00)<\/li>\n<\/ul>\n\n\n\n<hr class=\"wp-block-separator has-alpha-channel-opacity\"\/>\n\n\n\n<h3 class=\"wp-block-heading\">Podpora webov\u00fdch str\u00e1nek<\/h3>\n\n\n\n<p>V p\u0159\u00edpad\u011b jak\u00fdchkoli dotaz\u016f t\u00fdkaj\u00edc\u00edch se t\u011bchto webov\u00fdch str\u00e1nek n\u00e1s pros\u00edm kontaktujte p\u0159\u00edmo:<\/p>\n\n\n\n<ul class=\"wp-block-list\">\n<li>E-mail: info@moonshot.media<\/li>\n<\/ul>\n\n\n\n<p><\/p>\n","protected":false},"excerpt":{"rendered":"","protected":false},"author":3,"featured_media":0,"parent":0,"menu_order":2,"comment_status":"closed","ping_status":"closed","template":"","meta":{"_acf_changed":false,"footnotes":"","button_url":"https:\/\/www.tiqets.com\/cs\/things-to-do-in-budapest-c68199\/tickets-for-budapest-card-free-entrance-to-szt-lukacs-thermal-bath-and-pool-p974576\/?partner=budapestcard","ms_product_id":"","ms_product_name":"","ms_price":"","ms_currency":"","ms_rating_value":"","ms_review_count":"","rank_math_title":"%title% %sep% %sitename%","rank_math_description":"Pot\u0159ebujete pomoc s kartou Budapest Card? Obra\u0165te se na na\u0161eho partnera pro prodej vstupenek, kter\u00fd v\u00e1m pom\u016f\u017ee s jak\u00fdmikoli dotazy t\u00fdkaj\u00edc\u00edmi se vstupenek nebo rezervac\u00ed."},"post-style":[],"producer":[],"class_list":["post-681","page","type-page","status-publish","has-post-thumbnail"],"acf":[],"product_schema":{"ms_product_id":"","ms_product_name":"","ms_price":"","ms_currency":"","ms_rating_value":"","ms_review_count":""},"_links":{"self":[{"href":"https:\/\/www.budapestcard.org\/cs\/wp-json\/wp\/v2\/pages\/681","targetHints":{"allow":["GET"]}}],"collection":[{"href":"https:\/\/www.budapestcard.org\/cs\/wp-json\/wp\/v2\/pages"}],"about":[{"href":"https:\/\/www.budapestcard.org\/cs\/wp-json\/wp\/v2\/types\/page"}],"author":[{"embeddable":true,"href":"https:\/\/www.budapestcard.org\/cs\/wp-json\/wp\/v2\/users\/3"}],"replies":[{"embeddable":true,"href":"https:\/\/www.budapestcard.org\/cs\/wp-json\/wp\/v2\/comments?post=681"}],"version-history":[{"count":3,"href":"https:\/\/www.budapestcard.org\/cs\/wp-json\/wp\/v2\/pages\/681\/revisions"}],"predecessor-version":[{"id":984,"href":"https:\/\/www.budapestcard.org\/cs\/wp-json\/wp\/v2\/pages\/681\/revisions\/984"}],"wp:attachment":[{"href":"https:\/\/www.budapestcard.org\/cs\/wp-json\/wp\/v2\/media?parent=681"}],"wp:term":[{"taxonomy":"post-style","embeddable":true,"href":"https:\/\/www.budapestcard.org\/cs\/wp-json\/wp\/v2\/post-style?post=681"},{"taxonomy":"producer","embeddable":true,"href":"https:\/\/www.budapestcard.org\/cs\/wp-json\/wp\/v2\/producer?post=681"}],"curies":[{"name":"wp","href":"https:\/\/api.w.org\/{rel}","templated":true}]}}