{"id":8,"date":"2014-01-10T12:44:37","date_gmt":"2014-01-10T11:44:37","guid":{"rendered":"https:\/\/www.budapestcard.org\/cs\/?page_id=8"},"modified":"2026-03-29T05:56:02","modified_gmt":"2026-03-29T03:56:02","slug":"slevy","status":"publish","type":"page","link":"https:\/\/www.budapestcard.org\/cs\/slevy\/","title":{"rendered":"Slevy s kartou Budapest Card"},"content":{"rendered":"\n<div class=\"ms-p ms-rounded ms-mb-last-child-0 ms-mb-children-condensed ms-alert--contrast ms-mb-block\">\n<ul class=\"wp-block-list\">\n<li>Budapest Card zahrnuje neomezen\u00e9 cestov\u00e1n\u00ed MHD po cel\u00e9m Budape\u0161ti (metro, tramvaj, autobus, v\u010detn\u011b tras z leti\u0161t\u011b).<\/li>\n\n\n\n<li>Z\u00edskejte voln\u00fd vstup do 22 muzej\u00ed a pam\u00e1tek, jako je Ma\u010farsk\u00e9 n\u00e1rodn\u00ed muzeum, N\u00e1rodn\u00ed galerie a Budinsk\u00fd hrad.<\/li>\n\n\n\n<li>U\u017eijte si bezplatnou term\u00e1ln\u00ed l\u00e1ze\u0148 v Luk\u00e1csov\u00fdch l\u00e1zn\u00edch, jednu bezplatnou plavbu po Dunaji a dv\u011b pr\u016fvodn\u00ed p\u011b\u0161\u00ed prohl\u00eddky.<\/li>\n\n\n\n<li>U\u0161et\u0159ete 10\u201350 % v top atrakc\u00edch, jako jsou Sz\u00e9chenyiho l\u00e1zn\u011b, prohl\u00eddky parlamentu a Bazilika sv. \u0160t\u011bp\u00e1na.<\/li>\n\n\n\n<li>Plus slevy ve 12 a v\u00edce restaurac\u00edch a dal\u0161\u00edch za\u017e\u00editek po cel\u00e9m m\u011bst\u011b.<\/li>\n<\/ul>\n\n\n\n<p class=\"gb-text-fb1a3135\"><span class=\"gb-shape\"><svg xmlns=\"http:\/\/www.w3.org\/2000\/svg\" width=\"32\" height=\"32\" fill=\"#000000\" viewBox=\"0 0 256 256\"><path d=\"M228,144v64a12,12,0,0,1-12,12H40a12,12,0,0,1-12-12V144a12,12,0,0,1,24,0v52H204V144a12,12,0,0,1,24,0Zm-108.49,8.49a12,12,0,0,0,17,0l40-40a12,12,0,0,0-17-17L140,115V32a12,12,0,0,0-24,0v83L96.49,95.51a12,12,0,0,0-17,17Z\"><\/path><\/svg><\/span><span class=\"gb-text\"><a href=\"https:\/\/www.budapestcard.org\/wp-content\/uploads\/budapest-card-discounts.pdf\">St\u00e1hn\u011bte si \u00fapln\u00fd seznam slev (PDF)<\/a><\/span><\/p>\n<\/div>\n\n\n\n<h2 class=\"wp-block-heading\"><strong>Prohl\u00eddky<\/strong><\/h2>\n\n\n<div class=\"ms-table\"><table><tr><th>Polo\u017eka<\/th><th>Sleva<\/th><\/tr><tr><td>BKK Ve\u0159ejn\u00e1 doprava<\/td><td>Zdarma<\/td><\/tr><tr><td>BKV \u0158\u00ed\u010dn\u00ed lodn\u00ed doprava<\/td><td>Zdarma<\/td><\/tr><tr><td>Vyhl\u00eddkov\u00e1 plavba<\/td><td>Zdarma<\/td><\/tr><tr><td>Plavba po Dunaji<\/td><td>Zdarma<\/td><\/tr><tr><td>Duna Bella Denn\u00ed plavby<\/td><td>Zdarma<\/td><\/tr><tr><td>Seda\u010dkov\u00e1 lanovka Zugliget<\/td><td>Zdarma<\/td><\/tr><tr><td>Ofici\u00e1ln\u00ed Hradn\u00ed autobus Budape\u0161\u0165<\/td><td>Zdarma<\/td><\/tr><tr><td>P\u011b\u0161\u00ed prohl\u00eddka Buda<\/td><td>Zdarma<\/td><\/tr><tr><td>P\u011b\u0161\u00ed prohl\u00eddka Pest<\/td><td>Zdarma<\/td><\/tr><tr><td>Historick\u00e1 vozidla<\/td><td>Zdarma<\/td><\/tr><tr><td>Brick \u2013 nab\u00edjen\u00ed na cest\u00e1ch<\/td><td>Zdarma<\/td><\/tr><tr><td>Universal AirportHUB<\/td><td>-40%<\/td><\/tr><tr><td>Voz\u00edk na kola (Bring\u00f3hint\u00f3)<\/td><td>-25%<\/td><\/tr><tr><td>Legenda City Cruises<\/td><td>-25%<\/td><\/tr><tr><td>BKV Ve\u010dern\u00ed lodn\u00ed doprava<\/td><td>-20%<\/td><\/tr><tr><td>Leti\u0161tn\u00ed transfer \u2013 miniBUD<\/td><td>-20%<\/td><\/tr><tr><td>EURAMA Prohl\u00eddky<\/td><td>-20%<\/td><\/tr><tr><td>Z\u00e1jezd na Dunajsk\u00fd ohyb<\/td><td>-20%<\/td><\/tr><tr><td>Budapest Flyride<\/td><td>-10%<\/td><\/tr><tr><td>\u017didovsk\u00e9 pam\u00e1tky \u2013 prohl\u00eddky<\/td><td>-10%<\/td><\/tr><\/table><\/div>\n\n\n<h2 class=\"wp-block-heading\"><strong>Muzea a atrakce<\/strong><\/h2>\n\n\n<div class=\"ms-table\"><table><tr><th>Polo\u017eka<\/th><th>Sleva<\/th><\/tr><tr><td>Ma\u010farsk\u00e9 n\u00e1rodn\u00ed muzeum<\/td><td>Zdarma<\/td><\/tr><tr><td>Ma\u010farsk\u00e1 n\u00e1rodn\u00ed galerie<\/td><td>Zdarma<\/td><\/tr><tr><td>Budape\u0161\u0165sk\u00e9 historick\u00e9 muzeum \u2013 Hradn\u00ed muzeum<\/td><td>Zdarma<\/td><\/tr><tr><td>S\u00ed\u0148 sv. \u0160t\u011bp\u00e1na<\/td><td>Zdarma<\/td><\/tr><tr><td>Muzeum v\u00fdtvarn\u00e9ho um\u011bn\u00ed<\/td><td>Zdarma<\/td><\/tr><tr><td>Kunsthalle Budape\u0161\u0165<\/td><td>Zdarma<\/td><\/tr><tr><td>Budape\u0161\u0165sk\u00e9 historick\u00e9 muzeum \u2013 Aquincum<\/td><td>Zdarma<\/td><\/tr><tr><td>Budape\u0161\u0165sk\u00e9 historick\u00e9 muzeum \u2013 Kiscell<\/td><td>Zdarma<\/td><\/tr><tr><td>Budape\u0161\u0165sk\u00e9 historick\u00e9 muzeum \u2013 Galerie Budape\u0161\u0165<\/td><td>Zdarma<\/td><\/tr><tr><td>Budape\u0161\u0165sk\u00e9 historick\u00e9 muzeum \u2013 St\u0159edov\u011bk\u00fd \u017eidovsk\u00fd modlitebn\u00ed d\u016fm<\/td><td>Zdarma<\/td><\/tr><tr><td>Ludwig Museum \u2013 Sou\u010dasn\u00e9 um\u011bn\u00ed<\/td><td>Zdarma<\/td><\/tr><tr><td>Fotografick\u00e9 centrum Roberta Capy<\/td><td>Zdarma<\/td><\/tr><tr><td>D\u016fm ma\u010farsk\u00fdch fotograf\u016f \u2013 Mai Man\u00f3<\/td><td>Zdarma<\/td><\/tr><tr><td>Vasarely Museum Budape\u0161\u0165<\/td><td>Zdarma<\/td><\/tr><tr><td>Memento Park \u2013 Park soch<\/td><td>Zdarma<\/td><\/tr><tr><td>Muzeum obchodu a turismu<\/td><td>Zdarma<\/td><\/tr><tr><td>Ferenc Hopp Museum asijsk\u00e9ho um\u011bn\u00ed<\/td><td>Zdarma<\/td><\/tr><tr><td>Muzeum podzemn\u00ed dr\u00e1hy<\/td><td>Zdarma<\/td><\/tr><tr><td>Muzeum \u00d3buda<\/td><td>Zdarma<\/td><\/tr><tr><td>Goldberger Textiln\u00ed sb\u00edrka \u2013 \u00d3buda<\/td><td>Zdarma<\/td><\/tr><tr><td>P\u00e1l-v\u00f6lgyi jeskyn\u011b<\/td><td>Zdarma<\/td><\/tr><tr><td>Vod\u00e1rensk\u00e1 a vyhl\u00eddkov\u00e1 v\u011b\u017e Margaretinina ostrova<\/td><td>Zdarma<\/td><\/tr><tr><td>Pesti Vigad\u00f3<\/td><td>-50%<\/td><\/tr><tr><td>Fradi Muzeum<\/td><td>-50%<\/td><\/tr><tr><td>Etnografick\u00e9 muzeum<\/td><td>-25%<\/td><\/tr><tr><td>Bazilika sv. \u0160t\u011bp\u00e1na<\/td><td>-20%<\/td><\/tr><tr><td>Hlavn\u00ed farn\u00ed kostel Nanebevzet\u00ed<\/td><td>-20%<\/td><\/tr><tr><td>Kr\u00e1lovsk\u00fd pal\u00e1c G\u00f6d\u00f6ll\u0151<\/td><td>-20%<\/td><\/tr><tr><td>D\u016fm hudby Ma\u010farsko<\/td><td>-20%<\/td><\/tr><tr><td>Budape\u0161\u0165sk\u00e1 zoologick\u00e1 a botanick\u00e1 zahrada<\/td><td>-20%<\/td><\/tr><tr><td>D\u016fm Unicum<\/td><td>-20%<\/td><\/tr><tr><td>Madame Tussauds Budape\u0161\u0165<\/td><td>-20%<\/td><\/tr><tr><td>Timetrap Exit Game<\/td><td>-20%<\/td><\/tr><tr><td>Rusk\u00e9 kolo Budape\u0161\u0165 (s \u0161ampa\u0148sk\u00fdm)<\/td><td>-20%<\/td><\/tr><tr><td>M\u011bstsk\u00fd park \u2013 Jez\u00edrko pro lod\u011b<\/td><td>-20%<\/td><\/tr><tr><td>Indoor Skydiving<\/td><td>-20%<\/td><\/tr><tr><td>Muzeum iluz\u00ed<\/td><td>-15%<\/td><\/tr><tr><td>Light Art Museum<\/td><td>-15%<\/td><\/tr><tr><td>Tropicarium \u2013 \u017dralo\u010d\u00ed zoo<\/td><td>-15%<\/td><\/tr><tr><td>IKONO Budape\u0161\u0165<\/td><td>-15%<\/td><\/tr><tr><td>Cinema Mystica<\/td><td>-10%<\/td><\/tr><tr><td>Nemocnice ve sk\u00e1le \u2013 Jadern\u00fd bunkr<\/td><td>-10%<\/td><\/tr><tr><td>Synagoga Kazinczy utca<\/td><td>-10%<\/td><\/tr><tr><td>Synagoga Doh\u00e1ny utca<\/td><td>-10%<\/td><\/tr><tr><td>Ma\u010farsk\u00e9 \u017eidovsk\u00e9 muzeum a archivy<\/td><td>-10%<\/td><\/tr><tr><td>Varhann\u00ed koncert v bazilice sv. \u0160t\u011bp\u00e1na<\/td><td>-10%<\/td><\/tr><tr><td>Premier Outlet Budape\u0161\u0165<\/td><td>-10%<\/td><\/tr><\/table><\/div>\n\n\n<h2 class=\"wp-block-heading\">L\u00e1zn\u011b a baz\u00e9ny<\/h2>\n\n\n<div class=\"ms-table\"><table><tr><th>Polo\u017eka<\/th><th>Sleva<\/th><\/tr><tr><td>Term\u00e1ln\u00ed l\u00e1zn\u011b a baz\u00e9n St. Luk\u00e1cs<\/td><td>Zdarma<\/td><\/tr><tr><td>Lupa Beach<\/td><td>Zdarma<\/td><\/tr><tr><td>Term\u00e1ln\u00ed l\u00e1zn\u011b a baz\u00e9n Sz\u00e9chenyi<\/td><td>-20%<\/td><\/tr><tr><td>Term\u00e1ln\u00ed l\u00e1zn\u011b a baz\u00e9n Rudas<\/td><td>-20%<\/td><\/tr><tr><td>Term\u00e1ln\u00ed l\u00e1zn\u011b Palatinus, ve\u0159ejn\u00fd a vlnov\u00fd baz\u00e9n<\/td><td>-20%<\/td><\/tr><tr><td>R\u00f3mai l\u00e1zn\u011b<\/td><td>-20%<\/td><\/tr><tr><td>Aquaworld Resort Budape\u0161\u0165<\/td><td>-20%<\/td><\/tr><\/table><\/div>\n\n\n<h2 class=\"wp-block-heading\"><strong>Gastronomie<\/strong><\/h2>\n\n\n<div class=\"ms-table\"><table><tr><th>Polo\u017eka<\/th><th>Sleva<\/th><\/tr><tr><td>GastroCellar \u2013 Ochutn\u00e1vka<\/td><td>Zdarma<\/td><\/tr><tr><td>L\u00e1ngos v srdci m\u011bsta<\/td><td>-20%<\/td><\/tr><tr><td>Moln\u00e1r\u2019s K\u00fcrt\u0151skal\u00e1cs<\/td><td>-20%<\/td><\/tr><tr><td>Parisi Passage Restaurace<\/td><td>-20%<\/td><\/tr><tr><td>Zsolnay Caf\u00e9<\/td><td>-20%<\/td><\/tr><tr><td>Yellow Bistro &#038; Bar<\/td><td>-20%<\/td><\/tr><tr><td>Caf\u00e9 Astoria &#038; Restaurace<\/td><td>-20%<\/td><\/tr><tr><td>L\u00e1ng Restaurace<\/td><td>-20%<\/td><\/tr><tr><td>Hard Rock Cafe<\/td><td>-20%<\/td><\/tr><tr><td>Hal\u00e1szb\u00e1stya Restaurace<\/td><td>-15%<\/td><\/tr><tr><td>TATI Restaurace<\/td><td>-10%<\/td><\/tr><tr><td>VIRTU Restaurace<\/td><td>-10%<\/td><\/tr><tr><td>Nokedlish<\/td><td>-10%<\/td><\/tr><tr><td>Eggscuse Me? Brunch &#038; Bistro<\/td><td>-10%<\/td><\/tr><\/table><\/div>\n\n\n<h2 class=\"wp-block-heading\">Budapest Card <strong>72h Plus<\/strong> Exkluzivn\u00ed slevy<\/h2>\n\n\n<div class=\"ms-table\"><table><tr><th>Polo\u017eka<\/th><th>Sleva<\/th><\/tr><tr><td>P\u0159eprava z\/na leti\u0161t\u011b \u2013 miniBUD<\/td><td>Zdarma<\/td><\/tr><tr><td>L\u00c1NGOS v srdci m\u011bsta!<\/td><td>Zdarma<\/td><\/tr><tr><td>Moln\u00e1r\u2019s K\u00fcrt\u0151skal\u00e1cs<\/td><td>Zdarma<\/td><\/tr><tr><td>Kostel Panny Marie \u2013 Maty\u00e1\u0161\u016fv kostel<\/td><td>Zdarma<\/td><\/tr><tr><td>Lanovka Bud\u00ednsk\u00e9ho hradu<\/td><td>Zdarma<\/td><\/tr><\/table><\/div>\n\n\n<div class=\"ms-p ms-rounded ms-mb-last-child-0 ms-mb-children-condensed ms-mb-block ms-alert--neutral\">\n<h4 class=\"gb-text-8c5919a0\"><span class=\"gb-shape\"><svg viewBox=\"0 0 256 256\" fill=\"#000000\" height=\"32\" width=\"32\" xmlns=\"http:\/\/www.w3.org\/2000\/svg\"><path d=\"M108,84a16,16,0,1,1,16,16A16,16,0,0,1,108,84Zm128,44A108,108,0,1,1,128,20,108.12,108.12,0,0,1,236,128Zm-24,0a84,84,0,1,0-84,84A84.09,84.09,0,0,0,212,128Zm-72,36.68V132a20,20,0,0,0-20-20,12,12,0,0,0-4,23.32V168a20,20,0,0,0,20,20,12,12,0,0,0,4-23.32Z\"><\/path><\/svg><\/span><span class=\"gb-text\">Upozorn\u011bn\u00ed:<\/span><\/h4>\n\n\n\n<ul class=\"wp-block-list\">\n<li>Informace byly naposledy aktualizov\u00e1ny v b\u0159eznu 2026.<\/li>\n\n\n\n<li>Slevy zahrnut\u00e9 v Budapest Card mohou b\u00fdt zm\u011bn\u011bny bez p\u0159edchoz\u00edho upozorn\u011bn\u00ed.<\/li>\n<\/ul>\n<\/div>\n\n\n\n<p><\/p>\n","protected":false},"excerpt":{"rendered":"","protected":false},"author":1,"featured_media":0,"parent":0,"menu_order":3,"comment_status":"closed","ping_status":"closed","template":"","meta":{"_acf_changed":false,"footnotes":"","button_url":"https:\/\/www.tiqets.com\/cs\/things-to-do-in-budapest-c68199\/tickets-for-budapest-card-free-entrance-to-szt-lukacs-thermal-bath-and-pool-p974576\/?partner=budapestcard","ms_product_id":"","ms_product_name":"","ms_price":"","ms_currency":"","ms_rating_value":"","ms_review_count":"","rank_math_title":"Slevy s kartou Budapest Card: Kompletn\u00ed seznam v roce %currentyear%","rank_math_description":"Pod\u00edvejte se na kompletn\u00ed seznam slev, kter\u00e9 jsou sou\u010d\u00e1st\u00ed karty Budapest Card."},"post-style":[],"producer":[],"class_list":["post-8","page","type-page","status-publish","has-post-thumbnail"],"acf":[],"product_schema":{"ms_product_id":"","ms_product_name":"","ms_price":"","ms_currency":"","ms_rating_value":"","ms_review_count":""},"_links":{"self":[{"href":"https:\/\/www.budapestcard.org\/cs\/wp-json\/wp\/v2\/pages\/8","targetHints":{"allow":["GET"]}}],"collection":[{"href":"https:\/\/www.budapestcard.org\/cs\/wp-json\/wp\/v2\/pages"}],"about":[{"href":"https:\/\/www.budapestcard.org\/cs\/wp-json\/wp\/v2\/types\/page"}],"author":[{"embeddable":true,"href":"https:\/\/www.budapestcard.org\/cs\/wp-json\/wp\/v2\/users\/1"}],"replies":[{"embeddable":true,"href":"https:\/\/www.budapestcard.org\/cs\/wp-json\/wp\/v2\/comments?post=8"}],"version-history":[{"count":3,"href":"https:\/\/www.budapestcard.org\/cs\/wp-json\/wp\/v2\/pages\/8\/revisions"}],"predecessor-version":[{"id":1052,"href":"https:\/\/www.budapestcard.org\/cs\/wp-json\/wp\/v2\/pages\/8\/revisions\/1052"}],"wp:attachment":[{"href":"https:\/\/www.budapestcard.org\/cs\/wp-json\/wp\/v2\/media?parent=8"}],"wp:term":[{"taxonomy":"post-style","embeddable":true,"href":"https:\/\/www.budapestcard.org\/cs\/wp-json\/wp\/v2\/post-style?post=8"},{"taxonomy":"producer","embeddable":true,"href":"https:\/\/www.budapestcard.org\/cs\/wp-json\/wp\/v2\/producer?post=8"}],"curies":[{"name":"wp","href":"https:\/\/api.w.org\/{rel}","templated":true}]}}