{"id":896,"date":"2025-04-23T09:37:41","date_gmt":"2025-04-23T07:37:41","guid":{"rendered":"https:\/\/www.budapestcard.org\/cs\/?page_id=896"},"modified":"2025-09-29T22:21:04","modified_gmt":"2025-09-29T20:21:04","slug":"budapest-pass","status":"publish","type":"page","link":"https:\/\/www.budapestcard.org\/cs\/budapest-pass\/","title":{"rendered":"Budapest Pass"},"content":{"rendered":"\n<p>Budape\u0161\u0165sk\u00fd pas je v\u00edc ne\u017e jen vstupenka \u2013 je to v\u00e1\u0161 VIP p\u0159\u00edstup do srdce m\u011bsta.<\/p>\n\n\n\n<div class=\"ms-cta-button ms-p ms-cta\">\n<a class=\"gb-text ms-btn ms-btn--primary ms-shadow\" href=\"https:\/\/www.tiqets.com\/cs\/checkout\/tickets-for-budapest-pass-p1013746\/booking_details\/?partner=budapestcard\" rel=\"nofollow noopener\">Zkontrolovat dostupnost<\/a>\n<\/div>\n\n\n\n<h2 class=\"wp-block-heading\">V\u00fdhody<\/h2>\n\n\n\n<ul class=\"ms-icon-list\">\n<li class=\"ms-icon-list__item\"><span class=\"gb-shape\"><svg viewBox=\"0 0 256 256\" fill=\"#000000\" height=\"32\" width=\"32\" xmlns=\"http:\/\/www.w3.org\/2000\/svg\"><path d=\"M232.49,80.49l-128,128a12,12,0,0,1-17,0l-56-56a12,12,0,1,1,17-17L96,183,215.51,63.51a12,12,0,0,1,17,17Z\"><\/path><\/svg><\/span><span class=\"gb-text\">10% sleva na dal\u0161\u00ed budape\u0161\u0165sk\u00e9 atrakce.<\/span><\/li>\n\n\n\n<li class=\"ms-icon-list__item\"><span class=\"gb-shape\"><svg viewBox=\"0 0 256 256\" fill=\"#000000\" height=\"32\" width=\"32\" xmlns=\"http:\/\/www.w3.org\/2000\/svg\"><path d=\"M232.49,80.49l-128,128a12,12,0,0,1-17,0l-56-56a12,12,0,1,1,17-17L96,183,215.51,63.51a12,12,0,0,1,17,17Z\"><\/path><\/svg><\/span><span class=\"gb-text\">\u017d\u00e1dn\u00e9 skryt\u00e9 poplatky.<\/span><\/li>\n\n\n\n<li class=\"ms-icon-list__item\"><span class=\"gb-shape\"><svg viewBox=\"0 0 256 256\" fill=\"#000000\" height=\"32\" width=\"32\" xmlns=\"http:\/\/www.w3.org\/2000\/svg\"><path d=\"M232.49,80.49l-128,128a12,12,0,0,1-17,0l-56-56a12,12,0,1,1,17-17L96,183,215.51,63.51a12,12,0,0,1,17,17Z\"><\/path><\/svg><\/span><span class=\"gb-text\">P\u0159i platb\u011b si pro ka\u017edou lokalitu vyberete \u010das, kter\u00fd v\u00e1m nejl\u00e9pe vyhovuje.<\/span><\/li>\n<\/ul>\n\n\n\n<figure>\n<img decoding=\"async\" width=\"1920\" height=\"1080\" class=\"gb-media-4f95c955\" src=\"https:\/\/www.budapestcard.org\/wp-content\/uploads\/budapest-pass-1745508262.jpg\" alt=\"Budapest Digital Pass\" title=\"budapest-pass\" srcset=\"https:\/\/www.budapestcard.org\/cs\/wp-content\/uploads\/sites\/10\/budapest-pass-1745508262.jpg 1920w, https:\/\/www.budapestcard.org\/cs\/wp-content\/uploads\/sites\/10\/budapest-pass-1745508262-768x432.jpg 768w, https:\/\/www.budapestcard.org\/cs\/wp-content\/uploads\/sites\/10\/budapest-pass-1745508262-1024x576.jpg 1024w, https:\/\/www.budapestcard.org\/cs\/wp-content\/uploads\/sites\/10\/budapest-pass-1745508262-1280x720.jpg 1280w, https:\/\/www.budapestcard.org\/cs\/wp-content\/uploads\/sites\/10\/budapest-pass-1745508262-1600x900.jpg 1600w\" sizes=\"(max-width: 1920px) 100vw, 1920px\" \/>\n<\/figure>\n\n\n\n<div class=\"ms-alert--primary ms-p ms-rounded ms-mb-last-child-0 ms-mb-children-condensed ms-mb-block\">\n<h3 class=\"wp-block-heading has-ms-color-primary-darker-color has-text-color has-link-color wp-elements-2f4a95852f61c0a624ddfda1c1ca2039\">Jak rezervovat<\/h3>\n\n\n\n<div class=\"gb-element-f4eb9e37\">\n<div>\n<p class=\"gb-text-91d99ec7 ms-link-unstyled\"><span class=\"gb-shape\"><svg viewBox=\"0 0 256 256\" fill=\"#000000\" height=\"32\" width=\"32\" xmlns=\"http:\/\/www.w3.org\/2000\/svg\"><path d=\"M246.15,133.18,146.83,33.86A19.85,19.85,0,0,0,132.69,28H40A12,12,0,0,0,28,40v92.69a19.85,19.85,0,0,0,5.86,14.14l99.32,99.32a20,20,0,0,0,28.28,0l84.69-84.69A20,20,0,0,0,246.15,133.18Zm-98.83,93.17L52,131V52h79l95.32,95.32ZM100,84A16,16,0,1,1,84,68,16,16,0,0,1,100,84Z\"><\/path><\/svg><\/span><span class=\"gb-text\"><strong>Vyberte si sv\u016fj pas<\/strong><\/span><\/p>\n\n\n\n<p class=\"has-ms-color-primary-darker-color has-text-color has-link-color wp-elements-8d54ed1ee3c115738ceb452a472a3fb2\">Zvolte po\u010det \u00fa\u010dastn\u00edk\u016f a datum za\u010d\u00e1tku platnosti pasu.<\/p>\n<\/div>\n\n\n\n<div>\n<p class=\"gb-text-71a39911 ms-link-unstyled\"><span class=\"gb-shape\"><svg viewBox=\"0 0 256 256\" fill=\"#000000\" height=\"32\" width=\"32\" xmlns=\"http:\/\/www.w3.org\/2000\/svg\"><path d=\"M128,20A108,108,0,1,0,236,128,108.12,108.12,0,0,0,128,20Zm0,192a84,84,0,1,1,84-84A84.09,84.09,0,0,1,128,212Zm68-84a12,12,0,0,1-12,12H128a12,12,0,0,1-12-12V72a12,12,0,0,1,24,0v44h44A12,12,0,0,1,196,128Z\"><\/path><\/svg><\/span><span class=\"gb-text\"><strong>Rezervujte si vstupenky<\/strong><\/span><\/p>\n\n\n\n<p class=\"has-ms-color-primary-darker-color has-text-color has-link-color wp-elements-88a85520fd6860fcec76dc9d3fb5e4ec\">Vyberte si datum a \u010das pro atrakce a aktivity, kter\u00e9 jsou v bal\u00ed\u010dku.<\/p>\n<\/div>\n<\/div>\n\n\n\n<div class=\"gb-element-b221a285\">\n<div>\n<p class=\"gb-text-a8e13d94 ms-link-unstyled\"><span class=\"gb-shape\"><svg viewBox=\"0 0 256 256\" fill=\"#000000\" height=\"32\" width=\"32\" xmlns=\"http:\/\/www.w3.org\/2000\/svg\"><path d=\"M224,44H32A20,20,0,0,0,12,64V192a20,20,0,0,0,20,20H224a20,20,0,0,0,20-20V64A20,20,0,0,0,224,44Zm-4,24V88H36V68ZM36,188V112H220v76Zm172-24a12,12,0,0,1-12,12H164a12,12,0,0,1,0-24h32A12,12,0,0,1,208,164Zm-68,0a12,12,0,0,1-12,12H116a12,12,0,0,1,0-24h12A12,12,0,0,1,140,164Z\"><\/path><\/svg><\/span><span class=\"gb-text\"><strong>Potvr\u010fte a zapla\u0165te<\/strong><\/span><\/p>\n\n\n\n<p class=\"has-ms-color-primary-darker-color has-text-color has-link-color wp-elements-1d2f1d6b9af7bc4435ba7fc11c9d0270\">Zadejte sv\u00e9 \u00fadaje a bezpe\u010dn\u011b zapla\u0165te.<\/p>\n<\/div>\n\n\n\n<div>\n<p class=\"gb-text-26106146 ms-link-unstyled\"><span class=\"gb-shape\"><svg viewBox=\"0 0 256 256\" fill=\"#000000\" height=\"32\" width=\"32\" xmlns=\"http:\/\/www.w3.org\/2000\/svg\"><path d=\"M176.49,95.51a12,12,0,0,1,0,17l-56,56a12,12,0,0,1-17,0l-24-24a12,12,0,1,1,17-17L112,143l47.51-47.52A12,12,0,0,1,176.49,95.51ZM236,128A108,108,0,1,1,128,20,108.12,108.12,0,0,1,236,128Zm-24,0a84,84,0,1,0-84,84A84.09,84.09,0,0,0,212,128Z\"><\/path><\/svg><\/span><span class=\"gb-text\"><strong>Z\u00edskejte sv\u00e9 vstupenky<\/strong><\/span><\/p>\n\n\n\n<p class=\"has-ms-color-primary-darker-color has-text-color has-link-color wp-elements-c0a942f91c288efd437830e6e8e3c905\">Sv\u00e9 digit\u00e1ln\u00ed vstupenky obdr\u017e\u00edte okam\u017eit\u011b e-mailem.<\/p>\n<\/div>\n<\/div>\n<\/div>\n\n\n\n<h2 class=\"wp-block-heading\">Jak to funguje<\/h2>\n\n\n\n<ol class=\"wp-block-list\">\n<li><strong>Aktivace pasu<\/strong>: V\u00e1\u0161 Budapest Pass se automaticky aktivuje v den, kter\u00fd si vyberete p\u0159i rezervaci.<\/li>\n\n\n\n<li><strong>Uplatn\u011bn\u00ed vstupenky<\/strong>: Uka\u017ete digit\u00e1ln\u00ed vstupenku (zaslanou na v\u00e1\u0161 e-mail) u vchodu do ka\u017ed\u00e9 zahrnut\u00e9 aktivity (plavba po Dunaji, term\u00e1ln\u00ed l\u00e1zn\u011b Sz\u00e9chenyi).<\/li>\n\n\n\n<li><strong>Nen\u00ed t\u0159eba tisknout<\/strong>: Sta\u010d\u00ed pou\u017e\u00edt mobiln\u00ed vstupenku ve sv\u00e9m smartphonu.<\/li>\n<\/ol>\n\n\n\n<div class=\"ms-p ms-rounded ms-mb-last-child-0 ms-mb-children-condensed ms-alert--contrast ms-mb-block\">\n<h4 class=\"gb-text-26a71c5b\"><span class=\"gb-shape\"><svg viewBox=\"0 0 256 256\" fill=\"#000000\" height=\"32\" width=\"32\" xmlns=\"http:\/\/www.w3.org\/2000\/svg\"><path d=\"M108,84a16,16,0,1,1,16,16A16,16,0,0,1,108,84Zm128,44A108,108,0,1,1,128,20,108.12,108.12,0,0,1,236,128Zm-24,0a84,84,0,1,0-84,84A84.09,84.09,0,0,0,212,128Zm-72,36.68V132a20,20,0,0,0-20-20,12,12,0,0,0-4,23.32V168a20,20,0,0,0,20,20,12,12,0,0,0,4-23.32Z\"><\/path><\/svg><\/span><span class=\"gb-text\">Speci\u00e1ln\u00ed nab\u00eddka:<\/span><\/h4>\n\n\n\n<p class=\"gb-text\">Po rezervaci obdr\u017e\u00edte e-mailem osobn\u00ed <strong>10% slevov\u00fd<\/strong> k\u00f3d, kter\u00fd je platn\u00fd po dobu jednoho m\u011bs\u00edce na dal\u0161\u00edch 5 budape\u0161\u0165sk\u00fdch atrakc\u00ed.<\/p>\n\n\n\n<p class=\"gb-text\">Pro v\u00edce informac\u00ed <a href=\"https:\/\/www.tiqets.com\/en\/things-to-do-in-budapest-c68199\/budapest-pass-p1013746\/?partner=budapestcard\" data-type=\"link\" data-id=\"https:\/\/www.tiqets.com\/en\/things-to-do-in-budapest-c68199\/budapest-pass-p1013746\/?partner=budapestcard\" rel=\"nofollow noopener\"><\/a><a href=\"https:\/\/www.tiqets.com\/cs\/things-to-do-in-budapest-c68199\/budapest-pass-p1013746\/?partner=budapestcard\" rel=\"nofollow noopener\">klikn\u011bte zde<\/a> \u00bb<\/p>\n<\/div>\n\n\n\n<h2 class=\"wp-block-heading\">Co je zahrnuto<\/h2>\n\n\n\n<h3 class=\"wp-block-heading\">Term\u00e1ln\u00ed l\u00e1zn\u011b Sz\u00e9chenyi<\/h3>\n\n\n\n<ul class=\"wp-block-list\">\n<li>Celodenn\u00ed vstup do l\u00e1zn\u00ed Sz\u00e9chenyi, jedn\u011bch z nejv\u011bt\u0161\u00edch term\u00e1ln\u00edch l\u00e1zn\u00ed v Evrop\u011b<\/li>\n\n\n\n<li>Prozkoumejte 3 venkovn\u00ed a 15 vnit\u0159n\u00edch baz\u00e9n\u016f<\/li>\n\n\n\n<li>Zahrnuje jednu degustaci p\u00e1linky (nebo nealkoholick\u00fd n\u00e1poj, pokud preferujete) a sk\u0159\u00ed\u0148ku nebo kabinu (podle typu vstupenky)<\/li>\n<\/ul>\n\n\n\n<h3 class=\"wp-block-heading\"><strong>Plavba po Dunaji (s n\u00e1pojem)<\/strong><\/h3>\n\n\n\n<ul class=\"wp-block-list\">\n<li>Relaxujte na \u0159ece a u\u017eijte si ty nejlep\u0161\u00ed v\u00fdhledy na Budape\u0161\u0165<\/li>\n\n\n\n<li>Z vody uvid\u00edte slavn\u00e9 pam\u00e1tky, jako je Parlament, \u0158et\u011bzov\u00fd most a dal\u0161\u00ed<\/li>\n\n\n\n<li>Sou\u010d\u00e1st\u00ed je welcome drink, kter\u00fd si m\u016f\u017eete vychutnat b\u011bhem plavby<\/li>\n<\/ul>\n\n\n\n<h3 class=\"wp-block-heading\">Audio pr\u016fvodce od POPGuide<\/h3>\n\n\n\n<ul class=\"wp-block-list\">\n<li>Neomezen\u00e9 cestov\u00e1n\u00ed autobusy, tramvajemi a metrem<\/li>\n\n\n\n<li>Velmi pohodln\u00e9 pro dosa\u017een\u00ed atrakc\u00ed rozpt\u00fdlen\u00fdch po Bud\u00edn\u011b a Pe\u0161ti<\/li>\n\n\n\n<li>Nen\u00ed t\u0159eba kupovat samostatn\u00e9 cestovn\u00ed karty nebo j\u00edzdenky<\/li>\n<\/ul>\n\n\n\n<h2 class=\"wp-block-heading\">Budapest Pass vs. Budapest Card: Jak\u00fd je rozd\u00edl?<\/h2>\n\n\n<div class=\"ms-table frozenColumn\"><table><tr><th><\/th><th><a href=\"https:\/\/www.tiqets.com\/cs\/things-to-do-in-budapest-c68199\/budapest-pass-p1013746\/?partner=budapestcard\" rel=\"nofollow noopener\" target=\"_blank\">Budapest Pass<\/a><\/th><th><a href=\"https:\/\/www.tiqets.com\/cs\/things-to-do-in-budapest-c68199\/tickets-for-budapest-card-free-entrance-to-szt-lukacs-thermal-bath-and-pool-p974576\/?partner=budapestcard\" rel=\"nofollow noopener\" target=\"_blank\">Budapest Card<\/a><\/th><\/tr><tr><td>Hlavn\u00ed zam\u011b\u0159en\u00ed<\/td><td>Vybran\u00e9 must-see atrakce s pr\u016fvodcovsk\u00fdmi z\u00e1\u017eitky<\/td><td>Vstup zdarma nebo se slevou do mnoha muze\u00ed a l\u00e1zn\u00ed<\/td><\/tr><tr><td>Co je zahrnuto<\/td><td>Sz\u00e9chenyiho term\u00e1ln\u00ed l\u00e1zn\u011b, Plavby po Dunaji v Budape\u0161ti<\/td><td>Bazilika sv. \u0160t\u011bp\u00e1na, Luk\u00e1csovy term\u00e1ln\u00ed l\u00e1zn\u011b, 30+ muze\u00ed a atrakc\u00ed<\/td><\/tr><tr><td>Aplikace s audiopr\u016fvodcem<\/td><td>\u2713<\/td><td> <\/td><\/tr><tr><td>Bezplatn\u00e1 ve\u0159ejn\u00e1 doprava<\/td><td><\/td><td>\u2713<\/td><\/tr><tr><td>Dal\u0161\u00ed slevy<\/td><td>10% sleva na dal\u0161\u00ed atrakce v Budape\u0161ti<\/td><td>Slevy ve vybran\u00fdch restaurac\u00edch, muze\u00edch a l\u00e1zn\u00edch. <a href=\"https:\/\/www.budapestcard.org\/cs\/discounts\/\" rel=\"nofollow\" target=\"_blank\">Zkontrolujte zde \u00bb<\/a><\/td><\/tr><tr><td>Odhadovan\u00e1 \u00faspora<\/td><td>U\u0161et\u0159ete a\u017e 10 % oproti jednotliv\u00fdm rezervac\u00edm<\/td><td>U\u0161et\u0159ete 10\u201350 % v restaurac\u00edch, atrakc\u00edch, na prohl\u00eddk\u00e1ch, v l\u00e1zn\u00edch a dal\u0161\u00edch<\/td><\/tr><\/table><\/div>\n\n\n<h3 class=\"wp-block-heading\">Po\u0159i\u010fte si Budapest Pass, pokud:<\/h3>\n\n\n\n<ul class=\"wp-block-list\">\n<li>Chcete sp\u00ed\u0161e organizovanou n\u00e1v\u0161t\u011bvu s p\u0159edem vybran\u00fdmi pam\u00e1tkami, kter\u00e9 mus\u00edte vid\u011bt<\/li>\n\n\n\n<li>D\u00e1v\u00e1te p\u0159ednost velk\u00fdm atrakc\u00edm, jako jsou l\u00e1zn\u011b Sz\u00e9chenyi a plavba po Dunaji<\/li>\n\n\n\n<li>Nechcete v\u0161e hledat sami \u2013 pas za v\u00e1s v\u0161e napl\u00e1nuje<\/li>\n<\/ul>\n\n\n\n<p><a href=\"https:\/\/www.tiqets.com\/cs\/things-to-do-in-budapest-c68199\/budapest-pass-p1013746\/?partner=budapestcard\" rel=\"nofollow noopener\"><strong>Zkontrolovat dostupnost \u00bb<\/strong><\/a><\/p>\n\n\n\n<h3 class=\"wp-block-heading\">Po\u0159i\u010fte si Budapest Card, pokud:<\/h3>\n\n\n\n<ul class=\"wp-block-list\">\n<li>R\u00e1di nav\u0161t\u011bvujete muzea a historick\u00e9 pam\u00e1tky (zvl\u00e1\u0161t\u011b pokud u\u017e v\u00edte, co chcete vid\u011bt)<\/li>\n\n\n\n<li>Chcete prozkoum\u00e1vat m\u011bsto vlastn\u00edm tempem a vyb\u00edrat si z \u0161ir\u0161\u00edho seznamu men\u0161\u00edch atrakc\u00ed<\/li>\n\n\n\n<li>M\u00e1te omezen\u011bj\u0161\u00ed rozpo\u010det a chcete v\u011bt\u0161\u00ed flexibilitu<\/li>\n<\/ul>\n\n\n\n<p><a href=\"https:\/\/www.tiqets.com\/cs\/things-to-do-in-budapest-c68199\/tickets-for-budapest-card-free-entrance-to-szt-lukacs-thermal-bath-and-pool-p974576\/?partner=budapestcard\" rel=\"nofollow noopener\"><strong>Zkontrolovat dostupnost \u00bb<\/strong><\/a><\/p>\n\n\n\n<h2 class=\"wp-block-heading\">\u010casto kladen\u00e9 ot\u00e1zky<\/h2>\n\n\n\n<div class=\"ms-accordion ms-mb-block\">\n<div class=\"ms-accordion__item\">\n<div class=\"ms-accordion__header\">\n<h3 class=\"gb-text\">Mohu si vybrat jazyk prohl\u00eddek s pr\u016fvodcem?<\/h3>\n<\/div>\n\n\n\n<div class=\"ms-accordion__body\">\n<p class=\"gb-text\">V\u011bt\u0161ina prohl\u00eddek s pr\u016fvodcem (prohl\u00eddka m\u011bsta, ma\u010farsk\u00fd parlament, muzeum P\u00e1linka) je nab\u00edzena v angli\u010dtin\u011b, ale n\u011bkter\u00e9 mohou b\u00fdt k dispozici i v jin\u00fdch jazyc\u00edch. Zkontrolujte dostupnost p\u0159i rezervaci.<\/p>\n<\/div>\n<\/div>\n\n\n\n<div class=\"ms-accordion__item\">\n<div class=\"ms-accordion__header\">\n<h3 class=\"gb-text\">Jak mohu pas uplatnit nebo vyzvednout?<\/h3>\n<\/div>\n\n\n\n<div class=\"ms-accordion__body\">\n<p class=\"gb-text\">Po zakoupen\u00ed obdr\u017e\u00edte digit\u00e1ln\u00ed vstupenky e-mailem.<\/p>\n<\/div>\n<\/div>\n\n\n\n<div class=\"ms-accordion__item\">\n<div class=\"ms-accordion__header\">\n<h3 class=\"gb-text\">Mohu pas sd\u00edlet s n\u011bk\u00fdm jin\u00fdm?<\/h3>\n<\/div>\n\n\n\n<div class=\"ms-accordion__body\">\n<p class=\"gb-text\">Ne. Budapest Pass je osobn\u00ed a nep\u0159enosn\u00fd. U ka\u017ed\u00e9 atrakce budete muset p\u0159edlo\u017eit svou vlastn\u00ed vstupenku (a v n\u011bkter\u00fdch p\u0159\u00edpadech i pr\u016fkaz toto\u017enosti).<\/p>\n<\/div>\n<\/div>\n\n\n\n<div class=\"ms-accordion__item\">\n<div class=\"ms-accordion__header\">\n<h3 class=\"gb-text\">Jak funguje 10% slevov\u00fd k\u00f3d?<\/h3>\n<\/div>\n\n\n\n<div class=\"ms-accordion__body\">\n<p class=\"gb-text\">Po rezervaci obdr\u017e\u00edte e-mailem osobn\u00ed k\u00f3d. M\u016f\u017eete jej pou\u017e\u00edt a\u017e p\u011btkr\u00e1t na dal\u0161\u00ed atrakce nebo z\u00e1\u017eitky v Budape\u0161ti prost\u0159ednictv\u00edm Tiqets. K\u00f3d je platn\u00fd po omezenou dobu, proto zkontrolujte datum platnosti.<\/p>\n<\/div>\n<\/div>\n<\/div>\n","protected":false},"excerpt":{"rendered":"","protected":false},"author":4,"featured_media":908,"parent":0,"menu_order":1,"comment_status":"closed","ping_status":"closed","template":"","meta":{"_acf_changed":false,"footnotes":""},"post-style":[],"producer":[],"class_list":["post-896","page","type-page","status-publish","has-post-thumbnail"],"acf":[],"_links":{"self":[{"href":"https:\/\/www.budapestcard.org\/cs\/wp-json\/wp\/v2\/pages\/896","targetHints":{"allow":["GET"]}}],"collection":[{"href":"https:\/\/www.budapestcard.org\/cs\/wp-json\/wp\/v2\/pages"}],"about":[{"href":"https:\/\/www.budapestcard.org\/cs\/wp-json\/wp\/v2\/types\/page"}],"author":[{"embeddable":true,"href":"https:\/\/www.budapestcard.org\/cs\/wp-json\/wp\/v2\/users\/4"}],"replies":[{"embeddable":true,"href":"https:\/\/www.budapestcard.org\/cs\/wp-json\/wp\/v2\/comments?post=896"}],"version-history":[{"count":3,"href":"https:\/\/www.budapestcard.org\/cs\/wp-json\/wp\/v2\/pages\/896\/revisions"}],"predecessor-version":[{"id":997,"href":"https:\/\/www.budapestcard.org\/cs\/wp-json\/wp\/v2\/pages\/896\/revisions\/997"}],"wp:featuredmedia":[{"embeddable":true,"href":"https:\/\/www.budapestcard.org\/cs\/wp-json\/wp\/v2\/media\/908"}],"wp:attachment":[{"href":"https:\/\/www.budapestcard.org\/cs\/wp-json\/wp\/v2\/media?parent=896"}],"wp:term":[{"taxonomy":"post-style","embeddable":true,"href":"https:\/\/www.budapestcard.org\/cs\/wp-json\/wp\/v2\/post-style?post=896"},{"taxonomy":"producer","embeddable":true,"href":"https:\/\/www.budapestcard.org\/cs\/wp-json\/wp\/v2\/producer?post=896"}],"curies":[{"name":"wp","href":"https:\/\/api.w.org\/{rel}","templated":true}]}}