{"id":27,"date":"2016-10-21T17:31:30","date_gmt":"2016-10-21T15:31:30","guid":{"rendered":"https:\/\/www.budapestcard.org\/da\/?page_id=27"},"modified":"2026-04-13T06:07:03","modified_gmt":"2026-04-13T04:07:03","slug":"priser","status":"publish","type":"page","link":"https:\/\/www.budapestcard.org\/da\/priser\/","title":{"rendered":"Budapest Card Priser"},"content":{"rendered":"\n<p>Budapest Card er et af de bedste redskaber, du kan bruge til at opdage alt det fantastiske, som Budapest har at byde p\u00e5. Men hvilken korttype passer bedst til dig?<\/p>\n\n\n\n<p>Der findes fem forskellige varigheder af Budapest Card: <strong>24<\/strong>, <strong>48<\/strong>, <strong>72<\/strong>, <strong>96 <\/strong>og <strong>120 <\/strong>timer. Hvert kort er gyldigt fra f\u00f8rste brug i den periode, der er angivet p\u00e5 kortet. Kortet aktiveres f\u00f8rst, n\u00e5r du bruger det, s\u00e5 du kan nemt k\u00f8be det inden rejsen. Det g\u00e6lder indtil slutningen af den nuv\u00e6rende s\u00e6son, alts\u00e5 til den 30. april 2026. K\u00f8b i god tid og spar penge!<\/p>\n\n\n\n<h3 class=\"wp-block-heading\">Prisoversigt<\/h3>\n\n\n<div class=\"ms-table frozenColumn\"><table><tr><th>Voksne<\/th><th>Normalpris<\/th><\/tr><tr><td>24 timer<\/td><td>\u20ac55,00 (\u20ac55,00 pr. dag)<\/td><\/tr><tr><td>48 timer<\/td><td>\u20ac71,50 (\u20ac35,75 pr. dag)<\/td><\/tr><tr><td>72 timer<\/td><td>\u20ac91,30 (\u20ac30,43 pr. dag)<\/td><\/tr><tr><td>96 timer<\/td><td>\u20ac114,40 (\u20ac28,60 pr. dag)<\/td><\/tr><tr><td>120 timer<\/td><td>\u20ac127,60 (\u20ac25,52 pr. dag)<\/td><\/tr><\/table><\/div>\n\n\n<p><strong>Bem\u00e6rk:<\/strong> Hvert kort er gyldigt for \u00e9n voksen og \u00e9t medrejsende barn op til seks \u00e5r.<\/p>\n\n\n\n<p>For at afg\u00f8re, om Budapest Card er prisen v\u00e6rd for dig, skal du stille dig selv disse tre sp\u00f8rgsm\u00e5l:<\/p>\n\n\n\n<ol class=\"wp-block-list\">\n<li>Hvor l\u00e6nge skal jeg v\u00e6re i Budapest?<\/li>\n\n\n\n<li>Hvor mange fantastiske ting vil jeg se, mens jeg er der?<\/li>\n\n\n\n<li>Hvor mange penge vil jeg spare?<\/li>\n<\/ol>\n\n\n\n<p>Skal du kun en enkelt dag til Budapest for at pr\u00f8ve de ber\u00f8mte traditionelle ungarske skorstenskager hos Moln\u00e1r&#8217;s K\u00fcrt\u0151skal\u00e1cs eller tage en dukkert i Luk\u00e1cs Termalbade? I s\u00e5 fald er et 24-timers kort m\u00e5ske det bedste valg. Hvis du bliver l\u00e6ngere eller \u00f8nsker at opleve mere end bare en s\u00f8d snack og et afslappende bad, kan du overveje kortene til 48, 72, 96 eller 120 timer.<\/p>\n\n\n<div class=\"gb-container gb-container-bc0d9ca1 ms-alert--primary ms-p ms-rounded ms-mb-last-child-0 ms-mb-children-condensed ms-mb-block\">\n\n<p>Kortene med l\u00e6ngere varighed er meget prisvenlige, is\u00e6r kortet til 120 timer, som kun koster \u20ac25,52 om dagen.<\/p>\n\n<\/div>\n\n\n<p>Budapest Card giver dig n\u00f8glen til byen, eller s\u00e5 t\u00e6t p\u00e5 som muligt. Snesevis af barer, restauranter, kurbade, museer og andre steder tilbyder enorme rabatter p\u00e5 adgang, tjenester eller k\u00f8b. Du kan bruge byens offentlige transport gratis, tage p\u00e5 gratis vandreture og flodkrydstogter, eller bes\u00f8ge Luk\u00e1cs Termalbade uden beregning. Mulighederne er uendelige!<\/p>\n\n\n\n<p>Se vores <a href=\"https:\/\/www.budapestcard.org\/da\/discounts\/\" target=\"_blank\" rel=\"noreferrer noopener\">Rabatter<\/a>-side for mere information om alle de fantastiske besparelser, der er mulige med Budapest Card.<\/p>\n","protected":false},"excerpt":{"rendered":"","protected":false},"author":1,"featured_media":0,"parent":0,"menu_order":4,"comment_status":"closed","ping_status":"closed","template":"","meta":{"_acf_changed":false,"footnotes":"","button_url":"https:\/\/www.tiqets.com\/da\/things-to-do-in-budapest-c68199\/tickets-for-budapest-card-free-entrance-to-szt-lukacs-thermal-bath-and-pool-p974576\/?partner=budapestcard","ms_product_id":"","ms_product_name":"","ms_price":"","ms_currency":"","ms_rating_value":"","ms_review_count":"","rank_math_title":"Budapest Card - Priser i %currentyear%","rank_math_description":"Oplev Budapest i %currentyear% med det mest fordelagtige Budapest Card. V\u00e6lg mellem 24, 48, 72, 96 eller 120 timer. Se priserne p\u00e5 Budapest Card her."},"post-style":[],"producer":[],"class_list":["post-27","page","type-page","status-publish","has-post-thumbnail"],"acf":[],"product_schema":{"ms_product_id":"","ms_product_name":"","ms_price":"","ms_currency":"","ms_rating_value":"","ms_review_count":""},"_links":{"self":[{"href":"https:\/\/www.budapestcard.org\/da\/wp-json\/wp\/v2\/pages\/27","targetHints":{"allow":["GET"]}}],"collection":[{"href":"https:\/\/www.budapestcard.org\/da\/wp-json\/wp\/v2\/pages"}],"about":[{"href":"https:\/\/www.budapestcard.org\/da\/wp-json\/wp\/v2\/types\/page"}],"author":[{"embeddable":true,"href":"https:\/\/www.budapestcard.org\/da\/wp-json\/wp\/v2\/users\/1"}],"replies":[{"embeddable":true,"href":"https:\/\/www.budapestcard.org\/da\/wp-json\/wp\/v2\/comments?post=27"}],"version-history":[{"count":3,"href":"https:\/\/www.budapestcard.org\/da\/wp-json\/wp\/v2\/pages\/27\/revisions"}],"predecessor-version":[{"id":1044,"href":"https:\/\/www.budapestcard.org\/da\/wp-json\/wp\/v2\/pages\/27\/revisions\/1044"}],"wp:attachment":[{"href":"https:\/\/www.budapestcard.org\/da\/wp-json\/wp\/v2\/media?parent=27"}],"wp:term":[{"taxonomy":"post-style","embeddable":true,"href":"https:\/\/www.budapestcard.org\/da\/wp-json\/wp\/v2\/post-style?post=27"},{"taxonomy":"producer","embeddable":true,"href":"https:\/\/www.budapestcard.org\/da\/wp-json\/wp\/v2\/producer?post=27"}],"curies":[{"name":"wp","href":"https:\/\/api.w.org\/{rel}","templated":true}]}}