{"id":29,"date":"2016-10-21T17:36:59","date_gmt":"2016-10-21T15:36:59","guid":{"rendered":"https:\/\/www.budapestcard.org\/da\/?page_id=29"},"modified":"2025-09-26T18:10:20","modified_gmt":"2025-09-26T16:10:20","slug":"faq","status":"publish","type":"page","link":"https:\/\/www.budapestcard.org\/da\/faq\/","title":{"rendered":"Ofte Stillede Sp\u00f8rgsm\u00e5l"},"content":{"rendered":"<div id=\"rank-math-faq\" class=\"rank-math-block\">\n<div class=\"rank-math-list \">\n<div id=\"faq-question-1717062476605\" class=\"rank-math-list-item\">\n<h3 class=\"rank-math-question \">Hvad er Budapest Card?<\/h3>\n<div class=\"rank-math-answer \">\n\n<p>Budapest Card er din n\u00f8gle til byen Budapest. Du kan bruge det p\u00e5 tre m\u00e5der: som et transportkort, der giver dig ubegr\u00e6nset, gratis rejse med alle byens offentlige transportmidler; som et attraktionskort, der tager dig gennem byens rige historie og kultur; og som et rabatkort, der kan spare dig for mange penge under dit ophold.<\/p>\n<p>Et Budapest Card giver dig gratis adgang til mere end 30 museer og attraktioner, rabatter p\u00e5 op til 50 % p\u00e5 restauranter, barer og butikker, samt gratis vandreture og flodkrydstogter, s\u00e5 du hurtigt l\u00e6rer byen at kende.<\/p>\n\n<\/div>\n<\/div>\n<div id=\"faq-question-1717062505033\" class=\"rank-math-list-item\">\n<h3 class=\"rank-math-question \">Hvad er fordelene ved Budapest Card?<\/h3>\n<div class=\"rank-math-answer \">\n\n<p>Den st\u00f8rste fordel ved Budapest Card er, at det hj\u00e6lper dig med at spare b\u00e5de tid og penge. Med gratis adgang til over 30 attraktioner, herunder topsteder som Ungarns Nationalmuseum og Skt. Luk\u00e1cs Termiske Bad, samt rabatter p\u00e5 mange andre, kan du nemt spare mange penge. Uanset om du rejser alene eller med venner, f\u00e5r du de samme store besparelser.<\/p>\n<p>Uanset om du \u00f8nsker en spa-dag i et af byens termiske bade eller er mere interesseret i at se en forestilling i et historisk teater eller museum, har Budapest Card noget for enhver smag.<\/p>\n\n<\/div>\n<\/div>\n<div id=\"faq-question-1717062519392\" class=\"rank-math-list-item\">\n<h3 class=\"rank-math-question \">Hvilke rabatter tilbyder Budapest Card?<\/h3>\n<div class=\"rank-math-answer \">\n\n<p>Budapest Card tilbyder rabatter p\u00e5 transport, attraktioner, sightseeingture, restauranter, spabade og meget mere. Kortet giver dig desuden gratis adgang til al offentlig transport i Budapest, adgang til et af byens legendariske termiske bade og gratis adgang til over 30 af Budapests mest betydningsfulde museer og historiske steder. Du f\u00e5r ogs\u00e5 rabat p\u00e5 adgang til mange andre kulturelle sev\u00e6rdigheder og kirker rundt om i byen.<\/p>\n<p>Hvis du er interesseret i sightseeing, inkluderer Budapest Card gratis vandreture. Disse ture viser dig alt fra Fiskerbastionen i Burda Castle District til den utroligt smukke Skt. Stephens Basilika p\u00e5 Pest-siden af byen. Du kan ogs\u00e5 nyde gratis flodkrydstogter, som giver dig den perfekte mulighed for at beundre Budapests fantastiske skyline fra Donau.<\/p>\n<p>Hvis du er madelsker, giver Budapest Card dig op til 50 % rabat p\u00e5 gode restauranter, caf\u00e9er og barer, s\u00e5 du kan nyde det bedste af det ungarske k\u00f8kken uden at spr\u00e6nge budgettet. Kort sagt har Budapest Card rabatter til alle typer rejsende \u2013 uanset om du er her for historie, mad eller underholdning. Se den fulde liste over fordele p\u00e5 <a href=\"https:\/\/www.budapestcard.org\/da\/discounts\/\" target=\"_blank\" rel=\"noreferrer noopener\">rabat<\/a>-siden. <\/p>\n\n<\/div>\n<\/div>\n<div id=\"faq-question-1724227536551\" class=\"rank-math-list-item\">\n<h3 class=\"rank-math-question \">Er Budapest Card pengene v\u00e6rd?<\/h3>\n<div class=\"rank-math-answer \">\n\n<p>Budapest Card giver dig gratis adgang til byens transportsystem og indeholder over 50 rabatter p\u00e5 museer, attraktioner, barer, restauranter, caf\u00e9er og termiske bade. Kortet sparer dig ikke kun penge, det giver dig ogs\u00e5 friheden til at se byen, som du \u00f8nsker, og nemt bes\u00f8ge alle de fantastiske attraktioner, Budapest har at byde p\u00e5. Det er dog kun dig, der kan afg\u00f8re, om Budapest Card er investeringen v\u00e6rd for din rejse.<\/p>\n\n<\/div>\n<\/div>\n<div id=\"faq-question-1745825055616\" class=\"rank-math-list-item\">\n<h3 class=\"rank-math-question \">Kan jeg springe k\u00f8en over med Budapest Card?<\/h3>\n<div class=\"rank-math-answer \">\n\n<p>Nej, Budapest Card giver dig desv\u00e6rre ikke mulighed for at springe k\u00f8en over. Du f\u00e5r gratis adgang eller rabatter, men du skal stadig st\u00e5 i k\u00f8 som alle andre.<\/p>\n\n<\/div>\n<\/div>\n<div id=\"faq-question-1745831504115\" class=\"rank-math-list-item\">\n<h3 class=\"rank-math-question \">Hvor l\u00e6nge er Budapest Card gyldigt?<\/h3>\n<div class=\"rank-math-answer \">\n\n<p>Du kan v\u00e6lge et kort, der er gyldigt i 24, 48, 72, 96 eller 120 timer efter din f\u00f8rste brug. Desuden er hvert Budapest Card en del af en \u00e5rlig s\u00e6son:<br \/><strong>2024\/2025-kort<\/strong>: Gyldigt fra 1. maj 2024 til 30. april 2025.<br \/><strong>2025\/2026-kort<\/strong>: Gyldigt fra 1. maj 2025 til 30. april 2026.<br \/>S\u00f8rg for, at kortets gyldighed passer til dine rejsedatoer!<\/p>\n\n<\/div>\n<\/div>\n<div id=\"faq-question-1745831746962\" class=\"rank-math-list-item\">\n<h3 class=\"rank-math-question \">Hvad sker der, hvis jeg mister mit Budapest Card?<\/h3>\n<div class=\"rank-math-answer \">\n\n<p>Hvis du mister dit kort, skal du ikke bekymre dig! S\u00e5 l\u00e6nge du har registreret det p\u00e5 hjemmesiden efter k\u00f8bet, kan du f\u00e5 et erstatningskort hos <a href=\"https:\/\/www.budapestcard.org\/da\/contact\/\" target=\"_blank\" data-type=\"link\" data-id=\"https:\/\/www.budapestcard.org\/da\/contact\/\" rel=\"noreferrer noopener\">Budapestinfo Tourist Information Office<\/a>.<\/p>\n\n<\/div>\n<\/div>\n<div id=\"faq-question-1724227544295\" class=\"rank-math-list-item\">\n<h3 class=\"rank-math-question \">Hvad er Ungarns digitale nomadevisum?<\/h3>\n<div class=\"rank-math-answer \">\n\n<p>Det <a href=\"https:\/\/www.budapestcard.org\/da\/hungary-digital-nomad-visa\/\" target=\"_blank\" rel=\"noreferrer noopener\">ungarske digitale nomadevisum<\/a>, ogs\u00e5 kendt som det hvide kort, er en et\u00e5rig opholdstilladelse, der giver fjernarbejdere mulighed for lovligt at bo og arbejde i Ungarn. Det kan fornyes \u00e9n gang, hvilket giver mulighed for et maksimalt ophold p\u00e5 to \u00e5r.<\/p>\n\n<\/div>\n<\/div>\n<\/div>\n<\/div>\n\n\n<p><\/p>\n","protected":false},"excerpt":{"rendered":"","protected":false},"author":1,"featured_media":0,"parent":0,"menu_order":5,"comment_status":"closed","ping_status":"closed","template":"","meta":{"_acf_changed":false,"footnotes":""},"post-style":[],"producer":[],"class_list":["post-29","page","type-page","status-publish"],"acf":[],"_links":{"self":[{"href":"https:\/\/www.budapestcard.org\/da\/wp-json\/wp\/v2\/pages\/29","targetHints":{"allow":["GET"]}}],"collection":[{"href":"https:\/\/www.budapestcard.org\/da\/wp-json\/wp\/v2\/pages"}],"about":[{"href":"https:\/\/www.budapestcard.org\/da\/wp-json\/wp\/v2\/types\/page"}],"author":[{"embeddable":true,"href":"https:\/\/www.budapestcard.org\/da\/wp-json\/wp\/v2\/users\/1"}],"replies":[{"embeddable":true,"href":"https:\/\/www.budapestcard.org\/da\/wp-json\/wp\/v2\/comments?post=29"}],"version-history":[{"count":3,"href":"https:\/\/www.budapestcard.org\/da\/wp-json\/wp\/v2\/pages\/29\/revisions"}],"predecessor-version":[{"id":983,"href":"https:\/\/www.budapestcard.org\/da\/wp-json\/wp\/v2\/pages\/29\/revisions\/983"}],"wp:attachment":[{"href":"https:\/\/www.budapestcard.org\/da\/wp-json\/wp\/v2\/media?parent=29"}],"wp:term":[{"taxonomy":"post-style","embeddable":true,"href":"https:\/\/www.budapestcard.org\/da\/wp-json\/wp\/v2\/post-style?post=29"},{"taxonomy":"producer","embeddable":true,"href":"https:\/\/www.budapestcard.org\/da\/wp-json\/wp\/v2\/producer?post=29"}],"curies":[{"name":"wp","href":"https:\/\/api.w.org\/{rel}","templated":true}]}}