{"id":60,"date":"2023-06-09T11:54:12","date_gmt":"2023-06-09T09:54:12","guid":{"rendered":"https:\/\/www.budapestcard.org\/da\/?page_id=60"},"modified":"2025-09-26T18:12:18","modified_gmt":"2025-09-26T16:12:18","slug":"hungary-digital-nomad-visa","status":"publish","type":"page","link":"https:\/\/www.budapestcard.org\/da\/hungary-digital-nomad-visa\/","title":{"rendered":"Ungarns digitale nomadevisum"},"content":{"rendered":"\n<p>Ungarn er hurtigt ved at blive et popul\u00e6rt rejsem\u00e5l for digitale nomader, der s\u00f8ger en levende kultur, rig historie og overkommelige leveomkostninger. Som svar p\u00e5 den voksende tendens til fjernarbejde har Ungarn indf\u00f8rt et digitalt nomadevisum, der giver fjernarbejdere mulighed for at bo og arbejde i landet, samtidig med at de overholder de lovm\u00e6ssige krav.<\/p>\n\n\n\n<figure><div class=\"ms-credits\">\n<img decoding=\"async\" class=\"gb-media-dac065ff\" src=\"https:\/\/www.budapestcard.org\/da\/wp-content\/uploads\/sites\/11\/visit-camp-nou-1745208234.jpg\" alt=\"Hungary Digital Nomad Visa\" title=\"Hungary-digital-nomad-visa\" \/>\n<span class='ms-credits__info' id='media875'><svg xmlns=\"http:\/\/www.w3.org\/2000\/svg\" width=\"20\" height=\"22\" fill=\"#000000\" viewBox=\"0 0 256 256\"><path d=\"M128,24A104,104,0,1,0,232,128,104.11,104.11,0,0,0,128,24Zm0,192a88,88,0,1,1,88-88A88.1,88.1,0,0,1,128,216ZM96,128a32,32,0,0,0,57.6,19.2,8,8,0,0,1,12.8,9.61,48,48,0,1,1,0-57.62,8,8,0,0,1-12.8,9.61A32,32,0,0,0,96,128Z\"><\/path><\/svg>stadtratte\/<a href=https:\/\/depositphotos.com\/photo\/man-suitcase-travels-hungary-230842712.html rel='nofollow' target='_blank'>Depositphotos<\/a><\/span><span class='ms-credits__btn' id='btn_media875' onclick='ms_credits_trigger(\"#media875\", this)'><svg xmlns=\"http:\/\/www.w3.org\/2000\/svg\" class=\"info_icon\" width=\"28\" height=\"28\" fill=\"#FFF\" viewBox=\"0 0 256 256\"><path d=\"M128,24A104,104,0,1,0,232,128,104.11,104.11,0,0,0,128,24Zm0,192a88,88,0,1,1,88-88A88.1,88.1,0,0,1,128,216Zm16-40a8,8,0,0,1-8,8,16,16,0,0,1-16-16V128a8,8,0,0,1,0-16,16,16,0,0,1,16,16v40A8,8,0,0,1,144,176ZM112,84a12,12,0,1,1,12,12A12,12,0,0,1,112,84Z\"><\/path><\/svg><svg xmlns=\"http:\/\/www.w3.org\/2000\/svg\" class=\"close_icon\" width=\"28\" height=\"28\" fill=\"#FFF\" viewBox=\"0 0 256 256\"><path d=\"M165.66,101.66,139.31,128l26.35,26.34a8,8,0,0,1-11.32,11.32L128,139.31l-26.34,26.35a8,8,0,0,1-11.32-11.32L116.69,128,90.34,101.66a8,8,0,0,1,11.32-11.32L128,116.69l26.34-26.35a8,8,0,0,1,11.32,11.32ZM232,128A104,104,0,1,1,128,24,104.11,104.11,0,0,1,232,128Zm-16,0a88,88,0,1,0-88,88A88.1,88.1,0,0,0,216,128Z\"><\/path><\/svg><\/span><\/div>\n\n\n<figcaption class=\"gb-text\">Ungarns digitale nomadevisum<\/figcaption>\n<\/figure>\n\n\n\n<h2 class=\"wp-block-heading\">Hvad er Ungarns digitale nomadevisum?<\/h2>\n\n\n\n<p>Det ungarske visum til digitale nomader, ogs\u00e5 kendt som det Hvide Kort, er en et\u00e5rig opholdstilladelse, der giver fjernarbejdere mulighed for lovligt at bo og arbejde i Ungarn. Det kan fornyes \u00e9n gang, hvilket giver mulighed for et maksimalt ophold p\u00e5 to \u00e5r.<\/p>\n\n\n\n<p>Dette visum er beregnet til personer, der kan bevise, at de har en stabil indkomst gennem fjernarbejde, freelancearbejde eller drift af deres egen onlinevirksomhed uden for Ungarn.<\/p>\n\n\n\n<h2 class=\"wp-block-heading\">Kvalifikationskrav og betingelser<\/h2>\n\n\n\n<p>For at v\u00e6re berettiget til det ungarske digitale nomadevisum skal ans\u00f8gere opfylde f\u00f8lgende krav:<\/p>\n\n\n\n<ul class=\"wp-block-list\">\n<li>V\u00e6re ikke-EU\/E\u00d8S-borger.<\/li>\n\n\n\n<li>Have et verificeret fjernarbejde eller eje en succesrig virksomhed uden for Ungarn.<\/li>\n\n\n\n<li>Udf\u00f8re arbejde p\u00e5 afstand ved hj\u00e6lp af avanceret digital teknologi.<\/li>\n\n\n\n<li>M\u00e5 ikke v\u00e6re ansat i lokal besk\u00e6ftigelse eller eje forretningsandele i Ungarn.<\/li>\n\n\n\n<li>Bevise en minimumsindkomst p\u00e5 3.000 \u20ac for de seneste seks m\u00e5neder.<\/li>\n\n\n\n<li>Freml\u00e6gge bevis for indkvartering i Ungarn.<\/li>\n\n\n\n<li>Have gyldig sygeforsikring.<\/li>\n\n\n\n<li>Have gyldigt pas.<\/li>\n<\/ul>\n\n\n\n<h2 class=\"wp-block-heading\">Ans\u00f8gningsprocessen<\/h2>\n\n\n\n<p>Applying for the Hungary Digital Nomad Visa is a two-step process:<\/p>\n\n\n\n<ol class=\"wp-block-list\">\n<li>N\u00e5r ans\u00f8gningen er godkendt, skal du rejse til Ungarn og ans\u00f8ge om det Hvide Kort inden for en m\u00e5ned efter din ankomst. Behandlingstiden for det Hvide Kort er ca. 21 dage.<\/li>\n\n\n\n<li>Ans\u00f8g om visummet p\u00e5 en ungarsk ambassade eller et ungarsk konsulat i dit hjemland. Denne proces kan tage omkring 30 dage.<\/li>\n<\/ol>\n\n\n\n<p>Du kan f\u00f8lge hele ans\u00f8gningsprocessen p\u00e5 <a href=\"http:\/\/www.hungaryvisa.org\" target=\"_blank\" rel=\"noreferrer noopener nofollow\">www.hungaryvisa.org<\/a><\/p>\n\n\n\n<h2 class=\"wp-block-heading\">Omkostninger<\/h2>\n\n\n\n<p>Gebyrerne for det ungarske digitale nomadevisum er som f\u00f8lger:<\/p>\n\n\n\n<ul class=\"wp-block-list\">\n<li>Visumans\u00f8gning: 110 \u20ac (for ans\u00f8gninger indsendt uden for Ungarn)<\/li>\n\n\n\n<li>Servicegebyr for personlig ans\u00f8gning: 39.000 HUF (inden for Ungarn)<\/li>\n\n\n\n<li>Servicegebyr for online ans\u00f8gning: 24.000 HUF (via Enter Hungary-platformen).<\/li>\n<\/ul>\n\n\n\n<h2 class=\"wp-block-heading\">Fordele ved det ungarske digitale nomadevisum<\/h2>\n\n\n\n<p>Det ungarske digitale nomadevisum tilbyder flere fordele for fjernarbejdere:<\/p>\n\n\n\n<p>Muligheden for at bo og arbejde i Ungarn i et \u00e5r med mulighed for at forl\u00e6nge med et \u00e5r, hvis man stadig er berettiget.<\/p>\n\n\n\n<p>Adgang til Ungarns overkommelige leveomkostninger, livlige kultur og maleriske landskaber.<\/p>\n\n\n\n<p>Muligheden for at rejse inden for Schengenomr\u00e5det uden behov for yderligere visum.<\/p>\n\n\n\n<h2 class=\"wp-block-heading\">At bo i Ungarn<\/h2>\n\n\n\n<p>Som digital nomade i Ungarn f\u00e5r du mulighed for at opleve forskellige aspekter af livet i landet. Her er nogle vigtige punkter, du b\u00f8r overveje:<\/p>\n\n\n\n<p><strong>Leveomkostninger:<\/strong><br>Ungarn tilbyder overkommelige leveomkostninger sammenlignet med mange vesteurop\u00e6iske lande. Husleje, forsyningsudgifter, dagligvarer og transport er generelt mere budgetvenlige, hvilket g\u00f8r det til et attraktivt valg for digitale nomader.<\/p>\n\n\n\n<p><strong>Bolig:<\/strong><br>Du finder en r\u00e6kke boligmuligheder, fra delelejligheder og private lejem\u00e5l til co-living-boliger og korttidsleje. Hovedstaden Budapest er et popul\u00e6rt valg, men mindre byer som Szeged, Debrecen og P\u00e9cs har ogs\u00e5 deres egen charme.<\/p>\n\n\n\n<p><strong>Internet og Coworking Spaces:<\/strong><br>Ungarn har en p\u00e5lidelig internetinfrastruktur med udbredt Wi-Fi-d\u00e6kning, selv p\u00e5 offentlige steder. Du finder et godt udvalg af coworking spaces i st\u00f8rre byer som Budapest, der er m\u00e5lrettet det digitale nomadesamfund.<\/p>\n\n\n\n<p><strong>Transport:<\/strong><br>Ungarn har et omfattende offentligt transportnetv\u00e6rk, herunder busser, sporvogne og tog. Budapest har ogs\u00e5 et metrosystem. Du kan nemt rejse rundt i landet eller udforske nabolandene med regionaltog eller busser.<\/p>\n\n\n\n<p><strong>Sundhedsv\u00e6sen:<\/strong><br>Ungarn har et offentligt sundhedsv\u00e6sen. Som digital nomade har du sandsynligvis brug for en privat sundhedsforsikring for at f\u00e5 adgang til l\u00e6gehj\u00e6lp. Private sundhedsfaciliteter, is\u00e6r i st\u00f8rre byer, tilbyder ofte behandling af h\u00f8j kvalitet.<\/p>\n\n\n\n<p><strong>Socialt liv og netv\u00e6rk:<\/strong><br>Ungarn tilbyder et livligt socialt liv med mange restauranter, barer og kulturelle begivenheder. Der er rigelige muligheder for at netv\u00e6rke gennem meetup-grupper, sprogudvekslingsarrangementer og digitale nomadesamfund.<\/p>\n","protected":false},"excerpt":{"rendered":"","protected":false},"author":1,"featured_media":875,"parent":0,"menu_order":6,"comment_status":"closed","ping_status":"closed","template":"","meta":{"_acf_changed":false,"footnotes":"","button_url":"https:\/\/www.tiqets.com\/da\/things-to-do-in-budapest-c68199\/tickets-for-budapest-card-free-entrance-to-szt-lukacs-thermal-bath-and-pool-p974576\/?partner=budapestcard","ms_product_id":"","ms_product_name":"","ms_price":"","ms_currency":"","ms_rating_value":"","ms_review_count":"","rank_math_title":"%title% %sep% %sitename%","rank_math_description":"Med det ungarske digitale nomadevisum kan du nyde lave leveomkostninger, en livlig kultur og historisk charme, mens du arbejder p\u00e5 afstand. Find ud af, hvordan du ans\u00f8ger."},"post-style":[],"producer":[],"class_list":["post-60","page","type-page","status-publish","has-post-thumbnail"],"acf":[],"product_schema":{"ms_product_id":"","ms_product_name":"","ms_price":"","ms_currency":"","ms_rating_value":"","ms_review_count":""},"_links":{"self":[{"href":"https:\/\/www.budapestcard.org\/da\/wp-json\/wp\/v2\/pages\/60","targetHints":{"allow":["GET"]}}],"collection":[{"href":"https:\/\/www.budapestcard.org\/da\/wp-json\/wp\/v2\/pages"}],"about":[{"href":"https:\/\/www.budapestcard.org\/da\/wp-json\/wp\/v2\/types\/page"}],"author":[{"embeddable":true,"href":"https:\/\/www.budapestcard.org\/da\/wp-json\/wp\/v2\/users\/1"}],"replies":[{"embeddable":true,"href":"https:\/\/www.budapestcard.org\/da\/wp-json\/wp\/v2\/comments?post=60"}],"version-history":[{"count":3,"href":"https:\/\/www.budapestcard.org\/da\/wp-json\/wp\/v2\/pages\/60\/revisions"}],"predecessor-version":[{"id":984,"href":"https:\/\/www.budapestcard.org\/da\/wp-json\/wp\/v2\/pages\/60\/revisions\/984"}],"wp:featuredmedia":[{"embeddable":true,"href":"https:\/\/www.budapestcard.org\/da\/wp-json\/wp\/v2\/media\/875"}],"wp:attachment":[{"href":"https:\/\/www.budapestcard.org\/da\/wp-json\/wp\/v2\/media?parent=60"}],"wp:term":[{"taxonomy":"post-style","embeddable":true,"href":"https:\/\/www.budapestcard.org\/da\/wp-json\/wp\/v2\/post-style?post=60"},{"taxonomy":"producer","embeddable":true,"href":"https:\/\/www.budapestcard.org\/da\/wp-json\/wp\/v2\/producer?post=60"}],"curies":[{"name":"wp","href":"https:\/\/api.w.org\/{rel}","templated":true}]}}