{"id":681,"date":"2024-10-22T13:11:57","date_gmt":"2024-10-22T11:11:57","guid":{"rendered":"https:\/\/www.budapestcard.org\/da\/?page_id=681"},"modified":"2025-10-27T18:34:36","modified_gmt":"2025-10-27T17:34:36","slug":"kontact","status":"publish","type":"page","link":"https:\/\/www.budapestcard.org\/da\/kontact\/","title":{"rendered":"Kontakt"},"content":{"rendered":"\n<h3 class=\"wp-block-heading\">Sp\u00f8rgsm\u00e5l om billetter<\/h3>\n\n\n\n<p>Hvis du har sp\u00f8rgsm\u00e5l om billetter eller din eksisterende reservation, bedes du kontakte vores billetpartner:<\/p>\n\n\n\n<ul class=\"wp-block-list\">\n<li>E-mail: <a href=\"mailto:info@ticketbar.eu\">info@ticketbar.eu<\/a><\/li>\n\n\n\n<li>Telefon: +44 2035142614<\/li>\n<\/ul>\n\n\n\n<hr class=\"wp-block-separator has-alpha-channel-opacity\" \/>\n\n\n\n<h3 class=\"wp-block-heading\">Turistinformation<\/h3>\n\n\n\n<h4 class=\"wp-block-heading\"><strong>Budapestinfo Turistinformationskontor<\/strong><\/h4>\n\n\n\n<p>Hvis du har sp\u00f8rgsm\u00e5l vedr\u00f8rende turisme i Budapest og Ungarn, f.eks. kort, guider og tips om sev\u00e6rdigheder og begivenheder:<\/p>\n\n\n\n<ul class=\"wp-block-list\">\n<li>Adresse: 1052 V\u00e1rosh\u00e1za park, hj\u00f8rnet af K\u00e1roly k\u00f6r\u00fat og B\u00e1rczy Istv\u00e1n Street (overfor De\u00e1k-pladsen, Metro 1, Metro 2, Metro 3 eller 100E busterminal, n\u00e5r du ankommer fra lufthavnen)<\/li>\n<\/ul>\n\n\n\n<h4 class=\"wp-block-heading\"><strong>Budapest Card informationshotline<\/strong><\/h4>\n\n\n\n<p>For detaljerede oplysninger om Budapest Card, rabatter og fordele:<\/p>\n\n\n\n<ul class=\"wp-block-list\">\n<li>Telefon: +36 30 955 0398 (tilg\u00e6ngelig fra kl. 9.00 til 19.00)<\/li>\n<\/ul>\n\n\n\n<hr class=\"wp-block-separator has-alpha-channel-opacity\" \/>\n\n\n\n<h3 class=\"wp-block-heading\">Webstedsupport<\/h3>\n\n\n\n<p>For sp\u00f8rgsm\u00e5l vedr\u00f8rende dette websted, bedes du kontakte os direkte:<\/p>\n\n\n\n<ul class=\"wp-block-list\">\n<li>E-mail: info@moonshot.media<\/li>\n<\/ul>\n","protected":false},"excerpt":{"rendered":"","protected":false},"author":3,"featured_media":0,"parent":0,"menu_order":2,"comment_status":"closed","ping_status":"closed","template":"","meta":{"_acf_changed":false,"footnotes":"","button_url":"https:\/\/www.tiqets.com\/da\/things-to-do-in-budapest-c68199\/tickets-for-budapest-card-free-entrance-to-szt-lukacs-thermal-bath-and-pool-p974576\/?partner=budapestcard","ms_product_id":"","ms_product_name":"","ms_price":"","ms_currency":"","ms_rating_value":"","ms_review_count":"","rank_math_title":"%title% %sep% %sitename%","rank_math_description":"Brug for hj\u00e6lp til dit Budapest Card? Kontakt vores billetpartner for at f\u00e5 hj\u00e6lp til sp\u00f8rgsm\u00e5l vedr\u00f8rende billetter eller bookinger."},"post-style":[],"producer":[],"class_list":["post-681","page","type-page","status-publish","has-post-thumbnail"],"acf":[],"product_schema":{"ms_product_id":"","ms_product_name":"","ms_price":"","ms_currency":"","ms_rating_value":"","ms_review_count":""},"_links":{"self":[{"href":"https:\/\/www.budapestcard.org\/da\/wp-json\/wp\/v2\/pages\/681","targetHints":{"allow":["GET"]}}],"collection":[{"href":"https:\/\/www.budapestcard.org\/da\/wp-json\/wp\/v2\/pages"}],"about":[{"href":"https:\/\/www.budapestcard.org\/da\/wp-json\/wp\/v2\/types\/page"}],"author":[{"embeddable":true,"href":"https:\/\/www.budapestcard.org\/da\/wp-json\/wp\/v2\/users\/3"}],"replies":[{"embeddable":true,"href":"https:\/\/www.budapestcard.org\/da\/wp-json\/wp\/v2\/comments?post=681"}],"version-history":[{"count":3,"href":"https:\/\/www.budapestcard.org\/da\/wp-json\/wp\/v2\/pages\/681\/revisions"}],"predecessor-version":[{"id":987,"href":"https:\/\/www.budapestcard.org\/da\/wp-json\/wp\/v2\/pages\/681\/revisions\/987"}],"wp:attachment":[{"href":"https:\/\/www.budapestcard.org\/da\/wp-json\/wp\/v2\/media?parent=681"}],"wp:term":[{"taxonomy":"post-style","embeddable":true,"href":"https:\/\/www.budapestcard.org\/da\/wp-json\/wp\/v2\/post-style?post=681"},{"taxonomy":"producer","embeddable":true,"href":"https:\/\/www.budapestcard.org\/da\/wp-json\/wp\/v2\/producer?post=681"}],"curies":[{"name":"wp","href":"https:\/\/api.w.org\/{rel}","templated":true}]}}