{"id":896,"date":"2025-04-23T09:37:41","date_gmt":"2025-04-23T07:37:41","guid":{"rendered":"https:\/\/www.budapestcard.org\/da\/?page_id=896"},"modified":"2025-09-29T22:24:58","modified_gmt":"2025-09-29T20:24:58","slug":"budapest-pass","status":"publish","type":"page","link":"https:\/\/www.budapestcard.org\/da\/budapest-pass\/","title":{"rendered":"Budapest Pass"},"content":{"rendered":"\n<p>Budapest Pass er mere end bare en billet \u2013 det er din VIP-adgang til byens sj\u00e6l.<\/p>\n\n\n\n<div class=\"ms-cta-button ms-p ms-cta\">\n<a class=\"gb-text ms-btn ms-btn--primary ms-shadow\" href=\"https:\/\/www.tiqets.com\/da\/checkout\/tickets-for-budapest-pass-p1013746\/booking_details\/?partner=budapestcard\" rel=\"nofollow noopener\">Tjek tilg\u00e6ngelighed<\/a>\n<\/div>\n\n\n\n<h2 class=\"wp-block-heading\">Fordele<\/h2>\n\n\n\n<ul class=\"ms-icon-list\">\n<li class=\"ms-icon-list__item\"><span class=\"gb-shape\"><svg viewBox=\"0 0 256 256\" fill=\"#000000\" height=\"32\" width=\"32\" xmlns=\"http:\/\/www.w3.org\/2000\/svg\"><path d=\"M232.49,80.49l-128,128a12,12,0,0,1-17,0l-56-56a12,12,0,1,1,17-17L96,183,215.51,63.51a12,12,0,0,1,17,17Z\"><\/path><\/svg><\/span><span class=\"gb-text\">10 % rabat p\u00e5 andre attraktioner i Budapest.<\/span><\/li>\n\n\n\n<li class=\"ms-icon-list__item\"><span class=\"gb-shape\"><svg viewBox=\"0 0 256 256\" fill=\"#000000\" height=\"32\" width=\"32\" xmlns=\"http:\/\/www.w3.org\/2000\/svg\"><path d=\"M232.49,80.49l-128,128a12,12,0,0,1-17,0l-56-56a12,12,0,1,1,17-17L96,183,215.51,63.51a12,12,0,0,1,17,17Z\"><\/path><\/svg><\/span><span class=\"gb-text\">Ingen overraskende gebyrer.<\/span><\/li>\n\n\n\n<li class=\"ms-icon-list__item\"><span class=\"gb-shape\"><svg viewBox=\"0 0 256 256\" fill=\"#000000\" height=\"32\" width=\"32\" xmlns=\"http:\/\/www.w3.org\/2000\/svg\"><path d=\"M232.49,80.49l-128,128a12,12,0,0,1-17,0l-56-56a12,12,0,1,1,17-17L96,183,215.51,63.51a12,12,0,0,1,17,17Z\"><\/path><\/svg><\/span><span class=\"gb-text\">V\u00e6lg det tidspunkt, der passer dig bedst for hvert sted, n\u00e5r du booker.<\/span><\/li>\n<\/ul>\n\n\n\n<figure>\n<img decoding=\"async\" width=\"1920\" height=\"1080\" class=\"gb-media-4f95c955\" src=\"https:\/\/www.budapestcard.org\/wp-content\/uploads\/budapest-pass-1745508262.jpg\" alt=\"Budapest Digital Pass\" title=\"budapest-pass\" srcset=\"https:\/\/www.budapestcard.org\/da\/wp-content\/uploads\/sites\/11\/budapest-pass-1745508262.jpg 1920w, https:\/\/www.budapestcard.org\/da\/wp-content\/uploads\/sites\/11\/budapest-pass-1745508262-768x432.jpg 768w, https:\/\/www.budapestcard.org\/da\/wp-content\/uploads\/sites\/11\/budapest-pass-1745508262-1024x576.jpg 1024w, https:\/\/www.budapestcard.org\/da\/wp-content\/uploads\/sites\/11\/budapest-pass-1745508262-1280x720.jpg 1280w, https:\/\/www.budapestcard.org\/da\/wp-content\/uploads\/sites\/11\/budapest-pass-1745508262-1600x900.jpg 1600w\" sizes=\"(max-width: 1920px) 100vw, 1920px\" \/>\n<\/figure>\n\n\n\n<div class=\"ms-alert--primary ms-p ms-rounded ms-mb-last-child-0 ms-mb-children-condensed ms-mb-block\">\n<h3 class=\"wp-block-heading has-ms-color-primary-darker-color has-text-color has-link-color wp-elements-382f1410d991874f2a125423be0f2c99\">S\u00e5dan booker du<\/h3>\n\n\n\n<div class=\"gb-element-f4eb9e37\">\n<div>\n<p class=\"gb-text-91d99ec7 ms-link-unstyled\"><span class=\"gb-shape\"><svg viewBox=\"0 0 256 256\" fill=\"#000000\" height=\"32\" width=\"32\" xmlns=\"http:\/\/www.w3.org\/2000\/svg\"><path d=\"M246.15,133.18,146.83,33.86A19.85,19.85,0,0,0,132.69,28H40A12,12,0,0,0,28,40v92.69a19.85,19.85,0,0,0,5.86,14.14l99.32,99.32a20,20,0,0,0,28.28,0l84.69-84.69A20,20,0,0,0,246.15,133.18Zm-98.83,93.17L52,131V52h79l95.32,95.32ZM100,84A16,16,0,1,1,84,68,16,16,0,0,1,100,84Z\"><\/path><\/svg><\/span><span class=\"gb-text\"><strong>V\u00e6lg dit pas<\/strong><\/span><\/p>\n\n\n\n<p class=\"has-ms-color-primary-darker-color has-text-color has-link-color wp-elements-f1489ed50113c67c01e0ff9fcba9e4b6\">V\u00e6lg antallet af deltagere og startdatoen for dit pas.<\/p>\n<\/div>\n\n\n\n<div>\n<p class=\"gb-text-71a39911 ms-link-unstyled\"><span class=\"gb-shape\"><svg viewBox=\"0 0 256 256\" fill=\"#000000\" height=\"32\" width=\"32\" xmlns=\"http:\/\/www.w3.org\/2000\/svg\"><path d=\"M128,20A108,108,0,1,0,236,128,108.12,108.12,0,0,0,128,20Zm0,192a84,84,0,1,1,84-84A84.09,84.09,0,0,1,128,212Zm68-84a12,12,0,0,1-12,12H128a12,12,0,0,1-12-12V72a12,12,0,0,1,24,0v44h44A12,12,0,0,1,196,128Z\"><\/path><\/svg><\/span><span class=\"gb-text\"><strong>Reserver dine billetter<\/strong><\/span><\/p>\n\n\n\n<p class=\"has-ms-color-primary-darker-color has-text-color has-link-color wp-elements-f640a888bbcb63be4f5e7b980bd32b55\">V\u00e6lg en dato og et tidspunkt for de inkluderede attraktioner og aktiviteter.<\/p>\n<\/div>\n<\/div>\n\n\n\n<div class=\"gb-element-b221a285\">\n<div>\n<p class=\"gb-text-a8e13d94 ms-link-unstyled\"><span class=\"gb-shape\"><svg viewBox=\"0 0 256 256\" fill=\"#000000\" height=\"32\" width=\"32\" xmlns=\"http:\/\/www.w3.org\/2000\/svg\"><path d=\"M224,44H32A20,20,0,0,0,12,64V192a20,20,0,0,0,20,20H224a20,20,0,0,0,20-20V64A20,20,0,0,0,224,44Zm-4,24V88H36V68ZM36,188V112H220v76Zm172-24a12,12,0,0,1-12,12H164a12,12,0,0,1,0-24h32A12,12,0,0,1,208,164Zm-68,0a12,12,0,0,1-12,12H116a12,12,0,0,1,0-24h12A12,12,0,0,1,140,164Z\"><\/path><\/svg><\/span><span class=\"gb-text\"><strong>Bekr\u00e6ft og betal<\/strong><\/span><\/p>\n\n\n\n<p class=\"has-ms-color-primary-darker-color has-text-color has-link-color wp-elements-431629ca9b12f0a21f63a1633d5bb571\">Indtast dine oplysninger og gennemf\u00f8r den sikre betaling.<\/p>\n<\/div>\n\n\n\n<div>\n<p class=\"gb-text-26106146 ms-link-unstyled\"><span class=\"gb-shape\"><svg viewBox=\"0 0 256 256\" fill=\"#000000\" height=\"32\" width=\"32\" xmlns=\"http:\/\/www.w3.org\/2000\/svg\"><path d=\"M176.49,95.51a12,12,0,0,1,0,17l-56,56a12,12,0,0,1-17,0l-24-24a12,12,0,1,1,17-17L112,143l47.51-47.52A12,12,0,0,1,176.49,95.51ZM236,128A108,108,0,1,1,128,20,108.12,108.12,0,0,1,236,128Zm-24,0a84,84,0,1,0-84,84A84.09,84.09,0,0,0,212,128Z\"><\/path><\/svg><\/span><span class=\"gb-text\"><strong>F\u00e5 dine billetter<\/strong><\/span><\/p>\n\n\n\n<p class=\"has-ms-color-primary-darker-color has-text-color has-link-color wp-elements-eeb3d04b296c1d59334a0f3fe2729dec\">Modtag dine digitale billetter med det samme via e-mail.<\/p>\n<\/div>\n<\/div>\n<\/div>\n\n\n\n<h2 class=\"wp-block-heading\">S\u00e5dan fungerer det<\/h2>\n\n\n\n<ol class=\"wp-block-list\">\n<li><strong>Aktiv\u00e9r dit pas<\/strong>: Dit Budapest Pass aktiveres automatisk p\u00e5 den dato, du v\u00e6lger under bookingen.<\/li>\n\n\n\n<li><strong>Indl\u00f8s din billet<\/strong>: Vis den digitale billet (sendt til din e-mail) ved indgangen til hver inkluderet aktivitet (Donau-krydstogt, Sz\u00e9chenyi-termalbad).<\/li>\n\n\n\n<li><strong>Ingen udskrivning kr\u00e6vet<\/strong>: Brug blot den mobile billet p\u00e5 din smartphone.<\/li>\n<\/ol>\n\n\n\n<div class=\"ms-p ms-rounded ms-mb-last-child-0 ms-mb-children-condensed ms-alert--contrast ms-mb-block\">\n<h4 class=\"gb-text-26a71c5b\"><span class=\"gb-shape\"><svg viewBox=\"0 0 256 256\" fill=\"#000000\" height=\"32\" width=\"32\" xmlns=\"http:\/\/www.w3.org\/2000\/svg\"><path d=\"M108,84a16,16,0,1,1,16,16A16,16,0,0,1,108,84Zm128,44A108,108,0,1,1,128,20,108.12,108.12,0,0,1,236,128Zm-24,0a84,84,0,1,0-84,84A84.09,84.09,0,0,0,212,128Zm-72,36.68V132a20,20,0,0,0-20-20,12,12,0,0,0-4,23.32V168a20,20,0,0,0,20,20,12,12,0,0,0,4-23.32Z\"><\/path><\/svg><\/span><span class=\"gb-text\">S\u00e6rtilbud:<\/span><\/h4>\n\n\n\n<p class=\"gb-text\">N\u00e5r du har booket, modtager du en personlig <strong>10 % rabatkode<\/strong> via e-mail, der er gyldig i en m\u00e5ned p\u00e5 dine n\u00e6ste 5 attraktioner i Budapest.<\/p>\n\n\n\n<p class=\"gb-text\">For mere information <a href=\"https:\/\/www.tiqets.com\/en\/things-to-do-in-budapest-c68199\/budapest-pass-p1013746\/?partner=budapestcard\" data-type=\"link\" data-id=\"https:\/\/www.tiqets.com\/en\/things-to-do-in-budapest-c68199\/budapest-pass-p1013746\/?partner=budapestcard\" rel=\"nofollow noopener\"><\/a><a href=\"https:\/\/www.tiqets.com\/da\/things-to-do-in-budapest-c68199\/budapest-pass-p1013746\/?partner=budapestcard\" rel=\"nofollow noopener\"><strong>klik her<\/strong><\/a> \u00bb<\/p>\n<\/div>\n\n\n\n<h2 class=\"wp-block-heading\">Hvad er inkluderet?<\/h2>\n\n\n\n<h3 class=\"wp-block-heading\">Sz\u00e9chenyi-termalbad<\/h3>\n\n\n\n<ul class=\"wp-block-list\">\n<li>Heldagsadgang til Sz\u00e9chenyi Spa, et af Europas st\u00f8rste termiske spabade<\/li>\n\n\n\n<li>Udforsk 3 udend\u00f8rs og 15 indend\u00f8rs pools<\/li>\n\n\n\n<li>Inkluderer en p\u00e1linka-smagning (eller en alkoholfri drink, hvis du foretr\u00e6kker det) og skab eller kabine (afh\u00e6ngigt af din billet)<\/li>\n<\/ul>\n\n\n\n<h3 class=\"wp-block-heading\"><strong>Donau-flodkrydstogt (med en drink)<\/strong><\/h3>\n\n\n\n<ul class=\"wp-block-list\">\n<li>Slap af p\u00e5 floden, og nyd den bedste udsigt over Budapest<\/li>\n\n\n\n<li>Se ber\u00f8mte sev\u00e6rdigheder som Parlamentet og K\u00e6debroen fra vandet<\/li>\n\n\n\n<li>Inkluderer en velkomstdrink, som du kan nyde under krydstogtet<\/li>\n<\/ul>\n\n\n\n<h3 class=\"wp-block-heading\">Audioguide-app fra POPGuide<\/h3>\n\n\n\n<ul class=\"wp-block-list\">\n<li>Ubegr\u00e6nset rejse med busser, sporvogne og metrolinjer<\/li>\n\n\n\n<li>Super praktisk for at n\u00e5 attraktioner spredt over Buda og Pest<\/li>\n\n\n\n<li>Ingen grund til at k\u00f8be separate rejsekort eller billetter<\/li>\n<\/ul>\n\n\n\n<h2 class=\"wp-block-heading\">Budapest Pass vs. Budapest Card: Hvad er forskellen?<\/h2>\n\n\n<div class=\"ms-table frozenColumn\"><table><tr><th><\/th><th><a href=\"https:\/\/www.tiqets.com\/da\/things-to-do-in-budapest-c68199\/budapest-pass-p1013746\/?partner=budapestcard\" rel=\"nofollow noopener\" target=\"_blank\">Budapest Pass<\/a><\/th><th><a href=\"https:\/\/www.tiqets.com\/da\/things-to-do-in-budapest-c68199\/tickets-for-budapest-card-free-entrance-to-szt-lukacs-thermal-bath-and-pool-p974576\/?partner=budapestcard\" rel=\"nofollow noopener\" target=\"_blank\">Budapest Card<\/a><\/th><\/tr><tr><td>Hovedfokus<\/td><td>Udvalgte must-see sev\u00e6rdigheder med guidede oplevelser<\/td><td>Gratis eller rabat p\u00e5 adgang til mange museer og bade<\/td><\/tr><tr><td>Hvad der er inkluderet<\/td><td>Sz\u00e9chenyi Termalbad, Donau-krydstogter i Budapest<\/td><td>Skt. Stefans Basilika, Luk\u00e1cs Termalbad, 30+ museer &#038; attraktioner<\/td><\/tr><tr><td>Lydguide-app<\/td><td>\u2713<\/td><td> <\/td><\/tr><tr><td>Gratis offentlig transport<\/td><td><\/td><td>\u2713<\/td><\/tr><tr><td>Ekstra rabatter<\/td><td>10 % rabat p\u00e5 andre sev\u00e6rdigheder i Budapest<\/td><td>Rabatter p\u00e5 udvalgte restauranter, museer og spaer. <a href=\"https:\/\/www.budapestcard.org\/da\/discounts\/\" rel=\"nofollow\" target=\"_blank\">Tjek her \u00bb<\/a><\/td><\/tr><tr><td>Ansl\u00e5et besparelse<\/td><td>Spar op til 10 % i forhold til at booke hver aktivitet separat<\/td><td>Spar 10\u201350 % p\u00e5 restauranter, sev\u00e6rdigheder, ture, bade og mere<\/td><\/tr><\/table><\/div>\n\n\n<h3 class=\"wp-block-heading\">K\u00f8b Budapest Pass, hvis du:<\/h3>\n\n\n\n<ul class=\"wp-block-list\">\n<li>\u00d8nsker en mere guidende oplevelse med sev\u00e6rdigheder, der allerede er udvalgt for dig<\/li>\n\n\n\n<li>Foretr\u00e6kker store attraktioner som Sz\u00e9chenyi Spa og et Donau-krydstogt<\/li>\n\n\n\n<li>Ikke \u00f8nsker at unders\u00f8ge alt; passet planl\u00e6gger for dig<\/li>\n<\/ul>\n\n\n\n<p><a href=\"https:\/\/www.tiqets.com\/da\/things-to-do-in-budapest-c68199\/budapest-pass-p1013746\/?partner=budapestcard\" rel=\"nofollow noopener\"><strong>Tjek tilg\u00e6ngelighed \u00bb<\/strong><\/a><\/p>\n\n\n\n<h3 class=\"wp-block-heading\">K\u00f8b Budapest Card, hvis du:<\/h3>\n\n\n\n<ul class=\"wp-block-list\">\n<li>Elsker at bes\u00f8ge mange museer og historiske steder (is\u00e6r hvis du allerede ved, hvad du vil se)<\/li>\n\n\n\n<li>\u00d8nsker at udforske i dit eget tempo og v\u00e6lge fra en bredere liste af mindre attraktioner<\/li>\n\n\n\n<li>Har et strammere budget og \u00f8nsker mere fleksibilitet<\/li>\n<\/ul>\n\n\n\n<p><a href=\"https:\/\/www.tiqets.com\/da\/things-to-do-in-budapest-c68199\/tickets-for-budapest-card-free-entrance-to-szt-lukacs-thermal-bath-and-pool-p974576\/?partner=budapestcard\" rel=\"nofollow noopener\"><strong>Tjek tilg\u00e6ngelighed \u00bb<\/strong><\/a><\/p>\n\n\n\n<h2 class=\"wp-block-heading\">Ofte stillede sp\u00f8rgsm\u00e5l<\/h2>\n\n\n\n<div class=\"ms-accordion ms-mb-block\">\n<div class=\"ms-accordion__item\">\n<div class=\"ms-accordion__header\">\n<h3 class=\"gb-text\">Kan jeg v\u00e6lge sproget p\u00e5 de guidede ture?<\/h3>\n<\/div>\n\n\n\n<div class=\"ms-accordion__body\">\n<p class=\"gb-text\">De fleste guidede ture (bytur, det ungarske parlament, P\u00e1linka-museet) tilbydes p\u00e5 engelsk, men nogle kan v\u00e6re tilg\u00e6ngelige p\u00e5 andre sprog. Tjek tilg\u00e6ngeligheden, n\u00e5r du booker.<\/p>\n<\/div>\n<\/div>\n\n\n\n<div class=\"ms-accordion__item\">\n<div class=\"ms-accordion__header\">\n<h3 class=\"gb-text\">Hvordan indl\u00f8ser eller henter jeg passet?<\/h3>\n<\/div>\n\n\n\n<div class=\"ms-accordion__body\">\n<p class=\"gb-text\">Du modtager digitale billetter via e-mail, n\u00e5r du k\u00f8ber.<\/p>\n<\/div>\n<\/div>\n\n\n\n<div class=\"ms-accordion__item\">\n<div class=\"ms-accordion__header\">\n<h3 class=\"gb-text\">Kan jeg dele passet med en anden?<\/h3>\n<\/div>\n\n\n\n<div class=\"ms-accordion__body\">\n<p class=\"gb-text\">Nej. Budapest Pass er personligt og kan ikke overdrages. Du skal vise din egen billet (og i nogle tilf\u00e6lde ID) ved hver attraktion.<\/p>\n<\/div>\n<\/div>\n\n\n\n<div class=\"ms-accordion__item\">\n<div class=\"ms-accordion__header\">\n<h3 class=\"gb-text\">Hvordan fungerer 10 % rabatkoden?<\/h3>\n<\/div>\n\n\n\n<div class=\"ms-accordion__body\">\n<p class=\"gb-text\">Du modtager en personlig kode via e-mail efter bookingen. Du kan bruge den op til fem gange til yderligere attraktioner eller oplevelser i Budapest via Tiqets. Koden er gyldig i en begr\u00e6nset periode, s\u00e5 tjek udl\u00f8bsdatoen.<\/p>\n<\/div>\n<\/div>\n<\/div>\n","protected":false},"excerpt":{"rendered":"","protected":false},"author":4,"featured_media":908,"parent":0,"menu_order":1,"comment_status":"closed","ping_status":"closed","template":"","meta":{"_acf_changed":false,"footnotes":""},"post-style":[],"producer":[],"class_list":["post-896","page","type-page","status-publish","has-post-thumbnail"],"acf":[],"_links":{"self":[{"href":"https:\/\/www.budapestcard.org\/da\/wp-json\/wp\/v2\/pages\/896","targetHints":{"allow":["GET"]}}],"collection":[{"href":"https:\/\/www.budapestcard.org\/da\/wp-json\/wp\/v2\/pages"}],"about":[{"href":"https:\/\/www.budapestcard.org\/da\/wp-json\/wp\/v2\/types\/page"}],"author":[{"embeddable":true,"href":"https:\/\/www.budapestcard.org\/da\/wp-json\/wp\/v2\/users\/4"}],"replies":[{"embeddable":true,"href":"https:\/\/www.budapestcard.org\/da\/wp-json\/wp\/v2\/comments?post=896"}],"version-history":[{"count":3,"href":"https:\/\/www.budapestcard.org\/da\/wp-json\/wp\/v2\/pages\/896\/revisions"}],"predecessor-version":[{"id":990,"href":"https:\/\/www.budapestcard.org\/da\/wp-json\/wp\/v2\/pages\/896\/revisions\/990"}],"wp:featuredmedia":[{"embeddable":true,"href":"https:\/\/www.budapestcard.org\/da\/wp-json\/wp\/v2\/media\/908"}],"wp:attachment":[{"href":"https:\/\/www.budapestcard.org\/da\/wp-json\/wp\/v2\/media?parent=896"}],"wp:term":[{"taxonomy":"post-style","embeddable":true,"href":"https:\/\/www.budapestcard.org\/da\/wp-json\/wp\/v2\/post-style?post=896"},{"taxonomy":"producer","embeddable":true,"href":"https:\/\/www.budapestcard.org\/da\/wp-json\/wp\/v2\/producer?post=896"}],"curies":[{"name":"wp","href":"https:\/\/api.w.org\/{rel}","templated":true}]}}