{"id":27,"date":"2016-10-21T17:31:30","date_gmt":"2016-10-21T15:31:30","guid":{"rendered":"https:\/\/www.budapestcard.org\/?page_id=27"},"modified":"2026-04-13T06:11:33","modified_gmt":"2026-04-13T04:11:33","slug":"preise","status":"publish","type":"page","link":"https:\/\/www.budapestcard.org\/de\/preise\/","title":{"rendered":"Budapest Card Preise"},"content":{"rendered":"\n<p>Die Budapest Card ist eines der besten Hilfsmittel, um all die erstaunlichen Dinge, die Budapest zu bieten hat, wirklich zu entdecken. Aber welche Kartenoption ist die beste f\u00fcr dich?<\/p>\n\n\n\n<p>Es gibt f\u00fcnf verschiedene Laufzeiten der Budapest Card: <strong>24<\/strong>, <strong>48<\/strong>, <strong>72<\/strong>, <strong>96<\/strong> und <strong>120<\/strong> Stunden. Jede Karte ist ab der ersten Nutzung f\u00fcr den auf der Karte angegebenen Zeitraum g\u00fcltig. Die Karte wird erst aktiviert, wenn du sie benutzt \u2013 also kannst du sie ganz bequem schon vor deiner Reise kaufen. Sie ist bis zum Ende der aktuellen Kartensaison, also bis zum 30. April 2026, g\u00fcltig. Kauf sie fr\u00fchzeitig und spar dabei!<\/p>\n\n\n\n<h3 class=\"wp-block-heading\">Preistabelle<\/h3>\n\n\n<div class=\"ms-table frozenColumn\"><table><tr><th>Erwachsene<\/th><th>Normalpreis<\/th><\/tr><tr><td>24 Stunden<\/td><td>\u20ac55,00 (\u20ac55,00 pro Tag)<\/td><\/tr><tr><td>48 Stunden<\/td><td>\u20ac71,50 (\u20ac35,75 pro Tag)<\/td><\/tr><tr><td>72 Stunden<\/td><td>\u20ac91,30 (\u20ac30,43 pro Tag)<\/td><\/tr><tr><td>96 Stunden<\/td><td>\u20ac114,40 (\u20ac28,60 pro Tag)<\/td><\/tr><tr><td>120 Stunden<\/td><td>\u20ac127,60 (\u20ac25,52 pro Tag)<\/td><\/tr><\/table><\/div>\n\n\n<p><strong>Hinweis:<\/strong> Jede Karte gilt f\u00fcr einen Erwachsenen und ein mitreisendes Kind bis zu sechs Jahren.<\/p>\n\n\n\n<p>Um festzustellen, ob sich die Budapest Card lohnt, stelle dir diese drei Fragen:<\/p>\n\n\n\n<ol class=\"wp-block-list\">\n<li>Wie lange bleibe ich in Budapest?<\/li>\n\n\n\n<li>Wie viele tolle Dinge m\u00f6chte ich mir ansehen, w\u00e4hrend ich dort bin?<\/li>\n\n\n\n<li>Wie viel Geld m\u00f6chte ich sparen?<\/li>\n<\/ol>\n\n\n\n<p>Bist du nur f\u00fcr einen Tag in Budapest, um bei Moln\u00e1r&#8217;s K\u00fcrt\u0151skal\u00e1cs einige der ber\u00fchmten traditionellen ungarischen Baumkuchen zu probieren oder im Luk\u00e1cs Thermalbad und Schwimmbad zu baden? Wenn das der Fall ist, dann ist die Investition in eine 24-Stunden-Karte vielleicht die beste Option. Wenn du l\u00e4nger bleibst oder mehr als nur eine s\u00fc\u00dfe Leckerei und ein entspannendes Bad genie\u00dfen m\u00f6chtest, solltest du die 48-, 72-, 96- oder 120-Stunden-Karten in Betracht ziehen.<\/p>\n\n\n<div class=\"gb-container gb-container-7d45ff9c ms-alert--primary ms-p ms-rounded ms-mb-last-child-0 ms-mb-children-condensed ms-mb-block\">\n\n<p>Die Karten mit l\u00e4ngerer Laufzeit bieten ein hervorragendes Preis-Leistungs-Verh\u00e4ltnis, insbesondere die 120-Stunden-Karte, die nur \u20ac25,52 pro Tag kostet.<\/p>\n\n<\/div>\n\n\n<p>Die Budapest Card ist der Schl\u00fcssel zur Stadt, oder zumindest so nah wie m\u00f6glich dran. Dutzende Bars, Restaurants, Spas, Museen und andere Orte bieten enorme Rabatte auf Eintritte, Dienstleistungen oder Eink\u00e4ufe. Du kannst die \u00f6ffentlichen Verkehrsmittel der Stadt kostenlos nutzen, die Sehensw\u00fcrdigkeiten bei kostenlosen Stadtf\u00fchrungen und Flusskreuzfahrten besichtigen oder das Luk\u00e1cs Thermalbad kostenlos besuchen. Die M\u00f6glichkeiten sind endlos.<\/p>\n\n\n\n<p>Auf unserer Seite \u201e<a href=\"https:\/\/www.budapestcard.org\/de\/ermaessigungen\/\" data-type=\"page\" data-id=\"8\">Erm\u00e4\u00dfigungen<\/a>\u201c findest du weitere Informationen zu den fantastischen Einsparungen, die mit der Budapest Card m\u00f6glich sind.<\/p>\n\n\n\n<p><\/p>\n","protected":false},"excerpt":{"rendered":"","protected":false},"author":2,"featured_media":0,"parent":0,"menu_order":4,"comment_status":"closed","ping_status":"closed","template":"","meta":{"_acf_changed":false,"footnotes":"","button_url":"https:\/\/www.tiqets.com\/de\/things-to-do-in-budapest-c68199\/tickets-for-budapest-card-free-entrance-to-szt-lukacs-thermal-bath-and-pool-p974576\/?partner=budapestcard","ms_product_id":"","ms_product_name":"","ms_price":"","ms_currency":"","ms_rating_value":"","ms_review_count":"","rank_math_title":"Budapest Card Preise in %currentyear%","rank_math_description":"Entdecken Sie Budapest %currentyear% mit der besten Budapest Card. W\u00e4hlen Sie zwischen 24, 48, 72, 96 oder 120 Stunden. Erfahren Sie den Budapest Card Preis."},"post-style":[],"producer":[],"class_list":["post-27","page","type-page","status-publish","has-post-thumbnail"],"acf":[],"product_schema":{"ms_product_id":"","ms_product_name":"","ms_price":"","ms_currency":"","ms_rating_value":"","ms_review_count":""},"_links":{"self":[{"href":"https:\/\/www.budapestcard.org\/de\/wp-json\/wp\/v2\/pages\/27","targetHints":{"allow":["GET"]}}],"collection":[{"href":"https:\/\/www.budapestcard.org\/de\/wp-json\/wp\/v2\/pages"}],"about":[{"href":"https:\/\/www.budapestcard.org\/de\/wp-json\/wp\/v2\/types\/page"}],"author":[{"embeddable":true,"href":"https:\/\/www.budapestcard.org\/de\/wp-json\/wp\/v2\/users\/2"}],"replies":[{"embeddable":true,"href":"https:\/\/www.budapestcard.org\/de\/wp-json\/wp\/v2\/comments?post=27"}],"version-history":[{"count":3,"href":"https:\/\/www.budapestcard.org\/de\/wp-json\/wp\/v2\/pages\/27\/revisions"}],"predecessor-version":[{"id":964,"href":"https:\/\/www.budapestcard.org\/de\/wp-json\/wp\/v2\/pages\/27\/revisions\/964"}],"wp:attachment":[{"href":"https:\/\/www.budapestcard.org\/de\/wp-json\/wp\/v2\/media?parent=27"}],"wp:term":[{"taxonomy":"post-style","embeddable":true,"href":"https:\/\/www.budapestcard.org\/de\/wp-json\/wp\/v2\/post-style?post=27"},{"taxonomy":"producer","embeddable":true,"href":"https:\/\/www.budapestcard.org\/de\/wp-json\/wp\/v2\/producer?post=27"}],"curies":[{"name":"wp","href":"https:\/\/api.w.org\/{rel}","templated":true}]}}