{"id":29,"date":"2016-10-21T17:36:59","date_gmt":"2016-10-21T15:36:59","guid":{"rendered":"https:\/\/www.budapestcard.org\/?page_id=29"},"modified":"2025-06-04T06:05:47","modified_gmt":"2025-06-04T04:05:47","slug":"fragen","status":"publish","type":"page","link":"https:\/\/www.budapestcard.org\/de\/fragen\/","title":{"rendered":"H\u00e4ufig Gestellte Fragen"},"content":{"rendered":"<div id=\"rank-math-faq\" class=\"rank-math-block\">\n<div class=\"rank-math-list \">\n<div id=\"faq-question-1717062476605\" class=\"rank-math-list-item\">\n<h3 class=\"rank-math-question \">Was ist die Budapest Card?<\/h3>\n<div class=\"rank-math-answer \">\n\n<p>Die Budapest Card ist dein metaphorischer Schl\u00fcssel zur Stadt Budapest. Du kannst sie auf drei verschiedene Arten nutzen: als Fahrkarte, mit der du alle \u00f6ffentlichen Verkehrsmittel der Stadt kostenlos nutzen kannst; als Pass f\u00fcr Sehensw\u00fcrdigkeiten, der dich durch die reiche Geschichte und Kultur der Stadt f\u00fchrt; und als Rabattkarte, mit der du w\u00e4hrend deines Aufenthalts in Budapest mehr als nur ein bisschen Geld sparen kannst.<\/p>\n<p>Die Budapest Card bietet freien Eintritt in \u00fcber 30 Museen und Sehensw\u00fcrdigkeiten, Erm\u00e4\u00dfigungen von bis zu 50 % in Restaurants, Bars und Gesch\u00e4ften, kostenlose Stadtf\u00fchrungen und kostenlose Flusskreuzfahrten, um euch mit dieser erstaunlichen Stadt vertraut zu machen.<\/p>\n\n<\/div>\n<\/div>\n<div id=\"faq-question-1717062505033\" class=\"rank-math-list-item\">\n<h3 class=\"rank-math-question \">Welche Vorteile bietet die Budapest Card?<\/h3>\n<div class=\"rank-math-answer \">\n\n<p>Das Beste an der Budapest Card ist, dass sie dir hilft, Zeit und Geld zu sparen. Mit freiem Eintritt zu \u00fcber 30 Attraktionen, darunter Top-Sehensw\u00fcrdigkeiten wie das Ungarische Nationalmuseum und das St. Luk\u00e1cs Thermalbad, sowie Erm\u00e4\u00dfigungen bei vielen anderen, kannst du leicht Hunderte von Euro sparen. Es spielt keine Rolle, ob du alleine oder mit Freunden reist, du sparst trotzdem bei den Attraktionen.<\/p>\n<p>Ob du einen Wellness-Tag in einem der vielen Thermalb\u00e4der der Stadt verbringen oder lieber eine Show in einem historischen Theater oder Museum besuchen m\u00f6chtest \u2013 die Budapest Card hat f\u00fcr jeden etwas zu bieten.<\/p>\n\n<\/div>\n<\/div>\n<div id=\"faq-question-1717062519392\" class=\"rank-math-list-item\">\n<h3 class=\"rank-math-question \">Welche Erm\u00e4\u00dfigungen bietet die Budapest Card?<\/h3>\n<div class=\"rank-math-answer \">\n\n<p>Die Budapest Card bietet Rabatte auf Verkehrsmittel, Attraktionen, Sightseeing-Touren, Restaurants, Spas und vieles mehr. Dar\u00fcber hinaus bietet die Karte kostenlosen Zugang zu allen \u00f6ffentlichen Verkehrsmitteln Budapests, Eintritt in eines der legend\u00e4ren Thermalb\u00e4der der Stadt und freien Eintritt in \u00fcber 30 der bedeutendsten Museen und historischen St\u00e4tten Budapests. Au\u00dferdem erhalten Inhaber der Budapest Card erm\u00e4\u00dfigten Eintritt zu vielen anderen kulturellen Sehensw\u00fcrdigkeiten und Kirchen in der Stadt.<\/p>\n<p>Wenn du gerne Sehensw\u00fcrdigkeiten besichtigst, kannst du mit der Budapest Card an kostenlosen Stadtf\u00fchrungen teilnehmen. Diese zeigen dir alles von der Fischerbastei im Burgviertel bis zur erstaunlich sch\u00f6nen St.-Stephans-Basilika auf der Pester Seite der Stadt. Du kannst auch kostenlose Flusskreuzfahrten unternehmen, die die perfekte Gelegenheit bieten, die atemberaubende Skyline von Budapest von der Donau aus zu bewundern.<\/p>\n<p>Wenn du ein Feinschmecker bist, bietet dir die Budapest Card bis zu 50 % Rabatt in einigen gro\u00dfartigen Restaurants, Caf\u00e9s und Bars, sodass du das Beste der ungarischen K\u00fcche genie\u00dfen kannst, ohne dein Budget zu sprengen. Kurz gesagt, die Budapest Card bietet Rabatte f\u00fcr jeden Reisenden \u2013 egal, ob du wegen der Geschichte, des Essens oder des Vergn\u00fcgens hier bist. Auf der Seite \u201e<a href=\"https:\/\/www.budapestcard.org\/de\/ermaessigungen\/\" data-type=\"page\" data-id=\"8\">Erm\u00e4\u00dfigungen<\/a><a href=\"https:\/\/www.budapestcard.org\/discounts\/\">\u201c<\/a> findest du die vollst\u00e4ndige Liste der Verg\u00fcnstigungen.<\/p>\n\n<\/div>\n<\/div>\n<div id=\"faq-question-1724227853170\" class=\"rank-math-list-item\">\n<h3 class=\"rank-math-question \">Lohnt sich die Budapest Card?<\/h3>\n<div class=\"rank-math-answer \">\n\n<p>Mit der Budapest Card hast du kostenlosen Zugang zum st\u00e4dtischen Nahverkehr und erh\u00e4ltst \u00fcber 50 Erm\u00e4\u00dfigungen f\u00fcr Museen, Sehensw\u00fcrdigkeiten, Bars, Restaurants, Caf\u00e9s, Kneipen und Thermalb\u00e4der. Mit der Karte sparst du nicht nur Geld, sondern kannst dir auch die Stadt so ansehen, wie du es m\u00f6chtest, und alle fantastischen Sehensw\u00fcrdigkeiten, die Budapest zu bieten hat, ganz bequem auf eigene Faust besuchen. Letztendlich kannst nur du entscheiden, ob sich die Budapest Card f\u00fcr dich lohnt.<\/p>\n\n<\/div>\n<\/div>\n<div id=\"faq-question-1745832547746\" class=\"rank-math-list-item\">\n<h3 class=\"rank-math-question \">Kann ich mit der Budapest Card die Warteschlangen \u00fcberspringen?<\/h3>\n<div class=\"rank-math-answer \">\n\n<p>Nein, die Budapest Card erlaubt keinen bevorzugten Einlass. Sie bietet freien Eintritt oder Erm\u00e4\u00dfigungen, aber Sie m\u00fcssen sich wie alle anderen anstellen.<\/p>\n\n<\/div>\n<\/div>\n<div id=\"faq-question-1745832562477\" class=\"rank-math-list-item\">\n<h3 class=\"rank-math-question \">Wie lange ist die Budapest Card g\u00fcltig?<\/h3>\n<div class=\"rank-math-answer \">\n\n<p>Sie k\u00f6nnen Karten w\u00e4hlen, die 24, 48, 72, 96 oder 120 Stunden ab der ersten Nutzung g\u00fcltig sind.<br \/><strong>2024\/2025 Karten:<\/strong> g\u00fcltig vom 1. Mai 2024 bis 30. April 2025<br \/><strong>2025\/2026 Karten:<\/strong> g\u00fcltig vom 1. Mai 2025 bis 30. April 2026<br \/>Achten Sie darauf, dass Ihre Karte zu Ihren Reisedaten passt!<\/p>\n\n<\/div>\n<\/div>\n<div id=\"faq-question-1745832586116\" class=\"rank-math-list-item\">\n<h3 class=\"rank-math-question \">Was passiert, wenn ich meine Budapest Card verliere?<\/h3>\n<div class=\"rank-math-answer \">\n\n<p>Keine Sorge! Wenn Sie Ihre Karte nach dem Kauf auf der Webseite registriert haben, k\u00f6nnen Sie eine Ersatzkarte im <a href=\"https:\/\/www.budapestcard.org\/de\/kontakt\/\">Budapestinfo Tourist Information Office<\/a> erhalten.<\/p>\n\n<\/div>\n<\/div>\n<div id=\"faq-question-1729585453306\" class=\"rank-math-list-item\">\n<h3 class=\"rank-math-question \">Was ist das ungarische Visum f\u00fcr digitale Nomaden?<\/h3>\n<div class=\"rank-math-answer \">\n\n<p>Das <a href=\"https:\/\/www.budapestcard.org\/de\/digitales-nomaden-visum-ungarn\/\"><u>ungarische Visum f\u00fcr digitale Nomaden<\/u><\/a>, auch bekannt als White Card, ist eine einj\u00e4hrige Aufenthaltserlaubnis, die es Fernarbeitern erm\u00f6glicht, legal in Ungarn zu leben und zu arbeiten. Sie kann einmal verl\u00e4ngert werden, sodass ein maximaler Aufenthalt von zwei Jahren m\u00f6glich ist.<\/p>\n\n<\/div>\n<\/div>\n<\/div>\n<\/div>","protected":false},"excerpt":{"rendered":"","protected":false},"author":2,"featured_media":0,"parent":0,"menu_order":5,"comment_status":"closed","ping_status":"closed","template":"","meta":{"_acf_changed":false,"footnotes":"","button_url":"https:\/\/www.tiqets.com\/de\/things-to-do-in-budapest-c68199\/tickets-for-budapest-card-free-entrance-to-szt-lukacs-thermal-bath-and-pool-p974576\/?partner=budapestcard","ms_product_id":"","ms_product_name":"","ms_price":"","ms_currency":"","ms_rating_value":"","ms_review_count":"","rank_math_title":"H\u00e4ufig Gestellte Fragen \u2013 Budapest Card","rank_math_description":"Was ist die Budapest Card? Erfahren Sie, ob sich die Budapest Card lohnt, wo Sie sie kaufen k\u00f6nnen, und lesen Sie Rezensionen \u00fcber Vorteile und Rabatte."},"post-style":[],"producer":[],"class_list":["post-29","page","type-page","status-publish","has-post-thumbnail"],"acf":[],"product_schema":{"ms_product_id":"","ms_product_name":"","ms_price":"","ms_currency":"","ms_rating_value":"","ms_review_count":""},"_links":{"self":[{"href":"https:\/\/www.budapestcard.org\/de\/wp-json\/wp\/v2\/pages\/29","targetHints":{"allow":["GET"]}}],"collection":[{"href":"https:\/\/www.budapestcard.org\/de\/wp-json\/wp\/v2\/pages"}],"about":[{"href":"https:\/\/www.budapestcard.org\/de\/wp-json\/wp\/v2\/types\/page"}],"author":[{"embeddable":true,"href":"https:\/\/www.budapestcard.org\/de\/wp-json\/wp\/v2\/users\/2"}],"replies":[{"embeddable":true,"href":"https:\/\/www.budapestcard.org\/de\/wp-json\/wp\/v2\/comments?post=29"}],"version-history":[{"count":3,"href":"https:\/\/www.budapestcard.org\/de\/wp-json\/wp\/v2\/pages\/29\/revisions"}],"predecessor-version":[{"id":888,"href":"https:\/\/www.budapestcard.org\/de\/wp-json\/wp\/v2\/pages\/29\/revisions\/888"}],"wp:attachment":[{"href":"https:\/\/www.budapestcard.org\/de\/wp-json\/wp\/v2\/media?parent=29"}],"wp:term":[{"taxonomy":"post-style","embeddable":true,"href":"https:\/\/www.budapestcard.org\/de\/wp-json\/wp\/v2\/post-style?post=29"},{"taxonomy":"producer","embeddable":true,"href":"https:\/\/www.budapestcard.org\/de\/wp-json\/wp\/v2\/producer?post=29"}],"curies":[{"name":"wp","href":"https:\/\/api.w.org\/{rel}","templated":true}]}}