{"id":663,"date":"2024-10-22T10:28:06","date_gmt":"2024-10-22T08:28:06","guid":{"rendered":"https:\/\/www.budapestcard.org\/de\/?page_id=663"},"modified":"2025-04-21T06:55:34","modified_gmt":"2025-04-21T04:55:34","slug":"digitales-nomaden-visum-ungarn","status":"publish","type":"page","link":"https:\/\/www.budapestcard.org\/de\/digitales-nomaden-visum-ungarn\/","title":{"rendered":"Ungarn-Visum f\u00fcr digitale Nomaden"},"content":{"rendered":"\n<p>Ungarn entwickelt sich schnell zu einem beliebten Ziel f\u00fcr digitale Nomaden, die eine lebendige Kultur, eine reiche Geschichte und erschwingliche Lebenshaltungskosten suchen. Als Reaktion auf den wachsenden Trend zur Telearbeit hat Ungarn ein Visum f\u00fcr digitale Nomaden eingef\u00fchrt, das Telearbeitern die M\u00f6glichkeit bietet, unter Einhaltung der gesetzlichen Bestimmungen in Ungarn zu leben und zu arbeiten.<\/p>\n\n\n<div class=\"ms-credits\">\n<img decoding=\"async\" class=\"gb-media-13a2c534\" src=\"https:\/\/www.budapestcard.org\/wp-content\/uploads\/visit-camp-nou-1745208234.jpg\" alt=\"Hungary Digital Nomad Visa\" title=\"Hungary-digital-nomad-visa\"\/>\n<span class='ms-credits__info' id='media839'><svg xmlns=\"http:\/\/www.w3.org\/2000\/svg\" width=\"20\" height=\"22\" fill=\"#000000\" viewBox=\"0 0 256 256\"><path d=\"M128,24A104,104,0,1,0,232,128,104.11,104.11,0,0,0,128,24Zm0,192a88,88,0,1,1,88-88A88.1,88.1,0,0,1,128,216ZM96,128a32,32,0,0,0,57.6,19.2,8,8,0,0,1,12.8,9.61,48,48,0,1,1,0-57.62,8,8,0,0,1-12.8,9.61A32,32,0,0,0,96,128Z\"><\/path><\/svg>stadtratte\/<a href=https:\/\/depositphotos.com\/photo\/man-suitcase-travels-hungary-230842712.html rel='nofollow' target='_blank'>Depositphotos<\/a><\/span><span class='ms-credits__btn' id='btn_media839' onclick='ms_credits_trigger(\"#media839\", this)'><svg xmlns=\"http:\/\/www.w3.org\/2000\/svg\" class=\"info_icon\" width=\"28\" height=\"28\" fill=\"#FFF\" viewBox=\"0 0 256 256\"><path d=\"M128,24A104,104,0,1,0,232,128,104.11,104.11,0,0,0,128,24Zm0,192a88,88,0,1,1,88-88A88.1,88.1,0,0,1,128,216Zm16-40a8,8,0,0,1-8,8,16,16,0,0,1-16-16V128a8,8,0,0,1,0-16,16,16,0,0,1,16,16v40A8,8,0,0,1,144,176ZM112,84a12,12,0,1,1,12,12A12,12,0,0,1,112,84Z\"><\/path><\/svg><svg xmlns=\"http:\/\/www.w3.org\/2000\/svg\" class=\"close_icon\" width=\"28\" height=\"28\" fill=\"#FFF\" viewBox=\"0 0 256 256\"><path d=\"M165.66,101.66,139.31,128l26.35,26.34a8,8,0,0,1-11.32,11.32L128,139.31l-26.34,26.35a8,8,0,0,1-11.32-11.32L116.69,128,90.34,101.66a8,8,0,0,1,11.32-11.32L128,116.69l26.34-26.35a8,8,0,0,1,11.32,11.32ZM232,128A104,104,0,1,1,128,24,104.11,104.11,0,0,1,232,128Zm-16,0a88,88,0,1,0-88,88A88.1,88.1,0,0,0,216,128Z\"><\/path><\/svg><\/span><\/div>\n\n\n<h2 class=\"wp-block-heading\"><strong>Was ist das Ungarn-Visum f\u00fcr digitale Nomaden?<\/strong><\/h2>\n\n\n\n<p>Das ungarische Visum f\u00fcr digitale Nomaden, auch bekannt als White Card, ist eine einj\u00e4hrige Aufenthaltserlaubnis, die es Telearbeitern erm\u00f6glicht, legal in Ungarn zu leben und zu arbeiten. Sie kann einmal verl\u00e4ngert werden, sodass ein Aufenthalt von maximal zwei Jahren m\u00f6glich ist.<\/p>\n\n\n\n<p>Dieses Visum ist f\u00fcr Personen gedacht, die nachweisen k\u00f6nnen, dass sie durch Telearbeit, freiberufliche T\u00e4tigkeit oder die F\u00fchrung eines eigenen Online-Unternehmens \u00fcber ein stabiles Einkommen verf\u00fcgen.<\/p>\n\n\n\n<h2 class=\"wp-block-heading\"><strong>Voraussetzungen und Anforderungen<\/strong><\/h2>\n\n\n\n<p>Um das ungarische Visum f\u00fcr digitale Nomaden zu erhalten, m\u00fcssen Antragsteller die folgenden Voraussetzungen erf\u00fcllen:<\/p>\n\n\n\n<ul class=\"wp-block-list\">\n<li>Sie m\u00fcssen Nicht-EU-\/EWR-B\u00fcrger sein.<\/li>\n\n\n\n<li>Sie m\u00fcssen einen verifizierten Fernarbeitsplatz haben oder ein erfolgreiches Unternehmen au\u00dferhalb Ungarns besitzen.<\/li>\n\n\n\n<li>Sie m\u00fcssen ihre Arbeit mithilfe fortschrittlicher digitaler Technologie aus der Ferne verrichten.<\/li>\n\n\n\n<li>Sie d\u00fcrfen keine lokale Besch\u00e4ftigung aus\u00fcben oder Gesch\u00e4ftsanteile in Ungarn halten.<\/li>\n\n\n\n<li>Sie m\u00fcssen ein monatliches Mindesteinkommen von 3.000 \u20ac f\u00fcr die letzten sechs Monate nachweisen.<\/li>\n\n\n\n<li>Sie m\u00fcssen eine Unterkunft in Ungarn nachweisen.<\/li>\n\n\n\n<li>Eine g\u00fcltige Krankenversicherung haben.<\/li>\n\n\n\n<li>Einen g\u00fcltigen Reisepass haben.<\/li>\n<\/ul>\n\n\n\n<h2 class=\"wp-block-heading\"><strong>Das Antragsverfahren<\/strong><\/h2>\n\n\n\n<p>Die Beantragung des ungarischen Visums f\u00fcr digitale Nomaden erfolgt in zwei Schritten:<\/p>\n\n\n\n<ol class=\"wp-block-list\">\n<li>Nach der Genehmigung reist du nach Ungarn und beantragst innerhalb eines Monats nach deiner Ankunft die White Card. Die Bearbeitungszeit f\u00fcr die White Card betr\u00e4gt ca. 21 Tage.<\/li>\n\n\n\n<li>Beantrage das Visum f\u00fcr digitale Nomaden bei einer ungarischen Botschaft oder einem ungarischen Konsulat in deinem Heimatland. Dieser Vorgang kann etwa 30 Tage dauern.<\/li>\n<\/ol>\n\n\n\n<p>Den gesamten Antragsprozess kannst du unter <a href=\"http:\/\/www.hungaryvisa.org\/\" target=\"_blank\" rel=\"noreferrer noopener nofollow\"><u>www.hungaryvisa.org<\/u><\/a> verfolgen.<\/p>\n\n\n\n<h2 class=\"wp-block-heading\"><strong>Die Kosten<\/strong><\/h2>\n\n\n\n<p>Die Geb\u00fchren f\u00fcr das ungarische Visum f\u00fcr digitale Nomaden sind wie folgt:<\/p>\n\n\n\n<ul class=\"wp-block-list\">\n<li>Visumantrag: 110 \u20ac (f\u00fcr Antr\u00e4ge, die au\u00dferhalb Ungarns eingereicht werden)<\/li>\n\n\n\n<li>Bearbeitungsgeb\u00fchr f\u00fcr die pers\u00f6nliche Antragstellung: 39.000 HUF (innerhalb Ungarns)<\/li>\n\n\n\n<li>Bearbeitungsgeb\u00fchr f\u00fcr die Online-Antragstellung: 24.000 HUF (\u00fcber die Plattform \u201eEnter Hungary\u201c)<\/li>\n<\/ul>\n\n\n\n<h2 class=\"wp-block-heading\"><strong>Vorteile des ungarischen Visums f\u00fcr digitale Nomaden<\/strong><\/h2>\n\n\n\n<p>Das ungarische Visum f\u00fcr digitale Nomaden bietet Telearbeitern mehrere Vorteile, darunter:<\/p>\n\n\n\n<p>Die M\u00f6glichkeit, ein Jahr lang in Ungarn zu leben und zu arbeiten, mit der Option, es um ein weiteres Jahr zu verl\u00e4ngern, wenn die Voraussetzungen weiterhin erf\u00fcllt sind.<\/p>\n\n\n\n<p>Zugang zu den erschwinglichen Lebenshaltungskosten Ungarns, seiner lebendigen Kultur und malerischen Landschaften.<\/p>\n\n\n\n<p>Die M\u00f6glichkeit, innerhalb des Schengen-Raums ohne zus\u00e4tzliche Visa zu reisen.<\/p>\n\n\n\n<h2 class=\"wp-block-heading\"><strong>Leben in Ungarn<\/strong><\/h2>\n\n\n\n<p>Als digitaler Nomade in Ungarn hast du die M\u00f6glichkeit, verschiedene Aspekte des Lebens in diesem Land kennenzulernen. Hier sind einige wichtige Punkte, die du beachten solltest:<\/p>\n\n\n\n<p><strong>Lebenshaltungskosten:<\/strong><\/p>\n\n\n\n<p>Im Vergleich zu vielen westeurop\u00e4ischen L\u00e4ndern sind die Lebenshaltungskosten in Ungarn erschwinglich. Mieten, Nebenkosten, Lebensmittel und Transportmittel sind in der Regel g\u00fcnstiger, was das Land zu einer attraktiven Option f\u00fcr digitale Nomaden macht.<\/p>\n\n\n\n<p><strong>Unterkunft:<\/strong><\/p>\n\n\n\n<p>Es gibt eine Reihe von Unterkunftsm\u00f6glichkeiten, von Wohngemeinschaften und privaten Vermietungen bis hin zu Wohngemeinschaften und Kurzzeitunterk\u00fcnften. Die Hauptstadt Budapest ist eine beliebte Wahl, aber auch kleinere St\u00e4dte wie Szeged, Debrecen und P\u00e9cs haben ihren Charme und Reiz.<\/p>\n\n\n\n<p><strong>Internet und Coworking Spaces:<\/strong><\/p>\n\n\n\n<p>Ungarn verf\u00fcgt \u00fcber eine zuverl\u00e4ssige Internetinfrastruktur mit fl\u00e4chendeckender WLAN-Abdeckung, auch in \u00f6ffentlichen Bereichen. In gr\u00f6\u00dferen St\u00e4dten wie Budapest gibt es Coworking Spaces, die auf die Gemeinschaft der digitalen Nomaden ausgerichtet sind.<\/p>\n\n\n\n<p><strong>Transport:<\/strong><\/p>\n\n\n\n<p>Ungarn verf\u00fcgt \u00fcber ein ausgedehntes \u00f6ffentliches Verkehrsnetz, das Busse, Stra\u00dfenbahnen und Z\u00fcge umfasst. Budapest bietet auch ein U-Bahn-System. Mit Regionalz\u00fcgen oder Bussen kannst du bequem innerhalb des Landes reisen oder Nachbarl\u00e4nder erkunden.<\/p>\n\n\n\n<p><strong>Gesundheitswesen:<\/strong><\/p>\n\n\n\n<p>Ungarn verf\u00fcgt \u00fcber ein \u00f6ffentliches Gesundheitssystem, das allen Einwohnern eine universelle Abdeckung bietet. Als digitaler Nomade ben\u00f6tigst du wahrscheinlich eine private Krankenversicherung, um Zugang zu medizinischen Leistungen zu erhalten. Private Gesundheitseinrichtungen, insbesondere in gr\u00f6\u00dferen St\u00e4dten, bieten oft eine qualitativ hochwertige Versorgung.<\/p>\n\n\n\n<p><strong>Soziales Leben und Networking:<\/strong><\/p>\n\n\n\n<p>Ungarn bietet eine lebendige soziale Szene mit zahlreichen Restaurants, Bars und kulturellen Veranstaltungen. Es gibt zahlreiche M\u00f6glichkeiten zum Networking durch Meetup-Gruppen, Sprachaustauschveranstaltungen und Gemeinschaften f\u00fcr digitale Nomaden.<\/p>\n","protected":false},"excerpt":{"rendered":"","protected":false},"author":3,"featured_media":839,"parent":0,"menu_order":3,"comment_status":"closed","ping_status":"closed","template":"","meta":{"_acf_changed":false,"footnotes":""},"post-style":[],"producer":[],"class_list":["post-663","page","type-page","status-publish","has-post-thumbnail"],"acf":[],"_links":{"self":[{"href":"https:\/\/www.budapestcard.org\/de\/wp-json\/wp\/v2\/pages\/663","targetHints":{"allow":["GET"]}}],"collection":[{"href":"https:\/\/www.budapestcard.org\/de\/wp-json\/wp\/v2\/pages"}],"about":[{"href":"https:\/\/www.budapestcard.org\/de\/wp-json\/wp\/v2\/types\/page"}],"author":[{"embeddable":true,"href":"https:\/\/www.budapestcard.org\/de\/wp-json\/wp\/v2\/users\/3"}],"replies":[{"embeddable":true,"href":"https:\/\/www.budapestcard.org\/de\/wp-json\/wp\/v2\/comments?post=663"}],"version-history":[{"count":3,"href":"https:\/\/www.budapestcard.org\/de\/wp-json\/wp\/v2\/pages\/663\/revisions"}],"predecessor-version":[{"id":843,"href":"https:\/\/www.budapestcard.org\/de\/wp-json\/wp\/v2\/pages\/663\/revisions\/843"}],"wp:featuredmedia":[{"embeddable":true,"href":"https:\/\/www.budapestcard.org\/de\/wp-json\/wp\/v2\/media\/839"}],"wp:attachment":[{"href":"https:\/\/www.budapestcard.org\/de\/wp-json\/wp\/v2\/media?parent=663"}],"wp:term":[{"taxonomy":"post-style","embeddable":true,"href":"https:\/\/www.budapestcard.org\/de\/wp-json\/wp\/v2\/post-style?post=663"},{"taxonomy":"producer","embeddable":true,"href":"https:\/\/www.budapestcard.org\/de\/wp-json\/wp\/v2\/producer?post=663"}],"curies":[{"name":"wp","href":"https:\/\/api.w.org\/{rel}","templated":true}]}}