{"id":671,"date":"2024-10-22T13:14:23","date_gmt":"2024-10-22T11:14:23","guid":{"rendered":"https:\/\/www.budapestcard.org\/de\/?page_id=671"},"modified":"2025-01-10T07:40:39","modified_gmt":"2025-01-10T06:40:39","slug":"kontakt","status":"publish","type":"page","link":"https:\/\/www.budapestcard.org\/de\/kontakt\/","title":{"rendered":"Kontakt"},"content":{"rendered":"\n<h3 class=\"wp-block-heading\">Ticketanfragen<\/h3>\n\n\n\n<p>Bei Fragen zu Tickets oder zu Ihrer bestehenden Buchung wenden Sie sich bitte an unseren Ticketpartner:<\/p>\n\n\n\n<ul class=\"wp-block-list\">\n<li>E-Mail: info@ticketbar.eu<\/li>\n\n\n\n<li>Telefon: +44 2035142614<\/li>\n<\/ul>\n\n\n\n<hr class=\"wp-block-separator has-alpha-channel-opacity\" \/>\n\n\n\n<h3 class=\"wp-block-heading\">Touristeninformation<\/h3>\n\n\n\n<h4 class=\"wp-block-heading\"><strong>Budapestinfo Touristeninformation<\/strong><\/h4>\n\n\n\n<p>Bei Fragen zum Tourismus in Budapest und in Ungarn, wie z. B. Karten, Reisef\u00fchrer und Tipps zu Sehensw\u00fcrdigkeiten und Veranstaltungen:<\/p>\n\n\n\n<ul class=\"wp-block-list\">\n<li>Adresse: 1052 V\u00e1rosh\u00e1za Park, Ecke K\u00e1roly k\u00f6r\u00fat \u2013 B\u00e1rczy Istv\u00e1n Stra\u00dfe (De\u00e1k-Platz, Metro1, Metro2, Metro3 oder 100E-Bus-Endhaltestelle gegen\u00fcber, wenn man vom Flughafen kommt)<\/li>\n<\/ul>\n\n\n\n<h4 class=\"wp-block-heading\"><strong>Budapest Card-Informations-Hotline<\/strong><\/h4>\n\n\n\n<p>F\u00fcr detaillierte Informationen \u00fcber die Budapest Card, Rabatte und Vorteile:<\/p>\n\n\n\n<ul class=\"wp-block-list\">\n<li>Telefon: +36 30 955 0398 (erreichbar von 9.00 bis 19.00 Uhr)<\/li>\n<\/ul>\n\n\n\n<hr class=\"wp-block-separator has-alpha-channel-opacity\" \/>\n\n\n\n<h3 class=\"wp-block-heading\">Website-Support<\/h3>\n\n\n\n<p>Bei Fragen zu dieser Website wenden Sie sich bitte direkt an uns:<\/p>\n\n\n\n<ul class=\"wp-block-list\">\n<li>E-Mail: info@moonshot.media<\/li>\n<\/ul>\n\n\n\n<p><\/p>\n","protected":false},"excerpt":{"rendered":"","protected":false},"author":3,"featured_media":0,"parent":0,"menu_order":2,"comment_status":"closed","ping_status":"closed","template":"","meta":{"_acf_changed":false,"footnotes":"","button_url":"https:\/\/www.tiqets.com\/de\/things-to-do-in-budapest-c68199\/tickets-for-budapest-card-free-entrance-to-szt-lukacs-thermal-bath-and-pool-p974576\/?partner=budapestcard","ms_product_id":"","ms_product_name":"","ms_price":"","ms_currency":"","ms_rating_value":"","ms_review_count":"","rank_math_title":"","rank_math_description":""},"post-style":[],"producer":[],"class_list":["post-671","page","type-page","status-publish","has-post-thumbnail"],"acf":[],"product_schema":{"ms_product_id":"","ms_product_name":"","ms_price":"","ms_currency":"","ms_rating_value":"","ms_review_count":""},"_links":{"self":[{"href":"https:\/\/www.budapestcard.org\/de\/wp-json\/wp\/v2\/pages\/671","targetHints":{"allow":["GET"]}}],"collection":[{"href":"https:\/\/www.budapestcard.org\/de\/wp-json\/wp\/v2\/pages"}],"about":[{"href":"https:\/\/www.budapestcard.org\/de\/wp-json\/wp\/v2\/types\/page"}],"author":[{"embeddable":true,"href":"https:\/\/www.budapestcard.org\/de\/wp-json\/wp\/v2\/users\/3"}],"replies":[{"embeddable":true,"href":"https:\/\/www.budapestcard.org\/de\/wp-json\/wp\/v2\/comments?post=671"}],"version-history":[{"count":3,"href":"https:\/\/www.budapestcard.org\/de\/wp-json\/wp\/v2\/pages\/671\/revisions"}],"predecessor-version":[{"id":678,"href":"https:\/\/www.budapestcard.org\/de\/wp-json\/wp\/v2\/pages\/671\/revisions\/678"}],"wp:attachment":[{"href":"https:\/\/www.budapestcard.org\/de\/wp-json\/wp\/v2\/media?parent=671"}],"wp:term":[{"taxonomy":"post-style","embeddable":true,"href":"https:\/\/www.budapestcard.org\/de\/wp-json\/wp\/v2\/post-style?post=671"},{"taxonomy":"producer","embeddable":true,"href":"https:\/\/www.budapestcard.org\/de\/wp-json\/wp\/v2\/producer?post=671"}],"curies":[{"name":"wp","href":"https:\/\/api.w.org\/{rel}","templated":true}]}}