{"id":855,"date":"2025-04-23T13:16:27","date_gmt":"2025-04-23T11:16:27","guid":{"rendered":"https:\/\/www.budapestcard.org\/de\/?page_id=855"},"modified":"2025-09-29T19:05:09","modified_gmt":"2025-09-29T17:05:09","slug":"budapest-pass","status":"publish","type":"page","link":"https:\/\/www.budapestcard.org\/de\/budapest-pass\/","title":{"rendered":"Budapest Pass"},"content":{"rendered":"\n<p>Der Budapest Pass ist mehr als nur ein Ticket \u2013 er ist Ihr VIP-Zugang zum Herzen der Stadt.<\/p>\n\n\n\n<div class=\"ms-cta-button ms-p ms-cta\">\n<a class=\"gb-text ms-btn ms-btn--primary ms-shadow\" href=\"https:\/\/www.tiqets.com\/de\/checkout\/tickets-for-budapest-pass-p1013746\/booking_details\/?partner=budapestcard\" rel=\"nofollow noopener\">Verf\u00fcgbarkeit pr\u00fcfen<\/a>\n<\/div>\n\n\n\n<h2 class=\"wp-block-heading\">Vorteile<\/h2>\n\n\n\n<ul class=\"ms-icon-list\">\n<li class=\"ms-icon-list__item\"><span class=\"gb-shape\"><svg viewBox=\"0 0 256 256\" fill=\"#000000\" height=\"32\" width=\"32\" xmlns=\"http:\/\/www.w3.org\/2000\/svg\"><path d=\"M232.49,80.49l-128,128a12,12,0,0,1-17,0l-56-56a12,12,0,1,1,17-17L96,183,215.51,63.51a12,12,0,0,1,17,17Z\"><\/path><\/svg><\/span><span class=\"gb-text\">10 % Rabatt auf weitere Sehensw\u00fcrdigkeiten in Budapest.<\/span><\/li>\n\n\n\n<li class=\"ms-icon-list__item\"><span class=\"gb-shape\"><svg viewBox=\"0 0 256 256\" fill=\"#000000\" height=\"32\" width=\"32\" xmlns=\"http:\/\/www.w3.org\/2000\/svg\"><path d=\"M232.49,80.49l-128,128a12,12,0,0,1-17,0l-56-56a12,12,0,1,1,17-17L96,183,215.51,63.51a12,12,0,0,1,17,17Z\"><\/path><\/svg><\/span><span class=\"gb-text\">Keine versteckten Geb\u00fchren.<\/span><\/li>\n\n\n\n<li class=\"ms-icon-list__item\"><span class=\"gb-shape\"><svg viewBox=\"0 0 256 256\" fill=\"#000000\" height=\"32\" width=\"32\" xmlns=\"http:\/\/www.w3.org\/2000\/svg\"><path d=\"M232.49,80.49l-128,128a12,12,0,0,1-17,0l-56-56a12,12,0,1,1,17-17L96,183,215.51,63.51a12,12,0,0,1,17,17Z\"><\/path><\/svg><\/span><span class=\"gb-text\">W\u00e4hlen Sie f\u00fcr jeden Ort Ihre Wunschzeit direkt beim Kauf.<\/span><\/li>\n<\/ul>\n\n\n\n<figure><div class=\"ms-credits\">\n<img decoding=\"async\" class=\"gb-media-4f95c955\" src=\"https:\/\/www.budapestcard.org\/wp-content\/uploads\/budapest-pass-1745508262.jpg\" alt=\"Budapest Digital Pass\" title=\"budapest-pass\"\/>\n<span class='ms-credits__info' id='media908'><svg xmlns=\"http:\/\/www.w3.org\/2000\/svg\" width=\"20\" height=\"22\" fill=\"#000000\" viewBox=\"0 0 256 256\"><path d=\"M128,24A104,104,0,1,0,232,128,104.11,104.11,0,0,0,128,24Zm0,192a88,88,0,1,1,88-88A88.1,88.1,0,0,1,128,216ZM96,128a32,32,0,0,0,57.6,19.2,8,8,0,0,1,12.8,9.61,48,48,0,1,1,0-57.62,8,8,0,0,1-12.8,9.61A32,32,0,0,0,96,128Z\"><\/path><\/svg><a href=https:\/\/aws-tiqets-cdn.imgix.net\/images\/content\/5b15a54f59bb4a72a684951fd8342bcd.png?auto=format%2Ccompress&#038;fit=crop&#038;h=1284&#038;ixlib=python-3.2.1&#038;q=70&#038;w=1284&#038;s=1b83f5203d9850100a55e1c2a2e6d972 rel='nofollow' target='_blank'>Tiqets<\/a><\/span><span class='ms-credits__btn' id='btn_media908' onclick='ms_credits_trigger(\"#media908\", this)'><svg xmlns=\"http:\/\/www.w3.org\/2000\/svg\" class=\"info_icon\" width=\"28\" height=\"28\" fill=\"#FFF\" viewBox=\"0 0 256 256\"><path d=\"M128,24A104,104,0,1,0,232,128,104.11,104.11,0,0,0,128,24Zm0,192a88,88,0,1,1,88-88A88.1,88.1,0,0,1,128,216Zm16-40a8,8,0,0,1-8,8,16,16,0,0,1-16-16V128a8,8,0,0,1,0-16,16,16,0,0,1,16,16v40A8,8,0,0,1,144,176ZM112,84a12,12,0,1,1,12,12A12,12,0,0,1,112,84Z\"><\/path><\/svg><svg xmlns=\"http:\/\/www.w3.org\/2000\/svg\" class=\"close_icon\" width=\"28\" height=\"28\" fill=\"#FFF\" viewBox=\"0 0 256 256\"><path d=\"M165.66,101.66,139.31,128l26.35,26.34a8,8,0,0,1-11.32,11.32L128,139.31l-26.34,26.35a8,8,0,0,1-11.32-11.32L116.69,128,90.34,101.66a8,8,0,0,1,11.32-11.32L128,116.69l26.34-26.35a8,8,0,0,1,11.32,11.32ZM232,128A104,104,0,1,1,128,24,104.11,104.11,0,0,1,232,128Zm-16,0a88,88,0,1,0-88,88A88.1,88.1,0,0,0,216,128Z\"><\/path><\/svg><\/span><\/div><\/figure>\n\n\n\n<div class=\"ms-alert--primary ms-p ms-rounded ms-mb-last-child-0 ms-mb-children-condensed ms-mb-block\">\n<h3 class=\"wp-block-heading has-ms-color-primary-darker-color has-text-color has-link-color wp-elements-a98cde078ad8f4dd503c916b77a6efe6\">So buchen Sie<\/h3>\n\n\n\n<div class=\"gb-element-f4eb9e37\">\n<div>\n<p class=\"gb-text-91d99ec7 ms-link-unstyled\"><span class=\"gb-shape\"><svg viewBox=\"0 0 256 256\" fill=\"#000000\" height=\"32\" width=\"32\" xmlns=\"http:\/\/www.w3.org\/2000\/svg\"><path d=\"M246.15,133.18,146.83,33.86A19.85,19.85,0,0,0,132.69,28H40A12,12,0,0,0,28,40v92.69a19.85,19.85,0,0,0,5.86,14.14l99.32,99.32a20,20,0,0,0,28.28,0l84.69-84.69A20,20,0,0,0,246.15,133.18Zm-98.83,93.17L52,131V52h79l95.32,95.32ZM100,84A16,16,0,1,1,84,68,16,16,0,0,1,100,84Z\"><\/path><\/svg><\/span><span class=\"gb-text\"><strong>W\u00e4hlen Sie Ihren Pass<\/strong><\/span><\/p>\n\n\n\n<p class=\"has-ms-color-primary-darker-color has-text-color has-link-color wp-elements-80cedd5eb35c2a4d17181088f8adf16e\">Geben Sie die Anzahl der Personen und das Startdatum f\u00fcr Ihren Pass an.<\/p>\n<\/div>\n\n\n\n<div>\n<p class=\"gb-text-71a39911 ms-link-unstyled\"><span class=\"gb-shape\"><svg viewBox=\"0 0 256 256\" fill=\"#000000\" height=\"32\" width=\"32\" xmlns=\"http:\/\/www.w3.org\/2000\/svg\"><path d=\"M128,20A108,108,0,1,0,236,128,108.12,108.12,0,0,0,128,20Zm0,192a84,84,0,1,1,84-84A84.09,84.09,0,0,1,128,212Zm68-84a12,12,0,0,1-12,12H128a12,12,0,0,1-12-12V72a12,12,0,0,1,24,0v44h44A12,12,0,0,1,196,128Z\"><\/path><\/svg><\/span><span class=\"gb-text\"><strong>Reservieren Sie Ihre Tickets<\/strong><\/span><\/p>\n\n\n\n<p class=\"has-ms-color-primary-darker-color has-text-color has-link-color wp-elements-8154810e11925db445f30a7d8fbaa41c\">W\u00e4hlen Sie Datum und Uhrzeit f\u00fcr die einzelnen Attraktionen und Aktivit\u00e4ten.<\/p>\n<\/div>\n<\/div>\n\n\n\n<div class=\"gb-element-b221a285\">\n<div>\n<p class=\"gb-text-a8e13d94 ms-link-unstyled\"><span class=\"gb-shape\"><svg viewBox=\"0 0 256 256\" fill=\"#000000\" height=\"32\" width=\"32\" xmlns=\"http:\/\/www.w3.org\/2000\/svg\"><path d=\"M224,44H32A20,20,0,0,0,12,64V192a20,20,0,0,0,20,20H224a20,20,0,0,0,20-20V64A20,20,0,0,0,224,44Zm-4,24V88H36V68ZM36,188V112H220v76Zm172-24a12,12,0,0,1-12,12H164a12,12,0,0,1,0-24h32A12,12,0,0,1,208,164Zm-68,0a12,12,0,0,1-12,12H116a12,12,0,0,1,0-24h12A12,12,0,0,1,140,164Z\"><\/path><\/svg><\/span><span class=\"gb-text\"><strong>Best\u00e4tigen und bezahlen<\/strong><\/span><\/p>\n\n\n\n<p class=\"has-ms-color-primary-darker-color has-text-color has-link-color wp-elements-63c6e0a08a8e4d9f5124fbc1586dd0f3\">Geben Sie Ihre Daten ein und schlie\u00dfen Sie die sichere Zahlung ab.<\/p>\n<\/div>\n\n\n\n<div>\n<p class=\"gb-text-26106146 ms-link-unstyled\"><span class=\"gb-shape\"><svg viewBox=\"0 0 256 256\" fill=\"#000000\" height=\"32\" width=\"32\" xmlns=\"http:\/\/www.w3.org\/2000\/svg\"><path d=\"M176.49,95.51a12,12,0,0,1,0,17l-56,56a12,12,0,0,1-17,0l-24-24a12,12,0,1,1,17-17L112,143l47.51-47.52A12,12,0,0,1,176.49,95.51ZM236,128A108,108,0,1,1,128,20,108.12,108.12,0,0,1,236,128Zm-24,0a84,84,0,1,0-84,84A84.09,84.09,0,0,0,212,128Z\"><\/path><\/svg><\/span><span class=\"gb-text\"><strong>Erhalten Sie Ihre Tickets<\/strong><\/span><\/p>\n\n\n\n<p class=\"has-ms-color-primary-darker-color has-text-color has-link-color wp-elements-f6853278cfe636d53090f256f92aa676\">Sie erhalten Ihre digitalen Tickets sofort per E-Mail.<\/p>\n<\/div>\n<\/div>\n<\/div>\n\n\n\n<h2 class=\"wp-block-heading\">So funktioniert&#8217;s<\/h2>\n\n\n\n<ol class=\"wp-block-list\">\n<li><strong>Aktivieren Sie Ihren Pass<\/strong>: Ihr Budapest Pass wird automatisch an dem Datum aktiviert, das Sie bei der Buchung ausgew\u00e4hlt haben.<\/li>\n\n\n\n<li><strong>L\u00f6sen Sie Ihr Ticket ein<\/strong>: Zeigen Sie das digitale Ticket (das Ihnen per E-Mail zugeschickt wurde) am Eingang jeder enthaltenen Aktivit\u00e4t (Donaukreuzfahrt, Sz\u00e9chenyi-Thermalbad) vor.<\/li>\n\n\n\n<li><strong>Kein Ausdruck erforderlich<\/strong>: Verwenden Sie einfach das mobile Ticket auf Ihrem Smartphone.<\/li>\n<\/ol>\n\n\n\n<div class=\"ms-p ms-rounded ms-mb-last-child-0 ms-mb-children-condensed ms-alert--contrast ms-mb-block\">\n<h4 class=\"gb-text-26a71c5b\"><span class=\"gb-shape\"><svg viewBox=\"0 0 256 256\" fill=\"#000000\" height=\"32\" width=\"32\" xmlns=\"http:\/\/www.w3.org\/2000\/svg\"><path d=\"M108,84a16,16,0,1,1,16,16A16,16,0,0,1,108,84Zm128,44A108,108,0,1,1,128,20,108.12,108.12,0,0,1,236,128Zm-24,0a84,84,0,1,0-84,84A84.09,84.09,0,0,0,212,128Zm-72,36.68V132a20,20,0,0,0-20-20,12,12,0,0,0-4,23.32V168a20,20,0,0,0,20,20,12,12,0,0,0,4-23.32Z\"><\/path><\/svg><\/span><span class=\"gb-text\">Sonderangebot:<\/span><\/h4>\n\n\n\n<p class=\"gb-text\">Nach der Buchung erhalten Sie per E-Mail einen pers\u00f6nlichen <strong>10 %-Rabattcode<\/strong>, der einen Monat lang f\u00fcr Ihre n\u00e4chsten 5 Attraktionen in Budapest g\u00fcltig ist.<\/p>\n\n\n\n<p class=\"gb-text\">F\u00fcr weitere Informationen <a href=\"https:\/\/www.tiqets.com\/en\/things-to-do-in-budapest-c68199\/budapest-pass-p1013746\/?partner=budapestcard\" data-type=\"link\" data-id=\"https:\/\/www.tiqets.com\/en\/things-to-do-in-budapest-c68199\/budapest-pass-p1013746\/?partner=budapestcard\" rel=\"nofollow noopener\"><\/a><a href=\"https:\/\/www.tiqets.com\/de\/things-to-do-in-budapest-c68199\/budapest-pass-p1013746\/?partner=budapestcard\" rel=\"nofollow noopener\"><strong>klicken Sie hier<\/strong><\/a> \u00bb<\/p>\n<\/div>\n\n\n\n<h2 class=\"wp-block-heading\">Was ist enthalten?<\/h2>\n\n\n\n<h3 class=\"wp-block-heading\">Sz\u00e9chenyi-Thermalbad<\/h3>\n\n\n\n<ul class=\"wp-block-list\">\n<li>Ganzt\u00e4giger Eintritt in das Sz\u00e9chenyi-Spa, eines der gr\u00f6\u00dften Thermalb\u00e4der Europas<\/li>\n\n\n\n<li>Entdecken Sie 3 Au\u00dfen- und 15 Innenbecken<\/li>\n\n\n\n<li>Beinhaltet eine P\u00e1linka-Verkostung (oder ein alkoholfreies Getr\u00e4nk) und einen Spind oder eine Kabine (je nach Ticket)<\/li>\n<\/ul>\n\n\n\n<h3 class=\"wp-block-heading\"><strong>Donaukreuzfahrt (mit einem Getr\u00e4nk)<\/strong><\/h3>\n\n\n\n<ul class=\"wp-block-list\">\n<li>Entspannen Sie auf dem Fluss und genie\u00dfen Sie die beste Aussicht auf Budapest<\/li>\n\n\n\n<li>Sehen Sie ber\u00fchmte Sehensw\u00fcrdigkeiten wie das Parlament und die Kettenbr\u00fccke vom Wasser aus<\/li>\n\n\n\n<li>Mit einem Begr\u00fc\u00dfungsgetr\u00e4nk, das Sie w\u00e4hrend der Fahrt genie\u00dfen k\u00f6nnen<\/li>\n<\/ul>\n\n\n\n<h3 class=\"wp-block-heading\">Audio-Guide-App von POPGuide<\/h3>\n\n\n\n<ul class=\"wp-block-list\">\n<li>Unbegrenzte Fahrten mit Bussen, Stra\u00dfenbahnen und U-Bahnen<\/li>\n\n\n\n<li>Sehr praktisch, um die Attraktionen in Buda und Pest zu erreichen<\/li>\n\n\n\n<li>Sie m\u00fcssen keine separaten Fahrscheine oder Tickets kaufen<\/li>\n<\/ul>\n\n\n\n<h2 class=\"wp-block-heading\">Budapest Pass vs. Budapest Card: Was ist der Unterschied?<\/h2>\n\n\n<div class=\"ms-table frozenColumn\"><table><tr><th><\/th><th><a href=\"https:\/\/www.tiqets.com\/de\/things-to-do-in-budapest-c68199\/budapest-pass-p1013746\/?partner=budapestcard\" rel=\"nofollow noopener\" target=\"_blank\">Budapest Pass<\/a><\/th><th><a href=\"https:\/\/www.tiqets.com\/de\/things-to-do-in-budapest-c68199\/tickets-for-budapest-card-free-entrance-to-szt-lukacs-thermal-bath-and-pool-p974576\/?partner=budapestcard\" rel=\"nofollow noopener\" target=\"_blank\">Budapest Card<\/a><\/th><\/tr><tr><td>Hauptfokus<\/td><td>Ausgew\u00e4hlte Sehensw\u00fcrdigkeiten mit gef\u00fchrten Erlebnissen<\/td><td>Kostenloser oder verg\u00fcnstigter Eintritt in viele Museen und B\u00e4der<\/td><\/tr><tr><td>Was enthalten ist<\/td><td>Sz\u00e9chenyi Thermalbad, Budapest Donau-Flusskreuzfahrten<\/td><td>St.-Stephans-Basilika, Luk\u00e1cs-Thermalbad, 30+ Museen &#038; Attraktionen<\/td><\/tr><tr><td>Audio-Guide-App<\/td><td>\u2713<\/td><td> <\/td><\/tr><tr><td>Kostenlose \u00f6ffentliche Verkehrsmittel<\/td><td><\/td><td>\u2713<\/td><\/tr><tr><td>Zus\u00e4tzliche Rabatte<\/td><td>10 % Rabatt auf andere Budapest-Attraktionen<\/td><td>Rabatte in ausgew\u00e4hlten Restaurants, Museen und Spas. <a href=\"https:\/\/www.budapestcard.org\/de\/ermaessigungen\/\" rel=\"nofollow\" target=\"_blank\">Hier pr\u00fcfen \u00bb<\/a><\/td><\/tr><tr><td>Gesch\u00e4tzte Ersparnis<\/td><td>Bis zu 10 % sparen im Vergleich zur Einzelbuchung<\/td><td>10\u201350 % sparen bei Restaurants, Attraktionen, Touren, B\u00e4dern und mehr<\/td><\/tr><\/table><\/div>\n\n\n<h3 class=\"wp-block-heading\">Holen Sie sich den Budapest Pass, wenn Sie:<\/h3>\n\n\n\n<ul class=\"wp-block-list\">\n<li>Eine gef\u00fchrte Tour mit bereits f\u00fcr Sie ausgew\u00e4hlten Highlights w\u00fcnschen<\/li>\n\n\n\n<li>Gro\u00dfe Attraktionen wie das Sz\u00e9chenyi-Bad und eine Donaukreuzfahrt bevorzugen<\/li>\n\n\n\n<li>Nicht selbst recherchieren m\u00f6chten, da der Pass die Planung f\u00fcr Sie \u00fcbernimmt<\/li>\n<\/ul>\n\n\n\n<p><a href=\"https:\/\/www.tiqets.com\/de\/things-to-do-in-budapest-c68199\/budapest-pass-p1013746\/?partner=budapestcard\" rel=\"nofollow noopener\"><strong>Verf\u00fcgbarkeit pr\u00fcfen \u00bb<\/strong><\/a><\/p>\n\n\n\n<h3 class=\"wp-block-heading\">Holen Sie sich die Budapest Card, wenn Sie:<\/h3>\n\n\n\n<ul class=\"wp-block-list\">\n<li>Gerne viele Museen und historische St\u00e4tten besuchen (insbesondere, wenn Sie bereits wissen, was Sie sehen m\u00f6chten)<\/li>\n\n\n\n<li>Die Stadt in Ihrem eigenen Tempo erkunden und aus einer gr\u00f6\u00dferen Auswahl an kleineren Attraktionen w\u00e4hlen m\u00f6chten<\/li>\n\n\n\n<li>Ein knapperes Budget haben und mehr Flexibilit\u00e4t w\u00fcnschen<\/li>\n<\/ul>\n\n\n\n<p><a href=\"https:\/\/www.tiqets.com\/de\/things-to-do-in-budapest-c68199\/tickets-for-budapest-card-free-entrance-to-szt-lukacs-thermal-bath-and-pool-p974576\/?partner=budapestcard\" rel=\"nofollow noopener\"><strong>Verf\u00fcgbarkeit pr\u00fcfen \u00bb<\/strong><\/a><\/p>\n\n\n\n<h2 class=\"wp-block-heading\">H\u00e4ufig gestellte Fragen<\/h2>\n\n\n\n<div class=\"ms-accordion ms-mb-block\">\n<div class=\"ms-accordion__item\">\n<div class=\"ms-accordion__header\">\n<h3 class=\"gb-text\">Kann ich die Sprache der gef\u00fchrten Touren w\u00e4hlen?<\/h3>\n<\/div>\n\n\n\n<div class=\"ms-accordion__body\">\n<p class=\"gb-text\">Die meisten gef\u00fchrten Touren (Stadtrundfahrt, Ungarisches Parlament, P\u00e1linka-Museum) werden auf Englisch angeboten, einige sind jedoch auch in anderen Sprachen verf\u00fcgbar. Bitte \u00fcberpr\u00fcfen Sie die Verf\u00fcgbarkeit bei der Buchung.<\/p>\n<\/div>\n<\/div>\n\n\n\n<div class=\"ms-accordion__item\">\n<div class=\"ms-accordion__header\">\n<h3 class=\"gb-text\">Wie l\u00f6se ich den Pass ein oder hole ihn ab?<\/h3>\n<\/div>\n\n\n\n<div class=\"ms-accordion__body\">\n<p class=\"gb-text\">Sie erhalten die digitalen Tickets direkt nach dem Kauf per E-Mail.<\/p>\n<\/div>\n<\/div>\n\n\n\n<div class=\"ms-accordion__item\">\n<div class=\"ms-accordion__header\">\n<h3 class=\"gb-text\">Kann ich den Pass mit jemand anderem teilen?<\/h3>\n<\/div>\n\n\n\n<div class=\"ms-accordion__body\">\n<p class=\"gb-text\">Nein. Der Budapest Pass ist pers\u00f6nlich und nicht \u00fcbertragbar. Sie m\u00fcssen an jeder Sehensw\u00fcrdigkeit Ihr eigenes Ticket (und in einigen F\u00e4llen Ihren Ausweis) vorzeigen.<\/p>\n<\/div>\n<\/div>\n\n\n\n<div class=\"ms-accordion__item\">\n<div class=\"ms-accordion__header\">\n<h3 class=\"gb-text\">Wie funktioniert der 10 %-Rabattcode?<\/h3>\n<\/div>\n\n\n\n<div class=\"ms-accordion__body\">\n<p class=\"gb-text\">Nach der Buchung erhalten Sie per E-Mail einen pers\u00f6nlichen Code. Sie k\u00f6nnen ihn bis zu f\u00fcnf Mal f\u00fcr zus\u00e4tzliche Attraktionen oder Erlebnisse in Budapest \u00fcber Tiqets verwenden. Der Code ist nur f\u00fcr einen begrenzten Zeitraum g\u00fcltig, \u00fcberpr\u00fcfen Sie daher das Ablaufdatum.<\/p>\n<\/div>\n<\/div>\n<\/div>\n","protected":false},"excerpt":{"rendered":"","protected":false},"author":4,"featured_media":858,"parent":0,"menu_order":0,"comment_status":"closed","ping_status":"closed","template":"","meta":{"_acf_changed":false,"footnotes":"","button_url":"https:\/\/www.tiqets.com\/de\/things-to-do-in-budapest-c68199\/budapest-pass-p1013746\/?partner=budapestcard","ms_product_id":"1013746","ms_product_name":"Budapest Pass","ms_price":"69","ms_currency":"EUR","ms_rating_value":"4","ms_review_count":"12","rank_math_title":"Der Budapest Pass - Tickets, Preise und Infos","rank_math_description":"Erleben Sie Budapest mit dem Budapest Pass: Eintritt zur Sz\u00e9chenyi-Therme, Donaukreuzfahrt, gef\u00fchrte Parlamentsbesichtigung, Nahverkehr & Rabatte, alles in einem Ticket!"},"post-style":[],"producer":[],"class_list":["post-855","page","type-page","status-publish","has-post-thumbnail"],"acf":[],"product_schema":{"ms_product_id":"1013746","ms_product_name":"Budapest Pass","ms_price":"69","ms_currency":"EUR","ms_rating_value":"4","ms_review_count":"12"},"_links":{"self":[{"href":"https:\/\/www.budapestcard.org\/de\/wp-json\/wp\/v2\/pages\/855","targetHints":{"allow":["GET"]}}],"collection":[{"href":"https:\/\/www.budapestcard.org\/de\/wp-json\/wp\/v2\/pages"}],"about":[{"href":"https:\/\/www.budapestcard.org\/de\/wp-json\/wp\/v2\/types\/page"}],"author":[{"embeddable":true,"href":"https:\/\/www.budapestcard.org\/de\/wp-json\/wp\/v2\/users\/4"}],"replies":[{"embeddable":true,"href":"https:\/\/www.budapestcard.org\/de\/wp-json\/wp\/v2\/comments?post=855"}],"version-history":[{"count":3,"href":"https:\/\/www.budapestcard.org\/de\/wp-json\/wp\/v2\/pages\/855\/revisions"}],"predecessor-version":[{"id":910,"href":"https:\/\/www.budapestcard.org\/de\/wp-json\/wp\/v2\/pages\/855\/revisions\/910"}],"wp:featuredmedia":[{"embeddable":true,"href":"https:\/\/www.budapestcard.org\/de\/wp-json\/wp\/v2\/media\/858"}],"wp:attachment":[{"href":"https:\/\/www.budapestcard.org\/de\/wp-json\/wp\/v2\/media?parent=855"}],"wp:term":[{"taxonomy":"post-style","embeddable":true,"href":"https:\/\/www.budapestcard.org\/de\/wp-json\/wp\/v2\/post-style?post=855"},{"taxonomy":"producer","embeddable":true,"href":"https:\/\/www.budapestcard.org\/de\/wp-json\/wp\/v2\/producer?post=855"}],"curies":[{"name":"wp","href":"https:\/\/api.w.org\/{rel}","templated":true}]}}