{"id":27,"date":"2016-10-21T17:31:30","date_gmt":"2016-10-21T15:31:30","guid":{"rendered":"https:\/\/www.budapestcard.org\/el\/?page_id=27"},"modified":"2026-03-29T06:49:31","modified_gmt":"2026-03-29T04:49:31","slug":"prices","status":"publish","type":"page","link":"https:\/\/www.budapestcard.org\/el\/prices\/","title":{"rendered":"\u03a4\u03b9\u03bc\u03ad\u03c2 \u03c4\u03b7\u03c2 \u03ba\u03ac\u03c1\u03c4\u03b1\u03c2 Budapest Card"},"content":{"rendered":"\n<p>\u0397 Budapest Card \u03b5\u03af\u03bd\u03b1\u03b9 \u03ad\u03bd\u03b1 \u03b1\u03c0\u03cc \u03c4\u03b1 \u03ba\u03b1\u03bb\u03cd\u03c4\u03b5\u03c1\u03b1 \u03b5\u03c1\u03b3\u03b1\u03bb\u03b5\u03af\u03b1 \u03b3\u03b9\u03b1 \u03bd\u03b1 \u03b1\u03bd\u03b1\u03ba\u03b1\u03bb\u03cd\u03c8\u03b5\u03c4\u03b5 \u03cc\u03bb\u03b1 \u03cc\u03c3\u03b1 \u03ad\u03c7\u03b5\u03b9 \u03bd\u03b1 \u03c0\u03c1\u03bf\u03c3\u03c6\u03ad\u03c1\u03b5\u03b9 \u03b7 \u0392\u03bf\u03c5\u03b4\u03b1\u03c0\u03ad\u03c3\u03c4\u03b7. \u03a0\u03bf\u03b9\u03b1 \u03b5\u03c0\u03b9\u03bb\u03bf\u03b3\u03ae \u03ba\u03ac\u03c1\u03c4\u03b1\u03c2 \u03b5\u03af\u03bd\u03b1\u03b9 \u03cc\u03bc\u03c9\u03c2 \u03b7 \u03ba\u03b1\u03bb\u03cd\u03c4\u03b5\u03c1\u03b7 \u03b3\u03b9\u03b1 \u03b5\u03c3\u03ac\u03c2;<\/p>\n\n\n\n<p>\u0397 Budapest Card \u03b4\u03b9\u03b1\u03c4\u03af\u03b8\u03b5\u03c4\u03b1\u03b9 \u03c3\u03b5 \u03c0\u03ad\u03bd\u03c4\u03b5 \u03b4\u03b9\u03b1\u03c6\u03bf\u03c1\u03b5\u03c4\u03b9\u03ba\u03ad\u03c2 \u03b4\u03b9\u03ac\u03c1\u03ba\u03b5\u03b9\u03b5\u03c2: <strong>24<\/strong>, <strong>48<\/strong>, <strong>72<\/strong>, <strong>96 <\/strong>\u03ba\u03b1\u03b9 <strong>120 <\/strong>\u03ce\u03c1\u03b5\u03c2. \u039a\u03ac\u03b8\u03b5 \u03ba\u03ac\u03c1\u03c4\u03b1 \u03b9\u03c3\u03c7\u03cd\u03b5\u03b9 \u03b3\u03b9\u03b1 \u03c4\u03bf \u03c7\u03c1\u03bf\u03bd\u03b9\u03ba\u03cc \u03b4\u03b9\u03ac\u03c3\u03c4\u03b7\u03bc\u03b1 \u03c0\u03bf\u03c5 \u03b1\u03bd\u03b1\u03b3\u03c1\u03ac\u03c6\u03b5\u03c4\u03b1\u03b9 \u03c0\u03ac\u03bd\u03c9 \u03c4\u03b7\u03c2, \u03bc\u03b5\u03c4\u03c1\u03ce\u03bd\u03c4\u03b1\u03c2 \u03b1\u03c0\u03cc \u03c4\u03b7\u03bd \u03c0\u03c1\u03ce\u03c4\u03b7 \u03c7\u03c1\u03ae\u03c3\u03b7. \u0397 \u03ba\u03ac\u03c1\u03c4\u03b1 \u03b5\u03bd\u03b5\u03c1\u03b3\u03bf\u03c0\u03bf\u03b9\u03b5\u03af\u03c4\u03b1\u03b9 \u03bc\u03cc\u03bd\u03bf \u03cc\u03c4\u03b1\u03bd \u03c4\u03b7 \u03c7\u03c1\u03b7\u03c3\u03b9\u03bc\u03bf\u03c0\u03bf\u03b9\u03ae\u03c3\u03b5\u03b9\u03c2, \u03bf\u03c0\u03cc\u03c4\u03b5 \u03bc\u03c0\u03bf\u03c1\u03b5\u03af\u03c2 \u03bd\u03b1 \u03c4\u03b7\u03bd \u03b1\u03b3\u03bf\u03c1\u03ac\u03c3\u03b5\u03b9\u03c2 \u03b5\u03cd\u03ba\u03bf\u03bb\u03b1 \u03c0\u03c1\u03b9\u03bd \u03c4\u03bf \u03c4\u03b1\u03be\u03af\u03b4\u03b9 \u03c3\u03bf\u03c5. \u0399\u03c3\u03c7\u03cd\u03b5\u03b9 \u03bc\u03ad\u03c7\u03c1\u03b9 \u03c4\u03bf \u03c4\u03ad\u03bb\u03bf\u03c2 \u03c4\u03b7\u03c2 \u03c4\u03c1\u03ad\u03c7\u03bf\u03c5\u03c3\u03b1\u03c2 \u03c3\u03b5\u03b6\u03cc\u03bd, \u03b4\u03b7\u03bb\u03b1\u03b4\u03ae \u03ad\u03c9\u03c2 \u03c4\u03b9\u03c2 30 \u0391\u03c0\u03c1\u03b9\u03bb\u03af\u03bf\u03c5 2026. \u0391\u03b3\u03cc\u03c1\u03b1\u03c3\u03ad \u03c4\u03b7\u03bd \u03bd\u03c9\u03c1\u03af\u03c2 \u03ba\u03b1\u03b9 \u03ba\u03ad\u03c1\u03b4\u03b9\u03c3\u03b5!<\/p>\n\n\n\n<h3 class=\"wp-block-heading\">\u03a0\u03af\u03bd\u03b1\u03ba\u03b1\u03c2 \u03c4\u03b9\u03bc\u03ce\u03bd<\/h3>\n\n\n<div class=\"ms-table frozenColumn\"><table><tr><th>\u0395\u03bd\u03ae\u03bb\u03b9\u03ba\u03b5\u03c2<\/th><th>Normal Price<\/th><\/tr><tr><td>24 \u038f\u03c1\u03b5\u03c2<\/td><td>\u20ac50,00 (\u20ac50,00 \u03b1\u03bd\u03ac \u03b7\u03bc\u03ad\u03c1\u03b1)<\/td><\/tr><tr><td>48 \u03ce\u03c1\u03b5\u03c2<\/td><td>\u20ac65,00 (\u20ac32,50 \u03b1\u03bd\u03ac \u03b7\u03bc\u03ad\u03c1\u03b1)<\/td><\/tr><tr><td>72 \u03ce\u03c1\u03b5\u03c2<\/td><td>\u20ac83,00 (\u20ac27,67 \u03b1\u03bd\u03ac \u03b7\u03bc\u03ad\u03c1\u03b1)<\/td><\/tr><tr><td>96 \u03ce\u03c1\u03b5\u03c2<\/td><td>\u20ac104,00 (\u20ac26,00 \u03b1\u03bd\u03ac \u03b7\u03bc\u03ad\u03c1\u03b1)<\/td><\/tr><tr><td>120 \u03ce\u03c1\u03b5\u03c2<\/td><td>\u20ac116,00 (\u20ac23,20 \u03b1\u03bd\u03ac \u03b7\u03bc\u03ad\u03c1\u03b1)<\/td><\/tr><\/table><\/div>\n\n\n<p><strong>\u03a3\u03b7\u03bc\u03b5\u03af\u03c9\u03c3\u03b7:<\/strong> \u039a\u03ac\u03b8\u03b5 \u03ba\u03ac\u03c1\u03c4\u03b1 \u03b9\u03c3\u03c7\u03cd\u03b5\u03b9 \u03b3\u03b9\u03b1 \u03ad\u03bd\u03b1\u03bd \u03b5\u03bd\u03ae\u03bb\u03b9\u03ba\u03b1 \u03ba\u03b1\u03b9 \u03ad\u03bd\u03b1 \u03c0\u03b1\u03b9\u03b4\u03af \u03ad\u03c9\u03c2 \u03ad\u03be\u03b9 \u03b5\u03c4\u03ce\u03bd \u03c0\u03bf\u03c5 \u03c4\u03b1\u03be\u03b9\u03b4\u03b5\u03cd\u03b5\u03b9 \u03bc\u03b1\u03b6\u03af \u03c4\u03bf\u03c5.<\/p>\n\n\n\n<p>\u0393\u03b9\u03b1 \u03bd\u03b1 \u03b1\u03c0\u03bf\u03c6\u03b1\u03c3\u03af\u03c3\u03b5\u03c4\u03b5 \u03b1\u03bd \u03b7 Budapest Card \u03b1\u03be\u03af\u03b6\u03b5\u03b9 \u03b3\u03b9\u03b1 \u03b5\u03c3\u03ac\u03c2, \u03ba\u03ac\u03bd\u03c4\u03b5 \u03c3\u03c4\u03bf\u03bd \u03b5\u03b1\u03c5\u03c4\u03cc \u03c3\u03b1\u03c2 \u03c4\u03b9\u03c2 \u03b5\u03be\u03ae\u03c2 \u03c4\u03c1\u03b5\u03b9\u03c2 \u03b5\u03c1\u03c9\u03c4\u03ae\u03c3\u03b5\u03b9\u03c2:<\/p>\n\n\n\n<ol class=\"wp-block-list\">\n<li>\u03a0\u03cc\u03c3\u03bf \u03ba\u03b1\u03b9\u03c1\u03cc \u03b8\u03b1 \u03bc\u03b5\u03af\u03bd\u03c9 \u03c3\u03c4\u03b7 \u0392\u03bf\u03c5\u03b4\u03b1\u03c0\u03ad\u03c3\u03c4\u03b7;<\/li>\n\n\n\n<li>\u03a0\u03cc\u03c3\u03b1 \u03c0\u03c1\u03ac\u03b3\u03bc\u03b1\u03c4\u03b1 \u03b8\u03ad\u03bb\u03c9 \u03bd\u03b1 \u03b4\u03c9 \u03cc\u03c3\u03bf \u03b8\u03b1 \u03b5\u03af\u03bc\u03b1\u03b9 \u03b5\u03ba\u03b5\u03af;<\/li>\n\n\n\n<li>\u03a0\u03cc\u03c3\u03b1 \u03c7\u03c1\u03ae\u03bc\u03b1\u03c4\u03b1 \u03b8\u03ad\u03bb\u03c9 \u03bd\u03b1 \u03b5\u03be\u03bf\u03b9\u03ba\u03bf\u03bd\u03bf\u03bc\u03ae\u03c3\u03c9;<\/li>\n<\/ol>\n\n\n\n<p>\u0395\u03c0\u03b9\u03c3\u03ba\u03ad\u03c0\u03c4\u03b5\u03c3\u03c4\u03b5 \u03c4\u03b7 \u0392\u03bf\u03c5\u03b4\u03b1\u03c0\u03ad\u03c3\u03c4\u03b7 \u03b3\u03b9\u03b1 \u03bc\u03af\u03b1 \u03bc\u03cc\u03bd\u03bf \u03b7\u03bc\u03ad\u03c1\u03b1, \u03b3\u03b9\u03b1 \u03bd\u03b1 \u03b4\u03bf\u03ba\u03b9\u03bc\u03ac\u03c3\u03b5\u03c4\u03b5 \u03c4\u03b1 \u03b4\u03b9\u03ac\u03c3\u03b7\u03bc\u03b1 \u03bf\u03c5\u03b3\u03b3\u03c1\u03b9\u03ba\u03ac \u03b3\u03bb\u03c5\u03ba\u03ac Moln\u00e1r\u2019s K\u00fcrt\u0151skal\u00e1cs \u03ae \u03b3\u03b9\u03b1 \u03bd\u03b1 \u03c7\u03b1\u03bb\u03b1\u03c1\u03ce\u03c3\u03b5\u03c4\u03b5 \u03c3\u03c4\u03b1 \u03b9\u03b1\u03bc\u03b1\u03c4\u03b9\u03ba\u03ac \u03bb\u03bf\u03c5\u03c4\u03c1\u03ac \u03c4\u03bf\u03c5 \u039b\u03bf\u03c5\u03c4\u03c1\u03cc \u03ba\u03b1\u03b9 \u03a0\u03b9\u03c3\u03af\u03bd\u03b1 Luk\u00e1cs; \u03a3\u03b5 \u03b1\u03c5\u03c4\u03ae \u03c4\u03b7\u03bd \u03c0\u03b5\u03c1\u03af\u03c0\u03c4\u03c9\u03c3\u03b7, \u03b7 24\u03c9\u03c1\u03b7 \u03ba\u03ac\u03c1\u03c4\u03b1 \u03bc\u03c0\u03bf\u03c1\u03b5\u03af \u03bd\u03b1 \u03b5\u03af\u03bd\u03b1\u03b9 \u03b7 \u03ba\u03b1\u03bb\u03cd\u03c4\u03b5\u03c1\u03b7 \u03b5\u03c0\u03b9\u03bb\u03bf\u03b3\u03ae. \u0391\u03bd \u03bc\u03b5\u03af\u03bd\u03b5\u03c4\u03b5 \u03c0\u03b5\u03c1\u03b9\u03c3\u03c3\u03cc\u03c4\u03b5\u03c1\u03bf \u03ae \u03b8\u03ad\u03bb\u03b5\u03c4\u03b5 \u03bd\u03b1 \u03b1\u03c0\u03bf\u03bb\u03b1\u03cd\u03c3\u03b5\u03c4\u03b5 \u03ba\u03ac\u03c4\u03b9 \u03c0\u03b5\u03c1\u03b9\u03c3\u03c3\u03cc\u03c4\u03b5\u03c1\u03bf \u03b1\u03c0\u03cc \u03ad\u03bd\u03b1 \u03b3\u03bb\u03c5\u03ba\u03cc \u03ba\u03b1\u03b9 \u03ad\u03bd\u03b1 \u03c7\u03b1\u03bb\u03b1\u03c1\u03c9\u03c4\u03b9\u03ba\u03cc \u03bc\u03c0\u03ac\u03bd\u03b9\u03bf, \u03c3\u03ba\u03b5\u03c6\u03c4\u03b5\u03af\u03c4\u03b5 \u03c4\u03b7\u03bd \u03b1\u03b3\u03bf\u03c1\u03ac \u03bc\u03b9\u03b1\u03c2 \u03ba\u03ac\u03c1\u03c4\u03b1\u03c2 48, 72, 96 \u03ae 120 \u03c9\u03c1\u03ce\u03bd.<\/p>\n\n\n<div class=\"gb-container gb-container-bc0d9ca1 ms-alert--primary ms-p ms-rounded ms-mb-last-child-0 ms-mb-children-condensed ms-mb-block\">\n\n<p>\u039f\u03b9 \u03ba\u03ac\u03c1\u03c4\u03b5\u03c2 \u03bc\u03b5\u03b3\u03b1\u03bb\u03cd\u03c4\u03b5\u03c1\u03b7\u03c2 \u03b4\u03b9\u03ac\u03c1\u03ba\u03b5\u03b9\u03b1\u03c2 \u03ad\u03c7\u03bf\u03c5\u03bd \u03b5\u03be\u03b1\u03b9\u03c1\u03b5\u03c4\u03b9\u03ba\u03ae \u03c3\u03c7\u03ad\u03c3\u03b7 \u03c0\u03bf\u03b9\u03cc\u03c4\u03b7\u03c4\u03b1\u03c2-\u03c4\u03b9\u03bc\u03ae\u03c2, \u03b5\u03b9\u03b4\u03b9\u03ba\u03ac \u03b7 120\u03c9\u03c1\u03b7 \u03ba\u03ac\u03c1\u03c4\u03b1, \u03b7 \u03bf\u03c0\u03bf\u03af\u03b1 \u03ba\u03bf\u03c3\u03c4\u03af\u03b6\u03b5\u03b9 \u03bc\u03cc\u03bb\u03b9\u03c2 \u20ac23,20 \u03c4\u03b7\u03bd \u03b7\u03bc\u03ad\u03c1\u03b1.<\/p>\n\n<\/div>\n\n\n<p>\u0397 Budapest Card \u03c3\u03ac\u03c2 \u03b4\u03af\u03bd\u03b5\u03b9 \u03c4\u03b1 \u03ba\u03bb\u03b5\u03b9\u03b4\u03b9\u03ac \u03c4\u03b7\u03c2 \u03c0\u03cc\u03bb\u03b7\u03c2. \u0394\u03b5\u03ba\u03ac\u03b4\u03b5\u03c2 \u03bc\u03c0\u03b1\u03c1, \u03b5\u03c3\u03c4\u03b9\u03b1\u03c4\u03cc\u03c1\u03b9\u03b1, \u03c3\u03c0\u03b1, \u03bc\u03bf\u03c5\u03c3\u03b5\u03af\u03b1 \u03ba\u03b1\u03b9 \u03ac\u03bb\u03bb\u03b1 \u03bc\u03ad\u03c1\u03b7 \u03c0\u03c1\u03bf\u03c3\u03c6\u03ad\u03c1\u03bf\u03c5\u03bd \u03c4\u03b5\u03c1\u03ac\u03c3\u03c4\u03b9\u03b5\u03c2 \u03b5\u03ba\u03c0\u03c4\u03ce\u03c3\u03b5\u03b9\u03c2 \u03c3\u03c4\u03b7\u03bd \u03b5\u03af\u03c3\u03bf\u03b4\u03bf, \u03c4\u03b9\u03c2 \u03c5\u03c0\u03b7\u03c1\u03b5\u03c3\u03af\u03b5\u03c2 \u03ae \u03c4\u03b9\u03c2 \u03b1\u03b3\u03bf\u03c1\u03ad\u03c2. \u039c\u03c0\u03bf\u03c1\u03b5\u03af\u03c4\u03b5 \u03bd\u03b1 \u03c7\u03c1\u03b7\u03c3\u03b9\u03bc\u03bf\u03c0\u03bf\u03b9\u03ae\u03c3\u03b5\u03c4\u03b5 \u03b4\u03c9\u03c1\u03b5\u03ac\u03bd \u03c4\u03b1 \u03bc\u03ad\u03c3\u03b1 \u03bc\u03b1\u03b6\u03b9\u03ba\u03ae\u03c2 \u03bc\u03b5\u03c4\u03b1\u03c6\u03bf\u03c1\u03ac\u03c2, \u03bd\u03b1 \u03b1\u03c0\u03bf\u03bb\u03b1\u03cd\u03c3\u03b5\u03c4\u03b5 \u03b4\u03c9\u03c1\u03b5\u03ac\u03bd \u03c0\u03b5\u03c1\u03b9\u03b7\u03b3\u03ae\u03c3\u03b5\u03b9\u03c2 \u03bc\u03b5 \u03c4\u03b1 \u03c0\u03cc\u03b4\u03b9\u03b1 \u03ba\u03b1\u03b9 \u03b4\u03c9\u03c1\u03b5\u03ac\u03bd \u03ba\u03c1\u03bf\u03c5\u03b1\u03b6\u03b9\u03ad\u03c1\u03b5\u03c2 \u03c3\u03c4\u03bf\u03bd \u03c0\u03bf\u03c4\u03b1\u03bc\u03cc \u03ae \u03bd\u03b1 \u03b5\u03c0\u03b9\u03c3\u03ba\u03b5\u03c6\u03b8\u03b5\u03af\u03c4\u03b5 \u03b4\u03c9\u03c1\u03b5\u03ac\u03bd \u03c4\u03b1 \u03b9\u03b1\u03bc\u03b1\u03c4\u03b9\u03ba\u03ac \u03bb\u03bf\u03c5\u03c4\u03c1\u03ac Luk\u00e1cs. \u039f\u03b9 \u03b4\u03c5\u03bd\u03b1\u03c4\u03cc\u03c4\u03b7\u03c4\u03b5\u03c2 \u03b5\u03af\u03bd\u03b1\u03b9 \u03b1\u03c0\u03b5\u03c1\u03b9\u03cc\u03c1\u03b9\u03c3\u03c4\u03b5\u03c2.<\/p>\n\n\n\n<p>\u0393\u03b9\u03b1 \u03c0\u03b5\u03c1\u03b9\u03c3\u03c3\u03cc\u03c4\u03b5\u03c1\u03b5\u03c2 \u03c0\u03bb\u03b7\u03c1\u03bf\u03c6\u03bf\u03c1\u03af\u03b5\u03c2, \u03b4\u03b5\u03af\u03c4\u03b5 \u03c4\u03b7 \u03c3\u03b5\u03bb\u03af\u03b4\u03b1 <a href=\"https:\/\/www.budapestcard.org\/el\/discounts\/\" target=\"_blank\" rel=\"noreferrer noopener\">\u0395\u03ba\u03c0\u03c4\u03ce\u03c3\u03b5\u03b9\u03c2<\/a>, \u03b3\u03b9\u03b1 \u03bd\u03b1 \u03b5\u03bd\u03b7\u03bc\u03b5\u03c1\u03c9\u03b8\u03b5\u03af\u03c4\u03b5 \u03b3\u03b9\u03b1 \u03cc\u03bb\u03b5\u03c2 \u03c4\u03b9\u03c2 \u03b5\u03ba\u03c0\u03bb\u03b7\u03ba\u03c4\u03b9\u03ba\u03ad\u03c2 \u03b5\u03ba\u03c0\u03c4\u03ce\u03c3\u03b5\u03b9\u03c2 \u03c0\u03bf\u03c5 \u03bc\u03c0\u03bf\u03c1\u03b5\u03af\u03c4\u03b5 \u03bd\u03b1 \u03b1\u03c0\u03bf\u03bb\u03b1\u03cd\u03c3\u03b5\u03c4\u03b5 \u03bc\u03b5 \u03c4\u03b7\u03bd Budapest Card.<\/p>\n\n\n\n<p><\/p>\n","protected":false},"excerpt":{"rendered":"","protected":false},"author":1,"featured_media":0,"parent":0,"menu_order":4,"comment_status":"closed","ping_status":"closed","template":"","meta":{"_acf_changed":false,"footnotes":""},"post-style":[],"producer":[],"class_list":["post-27","page","type-page","status-publish"],"acf":[],"_links":{"self":[{"href":"https:\/\/www.budapestcard.org\/el\/wp-json\/wp\/v2\/pages\/27","targetHints":{"allow":["GET"]}}],"collection":[{"href":"https:\/\/www.budapestcard.org\/el\/wp-json\/wp\/v2\/pages"}],"about":[{"href":"https:\/\/www.budapestcard.org\/el\/wp-json\/wp\/v2\/types\/page"}],"author":[{"embeddable":true,"href":"https:\/\/www.budapestcard.org\/el\/wp-json\/wp\/v2\/users\/1"}],"replies":[{"embeddable":true,"href":"https:\/\/www.budapestcard.org\/el\/wp-json\/wp\/v2\/comments?post=27"}],"version-history":[{"count":3,"href":"https:\/\/www.budapestcard.org\/el\/wp-json\/wp\/v2\/pages\/27\/revisions"}],"predecessor-version":[{"id":1043,"href":"https:\/\/www.budapestcard.org\/el\/wp-json\/wp\/v2\/pages\/27\/revisions\/1043"}],"wp:attachment":[{"href":"https:\/\/www.budapestcard.org\/el\/wp-json\/wp\/v2\/media?parent=27"}],"wp:term":[{"taxonomy":"post-style","embeddable":true,"href":"https:\/\/www.budapestcard.org\/el\/wp-json\/wp\/v2\/post-style?post=27"},{"taxonomy":"producer","embeddable":true,"href":"https:\/\/www.budapestcard.org\/el\/wp-json\/wp\/v2\/producer?post=27"}],"curies":[{"name":"wp","href":"https:\/\/api.w.org\/{rel}","templated":true}]}}