{"id":681,"date":"2024-10-22T13:11:57","date_gmt":"2024-10-22T11:11:57","guid":{"rendered":"https:\/\/www.budapestcard.org\/el\/?page_id=681"},"modified":"2025-09-25T21:33:53","modified_gmt":"2025-09-25T19:33:53","slug":"contact","status":"publish","type":"page","link":"https:\/\/www.budapestcard.org\/el\/contact\/","title":{"rendered":"\u0395\u03c0\u03b9\u03ba\u03bf\u03b9\u03bd\u03c9\u03bd\u03af\u03b1"},"content":{"rendered":"\n<h3 class=\"wp-block-heading\">\u0395\u03c1\u03c9\u03c4\u03ae\u03c3\u03b5\u03b9\u03c2 \u03b3\u03b9\u03b1 \u03b5\u03b9\u03c3\u03b9\u03c4\u03ae\u03c1\u03b9\u03b1<\/h3>\n\n\n\n<p>\u0393\u03b9\u03b1 \u03bf\u03c0\u03bf\u03b9\u03b1\u03b4\u03ae\u03c0\u03bf\u03c4\u03b5 \u03b1\u03c0\u03bf\u03c1\u03af\u03b1 \u03c3\u03c7\u03b5\u03c4\u03b9\u03ba\u03ac \u03bc\u03b5 \u03c4\u03b1 \u03b5\u03b9\u03c3\u03b9\u03c4\u03ae\u03c1\u03b9\u03b1 \u03ae \u03c4\u03b7\u03bd \u03c5\u03c0\u03ac\u03c1\u03c7\u03bf\u03c5\u03c3\u03b1 \u03ba\u03c1\u03ac\u03c4\u03b7\u03c3\u03ae \u03c3\u03b1\u03c2, \u03c0\u03b1\u03c1\u03b1\u03ba\u03b1\u03bb\u03bf\u03cd\u03bc\u03b5 \u03b5\u03c0\u03b9\u03ba\u03bf\u03b9\u03bd\u03c9\u03bd\u03ae\u03c3\u03c4\u03b5 \u03bc\u03b5 \u03c4\u03bf\u03bd \u03c3\u03c5\u03bd\u03b5\u03c1\u03b3\u03ac\u03c4\u03b7 \u03bc\u03b1\u03c2 \u03b3\u03b9\u03b1 \u03c4\u03b1 \u03b5\u03b9\u03c3\u03b9\u03c4\u03ae\u03c1\u03b9\u03b1:<\/p>\n\n\n\n<ul class=\"wp-block-list\">\n<li>Email:&nbsp;<a href=\"mailto:info@ticketbar.eu\">info@ticketbar.eu<\/a><\/li>\n\n\n\n<li>\u03a4\u03b7\u03bb\u03ad\u03c6\u03c9\u03bd\u03bf: +44 2035142614<\/li>\n<\/ul>\n\n\n\n<hr class=\"wp-block-separator has-alpha-channel-opacity\"\/>\n\n\n\n<h3 class=\"wp-block-heading\">\u03a4\u03bf\u03c5\u03c1\u03b9\u03c3\u03c4\u03b9\u03ba\u03ad\u03c2 \u03c0\u03bb\u03b7\u03c1\u03bf\u03c6\u03bf\u03c1\u03af\u03b5\u03c2<\/h3>\n\n\n\n<h4 class=\"wp-block-heading\"><strong>\u0393\u03c1\u03b1\u03c6\u03b5\u03af\u03bf \u03a4\u03bf\u03c5\u03c1\u03b9\u03c3\u03c4\u03b9\u03ba\u03ce\u03bd \u03a0\u03bb\u03b7\u03c1\u03bf\u03c6\u03bf\u03c1\u03b9\u03ce\u03bd Budapestinfo<\/strong><\/h4>\n\n\n\n<p>\u0393\u03b9\u03b1 \u03bf\u03c0\u03bf\u03b9\u03b1\u03b4\u03ae\u03c0\u03bf\u03c4\u03b5 \u03b5\u03c1\u03ce\u03c4\u03b7\u03c3\u03b7 \u03c3\u03c7\u03b5\u03c4\u03b9\u03ba\u03ac \u03bc\u03b5 \u03c4\u03bf\u03bd \u03c4\u03bf\u03c5\u03c1\u03b9\u03c3\u03bc\u03cc \u03c3\u03c4\u03b7 \u0392\u03bf\u03c5\u03b4\u03b1\u03c0\u03ad\u03c3\u03c4\u03b7 \u03ba\u03b1\u03b9 \u03c4\u03b7\u03bd \u039f\u03c5\u03b3\u03b3\u03b1\u03c1\u03af\u03b1, \u03cc\u03c0\u03c9\u03c2 \u03c7\u03ac\u03c1\u03c4\u03b5\u03c2, \u03bf\u03b4\u03b7\u03b3\u03bf\u03cd\u03c2 \u03ba\u03b1\u03b9 \u03c3\u03c5\u03bc\u03b2\u03bf\u03c5\u03bb\u03ad\u03c2 \u03b3\u03b9\u03b1 \u03b1\u03be\u03b9\u03bf\u03b8\u03ad\u03b1\u03c4\u03b1 \u03ba\u03b1\u03b9 \u03b5\u03ba\u03b4\u03b7\u03bb\u03ce\u03c3\u03b5\u03b9\u03c2:<\/p>\n\n\n\n<ul class=\"wp-block-list\">\n<li>\u0394\u03b9\u03b5\u03cd\u03b8\u03c5\u03bd\u03c3\u03b7: 1052 V\u00e1rosh\u00e1za park, \u03b3\u03c9\u03bd\u03af\u03b1 K\u00e1roly k\u00f6r\u00fat \u2013 B\u00e1rczy Istv\u00e1n Street (\u03c0\u03bb\u03b1\u03c4\u03b5\u03af\u03b1 De\u00e1k, \u03bc\u03b5\u03c4\u03c1\u03cc 1, \u03bc\u03b5\u03c4\u03c1\u03cc 2, \u03bc\u03b5\u03c4\u03c1\u03cc 3 \u03ae \u03c4\u03b5\u03c1\u03bc\u03b1\u03c4\u03b9\u03ba\u03cc\u03c2 \u03c3\u03c4\u03b1\u03b8\u03bc\u03cc\u03c2 \u03bb\u03b5\u03c9\u03c6\u03bf\u03c1\u03b5\u03af\u03bf\u03c5 100E \u03b1\u03c0\u03ad\u03bd\u03b1\u03bd\u03c4\u03b9 \u03b1\u03c0\u03cc \u03c4\u03bf \u03b1\u03b5\u03c1\u03bf\u03b4\u03c1\u03cc\u03bc\u03b9\u03bf)<\/li>\n<\/ul>\n\n\n\n<h4 class=\"wp-block-heading\"><strong>\u0393\u03c1\u03b1\u03bc\u03bc\u03ae \u03c0\u03bb\u03b7\u03c1\u03bf\u03c6\u03bf\u03c1\u03b9\u03ce\u03bd \u03b3\u03b9\u03b1 \u03c4\u03b7\u03bd \u03ba\u03ac\u03c1\u03c4\u03b1 Budapest Card<\/strong><\/h4>\n\n\n\n<p>\u0393\u03b9\u03b1 \u03bb\u03b5\u03c0\u03c4\u03bf\u03bc\u03b5\u03c1\u03b5\u03af\u03c2 \u03c0\u03bb\u03b7\u03c1\u03bf\u03c6\u03bf\u03c1\u03af\u03b5\u03c2 \u03c3\u03c7\u03b5\u03c4\u03b9\u03ba\u03ac \u03bc\u03b5 \u03c4\u03b7\u03bd Budapest Card, \u03c4\u03b9\u03c2 \u03b5\u03ba\u03c0\u03c4\u03ce\u03c3\u03b5\u03b9\u03c2 \u03ba\u03b1\u03b9 \u03c4\u03b1 \u03c0\u03c1\u03bf\u03bd\u03cc\u03bc\u03b9\u03b1:<\/p>\n\n\n\n<ul class=\"wp-block-list\">\n<li>\u03a4\u03b7\u03bb\u03ad\u03c6\u03c9\u03bd\u03bf: +36 30 955 0398 (\u03b4\u03b9\u03b1\u03b8\u03ad\u03c3\u03b9\u03bc\u03bf \u03b1\u03c0\u03cc \u03c4\u03b9\u03c2 9:00 \u03ad\u03c9\u03c2 \u03c4\u03b9\u03c2 19:00)<\/li>\n<\/ul>\n\n\n\n<hr class=\"wp-block-separator has-alpha-channel-opacity\"\/>\n\n\n\n<h3 class=\"wp-block-heading\">\u03a5\u03c0\u03bf\u03c3\u03c4\u03ae\u03c1\u03b9\u03be\u03b7 \u03b9\u03c3\u03c4\u03bf\u03c4\u03cc\u03c0\u03bf\u03c5<\/h3>\n\n\n\n<p>\u0393\u03b9\u03b1 \u03bf\u03c0\u03bf\u03b9\u03b5\u03c3\u03b4\u03ae\u03c0\u03bf\u03c4\u03b5 \u03b1\u03c0\u03bf\u03c1\u03af\u03b5\u03c2 \u03c3\u03c7\u03b5\u03c4\u03b9\u03ba\u03ac \u03bc\u03b5 \u03b1\u03c5\u03c4\u03cc\u03bd \u03c4\u03bf\u03bd \u03b9\u03c3\u03c4\u03cc\u03c4\u03bf\u03c0\u03bf, \u03b5\u03c0\u03b9\u03ba\u03bf\u03b9\u03bd\u03c9\u03bd\u03ae\u03c3\u03c4\u03b5 \u03b1\u03c0\u03b5\u03c5\u03b8\u03b5\u03af\u03b1\u03c2 \u03bc\u03b1\u03b6\u03af \u03bc\u03b1\u03c2:<\/p>\n\n\n\n<ul class=\"wp-block-list\">\n<li>Email: info@moonshot.media<\/li>\n<\/ul>\n\n\n\n<p><\/p>\n","protected":false},"excerpt":{"rendered":"","protected":false},"author":3,"featured_media":0,"parent":0,"menu_order":2,"comment_status":"closed","ping_status":"closed","template":"","meta":{"_acf_changed":false,"footnotes":""},"post-style":[],"producer":[],"class_list":["post-681","page","type-page","status-publish"],"acf":[],"_links":{"self":[{"href":"https:\/\/www.budapestcard.org\/el\/wp-json\/wp\/v2\/pages\/681","targetHints":{"allow":["GET"]}}],"collection":[{"href":"https:\/\/www.budapestcard.org\/el\/wp-json\/wp\/v2\/pages"}],"about":[{"href":"https:\/\/www.budapestcard.org\/el\/wp-json\/wp\/v2\/types\/page"}],"author":[{"embeddable":true,"href":"https:\/\/www.budapestcard.org\/el\/wp-json\/wp\/v2\/users\/3"}],"replies":[{"embeddable":true,"href":"https:\/\/www.budapestcard.org\/el\/wp-json\/wp\/v2\/comments?post=681"}],"version-history":[{"count":3,"href":"https:\/\/www.budapestcard.org\/el\/wp-json\/wp\/v2\/pages\/681\/revisions"}],"predecessor-version":[{"id":980,"href":"https:\/\/www.budapestcard.org\/el\/wp-json\/wp\/v2\/pages\/681\/revisions\/980"}],"wp:attachment":[{"href":"https:\/\/www.budapestcard.org\/el\/wp-json\/wp\/v2\/media?parent=681"}],"wp:term":[{"taxonomy":"post-style","embeddable":true,"href":"https:\/\/www.budapestcard.org\/el\/wp-json\/wp\/v2\/post-style?post=681"},{"taxonomy":"producer","embeddable":true,"href":"https:\/\/www.budapestcard.org\/el\/wp-json\/wp\/v2\/producer?post=681"}],"curies":[{"name":"wp","href":"https:\/\/api.w.org\/{rel}","templated":true}]}}