{"id":8,"date":"2014-01-10T12:44:37","date_gmt":"2014-01-10T11:44:37","guid":{"rendered":"https:\/\/www.budapestcard.org\/el\/?page_id=8"},"modified":"2026-03-29T05:54:45","modified_gmt":"2026-03-29T03:54:45","slug":"discounts","status":"publish","type":"page","link":"https:\/\/www.budapestcard.org\/el\/discounts\/","title":{"rendered":"\u0395\u03ba\u03c0\u03c4\u03ce\u03c3\u03b5\u03b9\u03c2 \u03bc\u03b5 \u03c4\u03b7\u03bd Budapest Card"},"content":{"rendered":"\n<div class=\"ms-p ms-rounded ms-mb-last-child-0 ms-mb-children-condensed ms-alert--contrast ms-mb-block\">\n<ul class=\"wp-block-list\">\n<li>\u0397 Budapest Card \u03c0\u03b5\u03c1\u03b9\u03bb\u03b1\u03bc\u03b2\u03ac\u03bd\u03b5\u03b9 \u03b1\u03c0\u03b5\u03c1\u03b9\u03cc\u03c1\u03b9\u03c3\u03c4\u03b7 \u03c7\u03c1\u03ae\u03c3\u03b7 \u03bc\u03ad\u03c3\u03c9\u03bd \u03bc\u03b1\u03b6\u03b9\u03ba\u03ae\u03c2 \u03bc\u03b5\u03c4\u03b1\u03c6\u03bf\u03c1\u03ac\u03c2 \u03c3\u03b5 \u03cc\u03bb\u03b7 \u03c4\u03b7 \u0392\u03bf\u03c5\u03b4\u03b1\u03c0\u03ad\u03c3\u03c4\u03b7 (\u03bc\u03b5\u03c4\u03c1\u03cc, \u03c4\u03c1\u03b1\u03bc, \u03bb\u03b5\u03c9\u03c6\u03bf\u03c1\u03b5\u03af\u03bf, \u03c3\u03c5\u03bc\u03c0\u03b5\u03c1\u03b9\u03bb\u03b1\u03bc\u03b2\u03b1\u03bd\u03bf\u03bc\u03ad\u03bd\u03b7\u03c2 \u03c4\u03b7\u03c2 \u03b3\u03c1\u03b1\u03bc\u03bc\u03ae\u03c2 \u03b1\u03c0\u03cc \u03c4\u03bf \u03b1\u03b5\u03c1\u03bf\u03b4\u03c1\u03cc\u03bc\u03b9\u03bf).<\/li>\n\n\n\n<li>\u0394\u03c9\u03c1\u03b5\u03ac\u03bd \u03b5\u03af\u03c3\u03bf\u03b4\u03bf\u03c2 \u03c3\u03b5 22 \u03bc\u03bf\u03c5\u03c3\u03b5\u03af\u03b1 \u03ba\u03b1\u03b9 \u03b1\u03be\u03b9\u03bf\u03b8\u03ad\u03b1\u03c4\u03b1, \u03cc\u03c0\u03c9\u03c2 \u03c4\u03bf \u0395\u03b8\u03bd\u03b9\u03ba\u03cc \u039c\u03bf\u03c5\u03c3\u03b5\u03af\u03bf \u039f\u03c5\u03b3\u03b3\u03b1\u03c1\u03af\u03b1\u03c2, \u03b7 \u0395\u03b8\u03bd\u03b9\u03ba\u03ae \u0393\u03ba\u03b1\u03bb\u03b5\u03c1\u03af \u03ba\u03b1\u03b9 \u03c4\u03bf \u039a\u03ac\u03c3\u03c4\u03c1\u03bf \u03c4\u03b7\u03c2 \u0392\u03bf\u03cd\u03b4\u03b1\u03c2.<\/li>\n\n\n\n<li>\u0391\u03c0\u03bf\u03bb\u03b1\u03cd\u03c3\u03c4\u03b5 \u03b4\u03c9\u03c1\u03b5\u03ac\u03bd \u03b8\u03b5\u03c1\u03bc\u03b1\u03bb\u03bf\u03cd\u03c2 \u03bb\u03bf\u03c5\u03c4\u03c1\u03cc \u03c3\u03c4\u03bf \u0391\u03b3. \u039b\u03bf\u03c5\u03ba\u03ac\u03c2, \u03ad\u03bd\u03b1 \u03b4\u03c9\u03c1\u03b5\u03ac\u03bd \u03ba\u03c1\u03bf\u03c5\u03b1\u03b6\u03b9\u03ad\u03c1\u03b1 \u03c3\u03c4\u03bf\u03bd \u0394\u03bf\u03cd\u03bd\u03b1\u03b2\u03b7 \u03ba\u03b1\u03b9 \u03b4\u03cd\u03bf \u03be\u03b5\u03bd\u03b1\u03b3\u03ae\u03c3\u03b5\u03b9\u03c2 \u03c0\u03b5\u03b6\u03ae \u03bc\u03b5 \u03be\u03b5\u03bd\u03b1\u03b3\u03cc.<\/li>\n\n\n\n<li>\u0395\u03be\u03bf\u03b9\u03ba\u03bf\u03bd\u03bf\u03bc\u03ae\u03c3\u03c4\u03b5 10\u201350% \u03c3\u03b5 \u03ba\u03bf\u03c1\u03c5\u03c6\u03b1\u03af\u03b1 \u03b1\u03be\u03b9\u03bf\u03b8\u03ad\u03b1\u03c4\u03b1 \u03cc\u03c0\u03c9\u03c2 \u03c4\u03b1 \u0398\u03b5\u03c1\u03bc\u03b1\u03bb\u03ac Sz\u00e9chenyi, \u03b5\u03ba\u03b4\u03c1\u03bf\u03bc\u03ad\u03c2 \u03c3\u03c4\u03b7 \u0392\u03bf\u03c5\u03bb\u03ae \u03ba\u03b1\u03b9 \u03c4\u03b7 \u0392\u03b1\u03c3\u03b9\u03bb\u03b9\u03ba\u03ae \u03c4\u03bf\u03c5 \u0391\u03b3. \u03a3\u03c4\u03b5\u03c6\u03ac\u03bd\u03bf\u03c5.<\/li>\n\n\n\n<li>\u0395\u03c0\u03af\u03c3\u03b7\u03c2 \u03b5\u03ba\u03c0\u03c4\u03ce\u03c3\u03b5\u03b9\u03c2 \u03c3\u03b5 12+ \u03b5\u03c3\u03c4\u03b9\u03b1\u03c4\u03cc\u03c1\u03b9\u03b1 \u03ba\u03b1\u03b9 \u03ac\u03bb\u03bb\u03b5\u03c2 \u03b5\u03bc\u03c0\u03b5\u03b9\u03c1\u03af\u03b5\u03c2 \u03c3\u03b5 \u03cc\u03bb\u03b7 \u03c4\u03b7\u03bd \u03c0\u03cc\u03bb\u03b7.<\/li>\n<\/ul>\n\n\n\n<p class=\"gb-text-fb1a3135\"><span class=\"gb-shape\"><svg xmlns=\"http:\/\/www.w3.org\/2000\/svg\" width=\"32\" height=\"32\" fill=\"#000000\" viewBox=\"0 0 256 256\"><path d=\"M228,144v64a12,12,0,0,1-12,12H40a12,12,0,0,1-12-12V144a12,12,0,0,1,24,0v52H204V144a12,12,0,0,1,24,0Zm-108.49,8.49a12,12,0,0,0,17,0l40-40a12,12,0,0,0-17-17L140,115V32a12,12,0,0,0-24,0v83L96.49,95.51a12,12,0,0,0-17,17Z\"><\/path><\/svg><\/span><span class=\"gb-text\"><a href=\"https:\/\/www.budapestcard.org\/wp-content\/uploads\/budapest-card-discounts.pdf\">\u039b\u03ae\u03c8\u03b7 \u03c0\u03bb\u03ae\u03c1\u03bf\u03c5\u03c2 \u03ba\u03b1\u03c4\u03b1\u03bb\u03cc\u03b3\u03bf\u03c5 \u03b5\u03ba\u03c0\u03c4\u03ce\u03c3\u03b5\u03c9\u03bd (PDF)<\/a><\/span><\/p>\n<\/div>\n\n\n\n<h2 class=\"wp-block-heading\"><strong>\u0391\u03be\u03b9\u03bf\u03b8\u03ad\u03b1\u03c4\u03b1<\/strong><\/h2>\n\n\n<div class=\"ms-table\"><table><tr><th>\u03a3\u03c4\u03bf\u03b9\u03c7\u03b5\u03af\u03bf<\/th><th>\u0388\u03ba\u03c0\u03c4\u03c9\u03c3\u03b7<\/th><\/tr><tr><td>\u0394\u03b7\u03bc\u03cc\u03c3\u03b9\u03b5\u03c2 \u03a3\u03c5\u03b3\u03ba\u03bf\u03b9\u03bd\u03c9\u03bd\u03af\u03b5\u03c2 BKK<\/td><td>\u0394\u03c9\u03c1\u03b5\u03ac\u03bd<\/td><\/tr><tr><td>\u03a5\u03c0\u03b7\u03c1\u03b5\u03c3\u03af\u03b1 \u03a0\u03bf\u03c4\u03b1\u03bc\u03cc\u03c0\u03bb\u03bf\u03b9\u03bf\u03c5 BKV<\/td><td>\u0394\u03c9\u03c1\u03b5\u03ac\u03bd<\/td><\/tr><tr><td>\u039a\u03c1\u03bf\u03c5\u03b1\u03b6\u03b9\u03ad\u03c1\u03b1 \u03a3\u03af\u03c4\u03b9\u03c3\u03b9\u03bd\u03b3\u03ba<\/td><td>\u0394\u03c9\u03c1\u03b5\u03ac\u03bd<\/td><\/tr><tr><td>\u039a\u03c1\u03bf\u03c5\u03b1\u03b6\u03b9\u03ad\u03c1\u03b1 \u03c3\u03c4\u03bf\u03bd \u0394\u03bf\u03cd\u03bd\u03b1\u03b2\u03b7<\/td><td>\u0394\u03c9\u03c1\u03b5\u03ac\u03bd<\/td><\/tr><tr><td>Duna Bella \u0397\u03bc\u03b5\u03c1\u03ae\u03c3\u03b9\u03b5\u03c2 \u039a\u03c1\u03bf\u03c5\u03b1\u03b6\u03b9\u03ad\u03c1\u03b5\u03c2<\/td><td>\u0394\u03c9\u03c1\u03b5\u03ac\u03bd<\/td><\/tr><tr><td>\u03a4\u03b5\u03bb\u03b5\u03c6\u03b5\u03c1\u03af\u03ba Zugliget<\/td><td>\u0394\u03c9\u03c1\u03b5\u03ac\u03bd<\/td><\/tr><tr><td>\u0395\u03c0\u03af\u03c3\u03b7\u03bc\u03bf \u039b\u03b5\u03c9\u03c6\u03bf\u03c1\u03b5\u03af\u03bf \u039a\u03ac\u03c3\u03c4\u03c1\u03bf\u03c5 \u0392\u03bf\u03c5\u03b4\u03b1\u03c0\u03ad\u03c3\u03c4\u03b7\u03c2<\/td><td>\u0394\u03c9\u03c1\u03b5\u03ac\u03bd<\/td><\/tr><tr><td>\u03a0\u03b5\u03b6\u03bf\u03c0\u03bf\u03c1\u03b9\u03ba\u03ae \u039e\u03b5\u03bd\u03ac\u03b3\u03b7\u03c3\u03b7 \u03c3\u03c4\u03b7 \u0392\u03bf\u03cd\u03b4\u03b1<\/td><td>\u0394\u03c9\u03c1\u03b5\u03ac\u03bd<\/td><\/tr><tr><td>\u03a0\u03b5\u03b6\u03bf\u03c0\u03bf\u03c1\u03b9\u03ba\u03ae \u039e\u03b5\u03bd\u03ac\u03b3\u03b7\u03c3\u03b7 \u03c3\u03c4\u03b7\u03bd \u03a0\u03ad\u03c3\u03c4\u03b7<\/td><td>\u0394\u03c9\u03c1\u03b5\u03ac\u03bd<\/td><\/tr><tr><td>\u0399\u03c3\u03c4\u03bf\u03c1\u03b9\u03ba\u03ac \u039f\u03c7\u03ae\u03bc\u03b1\u03c4\u03b1<\/td><td>\u0394\u03c9\u03c1\u03b5\u03ac\u03bd<\/td><\/tr><tr><td>Brick \u2013 \u03c6\u03cc\u03c1\u03c4\u03b9\u03c3\u03b7 \u03b5\u03bd \u03ba\u03b9\u03bd\u03ae\u03c3\u03b5\u03b9<\/td><td>\u0394\u03c9\u03c1\u03b5\u03ac\u03bd<\/td><\/tr><tr><td>Universal AirportHUB<\/td><td>-40%<\/td><\/tr><tr><td>\u039c\u03b5\u03c4\u03b1\u03c6\u03bf\u03c1\u03ac \u03bc\u03b5 \u03a0\u03bf\u03b4\u03ae\u03bb\u03b1\u03c4\u03bf (Bring\u00f3hint\u00f3)<\/td><td>-25%<\/td><\/tr><tr><td>Legenda City Cruises<\/td><td>-25%<\/td><\/tr><tr><td>BKV \u0392\u03c1\u03b1\u03b4\u03b9\u03bd\u03ae \u03a5\u03c0\u03b7\u03c1\u03b5\u03c3\u03af\u03b1 \u03a0\u03bf\u03c4\u03b1\u03bc\u03cc\u03c0\u03bb\u03bf\u03b9\u03bf\u03c5<\/td><td>-20%<\/td><\/tr><tr><td>\u039c\u03b5\u03c4\u03b1\u03c6\u03bf\u03c1\u03ac \u03b1\u03c0\u03cc\/\u03c0\u03c1\u03bf\u03c2 \u0391\u03b5\u03c1\u03bf\u03b4\u03c1\u03cc\u03bc\u03b9\u03bf \u2013 miniBUD<\/td><td>-20%<\/td><\/tr><tr><td>EURAMA \u03a0\u03b5\u03c1\u03b9\u03b7\u03b3\u03ae\u03c3\u03b5\u03b9\u03c2<\/td><td>-20%<\/td><\/tr><tr><td>\u0395\u03ba\u03b4\u03c1\u03bf\u03bc\u03ae \u03c3\u03c4\u03bf \u0394\u03ad\u03bb\u03c4\u03b1 \u03c4\u03bf\u03c5 \u0394\u03bf\u03cd\u03bd\u03b1\u03b2\u03b7<\/td><td>-20%<\/td><\/tr><tr><td>Budapest Flyride<\/td><td>-10%<\/td><\/tr><tr><td>\u03a0\u03b5\u03c1\u03b9\u03b7\u03b3\u03ae\u03c3\u03b5\u03b9\u03c2 \u0395\u03b2\u03c1\u03b1\u03ca\u03ba\u03ae\u03c2 \u039a\u03bb\u03b7\u03c1\u03bf\u03bd\u03bf\u03bc\u03b9\u03ac\u03c2<\/td><td>-10%<\/td><\/tr><\/table><\/div>\n\n\n<h2 class=\"wp-block-heading\"><strong>\u039c\u03bf\u03c5\u03c3\u03b5\u03af\u03b1 \u03ba\u03b1\u03b9 \u0391\u03be\u03b9\u03bf\u03b8\u03ad\u03b1\u03c4\u03b1<\/strong><\/h2>\n\n\n<div class=\"ms-table\"><table><tr><th>\u03a3\u03c4\u03bf\u03b9\u03c7\u03b5\u03af\u03bf<\/th><th>\u0388\u03ba\u03c0\u03c4\u03c9\u03c3\u03b7<\/th><\/tr><tr><td>\u0395\u03b8\u03bd\u03b9\u03ba\u03cc \u039c\u03bf\u03c5\u03c3\u03b5\u03af\u03bf \u039f\u03c5\u03b3\u03b3\u03b1\u03c1\u03af\u03b1\u03c2<\/td><td>\u0394\u03c9\u03c1\u03b5\u03ac\u03bd<\/td><\/tr><tr><td>\u0395\u03b8\u03bd\u03b9\u03ba\u03ae \u03a0\u03b9\u03bd\u03b1\u03ba\u03bf\u03b8\u03ae\u03ba\u03b7 \u039f\u03c5\u03b3\u03b3\u03b1\u03c1\u03af\u03b1\u03c2<\/td><td>\u0394\u03c9\u03c1\u03b5\u03ac\u03bd<\/td><\/tr><tr><td>\u0399\u03c3\u03c4\u03bf\u03c1\u03b9\u03ba\u03cc \u039c\u03bf\u03c5\u03c3\u03b5\u03af\u03bf \u0392\u03bf\u03c5\u03b4\u03b1\u03c0\u03ad\u03c3\u03c4\u03b7\u03c2 \u2013 \u039c\u03bf\u03c5\u03c3\u03b5\u03af\u03bf \u039a\u03ac\u03c3\u03c4\u03c1\u03bf\u03c5<\/td><td>\u0394\u03c9\u03c1\u03b5\u03ac\u03bd<\/td><\/tr><tr><td>\u0391\u03af\u03b8\u03bf\u03c5\u03c3\u03b1 \u0391\u03b3\u03af\u03bf\u03c5 \u03a3\u03c4\u03b5\u03c6\u03ac\u03bd\u03bf\u03c5<\/td><td>\u0394\u03c9\u03c1\u03b5\u03ac\u03bd<\/td><\/tr><tr><td>\u039c\u03bf\u03c5\u03c3\u03b5\u03af\u03bf \u039a\u03b1\u03bb\u03ce\u03bd \u03a4\u03b5\u03c7\u03bd\u03ce\u03bd<\/td><td>\u0394\u03c9\u03c1\u03b5\u03ac\u03bd<\/td><\/tr><tr><td>Kunsthalle \u0392\u03bf\u03c5\u03b4\u03b1\u03c0\u03ad\u03c3\u03c4\u03b7<\/td><td>\u0394\u03c9\u03c1\u03b5\u03ac\u03bd<\/td><\/tr><tr><td>\u0399\u03c3\u03c4\u03bf\u03c1\u03b9\u03ba\u03cc \u039c\u03bf\u03c5\u03c3\u03b5\u03af\u03bf \u0392\u03bf\u03c5\u03b4\u03b1\u03c0\u03ad\u03c3\u03c4\u03b7\u03c2 \u2013 \u039c\u03bf\u03c5\u03c3\u03b5\u03af\u03bf Aquincum<\/td><td>\u0394\u03c9\u03c1\u03b5\u03ac\u03bd<\/td><\/tr><tr><td>\u0399\u03c3\u03c4\u03bf\u03c1\u03b9\u03ba\u03cc \u039c\u03bf\u03c5\u03c3\u03b5\u03af\u03bf \u0392\u03bf\u03c5\u03b4\u03b1\u03c0\u03ad\u03c3\u03c4\u03b7\u03c2 \u2013 \u039c\u03bf\u03c5\u03c3\u03b5\u03af\u03bf Kiscell<\/td><td>\u0394\u03c9\u03c1\u03b5\u03ac\u03bd<\/td><\/tr><tr><td>\u0399\u03c3\u03c4\u03bf\u03c1\u03b9\u03ba\u03cc \u039c\u03bf\u03c5\u03c3\u03b5\u03af\u03bf \u0392\u03bf\u03c5\u03b4\u03b1\u03c0\u03ad\u03c3\u03c4\u03b7\u03c2 \u2013 \u0393\u03ba\u03b1\u03bb\u03b5\u03c1\u03af \u0392\u03bf\u03c5\u03b4\u03b1\u03c0\u03ad\u03c3\u03c4\u03b7\u03c2<\/td><td>\u0394\u03c9\u03c1\u03b5\u03ac\u03bd<\/td><\/tr><tr><td>\u0399\u03c3\u03c4\u03bf\u03c1\u03b9\u03ba\u03cc \u039c\u03bf\u03c5\u03c3\u03b5\u03af\u03bf \u0392\u03bf\u03c5\u03b4\u03b1\u03c0\u03ad\u03c3\u03c4\u03b7\u03c2 \u2013 \u039c\u03b5\u03c3\u03b1\u03b9\u03c9\u03bd\u03b9\u03ba\u03cc \u0395\u03b2\u03c1\u03b1\u03ca\u03ba\u03cc \u03a3\u03c5\u03bd\u03b1\u03b3\u03c9\u03b3\u03b5\u03af\u03bf<\/td><td>\u0394\u03c9\u03c1\u03b5\u03ac\u03bd<\/td><\/tr><tr><td>\u039c\u03bf\u03c5\u03c3\u03b5\u03af\u03bf Ludwig \u2013 \u03a3\u03cd\u03b3\u03c7\u03c1\u03bf\u03bd\u03b7 \u03a4\u03ad\u03c7\u03bd\u03b7<\/td><td>\u0394\u03c9\u03c1\u03b5\u03ac\u03bd<\/td><\/tr><tr><td>\u039a\u03ad\u03bd\u03c4\u03c1\u03bf \u03a6\u03c9\u03c4\u03bf\u03b3\u03c1\u03b1\u03c6\u03af\u03b1\u03c2 Robert Capa<\/td><td>\u0394\u03c9\u03c1\u03b5\u03ac\u03bd<\/td><\/tr><tr><td>\u03a3\u03c0\u03af\u03c4\u03b9 \u039f\u03c5\u03b3\u03b3\u03c1\u03ce\u03bd \u03a6\u03c9\u03c4\u03bf\u03b3\u03c1\u03ac\u03c6\u03c9\u03bd \u2013 \u03a3\u03c0\u03af\u03c4\u03b9 Mai Man\u00f3<\/td><td>\u0394\u03c9\u03c1\u03b5\u03ac\u03bd<\/td><\/tr><tr><td>\u039c\u03bf\u03c5\u03c3\u03b5\u03af\u03bf Vasarely \u0392\u03bf\u03c5\u03b4\u03b1\u03c0\u03ad\u03c3\u03c4\u03b7<\/td><td>\u0394\u03c9\u03c1\u03b5\u03ac\u03bd<\/td><\/tr><tr><td>Memento Park \u2013 \u03a0\u03ac\u03c1\u03ba\u03bf \u0393\u03bb\u03c5\u03c0\u03c4\u03ce\u03bd<\/td><td>\u0394\u03c9\u03c1\u03b5\u03ac\u03bd<\/td><\/tr><tr><td>\u039c\u03bf\u03c5\u03c3\u03b5\u03af\u03bf \u0395\u03bc\u03c0\u03bf\u03c1\u03af\u03bf\u03c5 \u03ba\u03b1\u03b9 \u03a4\u03bf\u03c5\u03c1\u03b9\u03c3\u03bc\u03bf\u03cd<\/td><td>\u0394\u03c9\u03c1\u03b5\u03ac\u03bd<\/td><\/tr><tr><td>\u039c\u03bf\u03c5\u03c3\u03b5\u03af\u03bf \u0391\u03c3\u03b9\u03b1\u03c4\u03b9\u03ba\u03ce\u03bd \u03a4\u03b5\u03c7\u03bd\u03ce\u03bd Ferenc Hopp<\/td><td>\u0394\u03c9\u03c1\u03b5\u03ac\u03bd<\/td><\/tr><tr><td>\u039c\u03bf\u03c5\u03c3\u03b5\u03af\u03bf \u03a5\u03c0\u03cc\u03b3\u03b5\u03b9\u03bf\u03c5 \u03a3\u03b9\u03b4\u03b7\u03c1\u03cc\u03b4\u03c1\u03bf\u03bc\u03bf\u03c5<\/td><td>\u0394\u03c9\u03c1\u03b5\u03ac\u03bd<\/td><\/tr><tr><td>\u039c\u03bf\u03c5\u03c3\u03b5\u03af\u03bf \u00d3buda<\/td><td>\u0394\u03c9\u03c1\u03b5\u03ac\u03bd<\/td><\/tr><tr><td>\u03a3\u03c5\u03bb\u03bb\u03bf\u03b3\u03ae \u03a5\u03c6\u03b1\u03c3\u03bc\u03ac\u03c4\u03c9\u03bd Goldberger \u2013 \u039c\u03bf\u03c5\u03c3\u03b5\u03af\u03bf \u00d3buda<\/td><td>\u0394\u03c9\u03c1\u03b5\u03ac\u03bd<\/td><\/tr><tr><td>\u03a3\u03c0\u03ae\u03bb\u03b1\u03b9\u03bf P\u00e1l-v\u00f6lgyi<\/td><td>\u0394\u03c9\u03c1\u03b5\u03ac\u03bd<\/td><\/tr><tr><td>\u03a5\u03b4\u03b1\u03c4\u03bf\u03c0\u03cd\u03c1\u03b3\u03bf\u03c2 \u03ba\u03b1\u03b9 \u03a0\u03b1\u03bd\u03bf\u03c1\u03b1\u03bc\u03b9\u03ba\u03cc\u03c2 \u03a0\u03cd\u03c1\u03b3\u03bf\u03c2 \u039d\u03ae\u03c3\u03bf\u03c5 \u039c\u03b1\u03c1\u03b3\u03b1\u03c1\u03af\u03c4\u03b1\u03c2<\/td><td>\u0394\u03c9\u03c1\u03b5\u03ac\u03bd<\/td><\/tr><tr><td>Pesti Vigad\u00f3<\/td><td>-50%<\/td><\/tr><tr><td>\u039c\u03bf\u03c5\u03c3\u03b5\u03af\u03bf Fradi<\/td><td>-50%<\/td><\/tr><tr><td>\u039c\u03bf\u03c5\u03c3\u03b5\u03af\u03bf \u039b\u03b1\u03bf\u03b3\u03c1\u03b1\u03c6\u03af\u03b1\u03c2<\/td><td>-25%<\/td><\/tr><tr><td>\u0392\u03b1\u03c3\u03b9\u03bb\u03b9\u03ba\u03ae \u0391\u03b3\u03af\u03bf\u03c5 \u03a3\u03c4\u03b5\u03c6\u03ac\u03bd\u03bf\u03c5<\/td><td>-20%<\/td><\/tr><tr><td>\u039a\u03b5\u03bd\u03c4\u03c1\u03b9\u03ba\u03ae \u0395\u03ba\u03ba\u03bb\u03b7\u03c3\u03af\u03b1 \u039a\u03bf\u03b9\u03bc\u03ae\u03c3\u03b5\u03c9\u03c2<\/td><td>-20%<\/td><\/tr><tr><td>\u0392\u03b1\u03c3\u03b9\u03bb\u03b9\u03ba\u03cc \u03a0\u03b1\u03bb\u03ac\u03c4\u03b9 G\u00f6d\u00f6ll\u0151<\/td><td>-20%<\/td><\/tr><tr><td>\u03a3\u03c0\u03af\u03c4\u03b9 \u03c4\u03b7\u03c2 \u039c\u03bf\u03c5\u03c3\u03b9\u03ba\u03ae\u03c2 \u039f\u03c5\u03b3\u03b3\u03b1\u03c1\u03af\u03b1\u03c2<\/td><td>-20%<\/td><\/tr><tr><td>\u0396\u03c9\u03bf\u03bb\u03bf\u03b3\u03b9\u03ba\u03cc\u03c2 \u039a\u03ae\u03c0\u03bf\u03c2 &#038; \u0392\u03bf\u03c4\u03b1\u03bd\u03b9\u03ba\u03cc\u03c2 \u039a\u03ae\u03c0\u03bf\u03c2 \u0392\u03bf\u03c5\u03b4\u03b1\u03c0\u03ad\u03c3\u03c4\u03b7\u03c2<\/td><td>-20%<\/td><\/tr><tr><td>\u03a3\u03c0\u03af\u03c4\u03b9 Unicum<\/td><td>-20%<\/td><\/tr><tr><td>Madame Tussauds \u0392\u03bf\u03c5\u03b4\u03b1\u03c0\u03ad\u03c3\u03c4\u03b7<\/td><td>-20%<\/td><\/tr><tr><td>Timetrap Exit Game<\/td><td>-20%<\/td><\/tr><tr><td>\u03a4\u03c1\u03bf\u03c7\u03cc\u03c2 \u03c4\u03b7\u03c2 \u0392\u03bf\u03c5\u03b4\u03b1\u03c0\u03ad\u03c3\u03c4\u03b7\u03c2 \u03bc\u03b5 \u03c3\u03b1\u03bc\u03c0\u03ac\u03bd\u03b9\u03b1<\/td><td>-20%<\/td><\/tr><tr><td>\u039b\u03af\u03bc\u03bd\u03b7 \u039a\u03c9\u03c0\u03b7\u03bb\u03b1\u03c3\u03af\u03b1\u03c2 \u03a0\u03ac\u03c1\u03ba\u03bf\u03c5 \u03c4\u03b7\u03c2 \u03a0\u03cc\u03bb\u03b7\u03c2<\/td><td>-20%<\/td><\/tr><tr><td>\u0395\u03c3\u03c9\u03c4\u03b5\u03c1\u03b9\u03ba\u03ae \u0395\u03bb\u03b5\u03cd\u03b8\u03b5\u03c1\u03b7 \u03a0\u03c4\u03ce\u03c3\u03b7 (Indoor Skydiving)<\/td><td>-20%<\/td><\/tr><tr><td>\u039c\u03bf\u03c5\u03c3\u03b5\u03af\u03bf \u03a8\u03b5\u03c5\u03b4\u03b1\u03b9\u03c3\u03b8\u03ae\u03c3\u03b5\u03c9\u03bd<\/td><td>-15%<\/td><\/tr><tr><td>Light Art Museum<\/td><td>-15%<\/td><\/tr><tr><td>Tropicarium \u2013 \u039f \u039a\u03ae\u03c0\u03bf\u03c2 \u03c4\u03c9\u03bd \u039a\u03b1\u03c1\u03c7\u03b1\u03c1\u03b9\u03ce\u03bd<\/td><td>-15%<\/td><\/tr><tr><td>IKONO \u0392\u03bf\u03c5\u03b4\u03b1\u03c0\u03ad\u03c3\u03c4\u03b7<\/td><td>-15%<\/td><\/tr><tr><td>Cinema Mystica<\/td><td>-10%<\/td><\/tr><tr><td>\u039d\u03bf\u03c3\u03bf\u03ba\u03bf\u03bc\u03b5\u03af\u03bf \u03c3\u03c4\u03bf\u03bd \u0392\u03c1\u03ac\u03c7\u03bf \u2013 \u039c\u03bf\u03c5\u03c3\u03b5\u03af\u03bf \u03a0\u03c5\u03c1\u03b7\u03bd\u03b9\u03ba\u03bf\u03cd \u039a\u03b1\u03c4\u03b1\u03c6\u03c5\u03b3\u03af\u03bf\u03c5<\/td><td>-10%<\/td><\/tr><tr><td>\u03a3\u03c5\u03bd\u03b1\u03b3\u03c9\u03b3\u03ae Kazinczy utca<\/td><td>-10%<\/td><\/tr><tr><td>\u03a3\u03c5\u03bd\u03b1\u03b3\u03c9\u03b3\u03ae Doh\u00e1ny utca<\/td><td>-10%<\/td><\/tr><tr><td>\u0395\u03b2\u03c1\u03b1\u03ca\u03ba\u03cc \u039c\u03bf\u03c5\u03c3\u03b5\u03af\u03bf \u03ba\u03b1\u03b9 \u0391\u03c1\u03c7\u03b5\u03af\u03b1<\/td><td>-10%<\/td><\/tr><tr><td>\u038c\u03c1\u03b3\u03b1\u03bd\u03bf \u03c3\u03c4\u03b7\u03bd \u0392\u03b1\u03c3\u03b9\u03bb\u03b9\u03ba\u03ae \u0391\u03b3\u03af\u03bf\u03c5 \u03a3\u03c4\u03b5\u03c6\u03ac\u03bd\u03bf\u03c5<\/td><td>-10%<\/td><\/tr><tr><td>Premier Outlet \u0392\u03bf\u03c5\u03b4\u03b1\u03c0\u03ad\u03c3\u03c4\u03b7<\/td><td>-10%<\/td><\/tr><\/table><\/div>\n\n\n<h2 class=\"wp-block-heading\">\u039b\u03bf\u03c5\u03c4\u03c1\u03ac \u03ba\u03b1\u03b9 \u03a0\u03b9\u03c3\u03af\u03bd\u03b5\u03c2<\/h2>\n\n\n<div class=\"ms-table\"><table><tr><th>\u03a3\u03c4\u03bf\u03b9\u03c7\u03b5\u03af\u03bf<\/th><th>\u0388\u03ba\u03c0\u03c4\u03c9\u03c3\u03b7<\/th><\/tr><tr><td>\u0398\u03b5\u03c1\u03bc\u03b1\u03b9\u03bd\u03cc\u03bc\u03b5\u03bd\u03b1 \u039b\u03bf\u03c5\u03c4\u03c1\u03ac \u03ba\u03b1\u03b9 \u03a0\u03b9\u03c3\u03af\u03bd\u03b1 St. Luk\u00e1cs<\/td><td>\u0394\u03c9\u03c1\u03b5\u03ac\u03bd<\/td><\/tr><tr><td>\u03a0\u03b1\u03c1\u03b1\u03bb\u03af\u03b1 Lupa<\/td><td>\u0394\u03c9\u03c1\u03b5\u03ac\u03bd<\/td><\/tr><tr><td>\u0398\u03b5\u03c1\u03bc\u03b1\u03b9\u03bd\u03cc\u03bc\u03b5\u03bd\u03b1 \u039b\u03bf\u03c5\u03c4\u03c1\u03ac \u03ba\u03b1\u03b9 \u03a0\u03b9\u03c3\u03af\u03bd\u03b1 Sz\u00e9chenyi<\/td><td>-20%<\/td><\/tr><tr><td>\u0398\u03b5\u03c1\u03bc\u03b1\u03b9\u03bd\u03cc\u03bc\u03b5\u03bd\u03b1 \u039b\u03bf\u03c5\u03c4\u03c1\u03ac \u03ba\u03b1\u03b9 \u03a0\u03b9\u03c3\u03af\u03bd\u03b1 Rudas<\/td><td>-20%<\/td><\/tr><tr><td>\u0398\u03b5\u03c1\u03bc\u03b1\u03b9\u03bd\u03cc\u03bc\u03b5\u03bd\u03b1 \u039b\u03bf\u03c5\u03c4\u03c1\u03ac Palatinus, \u0394\u03b7\u03bc\u03cc\u03c3\u03b9\u03b1 &#038; \u03a0\u03b9\u03c3\u03af\u03bd\u03b1 \u03bc\u03b5 \u039a\u03cd\u03bc\u03b1\u03c4\u03b1<\/td><td>-20%<\/td><\/tr><tr><td>\u039b\u03bf\u03c5\u03c4\u03c1\u03ac R\u00f3mai<\/td><td>-20%<\/td><\/tr><tr><td>Aquaworld Resort Budapest<\/td><td>-20%<\/td><\/tr><\/table><\/div>\n\n\n<h2 class=\"wp-block-heading\"><strong>\u0393\u03b1\u03c3\u03c4\u03c1\u03bf\u03bd\u03bf\u03bc\u03af\u03b1<\/strong><\/h2>\n\n\n<div class=\"ms-table\"><table><tr><th>\u03a3\u03c4\u03bf\u03b9\u03c7\u03b5\u03af\u03bf<\/th><th>\u0388\u03ba\u03c0\u03c4\u03c9\u03c3\u03b7<\/th><\/tr><tr><td>GastroCellar \u2013 \u0394\u03bf\u03ba\u03b9\u03bc\u03ae<\/td><td>\u0394\u03c9\u03c1\u03b5\u03ac\u03bd<\/td><\/tr><tr><td>L\u00e1ngos \u03c3\u03c4\u03b7\u03bd \u03ba\u03b1\u03c1\u03b4\u03b9\u03ac \u03c4\u03b7\u03c2 \u03c0\u03cc\u03bb\u03b7\u03c2<\/td><td>-20%<\/td><\/tr><tr><td>Moln\u00e1r\u2019s K\u00fcrt\u0151skal\u00e1cs<\/td><td>-20%<\/td><\/tr><tr><td>Parisi Passage \u0395\u03c3\u03c4\u03b9\u03b1\u03c4\u03cc\u03c1\u03b9\u03bf<\/td><td>-20%<\/td><\/tr><tr><td>Zsolnay \u039a\u03b1\u03c6\u03ad<\/td><td>-20%<\/td><\/tr><tr><td>Yellow Bistro &#038; Bar<\/td><td>-20%<\/td><\/tr><tr><td>Caf\u00e9 Astoria &#038; \u0395\u03c3\u03c4\u03b9\u03b1\u03c4\u03cc\u03c1\u03b9\u03bf<\/td><td>-20%<\/td><\/tr><tr><td>L\u00e1ng \u0395\u03c3\u03c4\u03b9\u03b1\u03c4\u03cc\u03c1\u03b9\u03bf<\/td><td>-20%<\/td><\/tr><tr><td>Hard Rock Cafe<\/td><td>-20%<\/td><\/tr><tr><td>Hal\u00e1szb\u00e1stya \u0395\u03c3\u03c4\u03b9\u03b1\u03c4\u03cc\u03c1\u03b9\u03bf<\/td><td>-15%<\/td><\/tr><tr><td>TATI \u0395\u03c3\u03c4\u03b9\u03b1\u03c4\u03cc\u03c1\u03b9\u03bf<\/td><td>-10%<\/td><\/tr><tr><td>VIRTU \u0395\u03c3\u03c4\u03b9\u03b1\u03c4\u03cc\u03c1\u03b9\u03bf<\/td><td>-10%<\/td><\/tr><tr><td>Nokedlish<\/td><td>-10%<\/td><\/tr><tr><td>Eggscuse Me? Brunch &#038; Bistro<\/td><td>-10%<\/td><\/tr><\/table><\/div>\n\n\n<h2 class=\"wp-block-heading\">\u039a\u03ac\u03c1\u03c4\u03b1 \u0392\u03bf\u03c5\u03b4\u03b1\u03c0\u03ad\u03c3\u03c4\u03b7\u03c2 <strong>72h Plus<\/strong> \u0391\u03c0\u03bf\u03ba\u03bb\u03b5\u03b9\u03c3\u03c4\u03b9\u03ba\u03ad\u03c2 \u03b5\u03ba\u03c0\u03c4\u03ce\u03c3\u03b5\u03b9\u03c2<\/h2>\n\n\n<div class=\"ms-table\"><table><tr><th>\u03a3\u03c4\u03bf\u03b9\u03c7\u03b5\u03af\u03bf<\/th><th>\u0388\u03ba\u03c0\u03c4\u03c9\u03c3\u03b7<\/th><\/tr><tr><td>\u039c\u03b5\u03c4\u03b1\u03c6\u03bf\u03c1\u03ac \u03b1\u03c0\u03cc\/\u03c0\u03c1\u03bf\u03c2 \u03b1\u03b5\u03c1\u03bf\u03b4\u03c1\u03cc\u03bc\u03b9\u03bf \u2013 miniBUD<\/td><td>\u0394\u03c9\u03c1\u03b5\u03ac\u03bd<\/td><\/tr><tr><td>L\u00c1NGOS \u03c3\u03c4\u03b7\u03bd \u03ba\u03b1\u03c1\u03b4\u03b9\u03ac \u03c4\u03b7\u03c2 \u03c0\u03cc\u03bb\u03b7\u03c2!<\/td><td>\u0394\u03c9\u03c1\u03b5\u03ac\u03bd<\/td><\/tr><tr><td>Moln\u00e1r\u2019s K\u00fcrt\u0151skal\u00e1cs<\/td><td>\u0394\u03c9\u03c1\u03b5\u03ac\u03bd<\/td><\/tr><tr><td>\u0395\u03ba\u03ba\u03bb\u03b7\u03c3\u03af\u03b1 \u03c4\u03b7\u03c2 \u03a0\u03b1\u03bd\u03b1\u03b3\u03af\u03b1\u03c2 \u2013 \u0395\u03ba\u03ba\u03bb\u03b7\u03c3\u03af\u03b1 \u039c\u03b1\u03c4\u03b8\u03af\u03b1<\/td><td>\u0394\u03c9\u03c1\u03b5\u03ac\u03bd<\/td><\/tr><tr><td>\u03a4\u03b5\u03bb\u03b5\u03c6\u03b5\u03c1\u03af\u03ba \u039a\u03ac\u03c3\u03c4\u03c1\u03bf\u03c5 Buda<\/td><td>\u0394\u03c9\u03c1\u03b5\u03ac\u03bd<\/td><\/tr><\/table><\/div>\n\n\n<div class=\"ms-p ms-rounded ms-mb-last-child-0 ms-mb-children-condensed ms-mb-block ms-alert--neutral\">\n<h4 class=\"gb-text-8c5919a0\"><span class=\"gb-shape\"><svg viewBox=\"0 0 256 256\" fill=\"#000000\" height=\"32\" width=\"32\" xmlns=\"http:\/\/www.w3.org\/2000\/svg\"><path d=\"M108,84a16,16,0,1,1,16,16A16,16,0,0,1,108,84Zm128,44A108,108,0,1,1,128,20,108.12,108.12,0,0,1,236,128Zm-24,0a84,84,0,1,0-84,84A84.09,84.09,0,0,0,212,128Zm-72,36.68V132a20,20,0,0,0-20-20,12,12,0,0,0-4,23.32V168a20,20,0,0,0,20,20,12,12,0,0,0,4-23.32Z\"><\/path><\/svg><\/span><span class=\"gb-text\">\u03a3\u03b7\u03bc\u03b5\u03af\u03c9\u03c3\u03b7:<\/span><\/h4>\n\n\n\n<ul class=\"wp-block-list\">\n<li>\u039f\u03b9 \u03c0\u03bb\u03b7\u03c1\u03bf\u03c6\u03bf\u03c1\u03af\u03b5\u03c2 \u03b5\u03bd\u03b7\u03bc\u03b5\u03c1\u03ce\u03b8\u03b7\u03ba\u03b1\u03bd \u03b3\u03b9\u03b1 \u03c4\u03b5\u03bb\u03b5\u03c5\u03c4\u03b1\u03af\u03b1 \u03c6\u03bf\u03c1\u03ac \u03c4\u03bf\u03bd \u039c\u03ac\u03c1\u03c4\u03b9\u03bf \u03c4\u03bf\u03c5 2026.<\/li>\n\n\n\n<li>\u039f\u03b9 \u03b5\u03ba\u03c0\u03c4\u03ce\u03c3\u03b5\u03b9\u03c2 \u03c0\u03bf\u03c5 \u03c0\u03b5\u03c1\u03b9\u03bb\u03b1\u03bc\u03b2\u03ac\u03bd\u03bf\u03bd\u03c4\u03b1\u03b9 \u03c3\u03c4\u03b7\u03bd Budapest Card \u03b5\u03bd\u03b4\u03ad\u03c7\u03b5\u03c4\u03b1\u03b9 \u03bd\u03b1 \u03b1\u03bb\u03bb\u03ac\u03be\u03bf\u03c5\u03bd \u03c7\u03c9\u03c1\u03af\u03c2 \u03c0\u03c1\u03bf\u03b7\u03b3\u03bf\u03cd\u03bc\u03b5\u03bd\u03b7 \u03b5\u03b9\u03b4\u03bf\u03c0\u03bf\u03af\u03b7\u03c3\u03b7.<\/li>\n<\/ul>\n<\/div>\n\n\n\n<p><\/p>\n","protected":false},"excerpt":{"rendered":"","protected":false},"author":1,"featured_media":0,"parent":0,"menu_order":3,"comment_status":"closed","ping_status":"closed","template":"","meta":{"_acf_changed":false,"footnotes":""},"post-style":[],"producer":[],"class_list":["post-8","page","type-page","status-publish"],"acf":[],"_links":{"self":[{"href":"https:\/\/www.budapestcard.org\/el\/wp-json\/wp\/v2\/pages\/8","targetHints":{"allow":["GET"]}}],"collection":[{"href":"https:\/\/www.budapestcard.org\/el\/wp-json\/wp\/v2\/pages"}],"about":[{"href":"https:\/\/www.budapestcard.org\/el\/wp-json\/wp\/v2\/types\/page"}],"author":[{"embeddable":true,"href":"https:\/\/www.budapestcard.org\/el\/wp-json\/wp\/v2\/users\/1"}],"replies":[{"embeddable":true,"href":"https:\/\/www.budapestcard.org\/el\/wp-json\/wp\/v2\/comments?post=8"}],"version-history":[{"count":3,"href":"https:\/\/www.budapestcard.org\/el\/wp-json\/wp\/v2\/pages\/8\/revisions"}],"predecessor-version":[{"id":1042,"href":"https:\/\/www.budapestcard.org\/el\/wp-json\/wp\/v2\/pages\/8\/revisions\/1042"}],"wp:attachment":[{"href":"https:\/\/www.budapestcard.org\/el\/wp-json\/wp\/v2\/media?parent=8"}],"wp:term":[{"taxonomy":"post-style","embeddable":true,"href":"https:\/\/www.budapestcard.org\/el\/wp-json\/wp\/v2\/post-style?post=8"},{"taxonomy":"producer","embeddable":true,"href":"https:\/\/www.budapestcard.org\/el\/wp-json\/wp\/v2\/producer?post=8"}],"curies":[{"name":"wp","href":"https:\/\/api.w.org\/{rel}","templated":true}]}}