{"id":27,"date":"2016-10-21T17:31:30","date_gmt":"2016-10-21T15:31:30","guid":{"rendered":"https:\/\/www.budapestcard.org\/?page_id=27"},"modified":"2026-04-13T06:11:05","modified_gmt":"2026-04-13T04:11:05","slug":"precios","status":"publish","type":"page","link":"https:\/\/www.budapestcard.org\/es\/precios\/","title":{"rendered":"Precios de la Budapest Card"},"content":{"rendered":"\n<p>La Tarjeta Budapest es una de las mejores herramientas que puedes utilizar para descubrir de verdad todas las cosas asombrosas que ofrece Budapest, pero \u00bfqu\u00e9 opciones de tarjeta son las mejores para ti?<\/p>\n\n\n\n<p>Hay cinco duraciones diferentes de la Budapest Card: <strong>24<\/strong>, <strong>48<\/strong>, <strong>72<\/strong>, <strong>96<\/strong> y <strong>120<\/strong> horas. Cada tarjeta es v\u00e1lida desde su primer uso durante el periodo de tiempo marcado en la tarjeta. La tarjeta no se activa hasta que la uses, as\u00ed que puedes comprarla f\u00e1cilmente antes de tu viaje. Es v\u00e1lida hasta el final de la temporada actual, que termina el 30 de abril de 2026. \u00a1Aprovecha y ahorra comprando con antelaci\u00f3n!<\/p>\n\n\n\n<h3 class=\"wp-block-heading\">Tabla de precios<\/h3>\n\n\n<div class=\"ms-table frozenColumn\"><table><tr><th>Adultos<\/th><th>Precio normal<\/th><\/tr><tr><td>24 Horas<\/td><td>\u20ac55,00 (\u20ac55,00 por d\u00eda)<\/td><\/tr><tr><td>48 Horas<\/td><td>\u20ac71,50 (\u20ac35,75 por d\u00eda)<\/td><\/tr><tr><td>72 Horas<\/td><td>\u20ac91,30 (\u20ac30,43 por d\u00eda)<\/td><\/tr><tr><td>96 Horas<\/td><td>\u20ac114,40 (\u20ac28,60 por d\u00eda)<\/td><\/tr><tr><td>120 Horas<\/td><td>\u20ac127,60 (\u20ac25,52 por d\u00eda)<\/td><\/tr><\/table><\/div>\n\n\n<p><strong>Nota:<\/strong> Cada tarjeta es v\u00e1lida para un adulto y un ni\u00f1o de hasta seis a\u00f1os que viaje con ellos.<\/p>\n\n\n\n<p>Para determinar si la Budapest Card merece la pena, hazte estas tres preguntas:<\/p>\n\n\n\n<ol class=\"wp-block-list\">\n<li>\u00bfCu\u00e1nto tiempo voy a estar en Budapest?<\/li>\n\n\n\n<li>\u00bfCu\u00e1ntas cosas incre\u00edbles quiero ver mientras est\u00e9 all\u00ed?<\/li>\n\n\n\n<li>\u00bfCu\u00e1nto dinero quiero ahorrar?<\/li>\n<\/ol>\n\n\n\n<p>\u00bfS\u00f3lo vas a pasar un d\u00eda en Budapest para probar los famosos pasteles de chimenea tradicionales h\u00fangaros en Moln\u00e1r&#8217;s K\u00fcrt\u0151skal\u00e1cs, o para darte un chapuz\u00f3n en los Ba\u00f1os Termales y la Piscina Luk\u00e1cs? Si es as\u00ed, invertir en una tarjeta de 24 horas puede ser tu mejor opci\u00f3n. Si vas a quedarte m\u00e1s tiempo, o quieres tomar algo m\u00e1s que un dulce y un ba\u00f1o relajante, considera las tarjetas de 48, 72, 96 o 120 horas.<\/p>\n\n\n<div class=\"gb-container gb-container-7d45ff9c ms-alert--primary ms-p ms-rounded ms-mb-last-child-0 ms-mb-children-condensed ms-mb-block\">\n\n<p>Las tarjetas de mayor duraci\u00f3n tienen una excelente relaci\u00f3n calidad-precio, especialmente la de 120 horas, que cuesta s\u00f3lo \u20ac25,52 al d\u00eda.<\/p>\n\n<\/div>\n\n\n<p>La Budapest Card te da las llaves de la ciudad, o lo m\u00e1s cerca que puedas estar de ella. Decenas de bares, restaurantes, balnearios, museos y otros lugares ofrecen enormes descuentos en la entrada, los servicios o las compras. Puedes utilizar gratis el transporte p\u00fablico de la ciudad, disfrutar de las vistas con recorridos gratuitos a pie y cruceros gratuitos por el r\u00edo, o ir a los Ba\u00f1os Termales Luk\u00e1cs para una visita gratuita. Las posibilidades son infinitas.<\/p>\n\n\n\n<p>Consulta nuestra p\u00e1gina de <a href=\"https:\/\/www.budapestcard.org\/es\/descuentos\/\" data-type=\"page\" data-id=\"8\">Descuentos<\/a> para obtener m\u00e1s informaci\u00f3n sobre todos los incre\u00edbles ahorros que son posibles con la Tarjeta Budapest.<\/p>\n\n\n\n<p><\/p>\n","protected":false},"excerpt":{"rendered":"","protected":false},"author":2,"featured_media":0,"parent":0,"menu_order":6,"comment_status":"closed","ping_status":"closed","template":"","meta":{"_acf_changed":false,"footnotes":"","button_url":"https:\/\/www.tiqets.com\/es\/things-to-do-in-budapest-c68199\/tickets-for-budapest-card-free-entrance-to-szt-lukacs-thermal-bath-and-pool-p974576\/?partner=budapestcard","ms_product_id":"","ms_product_name":"","ms_price":"","ms_currency":"","ms_rating_value":"","ms_review_count":"","rank_math_title":"Precios de la Budapest Card en %currentyear%","rank_math_description":"Descubre Budapest en %currentyear% con la mejor relaci\u00f3n. Elige entre 24, 48, 72, 96 o 120 horas. Consulta los Budapest Card precios aqu\u00ed."},"post-style":[],"producer":[],"class_list":["post-27","page","type-page","status-publish","has-post-thumbnail"],"acf":[],"product_schema":{"ms_product_id":"","ms_product_name":"","ms_price":"","ms_currency":"","ms_rating_value":"","ms_review_count":""},"_links":{"self":[{"href":"https:\/\/www.budapestcard.org\/es\/wp-json\/wp\/v2\/pages\/27","targetHints":{"allow":["GET"]}}],"collection":[{"href":"https:\/\/www.budapestcard.org\/es\/wp-json\/wp\/v2\/pages"}],"about":[{"href":"https:\/\/www.budapestcard.org\/es\/wp-json\/wp\/v2\/types\/page"}],"author":[{"embeddable":true,"href":"https:\/\/www.budapestcard.org\/es\/wp-json\/wp\/v2\/users\/2"}],"replies":[{"embeddable":true,"href":"https:\/\/www.budapestcard.org\/es\/wp-json\/wp\/v2\/comments?post=27"}],"version-history":[{"count":3,"href":"https:\/\/www.budapestcard.org\/es\/wp-json\/wp\/v2\/pages\/27\/revisions"}],"predecessor-version":[{"id":944,"href":"https:\/\/www.budapestcard.org\/es\/wp-json\/wp\/v2\/pages\/27\/revisions\/944"}],"wp:attachment":[{"href":"https:\/\/www.budapestcard.org\/es\/wp-json\/wp\/v2\/media?parent=27"}],"wp:term":[{"taxonomy":"post-style","embeddable":true,"href":"https:\/\/www.budapestcard.org\/es\/wp-json\/wp\/v2\/post-style?post=27"},{"taxonomy":"producer","embeddable":true,"href":"https:\/\/www.budapestcard.org\/es\/wp-json\/wp\/v2\/producer?post=27"}],"curies":[{"name":"wp","href":"https:\/\/api.w.org\/{rel}","templated":true}]}}