{"id":657,"date":"2024-10-22T10:29:55","date_gmt":"2024-10-22T08:29:55","guid":{"rendered":"https:\/\/www.budapestcard.org\/es\/?page_id=657"},"modified":"2025-04-21T06:58:41","modified_gmt":"2025-04-21T04:58:41","slug":"visa-nomada-digital-hungria","status":"publish","type":"page","link":"https:\/\/www.budapestcard.org\/es\/visa-nomada-digital-hungria\/","title":{"rendered":"Visado para n\u00f3madas digitales de Hungr\u00eda"},"content":{"rendered":"\n<p>Hungr\u00eda se est\u00e1 convirtiendo r\u00e1pidamente en un destino popular para los n\u00f3madas digitales que buscan una cultura vibrante, una rica historia y una vida asequible. En respuesta a la creciente tendencia del trabajo a distancia, Hungr\u00eda ha establecido un Visado para N\u00f3madas Digitales, que ofrece a los trabajadores a distancia la oportunidad de residir y trabajar cumpliendo los requisitos legales.<\/p>\n\n\n<div class=\"ms-credits\">\n<img decoding=\"async\" class=\"gb-media-ce0adde1\" src=\"https:\/\/www.budapestcard.org\/wp-content\/uploads\/visit-camp-nou-1745208234.jpg\" alt=\"Hungary Digital Nomad Visa\" title=\"Hungary-digital-nomad-visa\"\/>\n<span class='ms-credits__info' id='media826'><svg xmlns=\"http:\/\/www.w3.org\/2000\/svg\" width=\"20\" height=\"22\" fill=\"#000000\" viewBox=\"0 0 256 256\"><path d=\"M128,24A104,104,0,1,0,232,128,104.11,104.11,0,0,0,128,24Zm0,192a88,88,0,1,1,88-88A88.1,88.1,0,0,1,128,216ZM96,128a32,32,0,0,0,57.6,19.2,8,8,0,0,1,12.8,9.61,48,48,0,1,1,0-57.62,8,8,0,0,1-12.8,9.61A32,32,0,0,0,96,128Z\"><\/path><\/svg>stadtratte\/<a href=https:\/\/depositphotos.com\/photo\/man-suitcase-travels-hungary-230842712.html rel='nofollow' target='_blank'>Depositphotos<\/a><\/span><span class='ms-credits__btn' id='btn_media826' onclick='ms_credits_trigger(\"#media826\", this)'><svg xmlns=\"http:\/\/www.w3.org\/2000\/svg\" class=\"info_icon\" width=\"28\" height=\"28\" fill=\"#FFF\" viewBox=\"0 0 256 256\"><path d=\"M128,24A104,104,0,1,0,232,128,104.11,104.11,0,0,0,128,24Zm0,192a88,88,0,1,1,88-88A88.1,88.1,0,0,1,128,216Zm16-40a8,8,0,0,1-8,8,16,16,0,0,1-16-16V128a8,8,0,0,1,0-16,16,16,0,0,1,16,16v40A8,8,0,0,1,144,176ZM112,84a12,12,0,1,1,12,12A12,12,0,0,1,112,84Z\"><\/path><\/svg><svg xmlns=\"http:\/\/www.w3.org\/2000\/svg\" class=\"close_icon\" width=\"28\" height=\"28\" fill=\"#FFF\" viewBox=\"0 0 256 256\"><path d=\"M165.66,101.66,139.31,128l26.35,26.34a8,8,0,0,1-11.32,11.32L128,139.31l-26.34,26.35a8,8,0,0,1-11.32-11.32L116.69,128,90.34,101.66a8,8,0,0,1,11.32-11.32L128,116.69l26.34-26.35a8,8,0,0,1,11.32,11.32ZM232,128A104,104,0,1,1,128,24,104.11,104.11,0,0,1,232,128Zm-16,0a88,88,0,1,0-88,88A88.1,88.1,0,0,0,216,128Z\"><\/path><\/svg><\/span><\/div>\n\n\n<h2 class=\"wp-block-heading\"><strong>\u00bfQu\u00e9 es el visado para n\u00f3madas digitales de Hungr\u00eda?<\/strong><\/h2>\n\n\n\n<p>El Visado N\u00f3mada Digital de Hungr\u00eda, tambi\u00e9n conocido como Tarjeta Blanca, es un permiso de residencia de un a\u00f1o que permite a los trabajadores a distancia vivir y trabajar legalmente en Hungr\u00eda. Puede renovarse una vez, lo que permite una estancia m\u00e1xima de dos a\u00f1os.<\/p>\n\n\n\n<p>Este visado est\u00e1 dise\u00f1ado para personas que puedan demostrar que tienen ingresos estables a trav\u00e9s del trabajo a distancia, por cuenta propia o dirigiendo sus propios negocios en l\u00ednea.<\/p>\n\n\n\n<h2 class=\"wp-block-heading\"><strong>Requisitos y requisitos<\/strong><\/h2>\n\n\n\n<p>Para poder optar al Visado para N\u00f3madas Digitales de Hungr\u00eda, los solicitantes deben cumplir los siguientes requisitos:<\/p>\n\n\n\n<ul class=\"wp-block-list\">\n<li>Ser ciudadano de fuera de la UE\/EEE.<\/li>\n\n\n\n<li>Tener un trabajo a distancia verificado o ser propietario de un negocio de \u00e9xito fuera de Hungr\u00eda.<\/li>\n\n\n\n<li>Realizar el trabajo a distancia utilizando tecnolog\u00eda digital avanzada.<\/li>\n\n\n\n<li>No tener un empleo local ni poseer acciones empresariales en Hungr\u00eda.<\/li>\n\n\n\n<li>Demostrar unos ingresos mensuales m\u00ednimos de 3.000 euros durante los \u00faltimos seis meses.<\/li>\n\n\n\n<li>Proporcionar una prueba de alojamiento en Hungr\u00eda.<\/li>\n\n\n\n<li>Tener un seguro m\u00e9dico v\u00e1lido.<\/li>\n\n\n\n<li>Tener pasaporte en vigor.<\/li>\n<\/ul>\n\n\n\n<h2 class=\"wp-block-heading\"><strong>El proceso de solicitud<\/strong><\/h2>\n\n\n\n<p>La solicitud del Visado para N\u00f3madas Digitales de Hungr\u00eda es un proceso de dos pasos:<\/p>\n\n\n\n<ol class=\"wp-block-list\">\n<li>Una vez aprobado, viaja a Hungr\u00eda y solicita la Tarjeta Blanca en el plazo de un mes desde tu llegada. El tiempo de tramitaci\u00f3n de la Tarjeta Blanca es de aproximadamente 21 d\u00edas.<\/li>\n\n\n\n<li>Solicita el visado n\u00f3mada digital en una embajada o consulado h\u00fangaro en tu pa\u00eds de origen. Este proceso puede durar unos 30 d\u00edas.<\/li>\n<\/ol>\n\n\n\n<p>Puedes seguir todo el proceso de solicitud en <a href=\"http:\/\/www.hungaryvisa.org\/\" target=\"_blank\" rel=\"noreferrer noopener nofollow\"><u>www.hungaryvisa.org.<\/u><\/a><\/p>\n\n\n\n<h2 class=\"wp-block-heading\"><strong>El coste<\/strong><\/h2>\n\n\n\n<p>Las tasas asociadas al Visado para N\u00f3madas Digitales de Hungr\u00eda son las siguientes<\/p>\n\n\n\n<ul class=\"wp-block-list\">\n<li>Solicitud de entrada para el visado: 110 euros (para solicitudes presentadas fuera de Hungr\u00eda)<\/li>\n\n\n\n<li>Tasa de servicio por solicitud en persona: 39.000 HUF (dentro de Hungr\u00eda)<\/li>\n\n\n\n<li>Tasa de servicio por solicitud en l\u00ednea: 24.000 HUF (a trav\u00e9s de la plataforma Enter Hungary)<\/li>\n<\/ul>\n\n\n\n<h2 class=\"wp-block-heading\"><strong>Ventajas del Visado para N\u00f3madas Digitales de Hungr\u00eda<\/strong><\/h2>\n\n\n\n<p>El Visado para N\u00f3madas Digitales de Hungr\u00eda ofrece varias ventajas a los trabajadores a distancia, entre ellas<\/p>\n\n\n\n<p>La oportunidad de vivir y trabajar en Hungr\u00eda durante un a\u00f1o, con la opci\u00f3n de prorrogarlo un a\u00f1o m\u00e1s si se sigue reuniendo los requisitos.<\/p>\n\n\n\n<p>Acceso al asequible coste de la vida, la vibrante cultura y los pintorescos paisajes de Hungr\u00eda.<\/p>\n\n\n\n<p>La posibilidad de viajar dentro del Espacio Schengen sin necesidad de visados adicionales.<\/p>\n\n\n\n<h2 class=\"wp-block-heading\"><strong>Vivir en Hungr\u00eda<\/strong><\/h2>\n\n\n\n<p>Como n\u00f3mada digital en Hungr\u00eda, tendr\u00e1s la oportunidad de experimentar diversos aspectos de la vida en este pa\u00eds. He aqu\u00ed algunos puntos clave que debes tener en cuenta:<\/p>\n\n\n\n<p><strong>Coste de la vida:<\/strong><\/p>\n\n\n\n<p>Hungr\u00eda ofrece un coste de la vida asequible en comparaci\u00f3n con muchos pa\u00edses de Europa Occidental. El alquiler, los servicios p\u00fablicos, los comestibles y el transporte suelen ser m\u00e1s asequibles, lo que lo convierte en una opci\u00f3n atractiva para los n\u00f3madas digitales.<\/p>\n\n\n\n<p><strong>Alojamiento:<\/strong><\/p>\n\n\n\n<p>Encontrar\u00e1s diversas opciones de alojamiento, desde pisos compartidos y alquileres privados hasta espacios de convivencia y alojamientos de corta duraci\u00f3n. Budapest, la capital, es una opci\u00f3n popular, pero ciudades m\u00e1s peque\u00f1as como Szeged, Debrecen y P\u00e9cs tambi\u00e9n tienen su encanto y atractivo.<\/p>\n\n\n\n<p><strong>Internet y espacios de coworking:<\/strong><\/p>\n\n\n\n<p>Hungr\u00eda tiene una infraestructura de Internet fiable con amplia cobertura Wi-Fi, incluso en espacios p\u00fablicos. Encontrar\u00e1s espacios de coworking en ciudades m\u00e1s grandes como Budapest, que atienden a la comunidad de n\u00f3madas digitales.<\/p>\n\n\n\n<p><strong>Transporte:<\/strong><\/p>\n\n\n\n<p>Hungr\u00eda cuenta con una amplia red de transporte p\u00fablico, que incluye autobuses, tranv\u00edas y trenes. Budapest tambi\u00e9n dispone de metro. Puedes viajar f\u00e1cilmente dentro del pa\u00eds o explorar los pa\u00edses vecinos con trenes o autobuses regionales.<\/p>\n\n\n\n<p><strong>Sanidad:<\/strong><\/p>\n\n\n\n<p>Hungr\u00eda tiene un sistema sanitario p\u00fablico que ofrece cobertura universal a los residentes. Como n\u00f3mada digital, es probable que necesites un seguro m\u00e9dico privado para acceder a los servicios m\u00e9dicos. Los centros sanitarios privados, sobre todo en las grandes ciudades, suelen ofrecer asistencia de alta calidad.<\/p>\n\n\n\n<p><strong>Vida social y redes de contactos:<\/strong><\/p>\n\n\n\n<p>Hungr\u00eda ofrece una vibrante escena social, con numerosos restaurantes, bares y actos culturales. Abundan las oportunidades de establecer contactos a trav\u00e9s de grupos de encuentro, actos de intercambio de idiomas y comunidades de n\u00f3madas digitales.<\/p>\n","protected":false},"excerpt":{"rendered":"","protected":false},"author":3,"featured_media":826,"parent":0,"menu_order":3,"comment_status":"closed","ping_status":"closed","template":"","meta":{"_acf_changed":false,"footnotes":""},"post-style":[],"producer":[],"class_list":["post-657","page","type-page","status-publish","has-post-thumbnail"],"acf":[],"_links":{"self":[{"href":"https:\/\/www.budapestcard.org\/es\/wp-json\/wp\/v2\/pages\/657","targetHints":{"allow":["GET"]}}],"collection":[{"href":"https:\/\/www.budapestcard.org\/es\/wp-json\/wp\/v2\/pages"}],"about":[{"href":"https:\/\/www.budapestcard.org\/es\/wp-json\/wp\/v2\/types\/page"}],"author":[{"embeddable":true,"href":"https:\/\/www.budapestcard.org\/es\/wp-json\/wp\/v2\/users\/3"}],"replies":[{"embeddable":true,"href":"https:\/\/www.budapestcard.org\/es\/wp-json\/wp\/v2\/comments?post=657"}],"version-history":[{"count":3,"href":"https:\/\/www.budapestcard.org\/es\/wp-json\/wp\/v2\/pages\/657\/revisions"}],"predecessor-version":[{"id":830,"href":"https:\/\/www.budapestcard.org\/es\/wp-json\/wp\/v2\/pages\/657\/revisions\/830"}],"wp:featuredmedia":[{"embeddable":true,"href":"https:\/\/www.budapestcard.org\/es\/wp-json\/wp\/v2\/media\/826"}],"wp:attachment":[{"href":"https:\/\/www.budapestcard.org\/es\/wp-json\/wp\/v2\/media?parent=657"}],"wp:term":[{"taxonomy":"post-style","embeddable":true,"href":"https:\/\/www.budapestcard.org\/es\/wp-json\/wp\/v2\/post-style?post=657"},{"taxonomy":"producer","embeddable":true,"href":"https:\/\/www.budapestcard.org\/es\/wp-json\/wp\/v2\/producer?post=657"}],"curies":[{"name":"wp","href":"https:\/\/api.w.org\/{rel}","templated":true}]}}