{"id":662,"date":"2024-10-22T13:25:33","date_gmt":"2024-10-22T11:25:33","guid":{"rendered":"https:\/\/www.budapestcard.org\/es\/?page_id=662"},"modified":"2025-01-10T07:42:58","modified_gmt":"2025-01-10T06:42:58","slug":"contacto","status":"publish","type":"page","link":"https:\/\/www.budapestcard.org\/es\/contacto\/","title":{"rendered":"Contacto"},"content":{"rendered":"\n<h3 class=\"wp-block-heading\">Consultas sobre entradas<\/h3>\n\n\n\n<p>Para cualquier pregunta sobre las entradas o tu reserva actual, ponte en contacto con nuestro socio de entradas:<\/p>\n\n\n\n<ul class=\"wp-block-list\">\n<li>Correo electr\u00f3nico: info@ticketbar.eu<\/li>\n\n\n\n<li>Tel\u00e9fono: +44 2035142614<\/li>\n<\/ul>\n\n\n\n<hr class=\"wp-block-separator has-alpha-channel-opacity\" \/>\n\n\n\n<h3 class=\"wp-block-heading\">Informaci\u00f3n tur\u00edstica<\/h3>\n\n\n\n<h4 class=\"wp-block-heading\"><strong>Oficina de Informaci\u00f3n Tur\u00edstica Budapestinfo<\/strong><\/h4>\n\n\n\n<p>Para cualquier cuesti\u00f3n relacionada con el turismo en Budapest y en Hungr\u00eda, como mapas, gu\u00edas y consejos sobre atracciones y eventos:<\/p>\n\n\n\n<ul class=\"wp-block-list\">\n<li>Direcci\u00f3n: 1052 Parque V\u00e1rosh\u00e1za, esquina K\u00e1roly k\u00f6r\u00fat &#8211; Calle B\u00e1rczy Istv\u00e1n (Plaza De\u00e1k, Metro1, Metro2, Metro3 o terminal de autobuses 100E enfrente si llegas desde el aeropuerto)<\/li>\n<\/ul>\n\n\n\n<h4 class=\"wp-block-heading\"><strong>L\u00ednea directa de informaci\u00f3n sobre la Budapest Card<\/strong><\/h4>\n\n\n\n<p>Para obtener informaci\u00f3n detallada sobre la Budapest Card, descuentos y ventajas:<\/p>\n\n\n\n<ul class=\"wp-block-list\">\n<li>Tel\u00e9fono: +36 30 955 0398 (disponible de 9.00 a 19.00)<\/li>\n<\/ul>\n\n\n\n<hr class=\"wp-block-separator has-alpha-channel-opacity\" \/>\n\n\n\n<h3 class=\"wp-block-heading\">Asistencia del sitio web<\/h3>\n\n\n\n<p>Para cualquier consulta relacionada con este sitio web, ponte en contacto con nosotros directamente:<\/p>\n\n\n\n<ul class=\"wp-block-list\">\n<li>Correo electr\u00f3nico: info@moonshot.media<\/li>\n<\/ul>\n","protected":false},"excerpt":{"rendered":"","protected":false},"author":3,"featured_media":0,"parent":0,"menu_order":1,"comment_status":"closed","ping_status":"closed","template":"","meta":{"_acf_changed":false,"footnotes":"","button_url":"https:\/\/www.tiqets.com\/es\/things-to-do-in-budapest-c68199\/tickets-for-budapest-card-free-entrance-to-szt-lukacs-thermal-bath-and-pool-p974576\/?partner=budapestcard","ms_product_id":"","ms_product_name":"","ms_price":"","ms_currency":"","ms_rating_value":"","ms_review_count":"","rank_math_title":"","rank_math_description":""},"post-style":[],"producer":[],"class_list":["post-662","page","type-page","status-publish","has-post-thumbnail"],"acf":[],"product_schema":{"ms_product_id":"","ms_product_name":"","ms_price":"","ms_currency":"","ms_rating_value":"","ms_review_count":""},"_links":{"self":[{"href":"https:\/\/www.budapestcard.org\/es\/wp-json\/wp\/v2\/pages\/662","targetHints":{"allow":["GET"]}}],"collection":[{"href":"https:\/\/www.budapestcard.org\/es\/wp-json\/wp\/v2\/pages"}],"about":[{"href":"https:\/\/www.budapestcard.org\/es\/wp-json\/wp\/v2\/types\/page"}],"author":[{"embeddable":true,"href":"https:\/\/www.budapestcard.org\/es\/wp-json\/wp\/v2\/users\/3"}],"replies":[{"embeddable":true,"href":"https:\/\/www.budapestcard.org\/es\/wp-json\/wp\/v2\/comments?post=662"}],"version-history":[{"count":3,"href":"https:\/\/www.budapestcard.org\/es\/wp-json\/wp\/v2\/pages\/662\/revisions"}],"predecessor-version":[{"id":668,"href":"https:\/\/www.budapestcard.org\/es\/wp-json\/wp\/v2\/pages\/662\/revisions\/668"}],"wp:attachment":[{"href":"https:\/\/www.budapestcard.org\/es\/wp-json\/wp\/v2\/media?parent=662"}],"wp:term":[{"taxonomy":"post-style","embeddable":true,"href":"https:\/\/www.budapestcard.org\/es\/wp-json\/wp\/v2\/post-style?post=662"},{"taxonomy":"producer","embeddable":true,"href":"https:\/\/www.budapestcard.org\/es\/wp-json\/wp\/v2\/producer?post=662"}],"curies":[{"name":"wp","href":"https:\/\/api.w.org\/{rel}","templated":true}]}}