{"id":843,"date":"2025-04-24T17:56:12","date_gmt":"2025-04-24T15:56:12","guid":{"rendered":"https:\/\/www.budapestcard.org\/es\/?page_id=843"},"modified":"2025-09-29T21:48:04","modified_gmt":"2025-09-29T19:48:04","slug":"budapest-pass","status":"publish","type":"page","link":"https:\/\/www.budapestcard.org\/es\/budapest-pass\/","title":{"rendered":"Budapest Pass"},"content":{"rendered":"\n<p>El Budapest Pass es m\u00e1s que un simple billete: es tu acceso VIP al alma de la ciudad.<\/p>\n\n\n\n<div class=\"ms-cta-button ms-p ms-cta\">\n<a class=\"gb-text ms-btn ms-btn--primary ms-shadow\" href=\"https:\/\/www.tiqets.com\/es\/checkout\/tickets-for-budapest-pass-p1013746\/booking_details\/?partner=budapestcard\" rel=\"nofollow noopener\">Ver disponibilidad<\/a>\n<\/div>\n\n\n\n<h2 class=\"wp-block-heading\">Ventajas<\/h2>\n\n\n\n<ul class=\"ms-icon-list\">\n<li class=\"ms-icon-list__item\"><span class=\"gb-shape\"><svg viewBox=\"0 0 256 256\" fill=\"#000000\" height=\"32\" width=\"32\" xmlns=\"http:\/\/www.w3.org\/2000\/svg\"><path d=\"M232.49,80.49l-128,128a12,12,0,0,1-17,0l-56-56a12,12,0,1,1,17-17L96,183,215.51,63.51a12,12,0,0,1,17,17Z\"><\/path><\/svg><\/span><span class=\"gb-text\">10 % de descuento en otras atracciones de Budapest.<\/span><\/li>\n\n\n\n<li class=\"ms-icon-list__item\"><span class=\"gb-shape\"><svg viewBox=\"0 0 256 256\" fill=\"#000000\" height=\"32\" width=\"32\" xmlns=\"http:\/\/www.w3.org\/2000\/svg\"><path d=\"M232.49,80.49l-128,128a12,12,0,0,1-17,0l-56-56a12,12,0,1,1,17-17L96,183,215.51,63.51a12,12,0,0,1,17,17Z\"><\/path><\/svg><\/span><span class=\"gb-text\">Sin cargos sorpresa.<\/span><\/li>\n\n\n\n<li class=\"ms-icon-list__item\"><span class=\"gb-shape\"><svg viewBox=\"0 0 256 256\" fill=\"#000000\" height=\"32\" width=\"32\" xmlns=\"http:\/\/www.w3.org\/2000\/svg\"><path d=\"M232.49,80.49l-128,128a12,12,0,0,1-17,0l-56-56a12,12,0,1,1,17-17L96,183,215.51,63.51a12,12,0,0,1,17,17Z\"><\/path><\/svg><\/span><span class=\"gb-text\">Elige la hora que m\u00e1s te convenga al finalizar la compra para cada lugar.<\/span><\/li>\n<\/ul>\n\n\n\n<figure><div class=\"ms-credits\">\n<img decoding=\"async\" class=\"gb-media-4f95c955\" src=\"https:\/\/www.budapestcard.org\/wp-content\/uploads\/budapest-pass-1745508262.jpg\" alt=\"Budapest Digital Pass\" title=\"budapest-pass\"\/>\n<span class='ms-credits__info' id='media908'><svg xmlns=\"http:\/\/www.w3.org\/2000\/svg\" width=\"20\" height=\"22\" fill=\"#000000\" viewBox=\"0 0 256 256\"><path d=\"M128,24A104,104,0,1,0,232,128,104.11,104.11,0,0,0,128,24Zm0,192a88,88,0,1,1,88-88A88.1,88.1,0,0,1,128,216ZM96,128a32,32,0,0,0,57.6,19.2,8,8,0,0,1,12.8,9.61,48,48,0,1,1,0-57.62,8,8,0,0,1-12.8,9.61A32,32,0,0,0,96,128Z\"><\/path><\/svg><a href=https:\/\/aws-tiqets-cdn.imgix.net\/images\/content\/5b15a54f59bb4a72a684951fd8342bcd.png?auto=format%2Ccompress&#038;fit=crop&#038;h=1284&#038;ixlib=python-3.2.1&#038;q=70&#038;w=1284&#038;s=1b83f5203d9850100a55e1c2a2e6d972 rel='nofollow' target='_blank'>Tiqets<\/a><\/span><span class='ms-credits__btn' id='btn_media908' onclick='ms_credits_trigger(\"#media908\", this)'><svg xmlns=\"http:\/\/www.w3.org\/2000\/svg\" class=\"info_icon\" width=\"28\" height=\"28\" fill=\"#FFF\" viewBox=\"0 0 256 256\"><path d=\"M128,24A104,104,0,1,0,232,128,104.11,104.11,0,0,0,128,24Zm0,192a88,88,0,1,1,88-88A88.1,88.1,0,0,1,128,216Zm16-40a8,8,0,0,1-8,8,16,16,0,0,1-16-16V128a8,8,0,0,1,0-16,16,16,0,0,1,16,16v40A8,8,0,0,1,144,176ZM112,84a12,12,0,1,1,12,12A12,12,0,0,1,112,84Z\"><\/path><\/svg><svg xmlns=\"http:\/\/www.w3.org\/2000\/svg\" class=\"close_icon\" width=\"28\" height=\"28\" fill=\"#FFF\" viewBox=\"0 0 256 256\"><path d=\"M165.66,101.66,139.31,128l26.35,26.34a8,8,0,0,1-11.32,11.32L128,139.31l-26.34,26.35a8,8,0,0,1-11.32-11.32L116.69,128,90.34,101.66a8,8,0,0,1,11.32-11.32L128,116.69l26.34-26.35a8,8,0,0,1,11.32,11.32ZM232,128A104,104,0,1,1,128,24,104.11,104.11,0,0,1,232,128Zm-16,0a88,88,0,1,0-88,88A88.1,88.1,0,0,0,216,128Z\"><\/path><\/svg><\/span><\/div><\/figure>\n\n\n\n<div class=\"ms-alert--primary ms-p ms-rounded ms-mb-last-child-0 ms-mb-children-condensed ms-mb-block\">\n<h3 class=\"wp-block-heading has-ms-color-primary-darker-color has-text-color has-link-color wp-elements-d928e4e8d19cb37b89d48fbc08b5d3eb\">C\u00f3mo reservar<\/h3>\n\n\n\n<div class=\"gb-element-f4eb9e37\">\n<div>\n<p class=\"gb-text-91d99ec7 ms-link-unstyled\"><span class=\"gb-shape\"><svg viewBox=\"0 0 256 256\" fill=\"#000000\" height=\"32\" width=\"32\" xmlns=\"http:\/\/www.w3.org\/2000\/svg\"><path d=\"M246.15,133.18,146.83,33.86A19.85,19.85,0,0,0,132.69,28H40A12,12,0,0,0,28,40v92.69a19.85,19.85,0,0,0,5.86,14.14l99.32,99.32a20,20,0,0,0,28.28,0l84.69-84.69A20,20,0,0,0,246.15,133.18Zm-98.83,93.17L52,131V52h79l95.32,95.32ZM100,84A16,16,0,1,1,84,68,16,16,0,0,1,100,84Z\"><\/path><\/svg><\/span><span class=\"gb-text\"><strong>Elige tu pase<\/strong><\/span><\/p>\n\n\n\n<p class=\"has-ms-color-primary-darker-color has-text-color has-link-color wp-elements-b1eb27daa0b444a45e341705486d19be\">Selecciona el n\u00famero de participantes y la fecha de inicio del pase.<\/p>\n<\/div>\n\n\n\n<div>\n<p class=\"gb-text-71a39911 ms-link-unstyled\"><span class=\"gb-shape\"><svg viewBox=\"0 0 256 256\" fill=\"#000000\" height=\"32\" width=\"32\" xmlns=\"http:\/\/www.w3.org\/2000\/svg\"><path d=\"M128,20A108,108,0,1,0,236,128,108.12,108.12,0,0,0,128,20Zm0,192a84,84,0,1,1,84-84A84.09,84.09,0,0,1,128,212Zm68-84a12,12,0,0,1-12,12H128a12,12,0,0,1-12-12V72a12,12,0,0,1,24,0v44h44A12,12,0,0,1,196,128Z\"><\/path><\/svg><\/span><span class=\"gb-text\"><strong>Reserva tus entradas<\/strong><\/span><\/p>\n\n\n\n<p class=\"has-ms-color-primary-darker-color has-text-color has-link-color wp-elements-891908a5142181383de983783b99f62a\">Elige una fecha y una hora para las atracciones y actividades.<\/p>\n<\/div>\n<\/div>\n\n\n\n<div class=\"gb-element-b221a285\">\n<div>\n<p class=\"gb-text-a8e13d94 ms-link-unstyled\"><span class=\"gb-shape\"><svg viewBox=\"0 0 256 256\" fill=\"#000000\" height=\"32\" width=\"32\" xmlns=\"http:\/\/www.w3.org\/2000\/svg\"><path d=\"M224,44H32A20,20,0,0,0,12,64V192a20,20,0,0,0,20,20H224a20,20,0,0,0,20-20V64A20,20,0,0,0,224,44Zm-4,24V88H36V68ZM36,188V112H220v76Zm172-24a12,12,0,0,1-12,12H164a12,12,0,0,1,0-24h32A12,12,0,0,1,208,164Zm-68,0a12,12,0,0,1-12,12H116a12,12,0,0,1,0-24h12A12,12,0,0,1,140,164Z\"><\/path><\/svg><\/span><span class=\"gb-text\"><strong>Confirma y paga<\/strong><\/span><\/p>\n\n\n\n<p class=\"has-ms-color-primary-darker-color has-text-color has-link-color wp-elements-08cc67db31f02334096e7d387438d981\">Introduce tus datos y completa el pago seguro.<\/p>\n<\/div>\n\n\n\n<div>\n<p class=\"gb-text-26106146 ms-link-unstyled\"><span class=\"gb-shape\"><svg viewBox=\"0 0 256 256\" fill=\"#000000\" height=\"32\" width=\"32\" xmlns=\"http:\/\/www.w3.org\/2000\/svg\"><path d=\"M176.49,95.51a12,12,0,0,1,0,17l-56,56a12,12,0,0,1-17,0l-24-24a12,12,0,1,1,17-17L112,143l47.51-47.52A12,12,0,0,1,176.49,95.51ZM236,128A108,108,0,1,1,128,20,108.12,108.12,0,0,1,236,128Zm-24,0a84,84,0,1,0-84,84A84.09,84.09,0,0,0,212,128Z\"><\/path><\/svg><\/span><span class=\"gb-text\"><strong>Consigue tus entradas<\/strong><\/span><\/p>\n\n\n\n<p class=\"has-ms-color-primary-darker-color has-text-color has-link-color wp-elements-a2902ac8c56ea8e3ba408d6021b8f19b\">Recibe tus entradas digitales al instante por correo electr\u00f3nico.<\/p>\n<\/div>\n<\/div>\n<\/div>\n\n\n\n<h2 class=\"wp-block-heading\">C\u00f3mo funciona<\/h2>\n\n\n\n<ol class=\"wp-block-list\">\n<li><strong>Activa tu pase<\/strong>: Tu Budapest Pass se activa autom\u00e1ticamente en la fecha que elijas durante la reserva.<\/li>\n\n\n\n<li><strong>Canjea tu entrada<\/strong>: Muestra la entrada digital (que te llegar\u00e1 por correo electr\u00f3nico) en la entrada de cada actividad incluida (crucero por el Danubio, ba\u00f1os termales Sz\u00e9chenyi).<\/li>\n\n\n\n<li><strong>No necesitas imprimir<\/strong>: Simplemente utiliza la entrada desde tu smartphone.<\/li>\n<\/ol>\n\n\n\n<div class=\"ms-p ms-rounded ms-mb-last-child-0 ms-mb-children-condensed ms-alert--contrast ms-mb-block\">\n<h4 class=\"gb-text-26a71c5b\"><span class=\"gb-shape\"><svg viewBox=\"0 0 256 256\" fill=\"#000000\" height=\"32\" width=\"32\" xmlns=\"http:\/\/www.w3.org\/2000\/svg\"><path d=\"M108,84a16,16,0,1,1,16,16A16,16,0,0,1,108,84Zm128,44A108,108,0,1,1,128,20,108.12,108.12,0,0,1,236,128Zm-24,0a84,84,0,1,0-84,84A84.09,84.09,0,0,0,212,128Zm-72,36.68V132a20,20,0,0,0-20-20,12,12,0,0,0-4,23.32V168a20,20,0,0,0,20,20,12,12,0,0,0,4-23.32Z\"><\/path><\/svg><\/span><span class=\"gb-text\">Oferta especial:<\/span><\/h4>\n\n\n\n<p class=\"gb-text\">Una vez que reserves, recibir\u00e1s por correo electr\u00f3nico un c\u00f3digo personal de <strong>10 % de descuento<\/strong>, v\u00e1lido durante un mes para tus pr\u00f3ximas 5 atracciones en Budapest.<\/p>\n\n\n\n<p class=\"gb-text\">Para m\u00e1s informaci\u00f3n, <a href=\"https:\/\/www.tiqets.com\/en\/things-to-do-in-budapest-c68199\/budapest-pass-p1013746\/?partner=budapestcard\" data-type=\"link\" data-id=\"https:\/\/www.tiqets.com\/en\/things-to-do-in-budapest-c68199\/budapest-pass-p1013746\/?partner=budapestcard\" rel=\"nofollow noopener\"><\/a><a href=\"https:\/\/www.tiqets.com\/es\/things-to-do-in-budapest-c68199\/budapest-pass-p1013746\/?partner=budapestcard\" rel=\"nofollow noopener\"><strong>haz clic aqu\u00ed<\/strong><\/a> \u00bb<\/p>\n<\/div>\n\n\n\n<h2 class=\"wp-block-heading\">Qu\u00e9 incluye<\/h2>\n\n\n\n<h3 class=\"wp-block-heading\">Ba\u00f1os termales Sz\u00e9chenyi<\/h3>\n\n\n\n<ul class=\"wp-block-list\">\n<li>Entrada de d\u00eda completo a los ba\u00f1os termales Sz\u00e9chenyi, uno de los balnearios termales m\u00e1s grandes de Europa<\/li>\n\n\n\n<li>Explora 3 piscinas al aire libre y 15 cubiertas<\/li>\n\n\n\n<li>Incluye una degustaci\u00f3n de p\u00e1linka (o una bebida sin alcohol, si lo prefieres) y taquilla o cabina (seg\u00fan el billete)<\/li>\n<\/ul>\n\n\n\n<h3 class=\"wp-block-heading\"><strong>Crucero por el Danubio (con una bebida)<\/strong><\/h3>\n\n\n\n<ul class=\"wp-block-list\">\n<li>Rel\u00e1jate en el r\u00edo y disfruta de las mejores vistas de Budapest<\/li>\n\n\n\n<li>Contempla lugares emblem\u00e1ticos como el Parlamento o el Puente de las Cadenas desde el agua<\/li>\n\n\n\n<li>Incluye una bebida de bienvenida para que disfrutes durante el crucero<\/li>\n<\/ul>\n\n\n\n<h3 class=\"wp-block-heading\">Aplicaci\u00f3n de audiogu\u00eda de POPGuide<\/h3>\n\n\n\n<ul class=\"wp-block-list\">\n<li>Viajes ilimitados en autobuses, tranv\u00edas y l\u00edneas de metro<\/li>\n\n\n\n<li>Muy pr\u00e1ctico para llegar a las atracciones de Buda y Pest<\/li>\n\n\n\n<li>No necesitas comprar billetes de transporte por separado<\/li>\n<\/ul>\n\n\n\n<h2 class=\"wp-block-heading\">Budapest Pass vs. Budapest Card: \u00bfcu\u00e1l es la diferencia?<\/h2>\n\n\n<div class=\"ms-table frozenColumn\"><table><tr><th><\/th><th><a href=\"https:\/\/www.tiqets.com\/es\/things-to-do-in-budapest-c68199\/budapest-pass-p1013746\/?partner=budapestcard\" rel=\"nofollow noopener\" target=\"_blank\">Budapest Pass<\/a><\/th><th><a href=\"https:\/\/www.tiqets.com\/es\/things-to-do-in-budapest-c68199\/tickets-for-budapest-card-free-entrance-to-szt-lukacs-thermal-bath-and-pool-p974576\/?partner=budapestcard\" rel=\"nofollow noopener\" target=\"_blank\">Budapest Card<\/a><\/th><\/tr><tr><td>Enfoque principal<\/td><td>Atracciones imprescindibles seleccionadas con experiencias guiadas<\/td><td>Entrada gratuita o con descuento a muchos museos y ba\u00f1os<\/td><\/tr><tr><td>Qu\u00e9 incluye<\/td><td>Ba\u00f1os termales Sz\u00e9chenyi, Cruceros por el Danubio en Budapest<\/td><td>Bas\u00edlica de San Esteban, Ba\u00f1os Luk\u00e1cs, 30+ museos y atracciones<\/td><\/tr><tr><td>App de audiogu\u00eda<\/td><td>\u2713<\/td><td> <\/td><\/tr><tr><td>Transporte p\u00fablico gratuito<\/td><td><\/td><td>\u2713<\/td><\/tr><tr><td>Descuentos adicionales<\/td><td>10 % de descuento en otras atracciones de Budapest<\/td><td>Descuentos en restaurantes, museos y spas seleccionados. <a href=\"https:\/\/www.budapestcard.org\/es\/descuentos\/\" rel=\"nofollow\" target=\"_blank\">Comprobar aqu\u00ed \u00bb<\/a><\/td><\/tr><tr><td>Ahorro estimado<\/td><td>Hasta un 10 % de ahorro comparado con reservar cada actividad por separado<\/td><td>10\u201350 % de ahorro en restaurantes, atracciones, tours, ba\u00f1os y m\u00e1s<\/td><\/tr><\/table><\/div>\n\n\n<h3 class=\"wp-block-heading\">Adquiere el Budapest Pass si:<\/h3>\n\n\n\n<ul class=\"wp-block-list\">\n<li>Deseas una experiencia m\u00e1s guiada con lugares de inter\u00e9s ya seleccionados para ti<\/li>\n\n\n\n<li>Prefieres grandes atracciones como el balneario Sz\u00e9chenyi y un crucero por el Danubio<\/li>\n\n\n\n<li>No quieres investigar, el pase se encarga de planificar por ti<\/li>\n<\/ul>\n\n\n\n<p><a href=\"https:\/\/www.tiqets.com\/es\/things-to-do-in-budapest-c68199\/budapest-pass-p1013746\/?partner=budapestcard\" rel=\"nofollow noopener\">Ver disponibilidad \u00bb<\/a><\/p>\n\n\n\n<h3 class=\"wp-block-heading\">Adquiere la Budapest Card si:<\/h3>\n\n\n\n<ul class=\"wp-block-list\">\n<li>Te encanta visitar muchos museos y lugares hist\u00f3ricos (especialmente si ya sabes lo que quieres ver)<\/li>\n\n\n\n<li>Quieres explorar a tu propio ritmo, eligiendo entre una lista m\u00e1s amplia de atracciones m\u00e1s peque\u00f1as<\/li>\n\n\n\n<li>Tienes un presupuesto ajustado y quieres m\u00e1s flexibilidad<\/li>\n<\/ul>\n\n\n\n<p><a href=\"https:\/\/www.tiqets.com\/es\/things-to-do-in-budapest-c68199\/tickets-for-budapest-card-free-entrance-to-szt-lukacs-thermal-bath-and-pool-p974576\/?partner=budapestcard\" rel=\"nofollow noopener\">Ver disponibilidad \u00bb<\/a><\/p>\n\n\n\n<h2 class=\"wp-block-heading\">Preguntas frecuentes<\/h2>\n\n\n\n<div class=\"ms-accordion ms-mb-block\">\n<div class=\"ms-accordion__item\">\n<div class=\"ms-accordion__header\">\n<h3 class=\"gb-text\">\u00bfPuedo elegir el idioma de las visitas guiadas?<\/h3>\n<\/div>\n\n\n\n<div class=\"ms-accordion__body\">\n<p class=\"gb-text\">La mayor\u00eda de las visitas guiadas (visita a la ciudad, Parlamento h\u00fangaro, Museo P\u00e1linka) se ofrecen en ingl\u00e9s, pero algunas pueden estar disponibles en otros idiomas. Comprueba la disponibilidad al hacer la reserva.<\/p>\n<\/div>\n<\/div>\n\n\n\n<div class=\"ms-accordion__item\">\n<div class=\"ms-accordion__header\">\n<h3 class=\"gb-text\">\u00bfC\u00f3mo canjeo o recojo el pase?<\/h3>\n<\/div>\n\n\n\n<div class=\"ms-accordion__body\">\n<p class=\"gb-text\">Recibir\u00e1s las entradas digitales por correo electr\u00f3nico cuando realices la compra.<\/p>\n<\/div>\n<\/div>\n\n\n\n<div class=\"ms-accordion__item\">\n<div class=\"ms-accordion__header\">\n<h3 class=\"gb-text\">\u00bfPuedo compartir el pase con otra persona?<\/h3>\n<\/div>\n\n\n\n<div class=\"ms-accordion__body\">\n<p class=\"gb-text\">No. El Budapest Pass es personal e intransferible. Deber\u00e1s mostrar tu propia entrada (y, en algunos casos, tu documento de identidad) en cada atracci\u00f3n.<\/p>\n<\/div>\n<\/div>\n\n\n\n<div class=\"ms-accordion__item\">\n<div class=\"ms-accordion__header\">\n<h3 class=\"gb-text\">\u00bfC\u00f3mo funciona el c\u00f3digo de descuento del 10 %?<\/h3>\n<\/div>\n\n\n\n<div class=\"ms-accordion__body\">\n<p class=\"gb-text\">Recibir\u00e1s un c\u00f3digo personal por correo electr\u00f3nico despu\u00e9s de realizar la reserva. Puedes utilizarlo hasta cinco veces para atracciones o experiencias adicionales en Budapest a trav\u00e9s de Tiqets. El c\u00f3digo tiene una validez limitada, as\u00ed que comprueba la fecha de caducidad.<\/p>\n<\/div>\n<\/div>\n<\/div>\n\n\n\n<p><\/p>\n","protected":false},"excerpt":{"rendered":"","protected":false},"author":4,"featured_media":844,"parent":0,"menu_order":0,"comment_status":"closed","ping_status":"closed","template":"","meta":{"_acf_changed":false,"footnotes":"","button_url":"https:\/\/www.tiqets.com\/es\/things-to-do-in-budapest-c68199\/budapest-pass-p1013746\/?partner=budapestcard","ms_product_id":"1013746","ms_product_name":"Budapest Pass","ms_price":"69","ms_currency":"EUR","ms_rating_value":"4","ms_review_count":"12","rank_math_title":"Budapest Pass: entradas, precios e informaci\u00f3n","rank_math_description":"Disfruta de lo mejor de Budapest con el Budapest Pass: balneario, crucero por el Danubio, visita al Parlamento y mucho m\u00e1s. Incluye transporte p\u00fablico y numerosos descuentos."},"post-style":[],"producer":[],"class_list":["post-843","page","type-page","status-publish","has-post-thumbnail"],"acf":[],"product_schema":{"ms_product_id":"1013746","ms_product_name":"Budapest Pass","ms_price":"69","ms_currency":"EUR","ms_rating_value":"4","ms_review_count":"12"},"_links":{"self":[{"href":"https:\/\/www.budapestcard.org\/es\/wp-json\/wp\/v2\/pages\/843","targetHints":{"allow":["GET"]}}],"collection":[{"href":"https:\/\/www.budapestcard.org\/es\/wp-json\/wp\/v2\/pages"}],"about":[{"href":"https:\/\/www.budapestcard.org\/es\/wp-json\/wp\/v2\/types\/page"}],"author":[{"embeddable":true,"href":"https:\/\/www.budapestcard.org\/es\/wp-json\/wp\/v2\/users\/4"}],"replies":[{"embeddable":true,"href":"https:\/\/www.budapestcard.org\/es\/wp-json\/wp\/v2\/comments?post=843"}],"version-history":[{"count":4,"href":"https:\/\/www.budapestcard.org\/es\/wp-json\/wp\/v2\/pages\/843\/revisions"}],"predecessor-version":[{"id":920,"href":"https:\/\/www.budapestcard.org\/es\/wp-json\/wp\/v2\/pages\/843\/revisions\/920"}],"wp:featuredmedia":[{"embeddable":true,"href":"https:\/\/www.budapestcard.org\/es\/wp-json\/wp\/v2\/media\/844"}],"wp:attachment":[{"href":"https:\/\/www.budapestcard.org\/es\/wp-json\/wp\/v2\/media?parent=843"}],"wp:term":[{"taxonomy":"post-style","embeddable":true,"href":"https:\/\/www.budapestcard.org\/es\/wp-json\/wp\/v2\/post-style?post=843"},{"taxonomy":"producer","embeddable":true,"href":"https:\/\/www.budapestcard.org\/es\/wp-json\/wp\/v2\/producer?post=843"}],"curies":[{"name":"wp","href":"https:\/\/api.w.org\/{rel}","templated":true}]}}