{"id":27,"date":"2016-10-21T17:31:30","date_gmt":"2016-10-21T15:31:30","guid":{"rendered":"https:\/\/www.budapestcard.org\/?page_id=27"},"modified":"2026-04-13T06:11:40","modified_gmt":"2026-04-13T04:11:40","slug":"tarifs","status":"publish","type":"page","link":"https:\/\/www.budapestcard.org\/fr\/tarifs\/","title":{"rendered":"Tarifs de la Budapest Card"},"content":{"rendered":"\n<p>La Budapest Card est l&rsquo;un des meilleurs outils que tu puisses utiliser pour t&rsquo;aider \u00e0 vraiment d\u00e9couvrir toutes les choses incroyables que Budapest a \u00e0 offrir, mais quelles sont les options de carte qui te conviennent le mieux ?<\/p>\n\n\n\n<p>Il existe cinq dur\u00e9es diff\u00e9rentes de la Budapest Card : <strong>24<\/strong>, <strong>48<\/strong>, <strong>72<\/strong>, <strong>96<\/strong>, et <strong>120<\/strong> heures. Chaque carte est valable d\u00e8s sa premi\u00e8re utilisation pour la dur\u00e9e indiqu\u00e9e sur la carte. La carte ne s\u2019active qu\u2019au moment de sa premi\u00e8re utilisation, vous pouvez donc l\u2019acheter tranquillement avant votre voyage. Elle est valable jusqu\u2019\u00e0 la fin de la saison actuelle, soit jusqu\u2019au 30 avril 2026. Achetez \u00e0 l\u2019avance et \u00e9conomisez !<\/p>\n\n\n\n<h3 class=\"wp-block-heading\">Grille tarifaire<\/h3>\n\n\n<div class=\"ms-table frozenColumn\"><table><tr><th>Adultes<\/th><th>Prix normal<\/th><\/tr><tr><td>24 Heures<\/td><td>\u20ac55,00 (\u20ac55,00 par jour)<\/td><\/tr><tr><td>48 Heures<\/td><td>\u20ac71,50 (\u20ac35,75 par jour)<\/td><\/tr><tr><td>72 Heures<\/td><td>\u20ac91,30 (\u20ac30,43 par jour)<\/td><\/tr><tr><td>96 Heures<\/td><td>\u20ac114,40 (\u20ac28,60 par jour)<\/td><\/tr><tr><td>120 Heures<\/td><td>\u20ac127,60 (\u20ac25,52 par jour)<\/td><\/tr><\/table><\/div>\n\n\n<p><strong>Remarque :<\/strong> Chaque carte est valable pour un adulte et un enfant jusqu&rsquo;\u00e0 l&rsquo;\u00e2ge de six ans voyageant avec eux.<\/p>\n\n\n\n<p>Pour d\u00e9terminer si la Budapest Card en vaut le prix, pose-toi les trois questions suivantes :<\/p>\n\n\n\n<ol class=\"wp-block-list\">\n<li>Combien de temps vais-je rester \u00e0 Budapest ?<\/li>\n\n\n\n<li>Combien de choses extraordinaires ai-je envie de voir pendant mon s\u00e9jour ?<\/li>\n\n\n\n<li>Combien d&rsquo;argent est-ce que je veux \u00e9conomiser ?<\/li>\n<\/ol>\n\n\n\n<p>Tu ne passes qu&rsquo;une journ\u00e9e \u00e0 Budapest pour go\u00fbter aux c\u00e9l\u00e8bres g\u00e2teaux de chemin\u00e9e traditionnels hongrois chez Moln\u00e1r&rsquo;s K\u00fcrt\u0151skal\u00e1cs, ou pour piquer une t\u00eate aux thermes et \u00e0 la piscine de Luk\u00e1cs ? Si c&rsquo;est le cas, alors investir dans une carte de 24 heures pourrait \u00eatre ta meilleure option. Si tu restes plus longtemps, ou si tu veux profiter de plus qu&rsquo;une sucrerie et d&rsquo;un bain relaxant, consid\u00e8re les cartes de 48, 72, 96 ou 120 heures.<\/p>\n\n\n<div class=\"gb-container gb-container-7d45ff9c ms-alert--primary ms-p ms-rounded ms-mb-last-child-0 ms-mb-children-condensed ms-mb-block\">\n\n<p>Les cartes de plus longue dur\u00e9e sont d&rsquo;un excellent rapport qualit\u00e9-prix, en particulier la carte de 120 heures, qui ne co\u00fbte que \u20ac25,52 par jour.<\/p>\n\n<\/div>\n\n\n<p>La Budapest Card te remet les cl\u00e9s de la ville, ou du moins ce qui s&rsquo;en rapproche le plus. Des dizaines de bars, de restaurants, de spas, de mus\u00e9es et d&rsquo;autres lieux offrent d&rsquo;\u00e9normes r\u00e9ductions sur les entr\u00e9es, les services ou les achats. Tu peux utiliser gratuitement les transports en commun de la ville, d\u00e9couvrir les sites touristiques gr\u00e2ce \u00e0 des visites \u00e0 pied et des croisi\u00e8res fluviales gratuites, ou encore faire un saut aux thermes de Luk\u00e1cs pour une visite gratuite. Les possibilit\u00e9s sont infinies.<\/p>\n\n\n\n<p>Consulte notre page sur les <a href=\"https:\/\/www.budapestcard.org\/fr\/reductions\/\" data-type=\"page\" data-id=\"8\">r\u00e9ductions<\/a> pour plus d&rsquo;informations sur toutes les \u00e9conomies incroyables qui sont possibles avec la Budapest Card.<\/p>\n","protected":false},"excerpt":{"rendered":"","protected":false},"author":2,"featured_media":0,"parent":0,"menu_order":5,"comment_status":"closed","ping_status":"closed","template":"","meta":{"_acf_changed":false,"footnotes":"","button_url":"https:\/\/www.tiqets.com\/fr\/things-to-do-in-budapest-c68199\/tickets-for-budapest-card-free-entrance-to-szt-lukacs-thermal-bath-and-pool-p974576\/?partner=budapestcard","ms_product_id":"","ms_product_name":"","ms_price":"","ms_currency":"","ms_rating_value":"","ms_review_count":"","rank_math_title":"Tarifs de la Budapest Card en %currentyear%","rank_math_description":"Informations sur les tarifs de la Carte Budapest pour un, deux ou trois jours. Cliquez ici pour en savoir plus."},"post-style":[],"producer":[],"class_list":["post-27","page","type-page","status-publish","has-post-thumbnail"],"acf":[],"product_schema":{"ms_product_id":"","ms_product_name":"","ms_price":"","ms_currency":"","ms_rating_value":"","ms_review_count":""},"_links":{"self":[{"href":"https:\/\/www.budapestcard.org\/fr\/wp-json\/wp\/v2\/pages\/27","targetHints":{"allow":["GET"]}}],"collection":[{"href":"https:\/\/www.budapestcard.org\/fr\/wp-json\/wp\/v2\/pages"}],"about":[{"href":"https:\/\/www.budapestcard.org\/fr\/wp-json\/wp\/v2\/types\/page"}],"author":[{"embeddable":true,"href":"https:\/\/www.budapestcard.org\/fr\/wp-json\/wp\/v2\/users\/2"}],"replies":[{"embeddable":true,"href":"https:\/\/www.budapestcard.org\/fr\/wp-json\/wp\/v2\/comments?post=27"}],"version-history":[{"count":3,"href":"https:\/\/www.budapestcard.org\/fr\/wp-json\/wp\/v2\/pages\/27\/revisions"}],"predecessor-version":[{"id":930,"href":"https:\/\/www.budapestcard.org\/fr\/wp-json\/wp\/v2\/pages\/27\/revisions\/930"}],"wp:attachment":[{"href":"https:\/\/www.budapestcard.org\/fr\/wp-json\/wp\/v2\/media?parent=27"}],"wp:term":[{"taxonomy":"post-style","embeddable":true,"href":"https:\/\/www.budapestcard.org\/fr\/wp-json\/wp\/v2\/post-style?post=27"},{"taxonomy":"producer","embeddable":true,"href":"https:\/\/www.budapestcard.org\/fr\/wp-json\/wp\/v2\/producer?post=27"}],"curies":[{"name":"wp","href":"https:\/\/api.w.org\/{rel}","templated":true}]}}