{"id":29,"date":"2016-10-21T17:36:59","date_gmt":"2016-10-21T15:36:59","guid":{"rendered":"https:\/\/www.budapestcard.org\/?page_id=29"},"modified":"2025-06-04T06:06:53","modified_gmt":"2025-06-04T04:06:53","slug":"foire-aux-questions","status":"publish","type":"page","link":"https:\/\/www.budapestcard.org\/fr\/foire-aux-questions\/","title":{"rendered":"Foire Aux Questions"},"content":{"rendered":"<div id=\"rank-math-faq\" class=\"rank-math-block\">\n<div class=\"rank-math-list \">\n<div id=\"faq-question-1717062476605\" class=\"rank-math-list-item\">\n<h3 class=\"rank-math-question \">Qu&rsquo;est-ce que la Budapest Card ?<\/h3>\n<div class=\"rank-math-answer \">\n\n<p>La Budapest Card est la cl\u00e9 m\u00e9taphorique de la ville de Budapest. Tu peux l&rsquo;utiliser de trois fa\u00e7ons : comme carte de transport, qui te permet de voyager gratuitement sur tous les transports publics de la ville ; comme carte d&rsquo;attraction, qui te fait d\u00e9couvrir la riche histoire et la culture de la ville ; et comme carte de r\u00e9duction, qui peut te permettre d&rsquo;\u00e9conomiser plus qu&rsquo;un peu d&rsquo;argent pendant ton s\u00e9jour \u00e0 Budapest.<\/p>\n<p>Une Budapest Card apporte avec elle des entr\u00e9es gratuites dans plus de 30 mus\u00e9es et attractions, des r\u00e9ductions allant jusqu&rsquo;\u00e0 50 % dans les restaurants, les bars et les magasins, des visites \u00e0 pied gratuites et des croisi\u00e8res fluviales gratuites pour t&rsquo;aider \u00e0 te familiariser avec cette ville \u00e9tonnante.<\/p>\n\n<\/div>\n<\/div>\n<div id=\"faq-question-1717062505033\" class=\"rank-math-list-item\">\n<h3 class=\"rank-math-question \">Quels sont les avantages de la Budapest Card ?<\/h3>\n<div class=\"rank-math-answer \">\n\n<p>Ce qu&rsquo;il y a de mieux avec la Budapest Card, c&rsquo;est qu&rsquo;elle te permet d&rsquo;\u00e9conomiser \u00e0 la fois du temps et de l&rsquo;argent. Avec l&rsquo;entr\u00e9e gratuite \u00e0 plus de 30 attractions, y compris des sites de premier plan comme le Mus\u00e9e national hongrois et le bain thermal St. Luk\u00e1cs, ainsi que des r\u00e9ductions dans beaucoup d&rsquo;autres, tu peux facilement \u00e9conomiser des centaines d&rsquo;euros. Peu importe que tu voles en solo ou avec des amis, tu b\u00e9n\u00e9ficieras toujours des m\u00eames \u00e9conomies sur les attractions.<\/p>\n<p>Que tu cherches une journ\u00e9e de spa dans l&rsquo;un des nombreux thermes de la ville, ou que tu souhaites plut\u00f4t assister \u00e0 un spectacle dans un th\u00e9\u00e2tre ou un mus\u00e9e historique, la Budapest Card a quelque chose \u00e0 offrir \u00e0 tout le monde.<\/p>\n\n<\/div>\n<\/div>\n<div id=\"faq-question-1717062519392\" class=\"rank-math-list-item\">\n<h3 class=\"rank-math-question \">Quelles sont les r\u00e9ductions offertes par la Budapest Card ?<\/h3>\n<div class=\"rank-math-answer \">\n\n<p>La Budapest Card offre des r\u00e9ductions sur les transports, les attractions, les visites touristiques, les restaurants, les spas et bien d&rsquo;autres choses encore. En outre, la carte offre un acc\u00e8s gratuit \u00e0 tous les transports en commun de Budapest, l&rsquo;entr\u00e9e \u00e0 l&rsquo;un des l\u00e9gendaires bains thermaux de la ville et l&rsquo;entr\u00e9e gratuite \u00e0 plus de 30 mus\u00e9es et sites historiques parmi les plus importants de Budapest. En plus de tout cela, les d\u00e9tenteurs de la Budapest Card b\u00e9n\u00e9ficient d&rsquo;entr\u00e9es \u00e0 prix r\u00e9duit dans de nombreux autres lieux culturels et \u00e9glises de la ville.<\/p>\n<p>Si tu aimes faire du tourisme, la Budapest Card comprend des visites \u00e0 pied gratuites dont tu peux profiter. Celles-ci te montreront tout, du Bastion des p\u00eacheurs dans le quartier du ch\u00e2teau de Burda \u00e0 l&rsquo;\u00e9tonnante beaut\u00e9 de la basilique St Stephens du c\u00f4t\u00e9 de Pest de la ville. Tu peux aussi profiter des croisi\u00e8res fluviales gratuites, qui offrent l&rsquo;occasion parfaite d&rsquo;admirer la superbe ligne d&rsquo;horizon de Budapest depuis le Danube.<\/p>\n<p>Si tu es gourmand, la Budapest Card t&rsquo;offre jusqu&rsquo;\u00e0 50 % de r\u00e9duction dans d&rsquo;excellents restaurants, caf\u00e9s et bars, pour que tu puisses profiter du meilleur de la cuisine hongroise sans te ruiner. En bref, la Budapest Card propose des r\u00e9ductions pour tous les types de voyageurs &#8211; que tu sois ici pour l&rsquo;histoire, la nourriture ou l&rsquo;amusement. Consulte la page des <a href=\"https:\/\/www.budapestcard.org\/fr\/reductions\/\" data-type=\"page\" data-id=\"8\">r\u00e9ductions<\/a> pour voir la liste compl\u00e8te des avantages.<\/p>\n\n<\/div>\n<\/div>\n<div id=\"faq-question-1724239882775\" class=\"rank-math-list-item\">\n<h3 class=\"rank-math-question \">La Budapest Card en vaut-elle la peine ?<\/h3>\n<div class=\"rank-math-answer \">\n\n<p>La Budapest Card te donne un acc\u00e8s gratuit au syst\u00e8me de transport de la ville et s&rsquo;accompagne de plus de 50 r\u00e9ductions sur les mus\u00e9es, les attractions, les bars, les restaurants, les caf\u00e9s et les thermes. Non seulement la carte te permet d&rsquo;\u00e9conomiser de l&rsquo;argent, mais elle te donne la libert\u00e9 de voir la ville comme tu le souhaites et la commodit\u00e9 de visiter toutes les attractions incroyables que Budapest a \u00e0 offrir, selon tes propres termes. Cela dit, tu es le seul \u00e0 pouvoir d\u00e9cider si la Budapest Card vaut l&rsquo;investissement.<\/p>\n\n<\/div>\n<\/div>\n<div id=\"faq-question-1745833103158\" class=\"rank-math-list-item\">\n<h3 class=\"rank-math-question \">Puis-je \u00e9viter les files d\u2019attente avec la Budapest Card ?<\/h3>\n<div class=\"rank-math-answer \">\n\n<p>Non, la Budapest Card ne permet pas de passer les files d\u2019attente. Elle donne un acc\u00e8s gratuit ou des r\u00e9ductions, mais il faut faire la queue comme tout le monde.<\/p>\n\n<\/div>\n<\/div>\n<div id=\"faq-question-1745833112138\" class=\"rank-math-list-item\">\n<h3 class=\"rank-math-question \">Quelle est la dur\u00e9e de validit\u00e9 de la Budapest Card ?<\/h3>\n<div class=\"rank-math-answer \">\n\n<p>Vous pouvez choisir une carte valable 24, 48, 72, 96 ou 120 heures \u00e0 partir de la premi\u00e8re utilisation. Chaque carte correspond \u00e0 une saison annuelle :<br \/><strong>2024\/2025 :<\/strong> valable du 1er mai 2024 au 30 avril 2025<br \/><strong>2025\/2026 :<\/strong> valable du 1er mai 2025 au 30 avril 2026<br \/>V\u00e9rifiez que votre carte correspond \u00e0 vos dates de voyage !<\/p>\n\n<\/div>\n<\/div>\n<div id=\"faq-question-1745833137196\" class=\"rank-math-list-item\">\n<h3 class=\"rank-math-question \">Que faire si je perds ma Budapest Card ?<\/h3>\n<div class=\"rank-math-answer \">\n\n<p>Ne vous inqui\u00e9tez pas ! Si vous avez enregistr\u00e9 votre carte sur le site apr\u00e8s l\u2019achat, vous pouvez obtenir un remplacement au <a href=\"https:\/\/www.budapestcard.org\/fr\/contact\/\">bureau d\u2019information touristique Budapestinfo<\/a>.<\/p>\n\n<\/div>\n<\/div>\n<div id=\"faq-question-1729589557601\" class=\"rank-math-list-item\">\n<h3 class=\"rank-math-question \">Qu&rsquo;est-ce que le visa de nomade num\u00e9rique pour la Hongrie ?<\/h3>\n<div class=\"rank-math-answer \">\n\n<p>Le <a href=\"https:\/\/www.budapestcard.org\/fr\/visa-nomade-digital-hongrie\/\"><u>Hungary Digital Nomad Visa<\/u><\/a>, \u00e9galement connu sous le nom de carte blanche, est un permis de s\u00e9jour d&rsquo;un an qui permet aux travailleurs \u00e0 distance de vivre et de travailler l\u00e9galement en Hongrie. Il peut \u00eatre renouvel\u00e9 une fois, ce qui permet un s\u00e9jour maximum de deux ans.<\/p>\n\n<\/div>\n<\/div>\n<\/div>\n<\/div>\n\n\n<p><\/p>\n","protected":false},"excerpt":{"rendered":"","protected":false},"author":2,"featured_media":0,"parent":0,"menu_order":6,"comment_status":"closed","ping_status":"closed","template":"","meta":{"_acf_changed":false,"footnotes":"","button_url":"https:\/\/www.tiqets.com\/fr\/things-to-do-in-budapest-c68199\/tickets-for-budapest-card-free-entrance-to-szt-lukacs-thermal-bath-and-pool-p974576\/?partner=budapestcard","ms_product_id":"","ms_product_name":"","ms_price":"","ms_currency":"","ms_rating_value":"","ms_review_count":"","rank_math_title":"","rank_math_description":"Qu\u2019est ce que la Carte Budapest ? Foire Aux Questions sur le fonctionnement de la carte, ses avantages, ses r\u00e9ductions et des informations compl\u00e9mentaires."},"post-style":[],"producer":[],"class_list":["post-29","page","type-page","status-publish","has-post-thumbnail"],"acf":[],"product_schema":{"ms_product_id":"","ms_product_name":"","ms_price":"","ms_currency":"","ms_rating_value":"","ms_review_count":""},"_links":{"self":[{"href":"https:\/\/www.budapestcard.org\/fr\/wp-json\/wp\/v2\/pages\/29","targetHints":{"allow":["GET"]}}],"collection":[{"href":"https:\/\/www.budapestcard.org\/fr\/wp-json\/wp\/v2\/pages"}],"about":[{"href":"https:\/\/www.budapestcard.org\/fr\/wp-json\/wp\/v2\/types\/page"}],"author":[{"embeddable":true,"href":"https:\/\/www.budapestcard.org\/fr\/wp-json\/wp\/v2\/users\/2"}],"replies":[{"embeddable":true,"href":"https:\/\/www.budapestcard.org\/fr\/wp-json\/wp\/v2\/comments?post=29"}],"version-history":[{"count":3,"href":"https:\/\/www.budapestcard.org\/fr\/wp-json\/wp\/v2\/pages\/29\/revisions"}],"predecessor-version":[{"id":853,"href":"https:\/\/www.budapestcard.org\/fr\/wp-json\/wp\/v2\/pages\/29\/revisions\/853"}],"wp:attachment":[{"href":"https:\/\/www.budapestcard.org\/fr\/wp-json\/wp\/v2\/media?parent=29"}],"wp:term":[{"taxonomy":"post-style","embeddable":true,"href":"https:\/\/www.budapestcard.org\/fr\/wp-json\/wp\/v2\/post-style?post=29"},{"taxonomy":"producer","embeddable":true,"href":"https:\/\/www.budapestcard.org\/fr\/wp-json\/wp\/v2\/producer?post=29"}],"curies":[{"name":"wp","href":"https:\/\/api.w.org\/{rel}","templated":true}]}}