{"id":659,"date":"2024-10-22T13:27:51","date_gmt":"2024-10-22T11:27:51","guid":{"rendered":"https:\/\/www.budapestcard.org\/fr\/?page_id=659"},"modified":"2025-03-19T09:03:16","modified_gmt":"2025-03-19T08:03:16","slug":"contact","status":"publish","type":"page","link":"https:\/\/www.budapestcard.org\/fr\/contact\/","title":{"rendered":"Contact"},"content":{"rendered":"\n<h3 class=\"wp-block-heading\">Demandes de renseignements sur les billets<\/h3>\n\n\n\n<p>Pour toute question concernant les billets ou ta r\u00e9servation existante, contacte notre partenaire billetterie :<\/p>\n\n\n\n<ul class=\"wp-block-list\">\n<li>Courriel : info@ticketbar.eu<\/li>\n\n\n\n<li>T\u00e9l\u00e9phone : +44 2035142614<\/li>\n<\/ul>\n\n\n\n<hr class=\"wp-block-separator has-alpha-channel-opacity\" \/>\n\n\n\n<h3 class=\"wp-block-heading\">Informations touristiques<\/h3>\n\n\n\n<h4 class=\"wp-block-heading\"><strong>Office d&rsquo;information touristique Budapestinfo<\/strong><\/h4>\n\n\n\n<p>Pour toute question relative au tourisme \u00e0 Budapest et en Hongrie, comme les cartes, les guides et les conseils sur les attractions et les \u00e9v\u00e9nements :<\/p>\n\n\n\n<ul class=\"wp-block-list\">\n<li>Adresse : 1052 Parc V\u00e1rosh\u00e1za, angle K\u00e1roly k\u00f6r\u00fat &#8211; rue B\u00e1rczy Istv\u00e1n (place De\u00e1k, m\u00e9tro1, m\u00e9tro2, m\u00e9tro3 ou terminus de bus 100E en face en arrivant de l&rsquo;a\u00e9roport).<\/li>\n<\/ul>\n\n\n\n<h4 class=\"wp-block-heading\"><strong>Hotline d&rsquo;information sur la Budapest Card<\/strong><\/h4>\n\n\n\n<p>Pour obtenir des informations d\u00e9taill\u00e9es sur la Budapest Card, les r\u00e9ductions et les avantages :<\/p>\n\n\n\n<ul class=\"wp-block-list\">\n<li>T\u00e9l : +36 30 955 0398 (disponible de 9h00 \u00e0 19h00).<\/li>\n<\/ul>\n\n\n\n<hr class=\"wp-block-separator has-alpha-channel-opacity\" \/>\n\n\n\n<h3 class=\"wp-block-heading\">Soutien au site Web<\/h3>\n\n\n\n<p>Pour toute demande li\u00e9e \u00e0 ce site Web, contacte-nous directement :<\/p>\n\n\n\n<ul class=\"wp-block-list\">\n<li>Courriel : info@moonshot.media<\/li>\n<\/ul>\n","protected":false},"excerpt":{"rendered":"","protected":false},"author":3,"featured_media":0,"parent":0,"menu_order":1,"comment_status":"closed","ping_status":"closed","template":"","meta":{"_acf_changed":false,"footnotes":"","button_url":"https:\/\/www.tiqets.com\/fr\/things-to-do-in-budapest-c68199\/tickets-for-budapest-card-free-entrance-to-szt-lukacs-thermal-bath-and-pool-p974576\/?partner=budapestcard","ms_product_id":"","ms_product_name":"","ms_price":"","ms_currency":"","ms_rating_value":"","ms_review_count":"","rank_math_title":"","rank_math_description":""},"post-style":[],"producer":[],"class_list":["post-659","page","type-page","status-publish","has-post-thumbnail"],"acf":[],"product_schema":{"ms_product_id":"","ms_product_name":"","ms_price":"","ms_currency":"","ms_rating_value":"","ms_review_count":""},"_links":{"self":[{"href":"https:\/\/www.budapestcard.org\/fr\/wp-json\/wp\/v2\/pages\/659","targetHints":{"allow":["GET"]}}],"collection":[{"href":"https:\/\/www.budapestcard.org\/fr\/wp-json\/wp\/v2\/pages"}],"about":[{"href":"https:\/\/www.budapestcard.org\/fr\/wp-json\/wp\/v2\/types\/page"}],"author":[{"embeddable":true,"href":"https:\/\/www.budapestcard.org\/fr\/wp-json\/wp\/v2\/users\/3"}],"replies":[{"embeddable":true,"href":"https:\/\/www.budapestcard.org\/fr\/wp-json\/wp\/v2\/comments?post=659"}],"version-history":[{"count":2,"href":"https:\/\/www.budapestcard.org\/fr\/wp-json\/wp\/v2\/pages\/659\/revisions"}],"predecessor-version":[{"id":662,"href":"https:\/\/www.budapestcard.org\/fr\/wp-json\/wp\/v2\/pages\/659\/revisions\/662"}],"wp:attachment":[{"href":"https:\/\/www.budapestcard.org\/fr\/wp-json\/wp\/v2\/media?parent=659"}],"wp:term":[{"taxonomy":"post-style","embeddable":true,"href":"https:\/\/www.budapestcard.org\/fr\/wp-json\/wp\/v2\/post-style?post=659"},{"taxonomy":"producer","embeddable":true,"href":"https:\/\/www.budapestcard.org\/fr\/wp-json\/wp\/v2\/producer?post=659"}],"curies":[{"name":"wp","href":"https:\/\/api.w.org\/{rel}","templated":true}]}}