{"id":830,"date":"2025-04-24T18:03:56","date_gmt":"2025-04-24T16:03:56","guid":{"rendered":"https:\/\/www.budapestcard.org\/fr\/?page_id=830"},"modified":"2025-09-29T21:50:44","modified_gmt":"2025-09-29T19:50:44","slug":"budapest-pass","status":"publish","type":"page","link":"https:\/\/www.budapestcard.org\/fr\/budapest-pass\/","title":{"rendered":"Budapest Pass"},"content":{"rendered":"\n<p>Le Budapest Pass est bien plus qu&rsquo;un simple billet&nbsp;: c&rsquo;est votre acc\u00e8s VIP au c\u0153ur de la ville.<\/p>\n\n\n\n<div class=\"ms-cta-button ms-p ms-cta\">\n<a class=\"gb-text ms-btn ms-btn--primary ms-shadow\" href=\"https:\/\/www.tiqets.com\/fr\/checkout\/tickets-for-budapest-pass-p1013746\/booking_details\/?partner=budapestcard\" rel=\"nofollow noopener\">V\u00e9rifiez les disponibilit\u00e9s<\/a>\n<\/div>\n\n\n\n<h2 class=\"wp-block-heading\">Avantages<\/h2>\n\n\n\n<ul class=\"ms-icon-list\">\n<li class=\"ms-icon-list__item\"><span class=\"gb-shape\"><svg viewBox=\"0 0 256 256\" fill=\"#000000\" height=\"32\" width=\"32\" xmlns=\"http:\/\/www.w3.org\/2000\/svg\"><path d=\"M232.49,80.49l-128,128a12,12,0,0,1-17,0l-56-56a12,12,0,1,1,17-17L96,183,215.51,63.51a12,12,0,0,1,17,17Z\"><\/path><\/svg><\/span><span class=\"gb-text\">10 % de r\u00e9duction sur d&rsquo;autres attractions \u00e0 Budapest.<\/span><\/li>\n\n\n\n<li class=\"ms-icon-list__item\"><span class=\"gb-shape\"><svg viewBox=\"0 0 256 256\" fill=\"#000000\" height=\"32\" width=\"32\" xmlns=\"http:\/\/www.w3.org\/2000\/svg\"><path d=\"M232.49,80.49l-128,128a12,12,0,0,1-17,0l-56-56a12,12,0,1,1,17-17L96,183,215.51,63.51a12,12,0,0,1,17,17Z\"><\/path><\/svg><\/span><span class=\"gb-text\">Aucun frais suppl\u00e9mentaire.<\/span><\/li>\n\n\n\n<li class=\"ms-icon-list__item\"><span class=\"gb-shape\"><svg viewBox=\"0 0 256 256\" fill=\"#000000\" height=\"32\" width=\"32\" xmlns=\"http:\/\/www.w3.org\/2000\/svg\"><path d=\"M232.49,80.49l-128,128a12,12,0,0,1-17,0l-56-56a12,12,0,1,1,17-17L96,183,215.51,63.51a12,12,0,0,1,17,17Z\"><\/path><\/svg><\/span><span class=\"gb-text\">Choisissez l&rsquo;horaire qui vous convient le mieux pour chaque site au moment du paiement.<\/span><\/li>\n<\/ul>\n\n\n\n<figure><div class=\"ms-credits\">\n<img decoding=\"async\" class=\"gb-media-4f95c955\" src=\"https:\/\/www.budapestcard.org\/wp-content\/uploads\/budapest-pass-1745508262.jpg\" alt=\"Budapest Digital Pass\" title=\"budapest-pass\"\/>\n<span class='ms-credits__info' id='media908'><svg xmlns=\"http:\/\/www.w3.org\/2000\/svg\" width=\"20\" height=\"22\" fill=\"#000000\" viewBox=\"0 0 256 256\"><path d=\"M128,24A104,104,0,1,0,232,128,104.11,104.11,0,0,0,128,24Zm0,192a88,88,0,1,1,88-88A88.1,88.1,0,0,1,128,216ZM96,128a32,32,0,0,0,57.6,19.2,8,8,0,0,1,12.8,9.61,48,48,0,1,1,0-57.62,8,8,0,0,1-12.8,9.61A32,32,0,0,0,96,128Z\"><\/path><\/svg><a href=https:\/\/aws-tiqets-cdn.imgix.net\/images\/content\/5b15a54f59bb4a72a684951fd8342bcd.png?auto=format%2Ccompress&#038;fit=crop&#038;h=1284&#038;ixlib=python-3.2.1&#038;q=70&#038;w=1284&#038;s=1b83f5203d9850100a55e1c2a2e6d972 rel='nofollow' target='_blank'>Tiqets<\/a><\/span><span class='ms-credits__btn' id='btn_media908' onclick='ms_credits_trigger(\"#media908\", this)'><svg xmlns=\"http:\/\/www.w3.org\/2000\/svg\" class=\"info_icon\" width=\"28\" height=\"28\" fill=\"#FFF\" viewBox=\"0 0 256 256\"><path d=\"M128,24A104,104,0,1,0,232,128,104.11,104.11,0,0,0,128,24Zm0,192a88,88,0,1,1,88-88A88.1,88.1,0,0,1,128,216Zm16-40a8,8,0,0,1-8,8,16,16,0,0,1-16-16V128a8,8,0,0,1,0-16,16,16,0,0,1,16,16v40A8,8,0,0,1,144,176ZM112,84a12,12,0,1,1,12,12A12,12,0,0,1,112,84Z\"><\/path><\/svg><svg xmlns=\"http:\/\/www.w3.org\/2000\/svg\" class=\"close_icon\" width=\"28\" height=\"28\" fill=\"#FFF\" viewBox=\"0 0 256 256\"><path d=\"M165.66,101.66,139.31,128l26.35,26.34a8,8,0,0,1-11.32,11.32L128,139.31l-26.34,26.35a8,8,0,0,1-11.32-11.32L116.69,128,90.34,101.66a8,8,0,0,1,11.32-11.32L128,116.69l26.34-26.35a8,8,0,0,1,11.32,11.32ZM232,128A104,104,0,1,1,128,24,104.11,104.11,0,0,1,232,128Zm-16,0a88,88,0,1,0-88,88A88.1,88.1,0,0,0,216,128Z\"><\/path><\/svg><\/span><\/div><\/figure>\n\n\n\n<div class=\"ms-alert--primary ms-p ms-rounded ms-mb-last-child-0 ms-mb-children-condensed ms-mb-block\">\n<h3 class=\"wp-block-heading has-ms-color-primary-darker-color has-text-color has-link-color wp-elements-2d9052ea9fd57009f32d163a1c3a2c4c\">Comment r\u00e9server<\/h3>\n\n\n\n<div class=\"gb-element-f4eb9e37\">\n<div>\n<p class=\"gb-text-91d99ec7 ms-link-unstyled\"><span class=\"gb-shape\"><svg viewBox=\"0 0 256 256\" fill=\"#000000\" height=\"32\" width=\"32\" xmlns=\"http:\/\/www.w3.org\/2000\/svg\"><path d=\"M246.15,133.18,146.83,33.86A19.85,19.85,0,0,0,132.69,28H40A12,12,0,0,0,28,40v92.69a19.85,19.85,0,0,0,5.86,14.14l99.32,99.32a20,20,0,0,0,28.28,0l84.69-84.69A20,20,0,0,0,246.15,133.18Zm-98.83,93.17L52,131V52h79l95.32,95.32ZM100,84A16,16,0,1,1,84,68,16,16,0,0,1,100,84Z\"><\/path><\/svg><\/span><span class=\"gb-text\"><strong>Choisissez votre pass <\/strong><\/span><\/p>\n\n\n\n<p class=\"has-ms-color-primary-darker-color has-text-color has-link-color wp-elements-c002f022dc1f0630a96575ed93c381bd\">S\u00e9lectionnez le nombre de participants et la date de d\u00e9but de votre pass.<\/p>\n<\/div>\n\n\n\n<div>\n<p class=\"gb-text-71a39911 ms-link-unstyled\"><span class=\"gb-shape\"><svg viewBox=\"0 0 256 256\" fill=\"#000000\" height=\"32\" width=\"32\" xmlns=\"http:\/\/www.w3.org\/2000\/svg\"><path d=\"M128,20A108,108,0,1,0,236,128,108.12,108.12,0,0,0,128,20Zm0,192a84,84,0,1,1,84-84A84.09,84.09,0,0,1,128,212Zm68-84a12,12,0,0,1-12,12H128a12,12,0,0,1-12-12V72a12,12,0,0,1,24,0v44h44A12,12,0,0,1,196,128Z\"><\/path><\/svg><\/span><span class=\"gb-text\"><strong>R\u00e9servez vos billets<\/strong><\/span><\/p>\n\n\n\n<p class=\"has-ms-color-primary-darker-color has-text-color has-link-color wp-elements-a867fea0cad201bafd0a47622c360005\">Choisissez une date et une heure pour les attractions et les activit\u00e9s.<\/p>\n<\/div>\n<\/div>\n\n\n\n<div class=\"gb-element-b221a285\">\n<div>\n<p class=\"gb-text-a8e13d94 ms-link-unstyled\"><span class=\"gb-shape\"><svg viewBox=\"0 0 256 256\" fill=\"#000000\" height=\"32\" width=\"32\" xmlns=\"http:\/\/www.w3.org\/2000\/svg\"><path d=\"M224,44H32A20,20,0,0,0,12,64V192a20,20,0,0,0,20,20H224a20,20,0,0,0,20-20V64A20,20,0,0,0,224,44Zm-4,24V88H36V68ZM36,188V112H220v76Zm172-24a12,12,0,0,1-12,12H164a12,12,0,0,1,0-24h32A12,12,0,0,1,208,164Zm-68,0a12,12,0,0,1-12,12H116a12,12,0,0,1,0-24h12A12,12,0,0,1,140,164Z\"><\/path><\/svg><\/span><span class=\"gb-text\"><strong>Confirmez et payez <\/strong><\/span><\/p>\n\n\n\n<p class=\"has-ms-color-primary-darker-color has-text-color has-link-color wp-elements-c548438a61a8656032e75aa95e0ca7b6\">Saisissez vos coordonn\u00e9es et effectuez le paiement en toute s\u00e9curit\u00e9.<\/p>\n<\/div>\n\n\n\n<div>\n<p class=\"gb-text-26106146 ms-link-unstyled\"><span class=\"gb-shape\"><svg viewBox=\"0 0 256 256\" fill=\"#000000\" height=\"32\" width=\"32\" xmlns=\"http:\/\/www.w3.org\/2000\/svg\"><path d=\"M176.49,95.51a12,12,0,0,1,0,17l-56,56a12,12,0,0,1-17,0l-24-24a12,12,0,1,1,17-17L112,143l47.51-47.52A12,12,0,0,1,176.49,95.51ZM236,128A108,108,0,1,1,128,20,108.12,108.12,0,0,1,236,128Zm-24,0a84,84,0,1,0-84,84A84.09,84.09,0,0,0,212,128Z\"><\/path><\/svg><\/span><span class=\"gb-text\"><strong>Obtenez vos billets <\/strong><\/span><\/p>\n\n\n\n<p class=\"has-ms-color-primary-darker-color has-text-color has-link-color wp-elements-af8b8421215003dc0ad6958c2be40a01\">Recevez instantan\u00e9ment vos billets num\u00e9riques par e-mail.<\/p>\n<\/div>\n<\/div>\n<\/div>\n\n\n\n<h2 class=\"wp-block-heading\">Comment \u00e7a marche<\/h2>\n\n\n\n<ol class=\"wp-block-list\">\n<li><strong>Activez votre pass<\/strong>&nbsp;: votre Budapest Pass est activ\u00e9 automatiquement \u00e0 la date que vous avez s\u00e9lectionn\u00e9e lors de la r\u00e9servation<\/li>\n\n\n\n<li><strong>Utilisez votre billet<\/strong>&nbsp;: pr\u00e9sentez le billet num\u00e9rique (envoy\u00e9 par e-mail) \u00e0 l&rsquo;entr\u00e9e de chaque activit\u00e9 incluse (croisi\u00e8re sur le Danube, bains thermaux Sz\u00e9chenyi, etc.)<\/li>\n\n\n\n<li><strong>Inutile d&rsquo;imprimer<\/strong>&nbsp;: utilisez simplement le billet sur votre smartphone<\/li>\n<\/ol>\n\n\n\n<div class=\"ms-p ms-rounded ms-mb-last-child-0 ms-mb-children-condensed ms-alert--contrast ms-mb-block\">\n<h4 class=\"gb-text-26a71c5b\"><span class=\"gb-shape\"><svg viewBox=\"0 0 256 256\" fill=\"#000000\" height=\"32\" width=\"32\" xmlns=\"http:\/\/www.w3.org\/2000\/svg\"><path d=\"M108,84a16,16,0,1,1,16,16A16,16,0,0,1,108,84Zm128,44A108,108,0,1,1,128,20,108.12,108.12,0,0,1,236,128Zm-24,0a84,84,0,1,0-84,84A84.09,84.09,0,0,0,212,128Zm-72,36.68V132a20,20,0,0,0-20-20,12,12,0,0,0-4,23.32V168a20,20,0,0,0,20,20,12,12,0,0,0,4-23.32Z\"><\/path><\/svg><\/span><span class=\"gb-text\">Offre sp\u00e9ciale&nbsp;: <\/span><\/h4>\n\n\n\n<p class=\"gb-text\">Une fois votre r\u00e9servation effectu\u00e9e, vous recevrez par e-mail un code de <strong>r\u00e9duction personnel de 10&nbsp;%<\/strong>, valable pendant un mois sur vos 5 prochaines r\u00e9servations pour des attractions \u00e0 Budapest.<\/p>\n\n\n\n<p class=\"gb-text\">Pour plus d&rsquo;informations, <a href=\"https:\/\/www.tiqets.com\/fr\/things-to-do-in-budapest-c68199\/budapest-pass-p1013746\/?partner=budapestcard\" data-type=\"link\" data-id=\"https:\/\/www.tiqets.com\/en\/things-to-do-in-budapest-c68199\/budapest-pass-p1013746\/?partner=budapestcard\" rel=\"nofollow noopener\">cliquez ici \u00bb<\/a><\/p>\n<\/div>\n\n\n\n<h2 class=\"wp-block-heading\">Ce qui est inclus<\/h2>\n\n\n\n<h3 class=\"wp-block-heading\">Bains thermaux Sz\u00e9chenyi<\/h3>\n\n\n\n<ul class=\"wp-block-list\">\n<li>Entr\u00e9e d&rsquo;une journ\u00e9e compl\u00e8te aux thermes Sz\u00e9chenyi, l&rsquo;un des plus grands spas thermaux d&rsquo;Europe<\/li>\n\n\n\n<li>D\u00e9couvrez 3 piscines ext\u00e9rieures et 15 piscines int\u00e9rieures<\/li>\n\n\n\n<li>Comprend une d\u00e9gustation de p\u00e1linka (ou une boisson non alcoolis\u00e9e si vous pr\u00e9f\u00e9rez) et un casier ou une cabine (selon le billet)<\/li>\n<\/ul>\n\n\n\n<h3 class=\"wp-block-heading\"><strong>Croisi\u00e8re sur le Danube (avec une boisson)<\/strong><\/h3>\n\n\n\n<ul class=\"wp-block-list\">\n<li>D\u00e9tendez-vous sur le fleuve et profitez des plus belles vues de Budapest<\/li>\n\n\n\n<li>Admirez des sites c\u00e9l\u00e8bres tels que le Parlement et le pont des Cha\u00eenes<\/li>\n\n\n\n<li>Une boisson de bienvenue vous sera offerte pendant la croisi\u00e8re<\/li>\n<\/ul>\n\n\n\n<h3 class=\"wp-block-heading\">Application audioguide par POPGuide<\/h3>\n\n\n\n<ul class=\"wp-block-list\">\n<li>Trajets illimit\u00e9s en bus, tramway et m\u00e9tro<\/li>\n\n\n\n<li>Tr\u00e8s pratique pour se rendre aux attractions diss\u00e9min\u00e9es entre Buda et Pest<\/li>\n\n\n\n<li>Pas besoin d&rsquo;acheter des cartes de transport ou des tickets s\u00e9par\u00e9s<\/li>\n<\/ul>\n\n\n\n<h2 class=\"wp-block-heading\">Budapest Pass vs Budapest Card&nbsp;: quelle est la diff\u00e9rence&nbsp;?<\/h2>\n\n\n<div class=\"ms-table frozenColumn\"><table><tr><th><\/th><th><a href=\"https:\/\/www.tiqets.com\/fr\/things-to-do-in-budapest-c68199\/budapest-pass-p1013746\/?partner=budapestcard\" rel=\"nofollow noopener\" target=\"_blank\">Budapest Pass<\/a><\/th><th><a href=\"https:\/\/www.tiqets.com\/fr\/things-to-do-in-budapest-c68199\/tickets-for-budapest-card-free-entrance-to-szt-lukacs-thermal-bath-and-pool-p974576\/?partner=budapestcard\" rel=\"nofollow noopener\" target=\"_blank\">Budapest Card<\/a><\/th><\/tr><tr><td>Focus principal<\/td><td>Attractions incontournables s\u00e9lectionn\u00e9es avec exp\u00e9riences guid\u00e9es<\/td><td>Entr\u00e9e gratuite ou \u00e0 tarif r\u00e9duit dans de nombreux mus\u00e9es et bains<\/td><\/tr><tr><td>Inclus<\/td><td>Bain thermal Sz\u00e9chenyi, Croisi\u00e8res sur le Danube \u00e0 Budapest<\/td><td>Basilique Saint-\u00c9tienne, Bain Luk\u00e1cs, 30+ mus\u00e9es et attractions<\/td><\/tr><tr><td>Application audio-guide<\/td><td>\u2713<\/td><td> <\/td><\/tr><tr><td>Transports publics gratuits<\/td><td><\/td><td>\u2713<\/td><\/tr><tr><td>R\u00e9ductions suppl\u00e9mentaires<\/td><td>10 % de r\u00e9duction sur d\u2019autres attractions de Budapest<\/td><td>R\u00e9ductions dans certains restaurants, mus\u00e9es et spas. <a href=\"https:\/\/www.budapestcard.org\/fr\/reductions\/\" rel=\"nofollow\" target=\"_blank\">Voir ici \u00bb<\/a><\/td><\/tr><tr><td>\u00c9conomies estim\u00e9es<\/td><td>\u00c9conomisez jusqu\u2019\u00e0 10 % par rapport \u00e0 la r\u00e9servation individuelle<\/td><td>\u00c9conomisez 10\u201350 % sur les restaurants, attractions, visites, bains et plus<\/td><\/tr><\/table><\/div>\n\n\n<h3 class=\"wp-block-heading\">Optez pour le Budapest Pass si&nbsp;:<\/h3>\n\n\n\n<ul class=\"wp-block-list\">\n<li>Vous souhaitez une exp\u00e9rience plus organis\u00e9e avec des sites incontournables d\u00e9j\u00e0 s\u00e9lectionn\u00e9s pour vous<\/li>\n\n\n\n<li>Vous pr\u00e9f\u00e9rez les grandes attractions telles que les thermes Sz\u00e9chenyi et la croisi\u00e8re sur le Danube<\/li>\n\n\n\n<li>Vous ne voulez pas faire de recherches, le pass s&rsquo;occupe de tout planifier pour vous<\/li>\n<\/ul>\n\n\n\n<p><a href=\"https:\/\/www.tiqets.com\/fr\/things-to-do-in-budapest-c68199\/budapest-pass-p1013746\/?partner=budapestcard\" rel=\"nofollow noopener\"><strong>V\u00e9rifiez les disponibilit\u00e9s \u00bb<\/strong><\/a><\/p>\n\n\n\n<h3 class=\"wp-block-heading\">Optez pour la Budapest Card si&nbsp;:<\/h3>\n\n\n\n<ul class=\"wp-block-list\">\n<li>Vous aimez visiter de nombreux mus\u00e9es et sites historiques (surtout si vous savez d\u00e9j\u00e0 ce que vous voulez voir)<\/li>\n\n\n\n<li>Vous souhaitez explorer \u00e0 votre rythme, en choisissant parmi une liste plus large de petites attractions<\/li>\n\n\n\n<li>Vous avez un budget plus serr\u00e9 et souhaitez plus de flexibilit\u00e9<\/li>\n<\/ul>\n\n\n\n<p><a href=\"https:\/\/www.tiqets.com\/fr\/things-to-do-in-budapest-c68199\/tickets-for-budapest-card-free-entrance-to-szt-lukacs-thermal-bath-and-pool-p974576\/?partner=budapestcard\" rel=\"nofollow noopener\"><strong>V\u00e9rifiez les disponibilit\u00e9s \u00bb<\/strong><\/a><\/p>\n\n\n\n<h2 class=\"wp-block-heading\">FAQ<\/h2>\n\n\n\n<div class=\"ms-accordion ms-mb-block\">\n<div class=\"ms-accordion__item\">\n<div class=\"ms-accordion__header\">\n<h3 class=\"gb-text\">Puis-je choisir la langue des visites guid\u00e9es ?<\/h3>\n<\/div>\n\n\n\n<div class=\"ms-accordion__body\">\n<p class=\"gb-text\">La plupart des visites guid\u00e9es (visite de la ville, Parlement hongrois, mus\u00e9e P\u00e1linka) sont propos\u00e9es en anglais, mais certaines peuvent \u00eatre disponibles dans d&rsquo;autres langues. Veuillez v\u00e9rifier la disponibilit\u00e9 lors de la r\u00e9servation.<\/p>\n<\/div>\n<\/div>\n\n\n\n<div class=\"ms-accordion__item\">\n<div class=\"ms-accordion__header\">\n<h3 class=\"gb-text\">Comment puis-je \u00e9changer ou retirer le pass ?<\/h3>\n<\/div>\n\n\n\n<div class=\"ms-accordion__body\">\n<p class=\"gb-text\">Vous recevrez vos billets num\u00e9riques par e-mail lors de votre achat.<\/p>\n<\/div>\n<\/div>\n\n\n\n<div class=\"ms-accordion__item\">\n<div class=\"ms-accordion__header\">\n<h3 class=\"gb-text\">Puis-je partager le pass avec quelqu&rsquo;un d&rsquo;autre ?<\/h3>\n<\/div>\n\n\n\n<div class=\"ms-accordion__body\">\n<p class=\"gb-text\">Non. Le Budapest Pass est personnel et non transf\u00e9rable. Vous devrez pr\u00e9senter votre propre billet (et dans certains cas, une pi\u00e8ce d&rsquo;identit\u00e9) \u00e0 chaque attraction.<\/p>\n<\/div>\n<\/div>\n\n\n\n<div class=\"ms-accordion__item\">\n<div class=\"ms-accordion__header\">\n<h3 class=\"gb-text\">Comment fonctionne le code de r\u00e9duction de 10 % ?<\/h3>\n<\/div>\n\n\n\n<div class=\"ms-accordion__body\">\n<p class=\"gb-text\">Vous recevrez un code personnel par e-mail apr\u00e8s la r\u00e9servation. Vous pouvez l&rsquo;utiliser jusqu&rsquo;\u00e0 cinq fois pour des attractions ou des exp\u00e9riences suppl\u00e9mentaires \u00e0 Budapest via Tiqets. Le code est valable pour une p\u00e9riode limit\u00e9e, veuillez donc v\u00e9rifier la date d&rsquo;expiration.<\/p>\n<\/div>\n<\/div>\n<\/div>\n","protected":false},"excerpt":{"rendered":"","protected":false},"author":4,"featured_media":831,"parent":0,"menu_order":0,"comment_status":"closed","ping_status":"closed","template":"","meta":{"_acf_changed":false,"footnotes":"","button_url":"https:\/\/www.tiqets.com\/fr\/things-to-do-in-budapest-c68199\/budapest-pass-p1013746\/?partner=budapestcard","ms_product_id":"1013746","ms_product_name":"Budapest Pass","ms_price":"69","ms_currency":"EUR","ms_rating_value":"4","ms_review_count":"12","rank_math_title":"Le Budapest Pass - Billets, tarifs et informations","rank_math_description":"Profitez du meilleur de Budapest avec le Budapest Pass: spa thermal, croisi\u00e8re sur le Danube, visite du Parlement et bien plus encore. Transports en commun inclus et nombreuses r\u00e9ductions."},"post-style":[],"producer":[],"class_list":["post-830","page","type-page","status-publish","has-post-thumbnail"],"acf":[],"product_schema":{"ms_product_id":"1013746","ms_product_name":"Budapest Pass","ms_price":"69","ms_currency":"EUR","ms_rating_value":"4","ms_review_count":"12"},"_links":{"self":[{"href":"https:\/\/www.budapestcard.org\/fr\/wp-json\/wp\/v2\/pages\/830","targetHints":{"allow":["GET"]}}],"collection":[{"href":"https:\/\/www.budapestcard.org\/fr\/wp-json\/wp\/v2\/pages"}],"about":[{"href":"https:\/\/www.budapestcard.org\/fr\/wp-json\/wp\/v2\/types\/page"}],"author":[{"embeddable":true,"href":"https:\/\/www.budapestcard.org\/fr\/wp-json\/wp\/v2\/users\/4"}],"replies":[{"embeddable":true,"href":"https:\/\/www.budapestcard.org\/fr\/wp-json\/wp\/v2\/comments?post=830"}],"version-history":[{"count":3,"href":"https:\/\/www.budapestcard.org\/fr\/wp-json\/wp\/v2\/pages\/830\/revisions"}],"predecessor-version":[{"id":875,"href":"https:\/\/www.budapestcard.org\/fr\/wp-json\/wp\/v2\/pages\/830\/revisions\/875"}],"wp:featuredmedia":[{"embeddable":true,"href":"https:\/\/www.budapestcard.org\/fr\/wp-json\/wp\/v2\/media\/831"}],"wp:attachment":[{"href":"https:\/\/www.budapestcard.org\/fr\/wp-json\/wp\/v2\/media?parent=830"}],"wp:term":[{"taxonomy":"post-style","embeddable":true,"href":"https:\/\/www.budapestcard.org\/fr\/wp-json\/wp\/v2\/post-style?post=830"},{"taxonomy":"producer","embeddable":true,"href":"https:\/\/www.budapestcard.org\/fr\/wp-json\/wp\/v2\/producer?post=830"}],"curies":[{"name":"wp","href":"https:\/\/api.w.org\/{rel}","templated":true}]}}