{"id":27,"date":"2016-10-21T17:31:30","date_gmt":"2016-10-21T15:31:30","guid":{"rendered":"https:\/\/www.budapestcard.org\/hu\/?page_id=27"},"modified":"2026-04-13T06:08:31","modified_gmt":"2026-04-13T04:08:31","slug":"arak","status":"publish","type":"page","link":"https:\/\/www.budapestcard.org\/hu\/arak\/","title":{"rendered":"Budapest Card \u00e1rak"},"content":{"rendered":"\n<p>A Budapest Card az egyik legjobb eszk\u00f6z, amellyel felfedezheted Budapest minden csod\u00e1latos l\u00e1tnival\u00f3j\u00e1t. De vajon melyik k\u00e1rtya a legmegfelel\u0151bb sz\u00e1modra?<\/p>\n\n\n\n<p>A Budapest Card \u00f6t k\u00fcl\u00f6nb\u00f6z\u0151 id\u0151tartammal kaphat\u00f3: <strong>24<\/strong>, <strong>48<\/strong>, <strong>72<\/strong>, <strong>96 <\/strong>\u00e9s <strong>120 <\/strong>\u00f3ra. Minden k\u00e1rtya az els\u0151 haszn\u00e1latt\u00f3l kezdve a rajta felt\u00fcntetett ideig \u00e9rv\u00e9nyes. A k\u00e1rtya csak az els\u0151 haszn\u00e1latkor aktiv\u00e1l\u00f3dik, \u00edgy nyugodtan megv\u00e1s\u00e1rolhatod m\u00e9g az utaz\u00e1s el\u0151tt. A jelenlegi szezon v\u00e9g\u00e9ig, azaz 2026. \u00e1prilis 30-ig \u00e9rv\u00e9nyes. Vedd meg id\u0151ben, \u00e9s sp\u00f3rolj!<\/p>\n\n\n\n<h3 class=\"wp-block-heading\">\u00c1rlista<\/h3>\n\n\n<div class=\"ms-table frozenColumn\"><table><tr><th>Feln\u0151ttek<\/th><th>Norm\u00e1l \u00e1r<\/th><\/tr><tr><td>24 \u00f3r\u00e1s<\/td><td>\u20ac55,00 (\u20ac55,00 \/ nap)<\/td><\/tr><tr><td>48 \u00f3ra<\/td><td>\u20ac71,50 (\u20ac35,75 \/ nap)<\/td><\/tr><tr><td>72 \u00f3ra<\/td><td>\u20ac91,30 (\u20ac30,43 \/ nap)<\/td><\/tr><tr><td>96 \u00f3ra<\/td><td>\u20ac114,40 (\u20ac28,60 \/ nap)<\/td><\/tr><tr><td>120 \u00f3ra<\/td><td>\u20ac127,60 (\u20ac25,52 \/ nap)<\/td><\/tr><\/table><\/div>\n\n\n<p><strong>Megjegyz\u00e9s:<\/strong> Minden k\u00e1rtya egy feln\u0151tt \u00e9s egy vele utaz\u00f3, hat \u00e9v alatti gyermek sz\u00e1m\u00e1ra \u00e9rv\u00e9nyes.<\/p>\n\n\n\n<p>Ahhoz, hogy eld\u00f6ntsd, meg\u00e9ri-e neked a Budapest Card \u00e1ra, tedd fel magadnak a k\u00f6vetkez\u0151 h\u00e1rom k\u00e9rd\u00e9st:<\/p>\n\n\n\n<ol class=\"wp-block-list\">\n<li>Mennyi ideig maradok Budapesten?<\/li>\n\n\n\n<li>H\u00e1ny csod\u00e1latos dolgot szeretn\u00e9k megn\u00e9zni, am\u00edg ott vagyok?<\/li>\n\n\n\n<li>Mennyit szeretn\u00e9k megtakar\u00edtani?<\/li>\n<\/ol>\n\n\n\n<p>Ha csak egy napra ugrasz be Budapestre, hogy megk\u00f3stold a h\u00edres, hagyom\u00e1nyos k\u00fcrt\u0151skal\u00e1csot a Moln\u00e1r K\u00fcrt\u0151skal\u00e1csban, vagy hogy megm\u00e1rt\u00f3zz a Luk\u00e1cs Gy\u00f3gyf\u00fcrd\u0151ben, akkor a 24 \u00f3r\u00e1s k\u00e1rtya lehet a legjobb v\u00e1laszt\u00e1s. Ha hosszabb ideig maradsz, vagy t\u00f6bbet szeretn\u00e9l, mint egy \u00e9des finoms\u00e1got \u00e9s egy pihentet\u0151 f\u00fcrd\u0151t, akkor \u00e9rdemes megfontolni a 48, 72, 96 vagy 120 \u00f3r\u00e1s k\u00e1rty\u00e1k v\u00e1s\u00e1rl\u00e1s\u00e1t.<\/p>\n\n\n<div class=\"gb-container gb-container-bc0d9ca1 ms-alert--primary ms-p ms-rounded ms-mb-last-child-0 ms-mb-children-condensed ms-mb-block\">\n\n<p>A hosszabb id\u0151tartam\u00fa k\u00e1rty\u00e1k kiv\u00e1l\u00f3 \u00e1r-\u00e9rt\u00e9k ar\u00e1ny\u00faak, k\u00fcl\u00f6n\u00f6sen a 120 \u00f3r\u00e1s k\u00e1rtya, amely naponta mind\u00f6ssze 25,52 eur\u00f3ba ker\u00fcl.<\/p>\n\n<\/div>\n\n\n<p>A Budapest Card a v\u00e1ros kulcs\u00e1t adja a kezedbe. T\u00f6bb tucat b\u00e1r, \u00e9tterem, f\u00fcrd\u0151, m\u00fazeum \u00e9s egy\u00e9b helysz\u00edn k\u00edn\u00e1l hatalmas kedvezm\u00e9nyeket a bel\u00e9p\u0151jegyekb\u0151l, szolg\u00e1ltat\u00e1sokb\u00f3l \u00e9s v\u00e1s\u00e1rl\u00e1sokb\u00f3l. Ingyenesen haszn\u00e1lhatod a v\u00e1ros t\u00f6megk\u00f6zleked\u00e9s\u00e9t, ingyenes s\u00e9t\u00e1l\u00f3 t\u00far\u00e1kon \u00e9s haj\u00f3kir\u00e1ndul\u00e1sokon vehetsz r\u00e9szt, vagy ell\u00e1togathatsz a Luk\u00e1cs Gy\u00f3gyf\u00fcrd\u0151be. A lehet\u0151s\u00e9gek v\u00e9gtelenek.<\/p>\n\n\n\n<p>Tov\u00e1bbi inform\u00e1ci\u00f3k\u00e9rt l\u00e1togass el a <a href=\"https:\/\/www.budapestcard.org\/hu\/kedvezmenyek\/\" target=\"_blank\" rel=\"noreferrer noopener\">Kedvezm\u00e9nyek<\/a> oldalunkra, ahol megismerheted a Budapest Carddal el\u00e9rhet\u0151 fantasztikus megtakar\u00edt\u00e1sokat.<\/p>\n","protected":false},"excerpt":{"rendered":"","protected":false},"author":1,"featured_media":0,"parent":0,"menu_order":4,"comment_status":"closed","ping_status":"closed","template":"","meta":{"_acf_changed":false,"footnotes":"","button_url":"https:\/\/www.tiqets.com\/en\/things-to-do-in-budapest-c68199\/tickets-for-budapest-card-free-entrance-to-szt-lukacs-thermal-bath-and-pool-p974576\/?partner=budapestcard","ms_product_id":"","ms_product_name":"","ms_price":"","ms_currency":"","ms_rating_value":"","ms_review_count":"","rank_math_title":"Budapest Card - \u00c1rak %currentyear%","rank_math_description":"Fedezze fel Budapestet %currentyear% -ben a legjobb \u00e1r-\u00e9rt\u00e9k ar\u00e1ny\u00fa Budapest Carddal. V\u00e1lasszon 24, 48, 72, 96 vagy 120 \u00f3r\u00e1s k\u00e1rtya k\u00f6z\u00fcl. A Budapest Card \u00e1rait itt tal\u00e1lja."},"post-style":[],"producer":[],"class_list":["post-27","page","type-page","status-publish","has-post-thumbnail"],"acf":[],"product_schema":{"ms_product_id":"","ms_product_name":"","ms_price":"","ms_currency":"","ms_rating_value":"","ms_review_count":""},"_links":{"self":[{"href":"https:\/\/www.budapestcard.org\/hu\/wp-json\/wp\/v2\/pages\/27","targetHints":{"allow":["GET"]}}],"collection":[{"href":"https:\/\/www.budapestcard.org\/hu\/wp-json\/wp\/v2\/pages"}],"about":[{"href":"https:\/\/www.budapestcard.org\/hu\/wp-json\/wp\/v2\/types\/page"}],"author":[{"embeddable":true,"href":"https:\/\/www.budapestcard.org\/hu\/wp-json\/wp\/v2\/users\/1"}],"replies":[{"embeddable":true,"href":"https:\/\/www.budapestcard.org\/hu\/wp-json\/wp\/v2\/comments?post=27"}],"version-history":[{"count":3,"href":"https:\/\/www.budapestcard.org\/hu\/wp-json\/wp\/v2\/pages\/27\/revisions"}],"predecessor-version":[{"id":1050,"href":"https:\/\/www.budapestcard.org\/hu\/wp-json\/wp\/v2\/pages\/27\/revisions\/1050"}],"wp:attachment":[{"href":"https:\/\/www.budapestcard.org\/hu\/wp-json\/wp\/v2\/media?parent=27"}],"wp:term":[{"taxonomy":"post-style","embeddable":true,"href":"https:\/\/www.budapestcard.org\/hu\/wp-json\/wp\/v2\/post-style?post=27"},{"taxonomy":"producer","embeddable":true,"href":"https:\/\/www.budapestcard.org\/hu\/wp-json\/wp\/v2\/producer?post=27"}],"curies":[{"name":"wp","href":"https:\/\/api.w.org\/{rel}","templated":true}]}}