{"id":29,"date":"2016-10-21T17:36:59","date_gmt":"2016-10-21T15:36:59","guid":{"rendered":"https:\/\/www.budapestcard.org\/hu\/?page_id=29"},"modified":"2025-10-27T21:02:21","modified_gmt":"2025-10-27T20:02:21","slug":"gyik","status":"publish","type":"page","link":"https:\/\/www.budapestcard.org\/hu\/gyik\/","title":{"rendered":"Gyakori k\u00e9rd\u00e9sek"},"content":{"rendered":"<div id=\"rank-math-faq\" class=\"rank-math-block\">\n<div class=\"rank-math-list \">\n<div id=\"faq-question-1717062476605\" class=\"rank-math-list-item\">\n<h3 class=\"rank-math-question \">Mi az a Budapest Card?<\/h3>\n<div class=\"rank-math-answer \">\n\n<p>A Budapest Card a v\u00e1rosba \u00e9rkez\u0151 turist\u00e1k kulcsa. H\u00e1romf\u00e9lek\u00e9ppen is haszn\u00e1lhatod: k\u00f6zleked\u00e9si b\u00e9rletk\u00e9nt, amely ingyenes utaz\u00e1st biztos\u00edt a v\u00e1ros \u00f6sszes t\u00f6megk\u00f6zleked\u00e9si eszk\u00f6z\u00e9n; bel\u00e9p\u0151k\u00e9nt a legfontosabb l\u00e1tnival\u00f3khoz, amelyek bemutatj\u00e1k a v\u00e1ros gazdag t\u00f6rt\u00e9nelm\u00e9t \u00e9s kult\u00far\u00e1j\u00e1t; valamint kedvezm\u00e9nyk\u00e1rtyak\u00e9nt, amellyel jelent\u0151s \u00f6sszegeket takar\u00edthatsz meg budapesti tart\u00f3zkod\u00e1sod alatt.<\/p>\n<p>A Budapest Card t\u00f6bb mint 30 m\u00fazeumba \u00e9s l\u00e1tnival\u00f3ba biztos\u00edt ingyenes bel\u00e9p\u00e9st, ak\u00e1r 50%-os kedvezm\u00e9nyt \u00e9ttermekben, b\u00e1rokban \u00e9s \u00fczletekben, tov\u00e1bb\u00e1 ingyenes v\u00e1rosn\u00e9z\u0151 s\u00e9t\u00e1kat \u00e9s haj\u00f3kir\u00e1ndul\u00e1sokat, hogy jobban megismerhesd ezt a csod\u00e1latos v\u00e1rost.<\/p>\n\n<\/div>\n<\/div>\n<div id=\"faq-question-1717062505033\" class=\"rank-math-list-item\">\n<h3 class=\"rank-math-question \">Milyen el\u0151nyei vannak a Budapest Cardnak?<\/h3>\n<div class=\"rank-math-answer \">\n\n<p>A Budapest Card legnagyobb el\u0151nye, hogy id\u0151t \u00e9s p\u00e9nzt sp\u00f3rolhatsz vele. T\u00f6bb mint 30 l\u00e1tnival\u00f3ba biztos\u00edt ingyenes bel\u00e9p\u00e9st, k\u00f6zt\u00fck olyan neves helysz\u00ednekre, mint a Magyar Nemzeti M\u00fazeum \u00e9s a Szent Luk\u00e1cs Gy\u00f3gyf\u00fcrd\u0151. Emellett sz\u00e1mos m\u00e1s helysz\u00ednen is kedvezm\u00e9nyeket ad, \u00edgy k\u00f6nnyed\u00e9n t\u00f6bb sz\u00e1z eur\u00f3t takar\u00edthatsz meg. Nem sz\u00e1m\u00edt, hogy egyed\u00fcl vagy bar\u00e1taiddal utazol, a kedvezm\u00e9nyek minden l\u00e1tnival\u00f3ra ugyan\u00fagy \u00e9rv\u00e9nyesek.<\/p>\n<p>Ak\u00e1r egy wellnessnapra v\u00e1gysz a v\u00e1ros egyik gy\u00f3gyf\u00fcrd\u0151j\u00e9ben, ak\u00e1r egy t\u00f6rt\u00e9nelmi sz\u00ednh\u00e1zban vagy m\u00fazeumban n\u00e9zn\u00e9l meg egy el\u0151ad\u00e1st, a Budapest Card mindenki sz\u00e1m\u00e1ra k\u00edn\u00e1l valamit.<\/p>\n\n<\/div>\n<\/div>\n<div id=\"faq-question-1717062519392\" class=\"rank-math-list-item\">\n<h3 class=\"rank-math-question \">Milyen kedvezm\u00e9nyeket k\u00edn\u00e1l a Budapest Card?<\/h3>\n<div class=\"rank-math-answer \">\n\n<p>A Budapest Card kedvezm\u00e9nyeket biztos\u00edt a k\u00f6zleked\u00e9sre, a l\u00e1tnival\u00f3kra, a v\u00e1rosn\u00e9z\u0151 t\u00far\u00e1kra, az \u00e9ttermekre, a gy\u00f3gyf\u00fcrd\u0151kre \u00e9s m\u00e9g sok m\u00e1sra. Ezen fel\u00fcl a k\u00e1rty\u00e1val ingyenesen utazhatsz a budapesti t\u00f6megk\u00f6zleked\u00e9si eszk\u00f6z\u00f6k\u00f6n, bel\u00e9phetsz a v\u00e1ros egyik legend\u00e1s gy\u00f3gyf\u00fcrd\u0151j\u00e9be, \u00e9s ingyenesen l\u00e1togathatod a legjelent\u0151sebb m\u00fazeumokat \u00e9s t\u00f6rt\u00e9nelmi helysz\u00edneket. Mindezek mellett a Budapest Card birtokosai kedvezm\u00e9nyes bel\u00e9p\u00e9st kapnak a v\u00e1ros sz\u00e1mos m\u00e1s kultur\u00e1lis nevezetess\u00e9g\u00e9hez \u00e9s templom\u00e1hoz.<\/p>\n<p>Ha szeretsz v\u00e1rosn\u00e9z\u0151 s\u00e9t\u00e1kra j\u00e1rni, a Budapest Card ingyenes gyalogos t\u00far\u00e1kat is tartalmaz. Ezek sor\u00e1n mindent megtekinthetsz a budai V\u00e1rnegyedben tal\u00e1lhat\u00f3 Hal\u00e1szb\u00e1sty\u00e1t\u00f3l a v\u00e1ros pesti oldal\u00e1n l\u00e9v\u0151, gy\u00f6ny\u00f6r\u0171 Szent Istv\u00e1n-bazilik\u00e1ig. Ingyenes folyami haj\u00f3kir\u00e1ndul\u00e1sokon is r\u00e9szt vehetsz, amelyek t\u00f6k\u00e9letes alkalmat ny\u00fajtanak arra, hogy a Duna fel\u0151l csod\u00e1ld meg Budapest leny\u0171g\u00f6z\u0151 l\u00e1tk\u00e9p\u00e9t.<\/p>\n<p>Ha \u00ednyenc vagy, a Budapest Card ak\u00e1r 50%-os kedvezm\u00e9nyt is ad n\u00e9h\u00e1ny remek \u00e9tteremben, k\u00e1v\u00e9z\u00f3ban \u00e9s b\u00e1rban, \u00edgy megk\u00f3stolhatod a magyar konyha legjobbjait an\u00e9lk\u00fcl, hogy megterheln\u00e9d a p\u00e9nzt\u00e1rc\u00e1dat. R\u00f6viden: a Budapest Card minden utaz\u00f3 sz\u00e1m\u00e1ra kedvezm\u00e9nyeket biztos\u00edt \u2013 f\u00fcggetlen\u00fcl att\u00f3l, hogy a t\u00f6rt\u00e9nelem, az \u00e9telek vagy a sz\u00f3rakoz\u00e1s miatt \u00e9rkezt\u00e9l ide. A kedvezm\u00e9nyek teljes list\u00e1j\u00e1t a <a href=\"https:\/\/www.budapestcard.org\/hu\/discounts\/\" target=\"_blank\" rel=\"noreferrer noopener\">kedvezm\u00e9nyek<\/a> oldalon tal\u00e1lod. <\/p>\n\n<\/div>\n<\/div>\n<div id=\"faq-question-1724227536551\" class=\"rank-math-list-item\">\n<h3 class=\"rank-math-question \">Meg\u00e9ri a Budapest Card?<\/h3>\n<div class=\"rank-math-answer \">\n\n<p>A Budapest Card ingyenes hozz\u00e1f\u00e9r\u00e9st biztos\u00edt a v\u00e1ros t\u00f6megk\u00f6zleked\u00e9si rendszer\u00e9hez, \u00e9s t\u00f6bb mint 50 kedvezm\u00e9nyt k\u00edn\u00e1l m\u00fazeumokba, l\u00e1tnival\u00f3khoz, b\u00e1rokba, \u00e9ttermekbe, k\u00e1v\u00e9z\u00f3kba \u00e9s gy\u00f3gyf\u00fcrd\u0151kbe. A k\u00e1rtya nemcsak p\u00e9nzt takar\u00edt meg, hanem szabads\u00e1got is ad, hogy \u00fagy fedezd fel a v\u00e1rost, ahogyan szeretn\u00e9d, \u00e9s k\u00e9nyelmesen megl\u00e1togathasd Budapest \u00f6sszes csod\u00e1latos l\u00e1tnival\u00f3j\u00e1t, a saj\u00e1t temp\u00f3dban. V\u00e9g\u00fcl csak te d\u00f6ntheted el, hogy meg\u00e9ri-e befektetni a Budapest Cardba.<\/p>\n\n<\/div>\n<\/div>\n<div id=\"faq-question-1745825055616\" class=\"rank-math-list-item\">\n<h3 class=\"rank-math-question \">A Budapest Carddal elker\u00fclhetem a sorban \u00e1ll\u00e1st?<\/h3>\n<div class=\"rank-math-answer \">\n\n<p>Nem, a Budapest Card nem teszi lehet\u0151v\u00e9 a sorban \u00e1ll\u00e1s elker\u00fcl\u00e9s\u00e9t. Ingyenes bel\u00e9p\u00e9st vagy kedvezm\u00e9nyeket biztos\u00edt, de neked is sorban kell \u00e1llnod, mint mindenki m\u00e1snak.<\/p>\n\n<\/div>\n<\/div>\n<div id=\"faq-question-1745831504115\" class=\"rank-math-list-item\">\n<h3 class=\"rank-math-question \">Mennyi ideig \u00e9rv\u00e9nyes a Budapest Card?<\/h3>\n<div class=\"rank-math-answer \">\n\n<p>V\u00e1laszthatsz olyan k\u00e1rty\u00e1t, amely az els\u0151 haszn\u00e1lat ut\u00e1n 24, 48, 72, 96 vagy 120 \u00f3r\u00e1ig \u00e9rv\u00e9nyes. Emellett minden Budapest Card egy \u00e9ves szezon r\u00e9sze:<br \/><strong>2024\/2025-\u00f6s k\u00e1rty\u00e1k<\/strong>: \u00e9rv\u00e9nyesek 2024. m\u00e1jus 1-j\u00e9t\u0151l 2025. \u00e1prilis 30-ig.<br \/><strong>2025\/2026-os k\u00e1rty\u00e1k<\/strong>: \u00e9rv\u00e9nyesek 2025. m\u00e1jus 1-j\u00e9t\u0151l 2026. \u00e1prilis 30-ig.<br \/>Gy\u0151z\u0151dj meg r\u00f3la, hogy a k\u00e1rty\u00e1d megfelel az utaz\u00e1si d\u00e1tumaidnak!<\/p>\n\n<\/div>\n<\/div>\n<div id=\"faq-question-1745831746962\" class=\"rank-math-list-item\">\n<h3 class=\"rank-math-question \">Mi t\u00f6rt\u00e9nik, ha elvesztem a Budapest Card k\u00e1rty\u00e1mat?<\/h3>\n<div class=\"rank-math-answer \">\n\n<p>Ha elvesz\u00edted a k\u00e1rty\u00e1dat, ne agg\u00f3dj! Ha v\u00e1s\u00e1rl\u00e1s ut\u00e1n regisztr\u00e1ltad a weboldalon, p\u00f3tk\u00e1rty\u00e1t kaphatsz a <a href=\"https:\/\/www.budapestcard.org\/hu\/contact\/\" data-type=\"link\" data-id=\"https:\/\/www.budapestcard.org\/hu\/contact\/\"><\/a><a href=\"https:\/\/www.budapestcard.org\/hu\/contact\/\" target=\"_blank\" rel=\"noreferrer noopener\">Budapestinfo Turisztikai Inform\u00e1ci\u00f3s Irod\u00e1ban<\/a>.<\/p>\n\n<\/div>\n<\/div>\n<div id=\"faq-question-1724227544295\" class=\"rank-math-list-item\">\n<h3 class=\"rank-math-question \">Mi az a magyar digit\u00e1lis nom\u00e1d v\u00edzum?<\/h3>\n<div class=\"rank-math-answer \">\n\n<p>A <a href=\"https:\/\/www.budapestcard.org\/hu\/hungary-digital-nomad-visa\/\" target=\"_blank\" rel=\"noreferrer noopener\">magyar digit\u00e1lis nom\u00e1d v\u00edzum<\/a>, m\u00e1s n\u00e9ven feh\u00e9r k\u00e1rtya, egy egy\u00e9ves tart\u00f3zkod\u00e1si enged\u00e9ly, amely lehet\u0151v\u00e9 teszi a t\u00e1vmunk\u00e1sok sz\u00e1m\u00e1ra, hogy leg\u00e1lisan \u00e9ljenek \u00e9s dolgozzanak Magyarorsz\u00e1gon. Egyszer meg\u00faj\u00edthat\u00f3, \u00edgy a maxim\u00e1lis tart\u00f3zkod\u00e1si id\u0151 k\u00e9t \u00e9v.<\/p>\n\n<\/div>\n<\/div>\n<\/div>\n<\/div>","protected":false},"excerpt":{"rendered":"","protected":false},"author":1,"featured_media":0,"parent":0,"menu_order":5,"comment_status":"closed","ping_status":"closed","template":"","meta":{"_acf_changed":false,"footnotes":"","button_url":"https:\/\/www.tiqets.com\/en\/things-to-do-in-budapest-c68199\/tickets-for-budapest-card-free-entrance-to-szt-lukacs-thermal-bath-and-pool-p974576\/?partner=budapestcard","ms_product_id":"","ms_product_name":"","ms_price":"","ms_currency":"","ms_rating_value":"","ms_review_count":"","rank_math_title":"%title% %sep% %sitename%","rank_math_description":"Budapest Card \u2013 Mit tartalmaz: Gyakran feltett k\u00e9rd\u00e9sek a kedvezm\u00e9nyekr\u0151l, el\u0151ny\u00f6kr\u0151l \u00e9s a k\u00e1rtya m\u0171k\u00f6d\u00e9s\u00e9r\u0151l."},"post-style":[],"producer":[],"class_list":["post-29","page","type-page","status-publish","has-post-thumbnail"],"acf":[],"product_schema":{"ms_product_id":"","ms_product_name":"","ms_price":"","ms_currency":"","ms_rating_value":"","ms_review_count":""},"_links":{"self":[{"href":"https:\/\/www.budapestcard.org\/hu\/wp-json\/wp\/v2\/pages\/29","targetHints":{"allow":["GET"]}}],"collection":[{"href":"https:\/\/www.budapestcard.org\/hu\/wp-json\/wp\/v2\/pages"}],"about":[{"href":"https:\/\/www.budapestcard.org\/hu\/wp-json\/wp\/v2\/types\/page"}],"author":[{"embeddable":true,"href":"https:\/\/www.budapestcard.org\/hu\/wp-json\/wp\/v2\/users\/1"}],"replies":[{"embeddable":true,"href":"https:\/\/www.budapestcard.org\/hu\/wp-json\/wp\/v2\/comments?post=29"}],"version-history":[{"count":3,"href":"https:\/\/www.budapestcard.org\/hu\/wp-json\/wp\/v2\/pages\/29\/revisions"}],"predecessor-version":[{"id":985,"href":"https:\/\/www.budapestcard.org\/hu\/wp-json\/wp\/v2\/pages\/29\/revisions\/985"}],"wp:attachment":[{"href":"https:\/\/www.budapestcard.org\/hu\/wp-json\/wp\/v2\/media?parent=29"}],"wp:term":[{"taxonomy":"post-style","embeddable":true,"href":"https:\/\/www.budapestcard.org\/hu\/wp-json\/wp\/v2\/post-style?post=29"},{"taxonomy":"producer","embeddable":true,"href":"https:\/\/www.budapestcard.org\/hu\/wp-json\/wp\/v2\/producer?post=29"}],"curies":[{"name":"wp","href":"https:\/\/api.w.org\/{rel}","templated":true}]}}