{"id":60,"date":"2023-06-09T11:54:12","date_gmt":"2023-06-09T09:54:12","guid":{"rendered":"https:\/\/www.budapestcard.org\/hu\/?page_id=60"},"modified":"2025-09-25T21:23:31","modified_gmt":"2025-09-25T19:23:31","slug":"hungary-digital-nomad-visa","status":"publish","type":"page","link":"https:\/\/www.budapestcard.org\/hu\/hungary-digital-nomad-visa\/","title":{"rendered":"Magyarorsz\u00e1g digit\u00e1lis nom\u00e1d v\u00edzum"},"content":{"rendered":"\n<p>Magyarorsz\u00e1g gyorsan n\u00e9pszer\u0171 c\u00e9lpontt\u00e1 v\u00e1lik a digit\u00e1lis nom\u00e1dok k\u00f6r\u00e9ben, akik \u00e9l\u00e9nk kult\u00far\u00e1t, gazdag t\u00f6rt\u00e9nelmet \u00e9s megfizethet\u0151 \u00e9letst\u00edlust keresnek. A t\u00e1vmunka n\u00f6vekv\u0151 trendj\u00e9re reag\u00e1lva Magyarorsz\u00e1g bevezette a digit\u00e1lis nom\u00e1d v\u00edzumot, amely lehet\u0151v\u00e9 teszi a t\u00e1vmunk\u00e1sok sz\u00e1m\u00e1ra, hogy jogszer\u0171en \u00e9ljenek \u00e9s dolgozzanak az orsz\u00e1gban.<\/p>\n\n\n\n<figure><div class=\"ms-credits\">\n<img decoding=\"async\" class=\"gb-media-dac065ff\" src=\"https:\/\/www.budapestcard.org\/hu\/wp-content\/uploads\/sites\/14\/visit-camp-nou-1745208234.jpg\" alt=\"Hungary Digital Nomad Visa\" title=\"Hungary-digital-nomad-visa\"\/>\n<span class='ms-credits__info' id='media875'><svg xmlns=\"http:\/\/www.w3.org\/2000\/svg\" width=\"20\" height=\"22\" fill=\"#000000\" viewBox=\"0 0 256 256\"><path d=\"M128,24A104,104,0,1,0,232,128,104.11,104.11,0,0,0,128,24Zm0,192a88,88,0,1,1,88-88A88.1,88.1,0,0,1,128,216ZM96,128a32,32,0,0,0,57.6,19.2,8,8,0,0,1,12.8,9.61,48,48,0,1,1,0-57.62,8,8,0,0,1-12.8,9.61A32,32,0,0,0,96,128Z\"><\/path><\/svg>stadtratte\/<a href=https:\/\/depositphotos.com\/photo\/man-suitcase-travels-hungary-230842712.html rel='nofollow' target='_blank'>Depositphotos<\/a><\/span><span class='ms-credits__btn' id='btn_media875' onclick='ms_credits_trigger(\"#media875\", this)'><svg xmlns=\"http:\/\/www.w3.org\/2000\/svg\" class=\"info_icon\" width=\"28\" height=\"28\" fill=\"#FFF\" viewBox=\"0 0 256 256\"><path d=\"M128,24A104,104,0,1,0,232,128,104.11,104.11,0,0,0,128,24Zm0,192a88,88,0,1,1,88-88A88.1,88.1,0,0,1,128,216Zm16-40a8,8,0,0,1-8,8,16,16,0,0,1-16-16V128a8,8,0,0,1,0-16,16,16,0,0,1,16,16v40A8,8,0,0,1,144,176ZM112,84a12,12,0,1,1,12,12A12,12,0,0,1,112,84Z\"><\/path><\/svg><svg xmlns=\"http:\/\/www.w3.org\/2000\/svg\" class=\"close_icon\" width=\"28\" height=\"28\" fill=\"#FFF\" viewBox=\"0 0 256 256\"><path d=\"M165.66,101.66,139.31,128l26.35,26.34a8,8,0,0,1-11.32,11.32L128,139.31l-26.34,26.35a8,8,0,0,1-11.32-11.32L116.69,128,90.34,101.66a8,8,0,0,1,11.32-11.32L128,116.69l26.34-26.35a8,8,0,0,1,11.32,11.32ZM232,128A104,104,0,1,1,128,24,104.11,104.11,0,0,1,232,128Zm-16,0a88,88,0,1,0-88,88A88.1,88.1,0,0,0,216,128Z\"><\/path><\/svg><\/span><\/div>\n\n\n<figcaption class=\"gb-text\">Digit\u00e1lis Nom\u00e1d V\u00edzum Magyarorsz\u00e1gon<\/figcaption>\n<\/figure>\n\n\n\n<h2 class=\"wp-block-heading\">Mi az a magyarorsz\u00e1gi digit\u00e1lis nom\u00e1d v\u00edzum?<\/h2>\n\n\n\n<p>A magyarorsz\u00e1gi digit\u00e1lis nom\u00e1d v\u00edzum, m\u00e1s n\u00e9ven feh\u00e9r k\u00e1rtya, egy egy\u00e9ves tart\u00f3zkod\u00e1si enged\u00e9ly, amely lehet\u0151v\u00e9 teszi a t\u00e1vmunk\u00e1sok sz\u00e1m\u00e1ra, hogy leg\u00e1lisan \u00e9ljenek \u00e9s dolgozzanak Magyarorsz\u00e1gon. Egyszer meg\u00faj\u00edthat\u00f3, \u00edgy a maxim\u00e1lis tart\u00f3zkod\u00e1si id\u0151 k\u00e9t \u00e9v.<\/p>\n\n\n\n<p>Ez a v\u00edzum azoknak sz\u00f3l, akik bizony\u00edtani tudj\u00e1k, hogy stabil j\u00f6vedelemmel rendelkeznek t\u00e1vmunk\u00e1b\u00f3l, szabad\u00fasz\u00f3k\u00e9nt vagy saj\u00e1t online v\u00e1llalkoz\u00e1suk m\u0171k\u00f6dtet\u00e9s\u00e9b\u0151l.<\/p>\n\n\n\n<h2 class=\"wp-block-heading\">Jogosults\u00e1g \u00e9s k\u00f6vetelm\u00e9nyek<\/h2>\n\n\n\n<p>A magyarorsz\u00e1gi digit\u00e1lis nom\u00e1d v\u00edzum ig\u00e9nyl\u00e9s\u00e9hez a k\u00f6vetkez\u0151 felt\u00e9teleknek kell megfelelni:<\/p>\n\n\n\n<ul class=\"wp-block-list\">\n<li>Nem EU\/EGT \u00e1llampolg\u00e1rnak kell lenni.<\/li>\n\n\n\n<li>Ellen\u0151rizhet\u0151 t\u00e1vmunk\u00e1val vagy Magyarorsz\u00e1gon k\u00edv\u00fcli sikeres v\u00e1llalkoz\u00e1ssal kell rendelkezni.<\/li>\n\n\n\n<li>Fejlett digit\u00e1lis technol\u00f3gi\u00e1t haszn\u00e1lva kell t\u00e1vmunk\u00e1t v\u00e9gezni.<\/li>\n\n\n\n<li>Nem vehet r\u00e9szt helyi foglalkoztat\u00e1sban \u00e9s nem rendelkezhet \u00fczleti r\u00e9szesed\u00e9ssel<\/li>\n\n\n\n<li>Az elm\u00falt hat h\u00f3napban legal\u00e1bb 3000 eur\u00f3 havi j\u00f6vedelmet kell igazolni.<\/li>\n\n\n\n<li>Igazolni kell a magyarorsz\u00e1gi sz\u00e1ll\u00e1st.<\/li>\n\n\n\n<li>\u00c9rv\u00e9nyes eg\u00e9szs\u00e9gbiztos\u00edt\u00e1ssal rendelkezzen.<\/li>\n\n\n\n<li>\u00c9rv\u00e9nyes \u00fatlev\u00e9llel rendelkezzen.<\/li>\n<\/ul>\n\n\n\n<h2 class=\"wp-block-heading\">A jelentkez\u00e9si folyamat<\/h2>\n\n\n\n<p>A magyarorsz\u00e1gi digit\u00e1lis nom\u00e1d v\u00edzum ig\u00e9nyl\u00e9se k\u00e9tl\u00e9pcs\u0151s folyamat:<\/p>\n\n\n\n<ol class=\"wp-block-list\">\n<li>A j\u00f3v\u00e1hagy\u00e1s ut\u00e1n utazz Magyarorsz\u00e1gra, \u00e9s \u00e9rkez\u00e9sedt\u0151l sz\u00e1m\u00edtott egy h\u00f3napon bel\u00fcl ig\u00e9nyeld a feh\u00e9r k\u00e1rty\u00e1t. A feh\u00e9r k\u00e1rtya feldolgoz\u00e1si ideje k\u00f6r\u00fclbel\u00fcl 21 nap.<\/li>\n\n\n\n<li>Ig\u00e9nyeld a digit\u00e1lis nom\u00e1d v\u00edzumot a haz\u00e1dban l\u00e9v\u0151 magyar nagyk\u00f6vets\u00e9gen vagy konzul\u00e1tuson. Ez a folyamat k\u00f6r\u00fclbel\u00fcl 30 napig tarthat.<\/li>\n<\/ol>\n\n\n\n<p>A teljes jelentkez\u00e9si folyamatot nyomon k\u00f6vetheted a <a href=\"http:\/\/www.hungaryvisa.org\" target=\"_blank\" rel=\"noreferrer noopener nofollow\">www.hungaryvisa.org<\/a> oldalon. <\/p>\n\n\n\n<h2 class=\"wp-block-heading\">K\u00f6lts\u00e9gek<\/h2>\n\n\n\n<p>A magyarorsz\u00e1gi digit\u00e1lis nom\u00e1d v\u00edzummal kapcsolatos d\u00edjak a k\u00f6vetkez\u0151k:<\/p>\n\n\n\n<ul class=\"wp-block-list\">\n<li>V\u00edzumk\u00e9relem: 110 eur\u00f3 (ha Magyarorsz\u00e1gon k\u00edv\u00fcl adod be)<\/li>\n\n\n\n<li>Szolg\u00e1ltat\u00e1si d\u00edj szem\u00e9lyes k\u00e9relem eset\u00e9n: 39 000 HUF (Magyarorsz\u00e1gon bel\u00fcl)<\/li>\n\n\n\n<li>Szolg\u00e1ltat\u00e1si d\u00edj online k\u00e9relem eset\u00e9n: 24 000 HUF (az Enter Hungary platformon kereszt\u00fcl)<\/li>\n<\/ul>\n\n\n\n<h2 class=\"wp-block-heading\">A magyarorsz\u00e1gi digit\u00e1lis nom\u00e1d v\u00edzum el\u0151nyei<\/h2>\n\n\n\n<p>A magyarorsz\u00e1gi digit\u00e1lis nom\u00e1d v\u00edzum sz\u00e1mos el\u0151nyt k\u00edn\u00e1l a t\u00e1vmunk\u00e1sok sz\u00e1m\u00e1ra:<\/p>\n\n\n\n<p>Lehet\u0151s\u00e9g, hogy egy \u00e9vig Magyarorsz\u00e1gon \u00e9lj \u00e9s dolgozz, tov\u00e1bbi egy \u00e9vvel meghosszabb\u00edthat\u00f3, ha tov\u00e1bbra is jogosult vagy r\u00e1.<\/p>\n\n\n\n<p>Hozz\u00e1f\u00e9r\u00e9s Magyarorsz\u00e1g megfizethet\u0151 meg\u00e9lhet\u00e9si k\u00f6lts\u00e9geihez, \u00e9l\u00e9nk kult\u00far\u00e1j\u00e1hoz \u00e9s fest\u0151i t\u00e1jaihoz.<\/p>\n\n\n\n<p>Lehet\u0151s\u00e9g, hogy a schengeni t\u00e9rs\u00e9gben utazz tov\u00e1bbi v\u00edzumok n\u00e9lk\u00fcl.<\/p>\n\n\n\n<h2 class=\"wp-block-heading\">\u00c9let Magyarorsz\u00e1gon<\/h2>\n\n\n\n<p>Magyarorsz\u00e1gon digit\u00e1lis nom\u00e1dk\u00e9nt lehet\u0151s\u00e9ged ny\u00edlik megismerni az orsz\u00e1g k\u00fcl\u00f6nb\u00f6z\u0151 aspektusait. \u00cdme n\u00e9h\u00e1ny fontos szempont, amit \u00e9rdemes figyelembe venni:<\/p>\n\n\n\n<p><strong>Meg\u00e9lhet\u00e9si k\u00f6lts\u00e9gek:<\/strong><br>Magyarorsz\u00e1g megfizethet\u0151 meg\u00e9lhet\u00e9si k\u00f6lts\u00e9geket k\u00edn\u00e1l sok nyugat-eur\u00f3pai orsz\u00e1ghoz k\u00e9pest. A lakb\u00e9r, a rezsi, az \u00e9lelmiszerek \u00e9s a k\u00f6zleked\u00e9s \u00e1ltal\u00e1ban kedvez\u0151bbek, ami vonz\u00f3v\u00e1 teszi az orsz\u00e1got a digit\u00e1lis nom\u00e1dok sz\u00e1m\u00e1ra.<\/p>\n\n\n\n<p><strong>Lakhat\u00e1s:<\/strong><br>Sz\u00e1mos lakhat\u00e1si lehet\u0151s\u00e9g k\u00f6z\u00fcl v\u00e1laszthatsz, a k\u00f6z\u00f6s lak\u00e1sokt\u00f3l \u00e9s mag\u00e1nb\u00e9rlem\u00e9nyekt\u0151l a co-living terekig \u00e9s a r\u00f6vid t\u00e1v\u00fa sz\u00e1ll\u00e1sokig. A f\u0151v\u00e1ros, Budapest n\u00e9pszer\u0171 v\u00e1laszt\u00e1s, de a kisebb v\u00e1rosoknak is megvan a maguk b\u00e1ja, mint p\u00e9ld\u00e1ul Szeged, Debrecen \u00e9s P\u00e9cs.<\/p>\n\n\n\n<p><strong>Internet \u00e9s coworking terek:<\/strong><br>Magyarorsz\u00e1g megb\u00edzhat\u00f3 internet-infrastrukt\u00far\u00e1val rendelkezik, sz\u00e9les k\u00f6r\u0171 Wi-Fi lefedetts\u00e9ggel, m\u00e9g a nyilv\u00e1nos helyeken is. A nagyobb v\u00e1rosokban, mint Budapesten, rengeteg coworking t\u00e9r tal\u00e1lhat\u00f3.<\/p>\n\n\n\n<p><strong>K\u00f6zleked\u00e9s:<\/strong><br>Magyarorsz\u00e1g kiterjedt t\u00f6megk\u00f6zleked\u00e9si h\u00e1l\u00f3zattal rendelkezik, amely mag\u00e1ban foglalja a buszokat, villamosokat \u00e9s vonatokat. Budapesten metr\u00f3h\u00e1l\u00f3zat is m\u0171k\u00f6dik. A region\u00e1lis vonatokkal vagy buszokkal k\u00f6nnyen utazhatsz az orsz\u00e1gon bel\u00fcl vagy a szomsz\u00e9dos orsz\u00e1gokba.<\/p>\n\n\n\n<p><strong>Eg\u00e9szs\u00e9g\u00fcgy:<\/strong><br>Magyarorsz\u00e1gon \u00e1llami eg\u00e9szs\u00e9g\u00fcgyi rendszer m\u0171k\u00f6dik, amely egyetemes fedezetet biztos\u00edt a lakosok sz\u00e1m\u00e1ra. Digit\u00e1lis nom\u00e1dk\u00e9nt val\u00f3sz\u00edn\u0171leg mag\u00e1n eg\u00e9szs\u00e9gbiztos\u00edt\u00e1sra lesz sz\u00fcks\u00e9ged, hogy hozz\u00e1f\u00e9rj az orvosi szolg\u00e1ltat\u00e1sokhoz. A mag\u00e1n eg\u00e9szs\u00e9g\u00fcgyi int\u00e9zm\u00e9nyek, k\u00fcl\u00f6n\u00f6sen a nagyobb v\u00e1rosokban, gyakran magas sz\u00ednvonal\u00fa ell\u00e1t\u00e1st ny\u00fajtanak.<\/p>\n\n\n\n<p><strong>T\u00e1rsas\u00e1gi \u00e9let \u00e9s h\u00e1l\u00f3zat\u00e9p\u00edt\u00e9s:<\/strong><br>Magyarorsz\u00e1g \u00e9l\u00e9nk t\u00e1rsas\u00e1gi \u00e9letet k\u00edn\u00e1l, sz\u00e1mos \u00e9tteremmel, b\u00e1rral \u00e9s kultur\u00e1lis esem\u00e9nnyel. A meetup csoportok, a nyelvcsere esem\u00e9nyek \u00e9s a digit\u00e1lis nom\u00e1d k\u00f6z\u00f6ss\u00e9gek rengeteg lehet\u0151s\u00e9get k\u00edn\u00e1lnak a kapcsolatteremt\u00e9sre.<\/p>\n\n\n\n<p><\/p>\n","protected":false},"excerpt":{"rendered":"","protected":false},"author":1,"featured_media":875,"parent":0,"menu_order":6,"comment_status":"closed","ping_status":"closed","template":"","meta":{"_acf_changed":false,"footnotes":"","button_url":"https:\/\/www.tiqets.com\/en\/things-to-do-in-budapest-c68199\/tickets-for-budapest-card-free-entrance-to-szt-lukacs-thermal-bath-and-pool-p974576\/?partner=budapestcard","ms_product_id":"","ms_product_name":"","ms_price":"","ms_currency":"","ms_rating_value":"","ms_review_count":"","rank_math_title":"%title% %sep% %sitename%","rank_math_description":"A magyarorsz\u00e1gi digit\u00e1lis nom\u00e1d v\u00edzummal alacsony meg\u00e9lhet\u00e9si k\u00f6lts\u00e9gek, \u00e9l\u00e9nk kult\u00fara \u00e9s t\u00f6rt\u00e9nelmi var\u00e1zs v\u00e1r r\u00e1d, mik\u00f6zben t\u00e1volr\u00f3l dolgozhatsz. Tudj meg t\u00f6bbet a jelentkez\u00e9sr\u0151l."},"post-style":[],"producer":[],"class_list":["post-60","page","type-page","status-publish","has-post-thumbnail"],"acf":[],"product_schema":{"ms_product_id":"","ms_product_name":"","ms_price":"","ms_currency":"","ms_rating_value":"","ms_review_count":""},"_links":{"self":[{"href":"https:\/\/www.budapestcard.org\/hu\/wp-json\/wp\/v2\/pages\/60","targetHints":{"allow":["GET"]}}],"collection":[{"href":"https:\/\/www.budapestcard.org\/hu\/wp-json\/wp\/v2\/pages"}],"about":[{"href":"https:\/\/www.budapestcard.org\/hu\/wp-json\/wp\/v2\/types\/page"}],"author":[{"embeddable":true,"href":"https:\/\/www.budapestcard.org\/hu\/wp-json\/wp\/v2\/users\/1"}],"replies":[{"embeddable":true,"href":"https:\/\/www.budapestcard.org\/hu\/wp-json\/wp\/v2\/comments?post=60"}],"version-history":[{"count":3,"href":"https:\/\/www.budapestcard.org\/hu\/wp-json\/wp\/v2\/pages\/60\/revisions"}],"predecessor-version":[{"id":986,"href":"https:\/\/www.budapestcard.org\/hu\/wp-json\/wp\/v2\/pages\/60\/revisions\/986"}],"wp:featuredmedia":[{"embeddable":true,"href":"https:\/\/www.budapestcard.org\/hu\/wp-json\/wp\/v2\/media\/875"}],"wp:attachment":[{"href":"https:\/\/www.budapestcard.org\/hu\/wp-json\/wp\/v2\/media?parent=60"}],"wp:term":[{"taxonomy":"post-style","embeddable":true,"href":"https:\/\/www.budapestcard.org\/hu\/wp-json\/wp\/v2\/post-style?post=60"},{"taxonomy":"producer","embeddable":true,"href":"https:\/\/www.budapestcard.org\/hu\/wp-json\/wp\/v2\/producer?post=60"}],"curies":[{"name":"wp","href":"https:\/\/api.w.org\/{rel}","templated":true}]}}