{"id":681,"date":"2024-10-22T13:11:57","date_gmt":"2024-10-22T11:11:57","guid":{"rendered":"https:\/\/www.budapestcard.org\/hu\/?page_id=681"},"modified":"2025-10-27T18:50:38","modified_gmt":"2025-10-27T17:50:38","slug":"kapcsolat","status":"publish","type":"page","link":"https:\/\/www.budapestcard.org\/hu\/kapcsolat\/","title":{"rendered":"Kapcsolat"},"content":{"rendered":"\n<h3 class=\"wp-block-heading\">Jegyinform\u00e1ci\u00f3k<\/h3>\n\n\n\n<p>Jegyekkel vagy megl\u00e9v\u0151 foglal\u00e1soddal kapcsolatos k\u00e9rd\u00e9seiddel fordulj a jegy\u00e9rt\u00e9kes\u00edt\u0151 partner\u00fcnkh\u00f6z:<\/p>\n\n\n\n<ul class=\"wp-block-list\">\n<li>E-mail: \u00a0<a href=\"mailto:info@ticketbar.eu\">info@ticketbar.eu<\/a><\/li>\n\n\n\n<li>Telefon: +44 2035142614<\/li>\n<\/ul>\n\n\n\n<hr class=\"wp-block-separator has-alpha-channel-opacity\" \/>\n\n\n\n<h3 class=\"wp-block-heading\">Turisztikai inform\u00e1ci\u00f3k<\/h3>\n\n\n\n<h4 class=\"wp-block-heading\"><strong>Budapestinfo Turisztikai Inform\u00e1ci\u00f3s Iroda<\/strong><\/h4>\n\n\n\n<p>Budapesti \u00e9s magyarorsz\u00e1gi turisztikai k\u00e9rd\u00e9sekkel, p\u00e9ld\u00e1ul t\u00e9rk\u00e9pekkel, \u00fatik\u00f6nyvekkel, l\u00e1tnival\u00f3kkal \u00e9s rendezv\u00e9nyekkel kapcsolatos tippek\u00e9rt keresd az irod\u00e1t:<\/p>\n\n\n\n<ul class=\"wp-block-list\">\n<li>C\u00edm: 1052 V\u00e1rosh\u00e1za park, K\u00e1roly k\u00f6r\u00fat \u2013 B\u00e1rczy Istv\u00e1n utca sarok (a De\u00e1k t\u00e9rn\u00e9l, az M1-es, M2-es, M3-as metr\u00f3 vagy a rep\u00fcl\u0151t\u00e9rr\u0151l \u00e9rkez\u0151 100E busz v\u00e9g\u00e1llom\u00e1s\u00e1n\u00e1l)<\/li>\n<\/ul>\n\n\n\n<h4 class=\"wp-block-heading\"><strong>Budapest Card inform\u00e1ci\u00f3s forr\u00f3dr\u00f3t<\/strong><\/h4>\n\n\n\n<p>A Budapest Carddal, a kedvezm\u00e9nyekkel \u00e9s az el\u0151ny\u00f6kkel kapcsolatos r\u00e9szletes inform\u00e1ci\u00f3k\u00e9rt:<\/p>\n\n\n\n<ul class=\"wp-block-list\">\n<li>Telefon: +36 30 955 0398 (9:00 \u00e9s 19:00 \u00f3ra k\u00f6z\u00f6tt el\u00e9rhet\u0151).<\/li>\n<\/ul>\n\n\n\n<hr class=\"wp-block-separator has-alpha-channel-opacity\" \/>\n\n\n\n<h3 class=\"wp-block-heading\">Weboldal-t\u00e1mogat\u00e1s<\/h3>\n\n\n\n<p>A weboldallal kapcsolatos b\u00e1rmilyen k\u00e9rd\u00e9ssel fordulj hozz\u00e1nk k\u00f6zvetlen\u00fcl:<\/p>\n\n\n\n<ul class=\"wp-block-list\">\n<li>E-mail: info@moonshot.media<\/li>\n<\/ul>\n","protected":false},"excerpt":{"rendered":"","protected":false},"author":3,"featured_media":0,"parent":0,"menu_order":2,"comment_status":"closed","ping_status":"closed","template":"","meta":{"_acf_changed":false,"footnotes":"","button_url":"https:\/\/www.tiqets.com\/en\/things-to-do-in-budapest-c68199\/tickets-for-budapest-card-free-entrance-to-szt-lukacs-thermal-bath-and-pool-p974576\/?partner=budapestcard","ms_product_id":"","ms_product_name":"","ms_price":"","ms_currency":"","ms_rating_value":"","ms_review_count":"","rank_math_title":"%title% %sep% %sitename%","rank_math_description":"Seg\u00edts\u00e9gre van sz\u00fcks\u00e9ge a Budapest Card haszn\u00e1lat\u00e1val kapcsolatban? Jegyekkel vagy foglal\u00e1sokkal kapcsolatos k\u00e9rd\u00e9seivel forduljon jegy\u00e9rt\u00e9kes\u00edt\u0151 partner\u00fcnkh\u00f6z."},"post-style":[],"producer":[],"class_list":["post-681","page","type-page","status-publish","has-post-thumbnail"],"acf":[],"product_schema":{"ms_product_id":"","ms_product_name":"","ms_price":"","ms_currency":"","ms_rating_value":"","ms_review_count":""},"_links":{"self":[{"href":"https:\/\/www.budapestcard.org\/hu\/wp-json\/wp\/v2\/pages\/681","targetHints":{"allow":["GET"]}}],"collection":[{"href":"https:\/\/www.budapestcard.org\/hu\/wp-json\/wp\/v2\/pages"}],"about":[{"href":"https:\/\/www.budapestcard.org\/hu\/wp-json\/wp\/v2\/types\/page"}],"author":[{"embeddable":true,"href":"https:\/\/www.budapestcard.org\/hu\/wp-json\/wp\/v2\/users\/3"}],"replies":[{"embeddable":true,"href":"https:\/\/www.budapestcard.org\/hu\/wp-json\/wp\/v2\/comments?post=681"}],"version-history":[{"count":3,"href":"https:\/\/www.budapestcard.org\/hu\/wp-json\/wp\/v2\/pages\/681\/revisions"}],"predecessor-version":[{"id":982,"href":"https:\/\/www.budapestcard.org\/hu\/wp-json\/wp\/v2\/pages\/681\/revisions\/982"}],"wp:attachment":[{"href":"https:\/\/www.budapestcard.org\/hu\/wp-json\/wp\/v2\/media?parent=681"}],"wp:term":[{"taxonomy":"post-style","embeddable":true,"href":"https:\/\/www.budapestcard.org\/hu\/wp-json\/wp\/v2\/post-style?post=681"},{"taxonomy":"producer","embeddable":true,"href":"https:\/\/www.budapestcard.org\/hu\/wp-json\/wp\/v2\/producer?post=681"}],"curies":[{"name":"wp","href":"https:\/\/api.w.org\/{rel}","templated":true}]}}