{"id":8,"date":"2014-01-10T12:44:37","date_gmt":"2014-01-10T11:44:37","guid":{"rendered":"https:\/\/www.budapestcard.org\/hu\/?page_id=8"},"modified":"2026-03-29T05:53:40","modified_gmt":"2026-03-29T03:53:40","slug":"kedvezmenyek","status":"publish","type":"page","link":"https:\/\/www.budapestcard.org\/hu\/kedvezmenyek\/","title":{"rendered":"Budapest Card kedvezm\u00e9nyek"},"content":{"rendered":"\n<div class=\"ms-p ms-rounded ms-mb-last-child-0 ms-mb-children-condensed ms-alert--contrast ms-mb-block\">\n<ul class=\"wp-block-list\">\n<li>A Budapest Card korl\u00e1tlan t\u00f6megk\u00f6zleked\u00e9st biztos\u00edt az eg\u00e9sz v\u00e1rosban (metr\u00f3, villamos, busz, a rep\u00fcl\u0151t\u00e9rr\u0151l is).<\/li>\n\n\n\n<li>Ingyenes bel\u00e9p\u0151 22 m\u00fazeumba \u00e9s l\u00e1tnival\u00f3hoz, p\u00e9ld\u00e1ul a Magyar Nemzeti M\u00fazeumba, a Nemzeti Gal\u00e9ri\u00e1ba \u00e9s a Budai V\u00e1rba.<\/li>\n\n\n\n<li>Ingyenes term\u00e1lf\u00fcrd\u0151 a Luk\u00e1cs Gy\u00f3gyf\u00fcrd\u0151ben, egy ingyenes Duna-haj\u00f3kir\u00e1ndul\u00e1s \u00e9s k\u00e9t gyalogos v\u00e1rosn\u00e9z\u0151 t\u00fara idegenvezet\u0151vel.<\/li>\n\n\n\n<li>10\u201350% kedvezm\u00e9ny a legjobb attrakci\u00f3kban, p\u00e9ld\u00e1ul a Sz\u00e9chenyi F\u00fcrd\u0151ben, az Orsz\u00e1gh\u00e1z-l\u00e1togat\u00e1sokon \u00e9s a Szent Istv\u00e1n-bazilik\u00e1n\u00e1l.<\/li>\n\n\n\n<li>Tov\u00e1bb\u00e1 kedvezm\u00e9nyek 12 vagy t\u00f6bb \u00e9tteremben \u00e9s m\u00e1s \u00e9lm\u00e9nyekben szerte a v\u00e1rosban.<\/li>\n<\/ul>\n\n\n\n<p class=\"gb-text-fb1a3135\"><span class=\"gb-shape\"><svg xmlns=\"http:\/\/www.w3.org\/2000\/svg\" width=\"32\" height=\"32\" fill=\"#000000\" viewBox=\"0 0 256 256\"><path d=\"M228,144v64a12,12,0,0,1-12,12H40a12,12,0,0,1-12-12V144a12,12,0,0,1,24,0v52H204V144a12,12,0,0,1,24,0Zm-108.49,8.49a12,12,0,0,0,17,0l40-40a12,12,0,0,0-17-17L140,115V32a12,12,0,0,0-24,0v83L96.49,95.51a12,12,0,0,0-17,17Z\"><\/path><\/svg><\/span><span class=\"gb-text\"><a href=\"https:\/\/www.budapestcard.org\/wp-content\/uploads\/budapest-card-discounts.pdf\">T\u00f6ltsd le a teljes kedvezm\u00e9nylist\u00e1t (PDF)<\/a><\/span><\/p>\n<\/div>\n\n\n\n<h2 class=\"wp-block-heading\"><strong>V\u00e1rosn\u00e9z\u00e9s<\/strong><\/h2>\n\n\n<div class=\"ms-table\"><table><tr><th>T\u00e9tel<\/th><th>Kedvezm\u00e9ny<\/th><\/tr><tr><td>BKK T\u00f6megk\u00f6zleked\u00e9s<\/td><td>Ingyenes<\/td><\/tr><tr><td>BKV Haj\u00f3j\u00e1rat<\/td><td>Ingyenes<\/td><\/tr><tr><td>V\u00e1rosn\u00e9z\u0151 haj\u00f3\u00fat<\/td><td>Ingyenes<\/td><\/tr><tr><td>Duna haj\u00f3\u00fat<\/td><td>Ingyenes<\/td><\/tr><tr><td>Duna Bella Nappali Haj\u00f3utak<\/td><td>Ingyenes<\/td><\/tr><tr><td>Zugligeti Libeg\u0151<\/td><td>Ingyenes<\/td><\/tr><tr><td>Hivatalos Budai V\u00e1rbusz<\/td><td>Ingyenes<\/td><\/tr><tr><td>Buda S\u00e9tat\u00fara<\/td><td>Ingyenes<\/td><\/tr><tr><td>Pest S\u00e9tat\u00fara<\/td><td>Ingyenes<\/td><\/tr><tr><td>T\u00f6rt\u00e9nelmi J\u00e1rm\u0171vek<\/td><td>Ingyenes<\/td><\/tr><tr><td>Brick \u2013 t\u00f6lt\u00e9s \u00fatk\u00f6zben, b\u00e1rhol<\/td><td>Ingyenes<\/td><\/tr><tr><td>Universal AirportHUB<\/td><td>-40%<\/td><\/tr><tr><td>Bring\u00f3hint\u00f3<\/td><td>-25%<\/td><\/tr><tr><td>Legenda V\u00e1rosn\u00e9z\u0151 Haj\u00f3k<\/td><td>-25%<\/td><\/tr><tr><td>BKV Esti Haj\u00f3j\u00e1rat<\/td><td>-20%<\/td><\/tr><tr><td>Ajt\u00f3t\u00f3l-ajt\u00f3ig Rep\u00fcl\u0151t\u00e9ri Transzfer \u2013 miniBUD<\/td><td>-20%<\/td><\/tr><tr><td>EURAMA V\u00e1rosn\u00e9z\u0151 T\u00far\u00e1k<\/td><td>-20%<\/td><\/tr><tr><td>Dunakanyar T\u00fara<\/td><td>-20%<\/td><\/tr><tr><td>Budapest Flyride<\/td><td>-10%<\/td><\/tr><tr><td>Zsid\u00f3 \u00d6r\u00f6ks\u00e9g T\u00far\u00e1k<\/td><td>-10%<\/td><\/tr><\/table><\/div>\n\n\n<h2 class=\"wp-block-heading\"><strong>M\u00fazeumok \u00e9s l\u00e1tnival\u00f3k<\/strong><\/h2>\n\n\n<div class=\"ms-table\"><table><tr><th>T\u00e9tel<\/th><th>Kedvezm\u00e9ny<\/th><\/tr><tr><td>Magyar Nemzeti M\u00fazeum<\/td><td>Ingyenes<\/td><\/tr><tr><td>Magyar Nemzeti Gal\u00e9ria<\/td><td>Ingyenes<\/td><\/tr><tr><td>Budapesti T\u00f6rt\u00e9neti M\u00fazeum \u2013 V\u00e1rm\u00fazeum<\/td><td>Ingyenes<\/td><\/tr><tr><td>Szent Istv\u00e1n-terem<\/td><td>Ingyenes<\/td><\/tr><tr><td>Sz\u00e9pm\u0171v\u00e9szeti M\u00fazeum<\/td><td>Ingyenes<\/td><\/tr><tr><td>Kunsthalle Budapest<\/td><td>Ingyenes<\/td><\/tr><tr><td>Budapesti T\u00f6rt\u00e9neti M\u00fazeum \u2013 Aquincumi M\u00fazeum<\/td><td>Ingyenes<\/td><\/tr><tr><td>Budapesti T\u00f6rt\u00e9neti M\u00fazeum \u2013 Kiscelli M\u00fazeum<\/td><td>Ingyenes<\/td><\/tr><tr><td>Budapesti T\u00f6rt\u00e9neti M\u00fazeum \u2013 Budapest Gal\u00e9ria<\/td><td>Ingyenes<\/td><\/tr><tr><td>Budapesti T\u00f6rt\u00e9neti M\u00fazeum \u2013 K\u00f6z\u00e9pkori Zsid\u00f3 Imah\u00e1z<\/td><td>Ingyenes<\/td><\/tr><tr><td>Ludwig M\u00fazeum \u2013 Kort\u00e1rs M\u0171v\u00e9szet<\/td><td>Ingyenes<\/td><\/tr><tr><td>Robert Capa Fotogr\u00e1fiai K\u00f6zpont<\/td><td>Ingyenes<\/td><\/tr><tr><td>Magyar Fotogr\u00e1fusok H\u00e1za \u2013 Mai Man\u00f3 H\u00e1z<\/td><td>Ingyenes<\/td><\/tr><tr><td>Vasarely M\u00fazeum Budapest<\/td><td>Ingyenes<\/td><\/tr><tr><td>Memento Park \u2013 Szoborpark<\/td><td>Ingyenes<\/td><\/tr><tr><td>Kereskedelmi \u00e9s Turizmus M\u00fazeum<\/td><td>Ingyenes<\/td><\/tr><tr><td>Hopp Ferenc \u00c1zsiai M\u0171v\u00e9szeti M\u00fazeum<\/td><td>Ingyenes<\/td><\/tr><tr><td>F\u00f6ldalatti Vas\u00fati M\u00fazeum<\/td><td>Ingyenes<\/td><\/tr><tr><td>\u00d3budai M\u00fazeum<\/td><td>Ingyenes<\/td><\/tr><tr><td>Goldberger Textilgy\u0171jtem\u00e9ny \u2013 \u00d3budai M\u00fazeum<\/td><td>Ingyenes<\/td><\/tr><tr><td>P\u00e1l-v\u00f6lgyi-barlang<\/td><td>Ingyenes<\/td><\/tr><tr><td>Margitszigeti V\u00edztorony \u00e9s Panor\u00e1ma Kil\u00e1t\u00f3<\/td><td>Ingyenes<\/td><\/tr><tr><td>Pesti Vigad\u00f3<\/td><td>-50%<\/td><\/tr><tr><td>Fradi M\u00fazeum<\/td><td>-50%<\/td><\/tr><tr><td>N\u00e9prajzi M\u00fazeum<\/td><td>-25%<\/td><\/tr><tr><td>Szent Istv\u00e1n Bazilika<\/td><td>-20%<\/td><\/tr><tr><td>Mennybemenetel F\u0151pl\u00e9b\u00e1nia<\/td><td>-20%<\/td><\/tr><tr><td>G\u00f6d\u00f6ll\u0151i Kir\u00e1lyi Kast\u00e9ly<\/td><td>-20%<\/td><\/tr><tr><td>House of Music Hungary<\/td><td>-20%<\/td><\/tr><tr><td>Budapest \u00c1llat- \u00e9s N\u00f6v\u00e9nykert<\/td><td>-20%<\/td><\/tr><tr><td>Unicum H\u00e1z<\/td><td>-20%<\/td><\/tr><tr><td>Madame Tussauds Budapest<\/td><td>-20%<\/td><\/tr><tr><td>Timetrap Exit Game<\/td><td>-20%<\/td><\/tr><tr><td>Budapesti \u00d3ri\u00e1sker\u00e9k (pezsg\u0151vel)<\/td><td>-20%<\/td><\/tr><tr><td>V\u00e1rosligeti Cs\u00f3nak\u00e1z\u00f3t\u00f3<\/td><td>-20%<\/td><\/tr><tr><td>Indoor Skydiving<\/td><td>-20%<\/td><\/tr><tr><td>Ill\u00fazi\u00f3k M\u00fazeuma<\/td><td>-15%<\/td><\/tr><tr><td>Light Art Museum<\/td><td>-15%<\/td><\/tr><tr><td>Tropicarium \u2013 C\u00e1pa \u00c1llatkert<\/td><td>-15%<\/td><\/tr><tr><td>IKONO Budapest<\/td><td>-15%<\/td><\/tr><tr><td>Cinema Mystica<\/td><td>-10%<\/td><\/tr><tr><td>Szikla K\u00f3rh\u00e1z \u2013 Nukle\u00e1ris Bunker M\u00fazeum<\/td><td>-10%<\/td><\/tr><tr><td>Kazinczy utcai Zsinag\u00f3ga<\/td><td>-10%<\/td><\/tr><tr><td>Doh\u00e1ny utcai Zsinag\u00f3ga<\/td><td>-10%<\/td><\/tr><tr><td>Magyar Zsid\u00f3 M\u00fazeum \u00e9s Lev\u00e9lt\u00e1r<\/td><td>-10%<\/td><\/tr><tr><td>Orgonavas Koncert a Szent Istv\u00e1n Bazilik\u00e1ban<\/td><td>-10%<\/td><\/tr><tr><td>Premier Outlet Budapest<\/td><td>-10%<\/td><\/tr><\/table><\/div>\n\n\n<h2 class=\"wp-block-heading\">Gy\u00f3gyf\u00fcrd\u0151k \u00e9s uszod\u00e1k<\/h2>\n\n\n<div class=\"ms-table\"><table><tr><th>T\u00e9tel<\/th><th>Kedvezm\u00e9ny<\/th><\/tr><tr><td>Szt. Luk\u00e1cs Gy\u00f3gyf\u00fcrd\u0151 \u00e9s Uszoda<\/td><td>Ingyenes<\/td><\/tr><tr><td>Lupa Beach<\/td><td>Ingyenes<\/td><\/tr><tr><td>Sz\u00e9chenyi Gy\u00f3gyf\u00fcrd\u0151 \u00e9s Uszoda<\/td><td>-20%<\/td><\/tr><tr><td>Rudas Gy\u00f3gyf\u00fcrd\u0151 \u00e9s Uszoda<\/td><td>-20%<\/td><\/tr><tr><td>Palatinus Gy\u00f3gyf\u00fcrd\u0151, Strand \u00e9s Hull\u00e1mmedence<\/td><td>-20%<\/td><\/tr><tr><td>R\u00f3mai F\u00fcrd\u0151<\/td><td>-20%<\/td><\/tr><tr><td>Aquaworld Resort Budapest<\/td><td>-20%<\/td><\/tr><\/table><\/div>\n\n\n<h2 class=\"wp-block-heading\"><strong>Gasztron\u00f3mia<\/strong><\/h2>\n\n\n<div class=\"ms-table\"><table><tr><th>T\u00e9tel<\/th><th>Kedvezm\u00e9ny<\/th><\/tr><tr><td>GastroCellar \u2013 K\u00f3stol\u00f3<\/td><td>Ingyenes<\/td><\/tr><tr><td>L\u00e1ngos a v\u00e1ros sz\u00edv\u00e9ben<\/td><td>-20%<\/td><\/tr><tr><td>Moln\u00e1r\u2019s K\u00fcrt\u0151skal\u00e1cs<\/td><td>-20%<\/td><\/tr><tr><td>Parisi Passage \u00c9tterem<\/td><td>-20%<\/td><\/tr><tr><td>Zsolnay K\u00e1v\u00e9z\u00f3<\/td><td>-20%<\/td><\/tr><tr><td>Yellow Bistro &#038; Bar<\/td><td>-20%<\/td><\/tr><tr><td>Caf\u00e9 Astoria &#038; \u00c9tterem<\/td><td>-20%<\/td><\/tr><tr><td>L\u00e1ng \u00c9tterem<\/td><td>-20%<\/td><\/tr><tr><td>Hard Rock Cafe<\/td><td>-20%<\/td><\/tr><tr><td>Hal\u00e1szb\u00e1stya \u00c9tterem<\/td><td>-15%<\/td><\/tr><tr><td>TATI \u00c9tterem<\/td><td>-10%<\/td><\/tr><tr><td>VIRTU \u00c9tterem<\/td><td>-10%<\/td><\/tr><tr><td>Nokedlish<\/td><td>-10%<\/td><\/tr><tr><td>Eggscuse Me? Brunch &#038; Bistro<\/td><td>-10%<\/td><\/tr><\/table><\/div>\n\n\n<h2 class=\"wp-block-heading\">Budapest Card <strong>72h Plus<\/strong> exkluz\u00edv kedvezm\u00e9nyek<\/h2>\n\n\n<div class=\"ms-table\"><table><tr><th>T\u00e9tel<\/th><th>Kedvezm\u00e9ny<\/th><\/tr><tr><td>H\u00e1zhoz men\u0151 rept\u00e9ri transzfer \u2013 miniBUD<\/td><td>Ingyenes<\/td><\/tr><tr><td>L\u00c1NGOS a v\u00e1ros sz\u00edv\u00e9ben!<\/td><td>Ingyenes<\/td><\/tr><tr><td>Moln\u00e1r\u2019s K\u00fcrt\u0151skal\u00e1cs<\/td><td>Ingyenes<\/td><\/tr><tr><td>M\u00e1ty\u00e1s-templom<\/td><td>Ingyenes<\/td><\/tr><tr><td>Budai V\u00e1r felvon\u00f3<\/td><td>Ingyenes<\/td><\/tr><\/table><\/div>\n\n\n<div class=\"ms-p ms-rounded ms-mb-last-child-0 ms-mb-children-condensed ms-mb-block ms-alert--neutral\">\n<h4 class=\"gb-text-8c5919a0\"><span class=\"gb-shape\"><svg viewBox=\"0 0 256 256\" fill=\"#000000\" height=\"32\" width=\"32\" xmlns=\"http:\/\/www.w3.org\/2000\/svg\"><path d=\"M108,84a16,16,0,1,1,16,16A16,16,0,0,1,108,84Zm128,44A108,108,0,1,1,128,20,108.12,108.12,0,0,1,236,128Zm-24,0a84,84,0,1,0-84,84A84.09,84.09,0,0,0,212,128Zm-72,36.68V132a20,20,0,0,0-20-20,12,12,0,0,0-4,23.32V168a20,20,0,0,0,20,20,12,12,0,0,0,4-23.32Z\"><\/path><\/svg><\/span><span class=\"gb-text\">Megjegyz\u00e9s:<\/span><\/h4>\n\n\n\n<ul class=\"wp-block-list\">\n<li>Az adatok legut\u00f3bbi friss\u00edt\u00e9se: 2026. m\u00e1rcius.<\/li>\n\n\n\n<li>A Budapest Card kedvezm\u00e9nyei el\u0151zetes \u00e9rtes\u00edt\u00e9s n\u00e9lk\u00fcl v\u00e1ltozhatnak.<\/li>\n<\/ul>\n<\/div>\n","protected":false},"excerpt":{"rendered":"","protected":false},"author":1,"featured_media":0,"parent":0,"menu_order":3,"comment_status":"closed","ping_status":"closed","template":"","meta":{"_acf_changed":false,"footnotes":"","button_url":"https:\/\/www.tiqets.com\/en\/things-to-do-in-budapest-c68199\/tickets-for-budapest-card-free-entrance-to-szt-lukacs-thermal-bath-and-pool-p974576\/?partner=budapestcard","ms_product_id":"","ms_product_name":"","ms_price":"","ms_currency":"","ms_rating_value":"","ms_review_count":"","rank_math_title":"Budapest Card kedvezm\u00e9nyek: A teljes lista %currentyear%","rank_math_description":"N\u00e9zze meg a Budapest Card kedvezm\u00e9nyeinek teljes list\u00e1j\u00e1t."},"post-style":[],"producer":[],"class_list":["post-8","page","type-page","status-publish","has-post-thumbnail"],"acf":[],"product_schema":{"ms_product_id":"","ms_product_name":"","ms_price":"","ms_currency":"","ms_rating_value":"","ms_review_count":""},"_links":{"self":[{"href":"https:\/\/www.budapestcard.org\/hu\/wp-json\/wp\/v2\/pages\/8","targetHints":{"allow":["GET"]}}],"collection":[{"href":"https:\/\/www.budapestcard.org\/hu\/wp-json\/wp\/v2\/pages"}],"about":[{"href":"https:\/\/www.budapestcard.org\/hu\/wp-json\/wp\/v2\/types\/page"}],"author":[{"embeddable":true,"href":"https:\/\/www.budapestcard.org\/hu\/wp-json\/wp\/v2\/users\/1"}],"replies":[{"embeddable":true,"href":"https:\/\/www.budapestcard.org\/hu\/wp-json\/wp\/v2\/comments?post=8"}],"version-history":[{"count":3,"href":"https:\/\/www.budapestcard.org\/hu\/wp-json\/wp\/v2\/pages\/8\/revisions"}],"predecessor-version":[{"id":1047,"href":"https:\/\/www.budapestcard.org\/hu\/wp-json\/wp\/v2\/pages\/8\/revisions\/1047"}],"wp:attachment":[{"href":"https:\/\/www.budapestcard.org\/hu\/wp-json\/wp\/v2\/media?parent=8"}],"wp:term":[{"taxonomy":"post-style","embeddable":true,"href":"https:\/\/www.budapestcard.org\/hu\/wp-json\/wp\/v2\/post-style?post=8"},{"taxonomy":"producer","embeddable":true,"href":"https:\/\/www.budapestcard.org\/hu\/wp-json\/wp\/v2\/producer?post=8"}],"curies":[{"name":"wp","href":"https:\/\/api.w.org\/{rel}","templated":true}]}}