{"id":896,"date":"2025-04-23T09:37:41","date_gmt":"2025-04-23T07:37:41","guid":{"rendered":"https:\/\/www.budapestcard.org\/hu\/?page_id=896"},"modified":"2025-09-29T22:57:47","modified_gmt":"2025-09-29T20:57:47","slug":"budapest-pass","status":"publish","type":"page","link":"https:\/\/www.budapestcard.org\/hu\/budapest-pass\/","title":{"rendered":"Budapest Pass"},"content":{"rendered":"\n<p>A Budapest Pass t\u00f6bb mint egy jegy, ez a VIP bel\u00e9p\u0151d a v\u00e1ros sz\u00edv\u00e9be!<\/p>\n\n\n\n<div class=\"ms-cta-button ms-p ms-cta\">\n<a class=\"gb-text ms-btn ms-btn--primary ms-shadow\" href=\"https:\/\/www.tiqets.com\/en\/checkout\/tickets-for-budapest-pass-p1013746\/booking_details\/?partner=budapestcard\" rel=\"nofollow noopener\">El\u00e9rhet\u0151s\u00e9g ellen\u0151rz\u00e9se<\/a>\n<\/div>\n\n\n\n<h2 class=\"wp-block-heading\">El\u0151ny\u00f6k<\/h2>\n\n\n\n<ul class=\"ms-icon-list\">\n<li class=\"ms-icon-list__item\"><span class=\"gb-shape\"><svg viewBox=\"0 0 256 256\" fill=\"#000000\" height=\"32\" width=\"32\" xmlns=\"http:\/\/www.w3.org\/2000\/svg\"><path d=\"M232.49,80.49l-128,128a12,12,0,0,1-17,0l-56-56a12,12,0,1,1,17-17L96,183,215.51,63.51a12,12,0,0,1,17,17Z\"><\/path><\/svg><\/span><span class=\"gb-text\">10% kedvezm\u00e9ny m\u00e1s budapesti l\u00e1tnival\u00f3kra.<\/span><\/li>\n\n\n\n<li class=\"ms-icon-list__item\"><span class=\"gb-shape\"><svg viewBox=\"0 0 256 256\" fill=\"#000000\" height=\"32\" width=\"32\" xmlns=\"http:\/\/www.w3.org\/2000\/svg\"><path d=\"M232.49,80.49l-128,128a12,12,0,0,1-17,0l-56-56a12,12,0,1,1,17-17L96,183,215.51,63.51a12,12,0,0,1,17,17Z\"><\/path><\/svg><\/span><span class=\"gb-text\">Nincsenek rejtett d\u00edjak.<\/span><\/li>\n\n\n\n<li class=\"ms-icon-list__item\"><span class=\"gb-shape\"><svg viewBox=\"0 0 256 256\" fill=\"#000000\" height=\"32\" width=\"32\" xmlns=\"http:\/\/www.w3.org\/2000\/svg\"><path d=\"M232.49,80.49l-128,128a12,12,0,0,1-17,0l-56-56a12,12,0,1,1,17-17L96,183,215.51,63.51a12,12,0,0,1,17,17Z\"><\/path><\/svg><\/span><span class=\"gb-text\">V\u00e1laszd ki a legmegfelel\u0151bb id\u0151pontot a fizet\u00e9skor minden helysz\u00edn eset\u00e9ben.<\/span><\/li>\n<\/ul>\n\n\n\n<figure>\n<img decoding=\"async\" width=\"1920\" height=\"1080\" class=\"gb-media-4f95c955\" src=\"https:\/\/www.budapestcard.org\/wp-content\/uploads\/budapest-pass-1745508262.jpg\" alt=\"Budapest Digital Pass\" title=\"budapest-pass\" srcset=\"https:\/\/www.budapestcard.org\/hu\/wp-content\/uploads\/sites\/14\/budapest-pass-1745508262.jpg 1920w, https:\/\/www.budapestcard.org\/hu\/wp-content\/uploads\/sites\/14\/budapest-pass-1745508262-768x432.jpg 768w, https:\/\/www.budapestcard.org\/hu\/wp-content\/uploads\/sites\/14\/budapest-pass-1745508262-1024x576.jpg 1024w, https:\/\/www.budapestcard.org\/hu\/wp-content\/uploads\/sites\/14\/budapest-pass-1745508262-1280x720.jpg 1280w, https:\/\/www.budapestcard.org\/hu\/wp-content\/uploads\/sites\/14\/budapest-pass-1745508262-1600x900.jpg 1600w\" sizes=\"(max-width: 1920px) 100vw, 1920px\" \/>\n<\/figure>\n\n\n\n<div class=\"ms-alert--primary ms-p ms-rounded ms-mb-last-child-0 ms-mb-children-condensed ms-mb-block\">\n<h3 class=\"wp-block-heading has-ms-color-primary-darker-color has-text-color has-link-color wp-elements-aef64c976770a6a7814eee6a8a9af40a\">Hogyan foglalhatsz<\/h3>\n\n\n\n<div class=\"gb-element-f4eb9e37\">\n<div>\n<p class=\"gb-text-91d99ec7 ms-link-unstyled\"><span class=\"gb-shape\"><svg viewBox=\"0 0 256 256\" fill=\"#000000\" height=\"32\" width=\"32\" xmlns=\"http:\/\/www.w3.org\/2000\/svg\"><path d=\"M246.15,133.18,146.83,33.86A19.85,19.85,0,0,0,132.69,28H40A12,12,0,0,0,28,40v92.69a19.85,19.85,0,0,0,5.86,14.14l99.32,99.32a20,20,0,0,0,28.28,0l84.69-84.69A20,20,0,0,0,246.15,133.18Zm-98.83,93.17L52,131V52h79l95.32,95.32ZM100,84A16,16,0,1,1,84,68,16,16,0,0,1,100,84Z\"><\/path><\/svg><\/span><span class=\"gb-text\"><strong>V\u00e1laszd ki a Passodat<\/strong><\/span><\/p>\n\n\n\n<p class=\"has-ms-color-primary-darker-color has-text-color has-link-color wp-elements-3f13d57cb0c05fddff909b6c15c65733\">V\u00e1laszd ki a r\u00e9sztvev\u0151k sz\u00e1m\u00e1t \u00e9s a Pass kezd\u0151 d\u00e1tum\u00e1t.<\/p>\n<\/div>\n\n\n\n<div>\n<p class=\"gb-text-71a39911 ms-link-unstyled\"><span class=\"gb-shape\"><svg viewBox=\"0 0 256 256\" fill=\"#000000\" height=\"32\" width=\"32\" xmlns=\"http:\/\/www.w3.org\/2000\/svg\"><path d=\"M128,20A108,108,0,1,0,236,128,108.12,108.12,0,0,0,128,20Zm0,192a84,84,0,1,1,84-84A84.09,84.09,0,0,1,128,212Zm68-84a12,12,0,0,1-12,12H128a12,12,0,0,1-12-12V72a12,12,0,0,1,24,0v44h44A12,12,0,0,1,196,128Z\"><\/path><\/svg><\/span><span class=\"gb-text\"><strong>Foglalj jegyeket<\/strong><\/span><\/p>\n\n\n\n<p class=\"has-ms-color-primary-darker-color has-text-color has-link-color wp-elements-37939614fae57e0eac3d445e1e8c0407\">V\u00e1laszd ki a l\u00e1tnival\u00f3k \u00e9s programok d\u00e1tum\u00e1t \u00e9s id\u0151pontj\u00e1t.<\/p>\n<\/div>\n<\/div>\n\n\n\n<div class=\"gb-element-b221a285\">\n<div>\n<p class=\"gb-text-a8e13d94 ms-link-unstyled\"><span class=\"gb-shape\"><svg viewBox=\"0 0 256 256\" fill=\"#000000\" height=\"32\" width=\"32\" xmlns=\"http:\/\/www.w3.org\/2000\/svg\"><path d=\"M224,44H32A20,20,0,0,0,12,64V192a20,20,0,0,0,20,20H224a20,20,0,0,0,20-20V64A20,20,0,0,0,224,44Zm-4,24V88H36V68ZM36,188V112H220v76Zm172-24a12,12,0,0,1-12,12H164a12,12,0,0,1,0-24h32A12,12,0,0,1,208,164Zm-68,0a12,12,0,0,1-12,12H116a12,12,0,0,1,0-24h12A12,12,0,0,1,140,164Z\"><\/path><\/svg><\/span><span class=\"gb-text\"><strong>Er\u0151s\u00edtsd meg \u00e9s fizess<\/strong><\/span><\/p>\n\n\n\n<p class=\"has-ms-color-primary-darker-color has-text-color has-link-color wp-elements-4d49fbb58fb50621623253be793c8b42\">Add meg adataidat \u00e9s hajtsd v\u00e9gre a biztons\u00e1gos fizet\u00e9st.<\/p>\n<\/div>\n\n\n\n<div>\n<p class=\"gb-text-26106146 ms-link-unstyled\"><span class=\"gb-shape\"><svg viewBox=\"0 0 256 256\" fill=\"#000000\" height=\"32\" width=\"32\" xmlns=\"http:\/\/www.w3.org\/2000\/svg\"><path d=\"M176.49,95.51a12,12,0,0,1,0,17l-56,56a12,12,0,0,1-17,0l-24-24a12,12,0,1,1,17-17L112,143l47.51-47.52A12,12,0,0,1,176.49,95.51ZM236,128A108,108,0,1,1,128,20,108.12,108.12,0,0,1,236,128Zm-24,0a84,84,0,1,0-84,84A84.09,84.09,0,0,0,212,128Z\"><\/path><\/svg><\/span><span class=\"gb-text\"><strong>Szerezd be jegyeidet<\/strong><\/span><\/p>\n\n\n\n<p class=\"has-ms-color-primary-darker-color has-text-color has-link-color wp-elements-d3db9b0acdf0085b015e29afcc54a8dd\">Digit\u00e1lis jegyeidet azonnal megkapod e-mailben.<\/p>\n<\/div>\n<\/div>\n<\/div>\n\n\n\n<h2 class=\"wp-block-heading\">Hogyan m\u0171k\u00f6dik<\/h2>\n\n\n\n<ol class=\"wp-block-list\">\n<li><strong>Aktiv\u00e1ld a Passodat<\/strong>: A Budapest Pass a foglal\u00e1s sor\u00e1n kiv\u00e1lasztott d\u00e1tumon automatikusan aktiv\u00e1l\u00f3dik.<\/li>\n\n\n\n<li><strong>V\u00e1ltsd be a jegyed<\/strong>: Mutasd be a digit\u00e1lis jegyet (amelyet e-mailben k\u00fcld\u00fcnk) az egyes tev\u00e9kenys\u00e9gek (Duna-haj\u00f3z\u00e1s, Sz\u00e9chenyi Term\u00e1lf\u00fcrd\u0151) bej\u00e1rat\u00e1n\u00e1l.<\/li>\n\n\n\n<li><strong>Nincs sz\u00fcks\u00e9g nyomtat\u00e1sra<\/strong>: Egyszer\u0171en haszn\u00e1ld a mobil jegyet az okostelefonodon.<\/li>\n<\/ol>\n\n\n\n<div class=\"ms-p ms-rounded ms-mb-last-child-0 ms-mb-children-condensed ms-alert--contrast ms-mb-block\">\n<h4 class=\"gb-text-26a71c5b\"><span class=\"gb-shape\"><svg viewBox=\"0 0 256 256\" fill=\"#000000\" height=\"32\" width=\"32\" xmlns=\"http:\/\/www.w3.org\/2000\/svg\"><path d=\"M108,84a16,16,0,1,1,16,16A16,16,0,0,1,108,84Zm128,44A108,108,0,1,1,128,20,108.12,108.12,0,0,1,236,128Zm-24,0a84,84,0,1,0-84,84A84.09,84.09,0,0,0,212,128Zm-72,36.68V132a20,20,0,0,0-20-20,12,12,0,0,0-4,23.32V168a20,20,0,0,0,20,20,12,12,0,0,0,4-23.32Z\"><\/path><\/svg><\/span><span class=\"gb-text\">K\u00fcl\u00f6nleges aj\u00e1nlat:<\/span><\/h4>\n\n\n\n<p class=\"gb-text\">A foglal\u00e1s ut\u00e1n e-mailben kapsz egy szem\u00e9lyes <strong>10% kedvezm\u00e9ny<\/strong>k\u00f3dot, amely egy h\u00f3napig \u00e9rv\u00e9nyes a k\u00f6vetkez\u0151 5 budapesti l\u00e1tnival\u00f3 lefoglal\u00e1sakor.<\/p>\n\n\n\n<p class=\"gb-text\">Tov\u00e1bbi inform\u00e1ci\u00f3k\u00e9rt <a href=\"https:\/\/www.tiqets.com\/en\/things-to-do-in-budapest-c68199\/budapest-pass-p1013746\/?partner=budapestcard\" data-type=\"link\" data-id=\"https:\/\/www.tiqets.com\/en\/things-to-do-in-budapest-c68199\/budapest-pass-p1013746\/?partner=budapestcard\" rel=\"nofollow noopener\">kattints ide \u00bb<\/a><\/p>\n<\/div>\n\n\n\n<h2 class=\"wp-block-heading\">A csomag tartalma<\/h2>\n\n\n\n<h3 class=\"wp-block-heading\">Sz\u00e9chenyi Term\u00e1lf\u00fcrd\u0151<\/h3>\n\n\n\n<ul class=\"wp-block-list\">\n<li>Eg\u00e9sz napos bel\u00e9p\u00e9s a Sz\u00e9chenyi F\u00fcrd\u0151be, Eur\u00f3pa egyik legnagyobb term\u00e1lf\u00fcrd\u0151j\u00e9be<\/li>\n\n\n\n<li>Fedezd fel a 3 k\u00fclt\u00e9ri \u00e9s 15 belt\u00e9ri medenc\u00e9t<\/li>\n\n\n\n<li>Tartalmaz egy p\u00e1linka k\u00f3stol\u00f3t (vagy alkoholmentes italt) \u00e9s szekr\u00e9nyt vagy kabint (a jegyt\u0151l f\u00fcgg\u0151en)<\/li>\n<\/ul>\n\n\n\n<h3 class=\"wp-block-heading\"><strong>Duna-haj\u00f3z\u00e1s (italokkal)<\/strong><\/h3>\n\n\n\n<ul class=\"wp-block-list\">\n<li>Pihenj a foly\u00f3n, \u00e9s \u00e9lvezd Budapest legszebb panor\u00e1m\u00e1j\u00e1t<\/li>\n\n\n\n<li>N\u00e9zd meg a h\u00edres l\u00e1tnival\u00f3kat, mint a Parlament, a L\u00e1nch\u00edd \u00e9s m\u00e9g sok m\u00e1s \u00e9p\u00fcletet a v\u00edzr\u0151l<\/li>\n\n\n\n<li>A haj\u00f3\u00faton \u00fcdv\u00f6zl\u0151ital is j\u00e1r<\/li>\n<\/ul>\n\n\n\n<h3 class=\"wp-block-heading\">POPGuide audio guide alkalmaz\u00e1s<\/h3>\n\n\n\n<ul class=\"wp-block-list\">\n<li>Korl\u00e1tlan utaz\u00e1s buszokon, villamosokon \u00e9s metr\u00f3vonalakon<\/li>\n\n\n\n<li>Rendk\u00edv\u00fcl k\u00e9nyelmes a Buda \u00e9s Pest ter\u00fclet\u00e9n sz\u00e9tsz\u00f3rt l\u00e1tnival\u00f3k el\u00e9r\u00e9s\u00e9hez<\/li>\n\n\n\n<li>Nincs sz\u00fcks\u00e9g k\u00fcl\u00f6n utaz\u00e1si k\u00e1rty\u00e1k vagy jegyek v\u00e1s\u00e1rl\u00e1s\u00e1ra<\/li>\n<\/ul>\n\n\n\n<h2 class=\"wp-block-heading\">Budapest Pass vs. Budapest Card: Mi a k\u00fcl\u00f6nbs\u00e9g?<\/h2>\n\n\n<div class=\"ms-table frozenColumn\"><table><tr><th><\/th><th><a href=\"https:\/\/www.tiqets.com\/en\/things-to-do-in-budapest-c68199\/budapest-pass-p1013746\/?partner=budapestcard\" rel=\"nofollow noopener\" target=\"_blank\">Budapest Pass<\/a><\/th><th><a href=\"https:\/\/www.tiqets.com\/en\/things-to-do-in-budapest-c68199\/tickets-for-budapest-card-free-entrance-to-szt-lukacs-thermal-bath-and-pool-p974576\/?partner=budapestcard\" rel=\"nofollow noopener\" target=\"_blank\">Budapest Card<\/a><\/th><\/tr><tr><td>F\u0151 f\u00f3kusz<\/td><td>V\u00e1logatott, kihagyhatatlan l\u00e1tnival\u00f3k vezetett \u00e9lm\u00e9nyekkel<\/td><td>Sz\u00e1mos m\u00fazeumba \u00e9s f\u00fcrd\u0151be ingyenes vagy kedvezm\u00e9nyes bel\u00e9p\u00e9s<\/td><\/tr><tr><td>Mi van benne<\/td><td>Sz\u00e9chenyi Gy\u00f3gyf\u00fcrd\u0151, Budapesti Duna-haj\u00f3kir\u00e1ndul\u00e1sok<\/td><td>Szent Istv\u00e1n-bazilika, Luk\u00e1cs Gy\u00f3gyf\u00fcrd\u0151, 30+ m\u00fazeum \u00e9s l\u00e1tnival\u00f3<\/td><\/tr><tr><td>Audioguide alkalmaz\u00e1s<\/td><td>\u2713<\/td><td> <\/td><\/tr><tr><td>Ingyenes t\u00f6megk\u00f6zleked\u00e9s<\/td><td><\/td><td>\u2713<\/td><\/tr><tr><td>Extra kedvezm\u00e9nyek<\/td><td>10% kedvezm\u00e9ny m\u00e1s budapesti l\u00e1tnival\u00f3kra<\/td><td>Kedvezm\u00e9nyek kiv\u00e1lasztott \u00e9ttermekben, m\u00fazeumokban \u00e9s f\u00fcrd\u0151kben. <a href=\"https:\/\/www.budapestcard.org\/hu\/discounts\/\" rel=\"nofollow\" target=\"_blank\">Itt ellen\u0151rizze \u00bb<\/a><\/td><\/tr><tr><td>Becs\u00fclt megtakar\u00edt\u00e1s<\/td><td>Ak\u00e1r 10% megtakar\u00edt\u00e1s az egyenk\u00e9nti foglal\u00e1shoz k\u00e9pest<\/td><td>10\u201350% megtakar\u00edt\u00e1s \u00e9ttermekben, l\u00e1tnival\u00f3kban, t\u00far\u00e1kon, f\u00fcrd\u0151kben \u00e9s egyebekben<\/td><\/tr><\/table><\/div>\n\n\n<h3 class=\"wp-block-heading\">V\u00e1laszd a Budapest Pass-t, ha:<\/h3>\n\n\n\n<ul class=\"wp-block-list\">\n<li>T\u00f6bb vezetett \u00e9lm\u00e9nyt szeretn\u00e9l, ahol a k\u00f6telez\u0151 l\u00e1tnival\u00f3kat m\u00e1r kiv\u00e1lasztott\u00e1k neked<\/li>\n\n\n\n<li>A nagy l\u00e1tnival\u00f3kat (mint a Sz\u00e9chenyi F\u00fcrd\u0151 \u00e9s a Duna-haj\u00f3z\u00e1s) kedveled<\/li>\n\n\n\n<li>Nem akarsz mindent kutatni, a Pass elv\u00e9gzi a tervez\u00e9st helyetted<\/li>\n<\/ul>\n\n\n\n<p><a href=\"https:\/\/www.tiqets.com\/en\/things-to-do-in-budapest-c68199\/budapest-pass-p1013746\/?partner=budapestcard\" rel=\"nofollow noopener\"><strong>El\u00e9rhet\u0151s\u00e9g ellen\u0151rz\u00e9se \u00bb<\/strong><\/a><\/p>\n\n\n\n<h3 class=\"wp-block-heading\">V\u00e1laszd a Budapest Cardot, ha:<\/h3>\n\n\n\n<ul class=\"wp-block-list\">\n<li>Szeretn\u00e9l sok m\u00fazeumot \u00e9s t\u00f6rt\u00e9nelmi helysz\u00ednt megl\u00e1togatni (k\u00fcl\u00f6n\u00f6sen, ha m\u00e1r tudod, mit szeretn\u00e9l l\u00e1tni)<\/li>\n\n\n\n<li>Saj\u00e1t temp\u00f3dban szeretn\u00e9l felfedezni, \u00e9s egy sz\u00e9lesebb k\u00f6r\u0171, kisebb l\u00e1tnival\u00f3kb\u00f3l \u00e1ll\u00f3 list\u00e1b\u00f3l v\u00e1lasztan\u00e1l<\/li>\n\n\n\n<li>Sz\u0171k\u00f6s a k\u00f6lts\u00e9gvet\u00e9sed, \u00e9s nagyobb rugalmass\u00e1got szeretn\u00e9l<\/li>\n<\/ul>\n\n\n\n<p><a href=\"https:\/\/www.tiqets.com\/en\/things-to-do-in-budapest-c68199\/tickets-for-budapest-card-free-entrance-to-szt-lukacs-thermal-bath-and-pool-p974576\/?partner=budapestcard\" rel=\"nofollow noopener\"><strong>El\u00e9rhet\u0151s\u00e9g ellen\u0151rz\u00e9se \u00bb<\/strong><\/a><\/p>\n\n\n\n<h2 class=\"wp-block-heading\">Gyakran Ism\u00e9telt K\u00e9rd\u00e9sek<\/h2>\n\n\n\n<div class=\"ms-accordion ms-mb-block\">\n<div class=\"ms-accordion__item\">\n<div class=\"ms-accordion__header\">\n<h3 class=\"gb-text\">Kiv\u00e1laszthatom a vezetett t\u00far\u00e1k nyelv\u00e9t?<\/h3>\n<\/div>\n\n\n\n<div class=\"ms-accordion__body\">\n<p class=\"gb-text\">A legt\u00f6bb vezetett t\u00fara (v\u00e1rosn\u00e9z\u00e9s, Magyar Parlament, P\u00e1linka M\u00fazeum) angol nyelven \u00e9rhet\u0151 el, de n\u00e9h\u00e1ny m\u00e1s nyelven is el\u00e9rhet\u0151 lehet. Foglal\u00e1skor ellen\u0151rizd a rendelkez\u00e9sre \u00e1ll\u00e1st.<\/p>\n<\/div>\n<\/div>\n\n\n\n<div class=\"ms-accordion__item\">\n<div class=\"ms-accordion__header\">\n<h3 class=\"gb-text\">Hogyan v\u00e1lthatom be vagy vehetem \u00e1t a b\u00e9rletet?<\/h3>\n<\/div>\n\n\n\n<div class=\"ms-accordion__body\">\n<p class=\"gb-text\">A v\u00e1s\u00e1rl\u00e1s ut\u00e1n e-mailben kapod meg a digit\u00e1lis jegyeket.<\/p>\n<\/div>\n<\/div>\n\n\n\n<div class=\"ms-accordion__item\">\n<div class=\"ms-accordion__header\">\n<h3 class=\"gb-text\">Megoszthatom a b\u00e9rletet m\u00e1sokkal?<\/h3>\n<\/div>\n\n\n\n<div class=\"ms-accordion__body\">\n<p class=\"gb-text\">Nem. A Budapest Pass szem\u00e9lyre sz\u00f3l\u00f3 \u00e9s nem \u00e1truh\u00e1zhat\u00f3. Minden l\u00e1tnival\u00f3n\u00e1l be kell mutatnod a saj\u00e1t jegyedet (\u00e9s egyes esetekben a szem\u00e9lyi igazolv\u00e1nyodat).<\/p>\n<\/div>\n<\/div>\n\n\n\n<div class=\"ms-accordion__item\">\n<div class=\"ms-accordion__header\">\n<h3 class=\"gb-text\">Hogyan m\u0171k\u00f6dik a 10% kedvezm\u00e9ny k\u00f3d?<\/h3>\n<\/div>\n\n\n\n<div class=\"ms-accordion__body\">\n<p class=\"gb-text\">A foglal\u00e1s ut\u00e1n e-mailben kapsz egy szem\u00e9lyes k\u00f3dot. Ezt legfeljebb \u00f6tsz\u00f6r haszn\u00e1lhatod fel tov\u00e1bbi budapesti l\u00e1tnival\u00f3kra vagy programokra a Tiqets oldalon. A k\u00f3d \u00e9rv\u00e9nyess\u00e9ge korl\u00e1tozott, ez\u00e9rt ellen\u0151rizd a lej\u00e1rati d\u00e1tumot.<\/p>\n<\/div>\n<\/div>\n<\/div>\n","protected":false},"excerpt":{"rendered":"","protected":false},"author":4,"featured_media":908,"parent":0,"menu_order":1,"comment_status":"closed","ping_status":"closed","template":"","meta":{"_acf_changed":false,"footnotes":""},"post-style":[],"producer":[],"class_list":["post-896","page","type-page","status-publish","has-post-thumbnail"],"acf":[],"_links":{"self":[{"href":"https:\/\/www.budapestcard.org\/hu\/wp-json\/wp\/v2\/pages\/896","targetHints":{"allow":["GET"]}}],"collection":[{"href":"https:\/\/www.budapestcard.org\/hu\/wp-json\/wp\/v2\/pages"}],"about":[{"href":"https:\/\/www.budapestcard.org\/hu\/wp-json\/wp\/v2\/types\/page"}],"author":[{"embeddable":true,"href":"https:\/\/www.budapestcard.org\/hu\/wp-json\/wp\/v2\/users\/4"}],"replies":[{"embeddable":true,"href":"https:\/\/www.budapestcard.org\/hu\/wp-json\/wp\/v2\/comments?post=896"}],"version-history":[{"count":3,"href":"https:\/\/www.budapestcard.org\/hu\/wp-json\/wp\/v2\/pages\/896\/revisions"}],"predecessor-version":[{"id":992,"href":"https:\/\/www.budapestcard.org\/hu\/wp-json\/wp\/v2\/pages\/896\/revisions\/992"}],"wp:featuredmedia":[{"embeddable":true,"href":"https:\/\/www.budapestcard.org\/hu\/wp-json\/wp\/v2\/media\/908"}],"wp:attachment":[{"href":"https:\/\/www.budapestcard.org\/hu\/wp-json\/wp\/v2\/media?parent=896"}],"wp:term":[{"taxonomy":"post-style","embeddable":true,"href":"https:\/\/www.budapestcard.org\/hu\/wp-json\/wp\/v2\/post-style?post=896"},{"taxonomy":"producer","embeddable":true,"href":"https:\/\/www.budapestcard.org\/hu\/wp-json\/wp\/v2\/producer?post=896"}],"curies":[{"name":"wp","href":"https:\/\/api.w.org\/{rel}","templated":true}]}}