{"id":29,"date":"2016-10-21T17:36:59","date_gmt":"2016-10-21T15:36:59","guid":{"rendered":"https:\/\/www.budapestcard.org\/?page_id=29"},"modified":"2025-06-04T06:19:55","modified_gmt":"2025-06-04T04:19:55","slug":"domande-frequenti","status":"publish","type":"page","link":"https:\/\/www.budapestcard.org\/it\/domande-frequenti\/","title":{"rendered":"Domande Frequenti"},"content":{"rendered":"<div id=\"rank-math-faq\" class=\"rank-math-block\">\n<div class=\"rank-math-list \">\n<div id=\"faq-question-1717062476605\" class=\"rank-math-list-item\">\n<h3 class=\"rank-math-question \">Cos\u2019\u00e8 la Budapest Card?<\/h3>\n<div class=\"rank-math-answer \">\n\n<p>La Budapest Card \u00e8 la chiave metaforica della citt\u00e0 di Budapest. Puoi usarla in tre modi: come pass per i trasporti, che ti permette di viaggiare gratuitamente su tutti i mezzi pubblici della citt\u00e0; come pass per le attrazioni, che ti fa scoprire la ricca storia e cultura della citt\u00e0; e come carta sconti, che ti permette di risparmiare non poco durante il tuo soggiorno a Budapest.<\/p>\n<p>La Budapest Card offre ingressi gratuiti a pi\u00f9 di 30 musei e attrazioni, sconti fino al 50% in ristoranti, bar e negozi, tour gratuiti a piedi e crociere sul fiume che ti aiuteranno a familiarizzare con questa straordinaria citt\u00e0.<\/p>\n\n<\/div>\n<\/div>\n<div id=\"faq-question-1717062505033\" class=\"rank-math-list-item\">\n<h3 class=\"rank-math-question \">Quali sono i vantaggi della Budapest Card?<\/h3>\n<div class=\"rank-math-answer \">\n\n<p>La cosa migliore della Budapest Card \u00e8 che ti aiuta a risparmiare tempo e denaro. Con l&#8217;ingresso gratuito a pi\u00f9 di 30 attrazioni, tra cui il Museo Nazionale Ungherese e il Bagno Termale di San Luk\u00e1cs, oltre a sconti in molte altre, puoi facilmente risparmiare centinaia di euro. Non importa se voli da solo o con gli amici, otterrai lo stesso grande risparmio sulle attrazioni.<\/p>\n<p>Sia che tu voglia fare una giornata di benessere in uno dei tanti bagni termali della citt\u00e0, sia che tu voglia assistere a uno spettacolo in un teatro o in un museo storico, la Budapest Card ne ha per tutti i gusti.<\/p>\n\n<\/div>\n<\/div>\n<div id=\"faq-question-1717062519392\" class=\"rank-math-list-item\">\n<h3 class=\"rank-math-question \">Quali sconti offre la Budapest Card?<\/h3>\n<div class=\"rank-math-answer \">\n\n<p>La Budapest Card offre sconti su trasporti, attrazioni, visite turistiche, ristoranti, centri benessere e molto altro ancora. Inoltre, la carta offre l&#8217;accesso gratuito a tutti i mezzi di trasporto pubblico di Budapest, l&#8217;ingresso a uno dei leggendari bagni termali della citt\u00e0 e l&#8217;ingresso gratuito a oltre 30 tra i pi\u00f9 importanti musei e siti storici di Budapest. Oltre a tutto questo, i possessori della Budapest Card hanno diritto ad ingressi scontati in molti altri luoghi di interesse culturale e chiese della citt\u00e0.<\/p>\n<p>Se sei appassionato di visite turistiche, la Budapest Card include tour a piedi gratuiti di cui puoi approfittare. Questi ti mostreranno tutto, dal Bastione dei Pescatori nel quartiere del Castello di Burda alla stupefacente Basilica di Santo Stefano sul lato Pest della citt\u00e0. Puoi anche approfittare delle crociere fluviali gratuite, che offrono l&#8217;opportunit\u00e0 perfetta di ammirare lo splendido skyline di Budapest dal Danubio.<\/p>\n<p>Se sei un buongustaio, la Budapest Card ti offre sconti fino al 50% in alcuni ottimi ristoranti, caff\u00e8 e bar, cos\u00ec potrai gustare il meglio della cucina ungherese senza spendere troppo. In breve, la Budapest Card offre sconti per ogni tipo di viaggiatore, sia che tu sia qui per la storia, il cibo o il divertimento. Consulta la pagina degli <a href=\"https:\/\/www.budapestcard.org\/it\/sconti\/\" data-type=\"page\" data-id=\"8\">sconti<\/a> per vedere l&#8217;elenco completo dei vantaggi.<\/p>\n\n<\/div>\n<\/div>\n<div id=\"faq-question-1724240080497\" class=\"rank-math-list-item\">\n<h3 class=\"rank-math-question \">La Budapest Card vale la pena?<\/h3>\n<div class=\"rank-math-answer \">\n\n<p>La Budapest Card ti d\u00e0 accesso gratuito al sistema di trasporti della citt\u00e0 e ti offre oltre 50 sconti su musei, attrazioni, bar, ristoranti, caff\u00e8, locali e terme. La tessera non solo ti fa risparmiare, ma ti d\u00e0 la libert\u00e0 di vedere la citt\u00e0 nel modo che preferisci e la comodit\u00e0 di visitare tutte le incredibili attrazioni che Budapest ha da offrire, alle tue condizioni. Detto questo, solo tu puoi decidere se la Budapest Card vale l&#8217;investimento.<\/p>\n\n<\/div>\n<\/div>\n<div id=\"faq-question-1745833202937\" class=\"rank-math-list-item\">\n<h3 class=\"rank-math-question \">Posso saltare la fila con la Budapest Card?<\/h3>\n<div class=\"rank-math-answer \">\n\n<p>No, la Budapest Card non permette di saltare la fila. Offre ingressi gratuiti o sconti, ma bisogna fare la fila come tutti gli altri.<\/p>\n\n<\/div>\n<\/div>\n<div id=\"faq-question-1745833215722\" class=\"rank-math-list-item\">\n<h3 class=\"rank-math-question \">Quanto dura la validit\u00e0 della Budapest Card?<\/h3>\n<div class=\"rank-math-answer \">\n\n<p>Puoi scegliere una card valida per 24, 48, 72, 96 o 120 ore dal primo utilizzo. Ogni card fa parte di una stagione annuale:<br \/><strong>2024\/2025:<\/strong> valida dal 1\u00b0 maggio 2024 al 30 aprile 2025<br \/><strong>2025\/2026:<\/strong> valida dal 1\u00b0 maggio 2025 al 30 aprile 2026<br \/>Assicurati che la tua card corrisponda alle date del tuo viaggio!<\/p>\n\n<\/div>\n<\/div>\n<div id=\"faq-question-1745833236408\" class=\"rank-math-list-item\">\n<h3 class=\"rank-math-question \">Cosa fare se perdo la Budapest Card?<\/h3>\n<div class=\"rank-math-answer \">\n\n<p>Nessun problema! Se hai registrato la tua card sul sito dopo l\u2019acquisto, puoi richiedere una sostituzione presso l\u2019<a href=\"https:\/\/www.budapestcard.org\/it\/contatto\/\">ufficio informazioni turistiche Budapestinfo<\/a>.<\/p>\n\n<\/div>\n<\/div>\n<div id=\"faq-question-1729589647542\" class=\"rank-math-list-item\">\n<h3 class=\"rank-math-question \">Cos&#8217;\u00e8 il Visto Nomade Digitale Ungheria?<\/h3>\n<div class=\"rank-math-answer \">\n\n<p>Il <a href=\"https:\/\/www.budapestcard.org\/it\/visto-nomadi-digitali-ungheria\/\"><u>Visto Nomade Digitale Ungheria<\/u><\/a>, noto anche come Carta Bianca, \u00e8 un permesso di soggiorno di un anno che consente ai lavoratori a distanza di vivere e lavorare legalmente in Ungheria. Pu\u00f2 essere rinnovato una volta, consentendo un soggiorno massimo di due anni.<\/p>\n\n<\/div>\n<\/div>\n<\/div>\n<\/div>","protected":false},"excerpt":{"rendered":"","protected":false},"author":2,"featured_media":0,"parent":0,"menu_order":7,"comment_status":"closed","ping_status":"closed","template":"","meta":{"_acf_changed":false,"footnotes":"","button_url":"https:\/\/www.tiqets.com\/it\/things-to-do-in-budapest-c68199\/tickets-for-budapest-card-free-entrance-to-szt-lukacs-thermal-bath-and-pool-p974576\/?partner=budapestcard","ms_product_id":"","ms_product_name":"","ms_price":"","ms_currency":"","ms_rating_value":"","ms_review_count":"","rank_math_title":"","rank_math_description":"Cos\u2019\u00e8 la Budapest Card? Scopri se la Budapest Card conviene, cosa comprende, dove comprarla, i vantaggi, gli sconti e altre informazioni utili."},"post-style":[],"producer":[],"class_list":["post-29","page","type-page","status-publish","has-post-thumbnail"],"acf":[],"product_schema":{"ms_product_id":"","ms_product_name":"","ms_price":"","ms_currency":"","ms_rating_value":"","ms_review_count":""},"_links":{"self":[{"href":"https:\/\/www.budapestcard.org\/it\/wp-json\/wp\/v2\/pages\/29","targetHints":{"allow":["GET"]}}],"collection":[{"href":"https:\/\/www.budapestcard.org\/it\/wp-json\/wp\/v2\/pages"}],"about":[{"href":"https:\/\/www.budapestcard.org\/it\/wp-json\/wp\/v2\/types\/page"}],"author":[{"embeddable":true,"href":"https:\/\/www.budapestcard.org\/it\/wp-json\/wp\/v2\/users\/2"}],"replies":[{"embeddable":true,"href":"https:\/\/www.budapestcard.org\/it\/wp-json\/wp\/v2\/comments?post=29"}],"version-history":[{"count":3,"href":"https:\/\/www.budapestcard.org\/it\/wp-json\/wp\/v2\/pages\/29\/revisions"}],"predecessor-version":[{"id":853,"href":"https:\/\/www.budapestcard.org\/it\/wp-json\/wp\/v2\/pages\/29\/revisions\/853"}],"wp:attachment":[{"href":"https:\/\/www.budapestcard.org\/it\/wp-json\/wp\/v2\/media?parent=29"}],"wp:term":[{"taxonomy":"post-style","embeddable":true,"href":"https:\/\/www.budapestcard.org\/it\/wp-json\/wp\/v2\/post-style?post=29"},{"taxonomy":"producer","embeddable":true,"href":"https:\/\/www.budapestcard.org\/it\/wp-json\/wp\/v2\/producer?post=29"}],"curies":[{"name":"wp","href":"https:\/\/api.w.org\/{rel}","templated":true}]}}