{"id":658,"date":"2024-10-22T13:29:04","date_gmt":"2024-10-22T11:29:04","guid":{"rendered":"https:\/\/www.budapestcard.org\/it\/?page_id=658"},"modified":"2025-03-19T09:05:11","modified_gmt":"2025-03-19T08:05:11","slug":"contatto","status":"publish","type":"page","link":"https:\/\/www.budapestcard.org\/it\/contatto\/","title":{"rendered":"Contatto"},"content":{"rendered":"\n<h3 class=\"wp-block-heading\">Richieste di biglietti<\/h3>\n\n\n\n<p>Per qualsiasi domanda sui biglietti o sulla tua prenotazione, contatta il nostro partner per i biglietti:<\/p>\n\n\n\n<ul class=\"wp-block-list\">\n<li>Email: info@ticketbar.eu<\/li>\n\n\n\n<li>Telefono: +44 2035142614<\/li>\n<\/ul>\n\n\n\n<hr class=\"wp-block-separator has-alpha-channel-opacity\" \/>\n\n\n\n<h3 class=\"wp-block-heading\">Informazioni turistiche<\/h3>\n\n\n\n<h4 class=\"wp-block-heading\"><strong>Ufficio informazioni turistiche di Budapestinfo<\/strong><\/h4>\n\n\n\n<p>Per qualsiasi domanda relativa al turismo a Budapest e in Ungheria, come mappe, guide e consigli su attrazioni ed eventi:<\/p>\n\n\n\n<ul class=\"wp-block-list\">\n<li>Indirizzo: 1052 Parco V\u00e1rosh\u00e1za, angolo K\u00e1roly k\u00f6r\u00fat &#8211; Via B\u00e1rczy Istv\u00e1n (Piazza De\u00e1k, Metro1, Metro2, Metro3 o capolinea dell&#8217;autobus 100E di fronte se si arriva dall&#8217;aeroporto)<\/li>\n<\/ul>\n\n\n\n<h4 class=\"wp-block-heading\"><strong>Linea diretta di informazioni sulla Budapest Card<\/strong><\/h4>\n\n\n\n<p>Per informazioni dettagliate sulla Budapest Card, sugli sconti e sui vantaggi:<\/p>\n\n\n\n<ul class=\"wp-block-list\">\n<li>Telefono: +36 30 955 0398 (disponibile dalle 9.00 alle 19.00)<\/li>\n<\/ul>\n\n\n\n<hr class=\"wp-block-separator has-alpha-channel-opacity\" \/>\n\n\n\n<h3 class=\"wp-block-heading\">Assistenza al sito web<\/h3>\n\n\n\n<p>Per qualsiasi richiesta relativa a questo sito web, contattaci direttamente:<\/p>\n\n\n\n<ul class=\"wp-block-list\">\n<li>Email: info@moonshot.media<\/li>\n<\/ul>\n","protected":false},"excerpt":{"rendered":"","protected":false},"author":3,"featured_media":0,"parent":0,"menu_order":1,"comment_status":"closed","ping_status":"closed","template":"","meta":{"_acf_changed":false,"footnotes":"","button_url":"https:\/\/www.tiqets.com\/it\/things-to-do-in-budapest-c68199\/tickets-for-budapest-card-free-entrance-to-szt-lukacs-thermal-bath-and-pool-p974576\/?partner=budapestcard","ms_product_id":"","ms_product_name":"","ms_price":"","ms_currency":"","ms_rating_value":"","ms_review_count":"","rank_math_title":"","rank_math_description":""},"post-style":[],"producer":[],"class_list":["post-658","page","type-page","status-publish","has-post-thumbnail"],"acf":[],"product_schema":{"ms_product_id":"","ms_product_name":"","ms_price":"","ms_currency":"","ms_rating_value":"","ms_review_count":""},"_links":{"self":[{"href":"https:\/\/www.budapestcard.org\/it\/wp-json\/wp\/v2\/pages\/658","targetHints":{"allow":["GET"]}}],"collection":[{"href":"https:\/\/www.budapestcard.org\/it\/wp-json\/wp\/v2\/pages"}],"about":[{"href":"https:\/\/www.budapestcard.org\/it\/wp-json\/wp\/v2\/types\/page"}],"author":[{"embeddable":true,"href":"https:\/\/www.budapestcard.org\/it\/wp-json\/wp\/v2\/users\/3"}],"replies":[{"embeddable":true,"href":"https:\/\/www.budapestcard.org\/it\/wp-json\/wp\/v2\/comments?post=658"}],"version-history":[{"count":2,"href":"https:\/\/www.budapestcard.org\/it\/wp-json\/wp\/v2\/pages\/658\/revisions"}],"predecessor-version":[{"id":661,"href":"https:\/\/www.budapestcard.org\/it\/wp-json\/wp\/v2\/pages\/658\/revisions\/661"}],"wp:attachment":[{"href":"https:\/\/www.budapestcard.org\/it\/wp-json\/wp\/v2\/media?parent=658"}],"wp:term":[{"taxonomy":"post-style","embeddable":true,"href":"https:\/\/www.budapestcard.org\/it\/wp-json\/wp\/v2\/post-style?post=658"},{"taxonomy":"producer","embeddable":true,"href":"https:\/\/www.budapestcard.org\/it\/wp-json\/wp\/v2\/producer?post=658"}],"curies":[{"name":"wp","href":"https:\/\/api.w.org\/{rel}","templated":true}]}}