{"id":681,"date":"2024-10-22T13:11:57","date_gmt":"2024-10-22T11:11:57","guid":{"rendered":"https:\/\/www.budapestcard.org\/ja\/?page_id=681"},"modified":"2025-09-25T22:36:01","modified_gmt":"2025-09-25T20:36:01","slug":"contact","status":"publish","type":"page","link":"https:\/\/www.budapestcard.org\/ja\/contact\/","title":{"rendered":"\u304a\u554f\u3044\u5408\u308f\u305b"},"content":{"rendered":"\n<h3 class=\"wp-block-heading\">\u30c1\u30b1\u30c3\u30c8\u306b\u95a2\u3059\u308b\u304a\u554f\u3044\u5408\u308f\u305b<\/h3>\n\n\n\n<p>\u30c1\u30b1\u30c3\u30c8\u3084\u65e2\u5b58\u306e\u3054\u4e88\u7d04\u306b\u3064\u3044\u3066\u3054\u8cea\u554f\u304c\u3042\u308b\u5834\u5408\u306f\u3001\u30c1\u30b1\u30c3\u30c8\u30d1\u30fc\u30c8\u30ca\u30fc\u307e\u3067\u3054\u9023\u7d61\u304f\u3060\u3055\u3044:<\/p>\n\n\n\n<ul class=\"wp-block-list\">\n<li>\u30e1\u30fc\u30eb: <a href=\"mailto:info@ticketbar.eu\">info@ticketbar.eu<\/a><\/li>\n\n\n\n<li>\u96fb\u8a71: +44 2035142614<\/li>\n<\/ul>\n\n\n\n<hr class=\"wp-block-separator has-alpha-channel-opacity\" \/>\n\n\n\n<h3 class=\"wp-block-heading\">\u89b3\u5149\u6848\u5185<\/h3>\n\n\n\n<h4 class=\"wp-block-heading\"><strong>\u30d6\u30c0\u30da\u30b9\u30c8\u89b3\u5149\u6848\u5185\u6240<\/strong><\/h4>\n\n\n\n<p>\u30d6\u30c0\u30da\u30b9\u30c8\u304a\u3088\u3073\u30cf\u30f3\u30ac\u30ea\u30fc\u56fd\u5185\u306e\u89b3\u5149\u60c5\u5831\uff08\u5730\u56f3\u3001\u30ac\u30a4\u30c9\u3001\u89b3\u5149\u540d\u6240\u3001\u30a4\u30d9\u30f3\u30c8\u60c5\u5831\u306a\u3069\uff09\u306b\u3064\u3044\u3066\u306f\u3053\u3061\u3089\u306b\u304a\u554f\u3044\u5408\u308f\u305b\u304f\u3060\u3055\u3044:<\/p>\n\n\n\n<ul class=\"wp-block-list\">\n<li>\u4f4f\u6240: 1052 V\u00e1rosh\u00e1za park, K\u00e1roly k\u00f6r\u00fat \u2013 B\u00e1rczy Istv\u00e1n Street \u89d2\uff08\u7a7a\u6e2f\u304b\u3089\u304a\u8d8a\u3057\u306e\u5834\u5408\u3001\u30e1\u30c8\u30ed1\u30fb2\u30fb3\u53f7\u7dda\u306e\u7d42\u70b9\u300c\u30c7\u30a2\u30af\u5e83\u5834\u300d\u99c5\u3001\u307e\u305f\u306f100E\u30d0\u30b9\u306e\u7d42\u70b9\u306e\u5411\u304b\u3044\u5074\uff09<\/li>\n<\/ul>\n\n\n\n<h4 class=\"wp-block-heading\"><strong>\u30d6\u30c0\u30da\u30b9\u30c8\u30ab\u30fc\u30c9\u60c5\u5831\u30db\u30c3\u30c8\u30e9\u30a4\u30f3<\/strong><\/h4>\n\n\n\n<p>\u30d6\u30c0\u30da\u30b9\u30c8\u30ab\u30fc\u30c9\u306e\u8a73\u7d30\u3084\u5272\u5f15\u3001\u7279\u5178\u306b\u95a2\u3059\u308b\u304a\u554f\u3044\u5408\u308f\u305b\u306f\u3053\u3061\u3089\u307e\u3067:<\/p>\n\n\n\n<ul class=\"wp-block-list\">\n<li>\u96fb\u8a71: +36 30 955 0398 (\u5bfe\u5fdc\u6642\u9593: 9:00\uff5e19:00)<\/li>\n<\/ul>\n\n\n\n<hr class=\"wp-block-separator has-alpha-channel-opacity\" \/>\n\n\n\n<h3 class=\"wp-block-heading\">\u30a6\u30a7\u30d6\u30b5\u30a4\u30c8\u30b5\u30dd\u30fc\u30c8<\/h3>\n\n\n\n<p>\u5f53\u30a6\u30a7\u30d6\u30b5\u30a4\u30c8\u306b\u95a2\u3059\u308b\u304a\u554f\u3044\u5408\u308f\u305b\u306f\u3001\u76f4\u63a5\u3053\u3061\u3089\u307e\u3067\u3054\u9023\u7d61\u304f\u3060\u3055\u3044:<\/p>\n\n\n\n<ul class=\"wp-block-list\">\n<li>\u30e1\u30fc\u30eb: info@moonshot.media<\/li>\n<\/ul>\n","protected":false},"excerpt":{"rendered":"","protected":false},"author":3,"featured_media":0,"parent":0,"menu_order":2,"comment_status":"closed","ping_status":"closed","template":"","meta":{"_acf_changed":false,"footnotes":""},"post-style":[],"producer":[],"class_list":["post-681","page","type-page","status-publish"],"acf":[],"_links":{"self":[{"href":"https:\/\/www.budapestcard.org\/ja\/wp-json\/wp\/v2\/pages\/681","targetHints":{"allow":["GET"]}}],"collection":[{"href":"https:\/\/www.budapestcard.org\/ja\/wp-json\/wp\/v2\/pages"}],"about":[{"href":"https:\/\/www.budapestcard.org\/ja\/wp-json\/wp\/v2\/types\/page"}],"author":[{"embeddable":true,"href":"https:\/\/www.budapestcard.org\/ja\/wp-json\/wp\/v2\/users\/3"}],"replies":[{"embeddable":true,"href":"https:\/\/www.budapestcard.org\/ja\/wp-json\/wp\/v2\/comments?post=681"}],"version-history":[{"count":3,"href":"https:\/\/www.budapestcard.org\/ja\/wp-json\/wp\/v2\/pages\/681\/revisions"}],"predecessor-version":[{"id":982,"href":"https:\/\/www.budapestcard.org\/ja\/wp-json\/wp\/v2\/pages\/681\/revisions\/982"}],"wp:attachment":[{"href":"https:\/\/www.budapestcard.org\/ja\/wp-json\/wp\/v2\/media?parent=681"}],"wp:term":[{"taxonomy":"post-style","embeddable":true,"href":"https:\/\/www.budapestcard.org\/ja\/wp-json\/wp\/v2\/post-style?post=681"},{"taxonomy":"producer","embeddable":true,"href":"https:\/\/www.budapestcard.org\/ja\/wp-json\/wp\/v2\/producer?post=681"}],"curies":[{"name":"wp","href":"https:\/\/api.w.org\/{rel}","templated":true}]}}