{"id":8,"date":"2014-01-10T12:44:37","date_gmt":"2014-01-10T11:44:37","guid":{"rendered":"https:\/\/www.budapestcard.org\/ja\/?page_id=8"},"modified":"2026-03-29T05:57:09","modified_gmt":"2026-03-29T03:57:09","slug":"discounts","status":"publish","type":"page","link":"https:\/\/www.budapestcard.org\/ja\/discounts\/","title":{"rendered":"\u30d6\u30c0\u30da\u30b9\u30c8\u30ab\u30fc\u30c9\u5272\u5f15"},"content":{"rendered":"\n<div class=\"ms-p ms-rounded ms-mb-last-child-0 ms-mb-children-condensed ms-alert--contrast ms-mb-block\">\n<ul class=\"wp-block-list\">\n<li>\u30d6\u30c0\u30da\u30b9\u30c8\u30ab\u30fc\u30c9\u306f\u3001\u30d6\u30c0\u30da\u30b9\u30c8\u5168\u57df\u306e\u516c\u5171\u4ea4\u901a\u6a5f\u95a2\u304c\u4e57\u308a\u653e\u984c\u306b\u306a\u308a\u307e\u3059\uff08\u5730\u4e0b\u9244\u30fb\u30c8\u30e9\u30e0\u30fb\u30d0\u30b9\u3001\u7a7a\u6e2f\u30a2\u30af\u30bb\u30b9\u3082\u542b\u3080\uff09\u3002<\/li>\n\n\n\n<li>\u30cf\u30f3\u30ac\u30ea\u30fc\u56fd\u7acb\u535a\u7269\u9928\u30fb\u56fd\u7acb\u7f8e\u8853\u9928\u30fb\u30d6\u30c0\u57ce\u306a\u3069\u300122\u306e\u535a\u7269\u9928\u30fb\u89b3\u5149\u30b9\u30dd\u30c3\u30c8\u306b\u7121\u6599\u5165\u5834\u3002<\/li>\n\n\n\n<li>\u8056\u30eb\u30ab\u30fc\u30c1\u6e29\u6cc9\u6d74\u5834\u306e\u7121\u6599\u5229\u7528\u3001\u30c9\u30ca\u30a6\u5ddd\u30af\u30eb\u30fc\u30ba1\u56de\u7121\u6599\u3001\u30ac\u30a4\u30c9\u4ed8\u304d\u30a6\u30a9\u30fc\u30ad\u30f3\u30b0\u30c4\u30a2\u30fc2\u56de\u7121\u6599\u3002<\/li>\n\n\n\n<li>\u30bb\u30fc\u30c1\u30a7\u30fc\u30cb\u6e29\u6cc9\u6d74\u5834\u30fb\u56fd\u4f1a\u8b70\u4e8b\u5240\u30c4\u30a2\u30fc\u30fb\u8056\u30b9\u30c6\u30d5\u30a1\u30ce\u5927\u8056\u5802\u306a\u3069\u4eba\u6c17\u89b3\u5149\u30b9\u30dd\u30c3\u30c8\u3067\u300110\uff5e50\uff05\u5272\u5f15\u3002<\/li>\n\n\n\n<li>\u5e02\u518512\u30ab\u6240\u4ee5\u4e0a\u306e\u30ec\u30b9\u30c8\u30e9\u30f3\u30fb\u305d\u306e\u4ed6\u4f53\u9a13\u65bd\u8a2d\u3067\u3082\u5272\u5f15\u7279\u5178\u3042\u308a\u3002<\/li>\n<\/ul>\n\n\n\n<p class=\"gb-text-fb1a3135\"><span class=\"gb-shape\"><svg xmlns=\"http:\/\/www.w3.org\/2000\/svg\" width=\"32\" height=\"32\" fill=\"#000000\" viewBox=\"0 0 256 256\"><path d=\"M228,144v64a12,12,0,0,1-12,12H40a12,12,0,0,1-12-12V144a12,12,0,0,1,24,0v52H204V144a12,12,0,0,1,24,0Zm-108.49,8.49a12,12,0,0,0,17,0l40-40a12,12,0,0,0-17-17L140,115V32a12,12,0,0,0-24,0v83L96.49,95.51a12,12,0,0,0-17,17Z\"><\/path><\/svg><\/span><span class=\"gb-text\"><a href=\"https:\/\/www.budapestcard.org\/wp-content\/uploads\/budapest-card-discounts.pdf\">\u5272\u5f15\u5b8c\u5168\u30ea\u30b9\u30c8\u3092\u30c0\u30a6\u30f3\u30ed\u30fc\u30c9\uff08PDF\uff09<\/a><\/span><\/p>\n<\/div>\n\n\n\n<h2 class=\"wp-block-heading\"><strong>\u89b3\u5149<\/strong><\/h2>\n\n\n<div class=\"ms-table\"><table><tr><th>\u9805\u76ee<\/th><th>\u5272\u5f15<\/th><\/tr><tr><td>BKK \u516c\u5171\u4ea4\u901a\u6a5f\u95a2<\/td><td>\u7121\u6599<\/td><\/tr><tr><td>BKV \u30ea\u30d0\u30fc\u30dc\u30fc\u30c8\u30b5\u30fc\u30d3\u30b9<\/td><td>\u7121\u6599<\/td><\/tr><tr><td>\u89b3\u5149\u30af\u30eb\u30fc\u30ba<\/td><td>\u7121\u6599<\/td><\/tr><tr><td>\u30c9\u30ca\u30a6\u5ddd\u30af\u30eb\u30fc\u30ba<\/td><td>\u7121\u6599<\/td><\/tr><tr><td>Duna Bella \u65e5\u4e2d\u30af\u30eb\u30fc\u30ba<\/td><td>\u7121\u6599<\/td><\/tr><tr><td>\u30ba\u30b0\u30ea\u30b2\u30c3\u30c8\u30fb\u30c1\u30a7\u30a2\u30ea\u30d5\u30c8<\/td><td>\u7121\u6599<\/td><\/tr><tr><td>\u516c\u5f0f\u30d6\u30c0\u30da\u30b9\u30c8\u57ce\u30d0\u30b9<\/td><td>\u7121\u6599<\/td><\/tr><tr><td>\u30d6\u30c0\u5f92\u6b69\u30c4\u30a2\u30fc<\/td><td>\u7121\u6599<\/td><\/tr><tr><td>\u30da\u30b9\u30c8\u5f92\u6b69\u30c4\u30a2\u30fc<\/td><td>\u7121\u6599<\/td><\/tr><tr><td>\u6b74\u53f2\u7684\u8eca\u4e21<\/td><td>\u7121\u6599<\/td><\/tr><tr><td>Brick \u2013 \u3069\u3053\u3067\u3082\u5145\u96fb<\/td><td>\u7121\u6599<\/td><\/tr><tr><td>Universal AirportHUB<\/td><td>-40%<\/td><\/tr><tr><td>\u81ea\u8ee2\u8eca\u30ab\u30fc\u30c8 (Bring\u00f3hint\u00f3)<\/td><td>-25%<\/td><\/tr><tr><td>Legenda \u30b7\u30c6\u30a3\u30af\u30eb\u30fc\u30ba<\/td><td>-25%<\/td><\/tr><tr><td>BKV \u591c\u9593\u30ea\u30d0\u30fc\u30dc\u30fc\u30c8\u30b5\u30fc\u30d3\u30b9<\/td><td>-20%<\/td><\/tr><tr><td>\u7a7a\u6e2f\u9001\u8fce \u2013 miniBUD<\/td><td>-20%<\/td><\/tr><tr><td>EURAMA \u89b3\u5149\u30c4\u30a2\u30fc<\/td><td>-20%<\/td><\/tr><tr><td>\u30c9\u30ca\u30a6\u30d9\u30f3\u30c9\u30c4\u30a2\u30fc<\/td><td>-20%<\/td><\/tr><tr><td>\u30d6\u30c0\u30da\u30b9\u30c8 Flyride<\/td><td>-10%<\/td><\/tr><tr><td>\u30e6\u30c0\u30e4\u907a\u7523\u30c4\u30a2\u30fc<\/td><td>-10%<\/td><\/tr><\/table><\/div>\n\n\n<h2 class=\"wp-block-heading\"><strong>\u7f8e\u8853\u9928\u30fb\u89b3\u5149\u30b9\u30dd\u30c3\u30c8<\/strong><\/h2>\n\n\n<div class=\"ms-table\"><table><tr><th>\u9805\u76ee<\/th><th>\u5272\u5f15<\/th><\/tr><tr><td>\u30cf\u30f3\u30ac\u30ea\u30fc\u56fd\u7acb\u535a\u7269\u9928<\/td><td>\u7121\u6599<\/td><\/tr><tr><td>\u30cf\u30f3\u30ac\u30ea\u30fc\u56fd\u7acb\u7f8e\u8853\u9928<\/td><td>\u7121\u6599<\/td><\/tr><tr><td>\u30d6\u30c0\u30da\u30b9\u30c8\u6b74\u53f2\u535a\u7269\u9928 \u2013 \u57ce\u535a\u7269\u9928<\/td><td>\u7121\u6599<\/td><\/tr><tr><td>\u8056\u30b7\u30e5\u30c6\u30d5\u30a1\u30f3\u30db\u30fc\u30eb<\/td><td>\u7121\u6599<\/td><\/tr><tr><td>\u7f8e\u8853\u9928<\/td><td>\u7121\u6599<\/td><\/tr><tr><td>\u30d6\u30c0\u30da\u30b9\u30c8\u30fb\u30af\u30f3\u30b9\u30c8\u30cf\u30ec<\/td><td>\u7121\u6599<\/td><\/tr><tr><td>\u30d6\u30c0\u30da\u30b9\u30c8\u6b74\u53f2\u535a\u7269\u9928 \u2013 \u30a2\u30af\u30a4\u30f3\u30af\u30e0\u535a\u7269\u9928<\/td><td>\u7121\u6599<\/td><\/tr><tr><td>\u30d6\u30c0\u30da\u30b9\u30c8\u6b74\u53f2\u535a\u7269\u9928 \u2013 \u30ad\u30c3\u30bb\u30eb\u535a\u7269\u9928<\/td><td>\u7121\u6599<\/td><\/tr><tr><td>\u30d6\u30c0\u30da\u30b9\u30c8\u6b74\u53f2\u535a\u7269\u9928 \u2013 \u30d6\u30c0\u30da\u30b9\u30c8\u30ae\u30e3\u30e9\u30ea\u30fc<\/td><td>\u7121\u6599<\/td><\/tr><tr><td>\u30d6\u30c0\u30da\u30b9\u30c8\u6b74\u53f2\u535a\u7269\u9928 \u2013 \u4e2d\u4e16\u30e6\u30c0\u30e4\u793c\u62dd\u5802<\/td><td>\u7121\u6599<\/td><\/tr><tr><td>\u30eb\u30fc\u30c8\u30f4\u30a3\u30d2\u7f8e\u8853\u9928 \u2013 \u73fe\u4ee3\u7f8e\u8853<\/td><td>\u7121\u6599<\/td><\/tr><tr><td>\u30ed\u30d0\u30fc\u30c8\u30fb\u30ad\u30e3\u30d1\u5199\u771f\u30bb\u30f3\u30bf\u30fc<\/td><td>\u7121\u6599<\/td><\/tr><tr><td>\u30cf\u30f3\u30ac\u30ea\u30fc\u5199\u771f\u5bb6\u306e\u5bb6 \u2013 \u30de\u30a4\u30fb\u30de\u30ce\u306e\u5bb6<\/td><td>\u7121\u6599<\/td><\/tr><tr><td>\u30f4\u30a1\u30b5\u30ec\u30ea\u7f8e\u8853\u9928<\/td><td>\u7121\u6599<\/td><\/tr><tr><td>\u30e1\u30e1\u30f3\u30c8\u30d1\u30fc\u30af \u2013 \u5f6b\u523b\u516c\u5712<\/td><td>\u7121\u6599<\/td><\/tr><tr><td>\u5546\u696d\u30fb\u89b3\u5149\u535a\u7269\u9928<\/td><td>\u7121\u6599<\/td><\/tr><tr><td>\u30d5\u30a7\u30ec\u30f3\u30c4\u30fb\u30db\u30c3\u30d7\u30fb\u30a2\u30b8\u30a2\u7f8e\u8853\u9928<\/td><td>\u7121\u6599<\/td><\/tr><tr><td>\u5730\u4e0b\u9244\u535a\u7269\u9928<\/td><td>\u7121\u6599<\/td><\/tr><tr><td>\u30aa\u30fc\u30d6\u30c0\u535a\u7269\u9928<\/td><td>\u7121\u6599<\/td><\/tr><tr><td>\u30b4\u30fc\u30eb\u30c9\u30d9\u30eb\u30ac\u30fc\u7e54\u7269\u30b3\u30ec\u30af\u30b7\u30e7\u30f3 \u2013 \u30aa\u30fc\u30d6\u30c0\u535a\u7269\u9928<\/td><td>\u7121\u6599<\/td><\/tr><tr><td>\u30d1\u30fc\u30eb\u30f4\u30a9\u30eb\u30ae\u937e\u4e73\u6d1e<\/td><td>\u7121\u6599<\/td><\/tr><tr><td>\u30de\u30fc\u30ac\u30ec\u30c3\u30c8\u5cf6\u5c55\u671b\u5854<\/td><td>\u7121\u6599<\/td><\/tr><tr><td>\u30da\u30b9\u30c6\u30a3\u30fb\u30f4\u30a3\u30ac\u30fc\u30c9<\/td><td>-50%<\/td><\/tr><tr><td>\u30d5\u30e9\u30c7\u30a3\u535a\u7269\u9928<\/td><td>-50%<\/td><\/tr><tr><td>\u6c11\u65cf\u5b66\u535a\u7269\u9928<\/td><td>-25%<\/td><\/tr><tr><td>\u8056\u30b7\u30e5\u30c6\u30d5\u30a1\u30f3\u5927\u8056\u5802<\/td><td>-20%<\/td><\/tr><tr><td>\u88ab\u6607\u5929\u6559\u4f1a<\/td><td>-20%<\/td><\/tr><tr><td>\u30b4\u30c9\u30ed\u30fc\u5bae\u6bbf<\/td><td>-20%<\/td><\/tr><tr><td>\u30cf\u30f3\u30ac\u30ea\u30fc\u97f3\u697d\u306e\u5bb6<\/td><td>-20%<\/td><\/tr><tr><td>\u30d6\u30c0\u30da\u30b9\u30c8\u52d5\u690d\u7269\u5712<\/td><td>-20%<\/td><\/tr><tr><td>\u30a6\u30cb\u30af\u30e0\u306e\u5bb6<\/td><td>-20%<\/td><\/tr><tr><td>\u30de\u30c0\u30e0\u30fb\u30bf\u30c3\u30bd\u30fc\u30fb\u30d6\u30c0\u30da\u30b9\u30c8<\/td><td>-20%<\/td><\/tr><tr><td>\u30bf\u30a4\u30e0\u30c8\u30e9\u30c3\u30d7\u30fb\u30a8\u30b9\u30b1\u30fc\u30d7\u30b2\u30fc\u30e0<\/td><td>-20%<\/td><\/tr><tr><td>\u30d6\u30c0\u30da\u30b9\u30c8\u89b3\u89a7\u8eca\uff08\u30b7\u30e3\u30f3\u30d1\u30f3\u4ed8\u304d\uff09<\/td><td>-20%<\/td><\/tr><tr><td>\u5e02\u7acb\u516c\u5712\u30dc\u30fc\u30c8\u6c60<\/td><td>-20%<\/td><\/tr><tr><td>\u30a4\u30f3\u30c9\u30a2\u30b9\u30ab\u30a4\u30c0\u30a4\u30d3\u30f3\u30b0<\/td><td>-20%<\/td><\/tr><tr><td>\u30a4\u30ea\u30e5\u30fc\u30b8\u30e7\u30f3\u30df\u30e5\u30fc\u30b8\u30a2\u30e0<\/td><td>-15%<\/td><\/tr><tr><td>\u30e9\u30a4\u30c8\u30a2\u30fc\u30c8\u30df\u30e5\u30fc\u30b8\u30a2\u30e0<\/td><td>-15%<\/td><\/tr><tr><td>\u30c8\u30ed\u30d4\u30ab\u30ea\u30a6\u30e0 \u2013 \u30b5\u30e1\u52d5\u7269\u5712<\/td><td>-15%<\/td><\/tr><tr><td>IKONO \u30d6\u30c0\u30da\u30b9\u30c8<\/td><td>-15%<\/td><\/tr><tr><td>\u30b7\u30cd\u30de\u30fb\u30df\u30b9\u30c6\u30a3\u30ab<\/td><td>-10%<\/td><\/tr><tr><td>\u5ca9\u306e\u4e2d\u306e\u75c5\u9662 \u2013 \u6838\u30b7\u30a7\u30eb\u30bf\u30fc\u30df\u30e5\u30fc\u30b8\u30a2\u30e0<\/td><td>-10%<\/td><\/tr><tr><td>\u30ab\u30b8\u30f3\u30c4\u30a3\u901a\u308a\u30b7\u30ca\u30b4\u30fc\u30b0<\/td><td>-10%<\/td><\/tr><tr><td>\u30c9\u30cf\u30fc\u30cb\u901a\u308a\u30b7\u30ca\u30b4\u30fc\u30b0<\/td><td>-10%<\/td><\/tr><tr><td>\u30cf\u30f3\u30ac\u30ea\u30fc\u30fb\u30e6\u30c0\u30e4\u535a\u7269\u9928\u30fb\u30a2\u30fc\u30ab\u30a4\u30d6<\/td><td>-10%<\/td><\/tr><tr><td>\u8056\u30b7\u30e5\u30c6\u30d5\u30a1\u30f3\u5927\u8056\u5802\u30aa\u30eb\u30ac\u30f3\u30b3\u30f3\u30b5\u30fc\u30c8<\/td><td>-10%<\/td><\/tr><tr><td>\u30d7\u30ec\u30df\u30a2\u30a2\u30a6\u30c8\u30ec\u30c3\u30c8\u30fb\u30d6\u30c0\u30da\u30b9\u30c8<\/td><td>-10%<\/td><\/tr><\/table><\/div>\n\n\n<h2 class=\"wp-block-heading\">\u6e29\u6cc9\u30fb\u30d7\u30fc\u30eb<\/h2>\n\n\n<div class=\"ms-table\"><table><tr><th>\u9805\u76ee<\/th><th>\u5272\u5f15<\/th><\/tr><tr><td>\u30bb\u30f3\u30c8\u30fb\u30eb\u30ab\u30fc\u30c1\u6e29\u6cc9\uff06\u30d7\u30fc\u30eb<\/td><td>\u7121\u6599<\/td><\/tr><tr><td>\u30eb\u30d1\u30fb\u30d3\u30fc\u30c1<\/td><td>\u7121\u6599<\/td><\/tr><tr><td>\u30bb\u30fc\u30c1\u30a7\u30cb\u6e29\u6cc9\uff06\u30d7\u30fc\u30eb<\/td><td>-20%<\/td><\/tr><tr><td>\u30eb\u30c0\u30b7\u30e5\u6e29\u6cc9\uff06\u30d7\u30fc\u30eb<\/td><td>-20%<\/td><\/tr><tr><td>\u30d1\u30e9\u30c6\u30a3\u30cc\u30b9\u6e29\u6cc9\u3001\u516c\u5171\uff06\u6ce2\u306e\u30d7\u30fc\u30eb<\/td><td>-20%<\/td><\/tr><tr><td>\u30ed\u30fc\u30de\u30f3\u6d74\u5834<\/td><td>-20%<\/td><\/tr><tr><td>\u30a2\u30af\u30a2\u30ef\u30fc\u30eb\u30c9\u30ea\u30be\u30fc\u30c8\u30fb\u30d6\u30c0\u30da\u30b9\u30c8<\/td><td>-20%<\/td><\/tr><\/table><\/div>\n\n\n<h2 class=\"wp-block-heading\"><strong>\u30b0\u30eb\u30e1<\/strong><\/h2>\n\n\n<div class=\"ms-table\"><table><tr><th>\u9805\u76ee<\/th><th>\u5272\u5f15<\/th><\/tr><tr><td>GastroCellar \u2013 \u30c6\u30a4\u30b9\u30c6\u30a3\u30f3\u30b0<\/td><td>\u7121\u6599<\/td><\/tr><tr><td>\u5e02\u5185\u4e2d\u5fc3\u90e8\u306e\u30e9\u30f3\u30b4\u30b9<\/td><td>-20%<\/td><\/tr><tr><td>Moln\u00e1r\u2019s K\u00fcrt\u0151skal\u00e1cs<\/td><td>-20%<\/td><\/tr><tr><td>Parisi Passage \u30ec\u30b9\u30c8\u30e9\u30f3<\/td><td>-20%<\/td><\/tr><tr><td>Zsolnay \u30ab\u30d5\u30a7<\/td><td>-20%<\/td><\/tr><tr><td>Yellow Bistro &#038; Bar<\/td><td>-20%<\/td><\/tr><tr><td>Caf\u00e9 Astoria &#038; \u30ec\u30b9\u30c8\u30e9\u30f3<\/td><td>-20%<\/td><\/tr><tr><td>L\u00e1ng \u30ec\u30b9\u30c8\u30e9\u30f3<\/td><td>-20%<\/td><\/tr><tr><td>\u30cf\u30fc\u30c9\u30ed\u30c3\u30af\u30ab\u30d5\u30a7<\/td><td>-20%<\/td><\/tr><tr><td>Hal\u00e1szb\u00e1stya \u30ec\u30b9\u30c8\u30e9\u30f3<\/td><td>-15%<\/td><\/tr><tr><td>TATI \u30ec\u30b9\u30c8\u30e9\u30f3<\/td><td>-10%<\/td><\/tr><tr><td>VIRTU \u30ec\u30b9\u30c8\u30e9\u30f3<\/td><td>-10%<\/td><\/tr><tr><td>Nokedlish<\/td><td>-10%<\/td><\/tr><tr><td>Eggscuse Me? \u30d6\u30e9\u30f3\u30c1 &#038; \u30d3\u30b9\u30c8\u30ed<\/td><td>-10%<\/td><\/tr><\/table><\/div>\n\n\n<h2 class=\"wp-block-heading\">72\u4ee5\u4e0a\u306e\u9650\u5b9a\u5272\u5f15<\/h2>\n\n\n<div class=\"ms-table\"><table><tr><th>\u9805\u76ee<\/th><th>\u5272\u5f15<\/th><\/tr><tr><td>\u30c9\u30a2\u30fb\u30c4\u30fc\u30fb\u30c9\u30a2 \u7a7a\u6e2f\u9001\u8fce \u2013 miniBUD<\/td><td>\u7121\u6599<\/td><\/tr><tr><td>\u5e02\u5185\u4e2d\u5fc3\u90e8\u306eL\u00c1NGOS!<\/td><td>\u7121\u6599<\/td><\/tr><tr><td>Moln\u00e1r\u2019s K\u00fcrt\u0151skal\u00e1cs<\/td><td>\u7121\u6599<\/td><\/tr><tr><td>\u8056\u6bcd\u30de\u30c6\u30a3\u30a2\u30b9\u6559\u4f1a<\/td><td>\u7121\u6599<\/td><\/tr><tr><td>\u30d6\u30c0\u57ce\u30b1\u30fc\u30d6\u30eb\u30ab\u30fc<\/td><td>\u7121\u6599<\/td><\/tr><\/table><\/div>\n\n\n<div class=\"ms-p ms-rounded ms-mb-last-child-0 ms-mb-children-condensed ms-mb-block ms-alert--neutral\">\n<h4 class=\"gb-text-8c5919a0\"><span class=\"gb-shape\"><svg viewBox=\"0 0 256 256\" fill=\"#000000\" height=\"32\" width=\"32\" xmlns=\"http:\/\/www.w3.org\/2000\/svg\"><path d=\"M108,84a16,16,0,1,1,16,16A16,16,0,0,1,108,84Zm128,44A108,108,0,1,1,128,20,108.12,108.12,0,0,1,236,128Zm-24,0a84,84,0,1,0-84,84A84.09,84.09,0,0,0,212,128Zm-72,36.68V132a20,20,0,0,0-20-20,12,12,0,0,0-4,23.32V168a20,20,0,0,0,20,20,12,12,0,0,0,4-23.32Z\"><\/path><\/svg><\/span><span class=\"gb-text\">\u3054\u6ce8\u610f:<\/span><\/h4>\n\n\n\n<ul class=\"wp-block-list\">\n<li>\u60c5\u5831\u306e\u6700\u7d42\u66f4\u65b0\u306f2026\u5e743\u6708\u3067\u3059\u3002<\/li>\n\n\n\n<li>\u30d6\u30c0\u30da\u30b9\u30c8\u30ab\u30fc\u30c9\u306b\u542b\u307e\u308c\u308b\u5272\u5f15\u5185\u5bb9\u306f\u3001\u4e88\u544a\u306a\u304f\u5909\u66f4\u3055\u308c\u308b\u5834\u5408\u304c\u3042\u308a\u307e\u3059\u3002<\/li>\n<\/ul>\n<\/div>\n","protected":false},"excerpt":{"rendered":"","protected":false},"author":1,"featured_media":0,"parent":0,"menu_order":3,"comment_status":"closed","ping_status":"closed","template":"","meta":{"_acf_changed":false,"footnotes":""},"post-style":[],"producer":[],"class_list":["post-8","page","type-page","status-publish"],"acf":[],"_links":{"self":[{"href":"https:\/\/www.budapestcard.org\/ja\/wp-json\/wp\/v2\/pages\/8","targetHints":{"allow":["GET"]}}],"collection":[{"href":"https:\/\/www.budapestcard.org\/ja\/wp-json\/wp\/v2\/pages"}],"about":[{"href":"https:\/\/www.budapestcard.org\/ja\/wp-json\/wp\/v2\/types\/page"}],"author":[{"embeddable":true,"href":"https:\/\/www.budapestcard.org\/ja\/wp-json\/wp\/v2\/users\/1"}],"replies":[{"embeddable":true,"href":"https:\/\/www.budapestcard.org\/ja\/wp-json\/wp\/v2\/comments?post=8"}],"version-history":[{"count":3,"href":"https:\/\/www.budapestcard.org\/ja\/wp-json\/wp\/v2\/pages\/8\/revisions"}],"predecessor-version":[{"id":1038,"href":"https:\/\/www.budapestcard.org\/ja\/wp-json\/wp\/v2\/pages\/8\/revisions\/1038"}],"wp:attachment":[{"href":"https:\/\/www.budapestcard.org\/ja\/wp-json\/wp\/v2\/media?parent=8"}],"wp:term":[{"taxonomy":"post-style","embeddable":true,"href":"https:\/\/www.budapestcard.org\/ja\/wp-json\/wp\/v2\/post-style?post=8"},{"taxonomy":"producer","embeddable":true,"href":"https:\/\/www.budapestcard.org\/ja\/wp-json\/wp\/v2\/producer?post=8"}],"curies":[{"name":"wp","href":"https:\/\/api.w.org\/{rel}","templated":true}]}}