{"id":27,"date":"2016-10-21T17:31:30","date_gmt":"2016-10-21T15:31:30","guid":{"rendered":"https:\/\/www.budapestcard.org\/ko\/?page_id=27"},"modified":"2026-03-29T06:52:39","modified_gmt":"2026-03-29T04:52:39","slug":"prices","status":"publish","type":"page","link":"https:\/\/www.budapestcard.org\/ko\/prices\/","title":{"rendered":"\ubd80\ub2e4\ud398\uc2a4\ud2b8 \uce74\ub4dc \uac00\uaca9"},"content":{"rendered":"\n<p>\ubd80\ub2e4\ud398\uc2a4\ud2b8 \uce74\ub4dc\ub294 \ubd80\ub2e4\ud398\uc2a4\ud2b8\uc758 \ubaa8\ub4e0 \ub180\ub77c\uc6b4 \uba85\uc18c\ub4e4\uc744 \uc81c\ub300\ub85c \ub458\ub7ec\ubcf4\ub294 \ub370 \ub3c4\uc6c0\uc774 \ub418\ub294 \ucd5c\uace0\uc758 \ub3c4\uad6c\uc785\ub2c8\ub2e4. \uadf8\ub807\ub2e4\uba74 \uc5b4\ub5a4 \uc635\uc158\uc774 \ub098\uc5d0\uac8c \uac00\uc7a5 \uc801\ud569\ud560\uae4c\uc694?<\/p>\n\n\n\n<p>\ubd80\ub2e4\ud398\uc2a4\ud2b8 \uce74\ub4dc\uc5d0\ub294 <strong>24<\/strong>, <strong>48<\/strong>, <strong>72<\/strong>, <strong>96<\/strong>, <strong>120<\/strong>\uc2dc\uac04 \ub4f1 \ub2e4\uc12f \uac00\uc9c0 \uae30\uac04\uc774 \uc788\uc2b5\ub2c8\ub2e4. \uac01 \uce74\ub4dc\ub294 \ucd5c\ucd08 \uc0ac\uc6a9 \uc2dc\uc810\ubd80\ud130 \uce74\ub4dc\uc5d0 \ud45c\uc2dc\ub41c \uae30\uac04 \ub3d9\uc548 \uc720\ud6a8\ud569\ub2c8\ub2e4. \uce74\ub4dc\ub294 \ucc98\uc74c \uc0ac\uc6a9\ud560 \ub54c\ub9cc \ud65c\uc131\ud654\ub418\ubbc0\ub85c \uc5ec\ud589 \uc804\uc5d0 \ubbf8\ub9ac \uad6c\ub9e4\ud574 \ub450\uc5b4\ub3c4 \uad1c\ucc2e\uc2b5\ub2c8\ub2e4. \ud604\uc7ac \uc2dc\uc98c\uc740 2026\ub144 4\uc6d4 30\uc77c\uae4c\uc9c0 \uc720\ud6a8\ud569\ub2c8\ub2e4. \ubbf8\ub9ac \uc900\ube44\ud558\uace0 \uc54c\ub730\ud558\uac8c \uc5ec\ud589\ud558\uc138\uc694!<\/p>\n\n\n\n<h3 class=\"wp-block-heading\">\uac00\uaca9\ud45c<\/h3>\n\n\n<div class=\"ms-table frozenColumn\"><table><tr><th>\uc131\uc778<\/th><th>Normal Price<\/th><\/tr><tr><td>24\uc2dc\uac04<\/td><td>\u20ac50,00 (\u20ac50,00\/\uc77c)<\/td><\/tr><tr><td>48\uc2dc\uac04<\/td><td>\u20ac65,00 (\u20ac32,50\/\uc77c)<\/td><\/tr><tr><td>72\uc2dc\uac04<\/td><td>\u20ac83,00 (\u20ac27,67\/\uc77c)<\/td><\/tr><tr><td>96\uc2dc\uac04<\/td><td>\u20ac104,00 (\u20ac26,00\/\uc77c)<\/td><\/tr><tr><td>120\uc2dc\uac04<\/td><td>\u20ac116,00 (\u20ac23,20\/\uc77c)<\/td><\/tr><\/table><\/div>\n\n\n<p><strong>\ucc38\uace0:<\/strong> \uac01 \uce74\ub4dc\ub294 \ub3d9\ubc18\ud558\ub294 \uc131\uc778 1\uba85\uacfc 6\uc138 \uc774\ud558 \uc5b4\ub9b0\uc774 1\uba85\uc5d0\uac8c \uc720\ud6a8\ud569\ub2c8\ub2e4.<\/p>\n\n\n\n<p>\ubd80\ub2e4\ud398\uc2a4\ud2b8 \uce74\ub4dc\uc758 \uac00\uaca9\uc774 \uac00\uce58 \uc788\ub294\uc9c0 \ud310\ub2e8\ud558\ub824\uba74 \ub2e4\uc74c \uc138 \uac00\uc9c0 \uc9c8\ubb38\uc744 \uc2a4\uc2a4\ub85c\uc5d0\uac8c \ubb3c\uc5b4\ubcf4\uc138\uc694:<\/p>\n\n\n\n<ol class=\"wp-block-list\">\n<li>\ubd80\ub2e4\ud398\uc2a4\ud2b8\uc5d0 \uc5bc\ub9c8\ub098 \uba38\ubb34\ub97c \uc608\uc815\uc778\uac00\uc694?<\/li>\n\n\n\n<li>\uba38\ubb34\ub294 \ub3d9\uc548 \uc5bc\ub9c8\ub098 \ub9ce\uc740 \uba85\uc18c\ub97c \ubc29\ubb38\ud560 \uacc4\ud68d\uc778\uac00\uc694?<\/li>\n\n\n\n<li>\uc5bc\ub9c8\ub098 \uc808\uc57d\ud558\uace0 \uc2f6\ub098\uc694?<\/li>\n<\/ol>\n\n\n\n<p>\ubab0\ub098\ub974(Moln\u00e1r)\uc758 \ud5dd\uac00\ub9ac \uc804\ud1b5 \uad74\ub69d\ube75(K\u00fcrt\u0151skal\u00e1cs)\uc744 \ub9db\ubcf4\uac70\ub098 \ub8e8\uce74\uce58 \uc628\ucc9c(Luk\u00e1cs Thermal Bath)\uc5d0\uc11c \ubaa9\uc695\uc744 \uc990\uae30\uae30 \uc704\ud574 \ub2e8 \ud558\ub8e8\ub9cc \ub4e4\ub974\ub294 \uc77c\uc815\uc774\ub77c\uba74, 24\uc2dc\uac04 \uce74\ub4dc\uac00 \ucd5c\uc801\uc758 \uc120\ud0dd\uc77c \uc218 \uc788\uc2b5\ub2c8\ub2e4. \ub354 \uc624\ub798 \uba38\ubb34\ub974\uac70\ub098 \ub2ec\ucf64\ud55c \uac04\uc2dd\uacfc \ud3b8\uc548\ud55c \ubaa9\uc695 \uc774\uc0c1\uc758 \uac83\uc744 \uc990\uae30\uace0 \uc2f6\ub2e4\uba74 48\uc2dc\uac04, 72\uc2dc\uac04, 96\uc2dc\uac04 \ub610\ub294 120\uc2dc\uac04 \uce74\ub4dc\ub97c \uace0\ub824\ud574 \ubcf4\uc138\uc694.<\/p>\n\n\n<div class=\"gb-container gb-container-bc0d9ca1 ms-alert--primary ms-p ms-rounded ms-mb-last-child-0 ms-mb-children-condensed ms-mb-block\">\n\n<p>\uc7a5\uae30 \uc774\uc6a9\uad8c\uc740 \uac00\uc131\ube44\uac00 \ub6f0\uc5b4\ub098\uba70, \ud2b9\ud788 120\uc2dc\uac04 \uce74\ub4dc\ub294 \ud558\ub8e8\uc5d0 \ubd88\uacfc \u20ac23.20\uc5d0 \uc774\uc6a9\ud560 \uc218 \uc788\uc2b5\ub2c8\ub2e4.<\/p>\n\n<\/div>\n\n\n<p>\ubd80\ub2e4\ud398\uc2a4\ud2b8 \uce74\ub4dc\ub294 \ub3c4\uc2dc\uc758 \uc5f4\uc1e0\ub97c \uac74\ub124\uc90d\ub2c8\ub2e4. \uc218\uc2ed \uac1c\uc758 \ubc14, \ub808\uc2a4\ud1a0\ub791, \uc2a4\ud30c, \ubc15\ubb3c\uad00 \ubc0f \uae30\ud0c0 \uc7a5\uc18c\uc5d0\uc11c \uc785\uc7a5\ub8cc, \uc11c\ube44\uc2a4 \ub610\ub294 \uad6c\ub9e4 \uc2dc \uc5c4\uccad\ub09c \ud560\uc778\uc744 \uc81c\uacf5\ud569\ub2c8\ub2e4. \uc2dc\ub0b4 \ub300\uc911\uad50\ud1b5\uc744 \ubb34\ub8cc\ub85c \uc774\uc6a9\ud558\uace0, \ubb34\ub8cc \ub3c4\ubcf4 \ud22c\uc5b4\uc640 \ubb34\ub8cc \uac15 \ud06c\ub8e8\uc988\ub85c \uba85\uc18c\ub97c \ub458\ub7ec\ubcf4\uac70\ub098, \ub8e8\uce74\uce58 \uc628\ucc9c\uc744 \ubb34\ub8cc\ub85c \ubc29\ubb38\ud560 \uc218 \uc788\uc2b5\ub2c8\ub2e4. \uac00\ub2a5\uc131\uc740 \ubb34\uad81\ubb34\uc9c4\ud569\ub2c8\ub2e4.<\/p>\n\n\n\n<p>\ubd80\ub2e4\ud398\uc2a4\ud2b8 \uce74\ub4dc\ub85c \ub204\ub9b4 \uc218 \uc788\ub294 \ub180\ub77c\uc6b4 \ud560\uc778 \ud61c\ud0dd\uc5d0 \ub300\ud55c \uc790\uc138\ud55c \ub0b4\uc6a9\uc740 <a href=\"https:\/\/www.budapestcard.org\/ko\/discounts\/\" target=\"_blank\" rel=\"noreferrer noopener\">\ud560\uc778<\/a> \ud398\uc774\uc9c0\ub97c \ud655\uc778\ud558\uc138\uc694.<\/p>\n","protected":false},"excerpt":{"rendered":"","protected":false},"author":1,"featured_media":0,"parent":0,"menu_order":4,"comment_status":"closed","ping_status":"closed","template":"","meta":{"_acf_changed":false,"footnotes":""},"post-style":[],"producer":[],"class_list":["post-27","page","type-page","status-publish"],"acf":[],"_links":{"self":[{"href":"https:\/\/www.budapestcard.org\/ko\/wp-json\/wp\/v2\/pages\/27","targetHints":{"allow":["GET"]}}],"collection":[{"href":"https:\/\/www.budapestcard.org\/ko\/wp-json\/wp\/v2\/pages"}],"about":[{"href":"https:\/\/www.budapestcard.org\/ko\/wp-json\/wp\/v2\/types\/page"}],"author":[{"embeddable":true,"href":"https:\/\/www.budapestcard.org\/ko\/wp-json\/wp\/v2\/users\/1"}],"replies":[{"embeddable":true,"href":"https:\/\/www.budapestcard.org\/ko\/wp-json\/wp\/v2\/comments?post=27"}],"version-history":[{"count":3,"href":"https:\/\/www.budapestcard.org\/ko\/wp-json\/wp\/v2\/pages\/27\/revisions"}],"predecessor-version":[{"id":1041,"href":"https:\/\/www.budapestcard.org\/ko\/wp-json\/wp\/v2\/pages\/27\/revisions\/1041"}],"wp:attachment":[{"href":"https:\/\/www.budapestcard.org\/ko\/wp-json\/wp\/v2\/media?parent=27"}],"wp:term":[{"taxonomy":"post-style","embeddable":true,"href":"https:\/\/www.budapestcard.org\/ko\/wp-json\/wp\/v2\/post-style?post=27"},{"taxonomy":"producer","embeddable":true,"href":"https:\/\/www.budapestcard.org\/ko\/wp-json\/wp\/v2\/producer?post=27"}],"curies":[{"name":"wp","href":"https:\/\/api.w.org\/{rel}","templated":true}]}}