{"id":681,"date":"2024-10-22T13:11:57","date_gmt":"2024-10-22T11:11:57","guid":{"rendered":"https:\/\/www.budapestcard.org\/ko\/?page_id=681"},"modified":"2025-09-29T23:06:07","modified_gmt":"2025-09-29T21:06:07","slug":"contact","status":"publish","type":"page","link":"https:\/\/www.budapestcard.org\/ko\/contact\/","title":{"rendered":"\uc5f0\ub77d"},"content":{"rendered":"\n<h3 class=\"wp-block-heading\">\ud2f0\ucf13 \ubb38\uc758<\/h3>\n\n\n\n<p>\ud2f0\ucf13 \uad6c\ub9e4 \ub610\ub294 \uae30\uc874 \uc608\uc57d\uc5d0 \uad00\ud55c \ubb38\uc758 \uc0ac\ud56d\uc740 \ub2f9\uc0ac\uc758 \ud2f0\ucf13 \ud30c\ud2b8\ub108\uc5d0\uac8c \uc5f0\ub77d\ud574 \uc8fc\uc2ed\uc2dc\uc624:<\/p>\n\n\n\n<ul class=\"wp-block-list\">\n<li>\uc774\uba54\uc77c:\u00a0<a href=\"mailto:info@ticketbar.eu\">info@ticketbar.eu<\/a><\/li>\n\n\n\n<li>\uc804\ud654: +44 2035142614<\/li>\n<\/ul>\n\n\n\n<hr class=\"wp-block-separator has-alpha-channel-opacity\" \/>\n\n\n\n<h3 class=\"wp-block-heading\">\uad00\uad11 \uc548\ub0b4<\/h3>\n\n\n\n<h4 class=\"wp-block-heading\"><strong>\ubd80\ub2e4\ud398\uc2a4\ud2b8\uc778\ud3ec \uad00\uad11 \uc548\ub0b4\uc18c<\/strong><\/h4>\n\n\n\n<p>\ubd80\ub2e4\ud398\uc2a4\ud2b8 \ubc0f \ud5dd\uac00\ub9ac \uad00\uad11 \uad00\ub828 \ubb38\uc758(\uc9c0\ub3c4, \uac00\uc774\ub4dc, \uad00\uad11 \uba85\uc18c \ubc0f \ud589\uc0ac \uc815\ubcf4 \ub4f1)\ub294 \ub2e4\uc74c\uc744 \ucc38\uace0\ud574 \uc8fc\uc138\uc694:<\/p>\n\n\n\n<ul class=\"wp-block-list\">\n<li>\uc8fc\uc18c: 1052 V\u00e1rosh\u00e1za park, K\u00e1roly k\u00f6r\u00fat \u2013 B\u00e1rczy Istv\u00e1n Street \ubaa8\ud241\uc774 (\uacf5\ud56d\uc5d0\uc11c \ub3c4\ucc29 \uc2dc, \ub370\uc544\ud06c \uad11\uc7a5(De\u00e1k Square) \ubc0f \uc9c0\ud558\ucca0 1, 2, 3\ud638\uc120\/100E \ubc84\uc2a4 \uc885\uc810 \ub9de\uc740\ud3b8)<\/li>\n<\/ul>\n\n\n\n<h4 class=\"wp-block-heading\"><strong>\ubd80\ub2e4\ud398\uc2a4\ud2b8 \uce74\ub4dc \uc815\ubcf4 \ud56b\ub77c\uc778<\/strong><\/h4>\n\n\n\n<p>\ubd80\ub2e4\ud398\uc2a4\ud2b8 \uce74\ub4dc, \ud560\uc778 \ubc0f \ud61c\ud0dd\uc5d0 \ub300\ud55c \uc790\uc138\ud55c \uc815\ubcf4\uac00 \ud544\uc694\ud558\uc2dc\uba74 \uc5f0\ub77d\ud574 \uc8fc\uc138\uc694:<\/p>\n\n\n\n<ul class=\"wp-block-list\">\n<li>\uc804\ud654: +36 30 955 0398 (\uc624\uc804 9\uc2dc \u2013 \uc624\ud6c4 7\uc2dc \uc6b4\uc601)<\/li>\n<\/ul>\n\n\n\n<hr class=\"wp-block-separator has-alpha-channel-opacity\" \/>\n\n\n\n<h3 class=\"wp-block-heading\">\uc6f9\uc0ac\uc774\ud2b8 \uc9c0\uc6d0<\/h3>\n\n\n\n<p>\ubcf8 \uc6f9\uc0ac\uc774\ud2b8 \uad00\ub828 \ubb38\uc758 \uc0ac\ud56d\uc740 \uc9c1\uc811 \uc5f0\ub77d\ud574 \uc8fc\uc2ed\uc2dc\uc624:<\/p>\n\n\n\n<ul class=\"wp-block-list\">\n<li>\uc774\uba54\uc77c: info@moonshot.media<\/li>\n<\/ul>\n","protected":false},"excerpt":{"rendered":"","protected":false},"author":3,"featured_media":0,"parent":0,"menu_order":2,"comment_status":"closed","ping_status":"closed","template":"","meta":{"_acf_changed":false,"footnotes":""},"post-style":[],"producer":[],"class_list":["post-681","page","type-page","status-publish"],"acf":[],"_links":{"self":[{"href":"https:\/\/www.budapestcard.org\/ko\/wp-json\/wp\/v2\/pages\/681","targetHints":{"allow":["GET"]}}],"collection":[{"href":"https:\/\/www.budapestcard.org\/ko\/wp-json\/wp\/v2\/pages"}],"about":[{"href":"https:\/\/www.budapestcard.org\/ko\/wp-json\/wp\/v2\/types\/page"}],"author":[{"embeddable":true,"href":"https:\/\/www.budapestcard.org\/ko\/wp-json\/wp\/v2\/users\/3"}],"replies":[{"embeddable":true,"href":"https:\/\/www.budapestcard.org\/ko\/wp-json\/wp\/v2\/comments?post=681"}],"version-history":[{"count":3,"href":"https:\/\/www.budapestcard.org\/ko\/wp-json\/wp\/v2\/pages\/681\/revisions"}],"predecessor-version":[{"id":985,"href":"https:\/\/www.budapestcard.org\/ko\/wp-json\/wp\/v2\/pages\/681\/revisions\/985"}],"wp:attachment":[{"href":"https:\/\/www.budapestcard.org\/ko\/wp-json\/wp\/v2\/media?parent=681"}],"wp:term":[{"taxonomy":"post-style","embeddable":true,"href":"https:\/\/www.budapestcard.org\/ko\/wp-json\/wp\/v2\/post-style?post=681"},{"taxonomy":"producer","embeddable":true,"href":"https:\/\/www.budapestcard.org\/ko\/wp-json\/wp\/v2\/producer?post=681"}],"curies":[{"name":"wp","href":"https:\/\/api.w.org\/{rel}","templated":true}]}}