{"id":8,"date":"2014-01-10T12:44:37","date_gmt":"2014-01-10T11:44:37","guid":{"rendered":"https:\/\/www.budapestcard.org\/ko\/?page_id=8"},"modified":"2026-03-29T06:00:20","modified_gmt":"2026-03-29T04:00:20","slug":"discounts","status":"publish","type":"page","link":"https:\/\/www.budapestcard.org\/ko\/discounts\/","title":{"rendered":"\ubd80\ub2e4\ud398\uc2a4\ud2b8 \uce74\ub4dc \ud560\uc778"},"content":{"rendered":"\n<div class=\"ms-p ms-rounded ms-mb-last-child-0 ms-mb-children-condensed ms-alert--contrast ms-mb-block\">\n<ul class=\"wp-block-list\">\n<li>\ubd80\ub2e4\ud398\uc2a4\ud2b8 \uce74\ub4dc\ub294 \ubd80\ub2e4\ud398\uc2a4\ud2b8 \uc804\uc5ed\uc758 \ub300\uc911\uad50\ud1b5\uc744 \ubb34\uc81c\ud55c\uc73c\ub85c \uc774\uc6a9\ud560 \uc218 \uc788\uc2b5\ub2c8\ub2e4 (\uc9c0\ud558\ucca0, \ud2b8\ub7a8, \ubc84\uc2a4, \uacf5\ud56d \ub178\uc120 \ud3ec\ud568).<\/li>\n\n\n\n<li>\ud5dd\uac00\ub9ac \uad6d\ub9bd\ubc15\ubb3c\uad00, \uad6d\ub9bd\ubbf8\uc220\uad00, \ubd80\ub2e4 \uc131 \ub4f1 22\uacf3\uc758 \ubc15\ubb3c\uad00 \ubc0f \uc8fc\uc694 \uc9c0\uc810\uc5d0 \ubb34\ub8cc \uc785\uc7a5.<\/li>\n\n\n\n<li>\uc131 \ub8e8\uce74\uce58 \uc628\uccb4\uc6c0 \ubb34\ub8cc \uc774\uc6a9, \ub2e4\ub294 \uac15 \uc720\ub78c\uc120 \ud06c\ub8e8\uc988 1\ud68c \ubb34\ub8cc, \uac00\uc774\ub4dc \uc6cc\ud0b9 \ud22c\uc5b4 2\ud68c \ubb34\ub8cc \uc81c\uacf5.<\/li>\n\n\n\n<li>\uc138\uccb4\ub2c8 \uc628\uccb4\uc6c0, \uad6d\ud68c\uc758\uc0ac\ub2f9 \ud22c\uc5b4, \uc131 \uc2a4\ud14c\ud30c\ub178 \ub300\uc131\ub2f9 \ub4f1 \uc8fc\uc694 \uad00\uad11\uc9c0\uc5d0\uc11c 10~50% \ud560\uc778.<\/li>\n\n\n\n<li>\uc2dc\ub0b4 12\uacf3 \uc774\uc0c1\uc758 \ub808\uc2a4\ud1a0\ub791 \ubc0f \ub2e4\uc591\ud55c \uccb4\ud5d8 \uc2dc\uc124\uc5d0\uc11c\ub3c4 \ud560\uc778 \ud61c\ud0dd \uc81c\uacf5.<\/li>\n<\/ul>\n\n\n\n<p class=\"gb-text-fb1a3135\"><span class=\"gb-shape\"><svg xmlns=\"http:\/\/www.w3.org\/2000\/svg\" width=\"32\" height=\"32\" fill=\"#000000\" viewBox=\"0 0 256 256\"><path d=\"M228,144v64a12,12,0,0,1-12,12H40a12,12,0,0,1-12-12V144a12,12,0,0,1,24,0v52H204V144a12,12,0,0,1,24,0Zm-108.49,8.49a12,12,0,0,0,17,0l40-40a12,12,0,0,0-17-17L140,115V32a12,12,0,0,0-24,0v83L96.49,95.51a12,12,0,0,0-17,17Z\"><\/path><\/svg><\/span><span class=\"gb-text\"><a href=\"https:\/\/www.budapestcard.org\/wp-content\/uploads\/budapest-card-discounts.pdf\">\uc804\uccb4 \ud560\uc778 \ubaa9\ub85d \ub2e4\uc6b4\ub85c\ub4dc (PDF)<\/a><\/span><\/p>\n<\/div>\n\n\n\n<h2 class=\"wp-block-heading\"><strong>\uad00\uad11 \uba85\uc18c<\/strong><\/h2>\n\n\n<div class=\"ms-table\"><table><tr><th>\ud56d\ubaa9<\/th><th>\ud560\uc778<\/th><\/tr><tr><td>BKK \ub300\uc911\uad50\ud1b5<\/td><td>\ubb34\ub8cc<\/td><\/tr><tr><td>BKV \ub9ac\ubc84\ubcf4\ud2b8 \uc11c\ube44\uc2a4<\/td><td>\ubb34\ub8cc<\/td><\/tr><tr><td>\uad00\uad11 \ud06c\ub8e8\uc988<\/td><td>\ubb34\ub8cc<\/td><\/tr><tr><td>\ub2e4\ub274\ube0c\uac15 \ud06c\ub8e8\uc988<\/td><td>\ubb34\ub8cc<\/td><\/tr><tr><td>Duna Bella \uc8fc\uac04 \ud06c\ub8e8\uc988<\/td><td>\ubb34\ub8cc<\/td><\/tr><tr><td>\uc8fc\uae00\ub9ac\uac9f \uccb4\uc5b4\ub9ac\ud504\ud2b8<\/td><td>\ubb34\ub8cc<\/td><\/tr><tr><td>\uacf5\uc2dd \ubd80\ub2e4\ud398\uc2a4\ud2b8 \uc131 \ubc84\uc2a4<\/td><td>\ubb34\ub8cc<\/td><\/tr><tr><td>\ubd80\ub2e4 \ub3c4\ubcf4 \ud22c\uc5b4<\/td><td>\ubb34\ub8cc<\/td><\/tr><tr><td>\ud398\uc2a4\ud2b8 \ub3c4\ubcf4 \ud22c\uc5b4<\/td><td>\ubb34\ub8cc<\/td><\/tr><tr><td>\uc5ed\uc0ac\uc801\uc778 \ucc28\ub7c9<\/td><td>\ubb34\ub8cc<\/td><\/tr><tr><td>Brick \u2013 \uc5b4\ub514\uc11c\ub4e0 \ucda9\uc804<\/td><td>\ubb34\ub8cc<\/td><\/tr><tr><td>Universal AirportHUB<\/td><td>-40%<\/td><\/tr><tr><td>\uc790\uc804\uac70 \uce74\ud2b8 (Bring\u00f3hint\u00f3)<\/td><td>-25%<\/td><\/tr><tr><td>Legenda \uc2dc\ud2f0 \ud06c\ub8e8\uc988<\/td><td>-25%<\/td><\/tr><tr><td>BKV \uc57c\uac04 \ub9ac\ubc84\ubcf4\ud2b8 \uc11c\ube44\uc2a4<\/td><td>-20%<\/td><\/tr><tr><td>\uacf5\ud56d \ubbf8\ub2c8\ubc84\uc2a4 \u2013 miniBUD<\/td><td>-20%<\/td><\/tr><tr><td>EURAMA \uad00\uad11 \ud22c\uc5b4<\/td><td>-20%<\/td><\/tr><tr><td>\ub2e4\ub274\ube0c \ubca4\ub4dc \ud22c\uc5b4<\/td><td>-20%<\/td><\/tr><tr><td>\ubd80\ub2e4\ud398\uc2a4\ud2b8 Flyride<\/td><td>-10%<\/td><\/tr><tr><td>\uc720\ub300\uc778 \uc720\uc0b0 \ud22c\uc5b4<\/td><td>-10%<\/td><\/tr><\/table><\/div>\n\n\n<h2 class=\"wp-block-heading\"><strong>\ubc15\ubb3c\uad00 \ubc0f \uad00\uad11\uc9c0<\/strong><\/h2>\n\n\n<div class=\"ms-table\"><table><tr><th>\ud56d\ubaa9<\/th><th>\ud560\uc778<\/th><\/tr><tr><td>\ud5dd\uac00\ub9ac \uad6d\ub9bd\ubc15\ubb3c\uad00<\/td><td>\ubb34\ub8cc<\/td><\/tr><tr><td>\ud5dd\uac00\ub9ac \uad6d\ub9bd\ubbf8\uc220\uad00<\/td><td>\ubb34\ub8cc<\/td><\/tr><tr><td>\ubd80\ub2e4\ud398\uc2a4\ud2b8 \uc5ed\uc0ac\ubc15\ubb3c\uad00 \u2013 \uc131 \ubc15\ubb3c\uad00<\/td><td>\ubb34\ub8cc<\/td><\/tr><tr><td>\uc131 \uc2a4\ud14c\ud310 \ud640<\/td><td>\ubb34\ub8cc<\/td><\/tr><tr><td>\ubbf8\uc220\uad00<\/td><td>\ubb34\ub8cc<\/td><\/tr><tr><td>\ubd80\ub2e4\ud398\uc2a4\ud2b8 \ucfe4\uc2a4\ud2b8\ud560\ub808<\/td><td>\ubb34\ub8cc<\/td><\/tr><tr><td>\ubd80\ub2e4\ud398\uc2a4\ud2b8 \uc5ed\uc0ac\ubc15\ubb3c\uad00 \u2013 \uc544\ud038\ucff0 \ubc15\ubb3c\uad00<\/td><td>\ubb34\ub8cc<\/td><\/tr><tr><td>\ubd80\ub2e4\ud398\uc2a4\ud2b8 \uc5ed\uc0ac\ubc15\ubb3c\uad00 \u2013 \ud0a4\uc140 \ubc15\ubb3c\uad00<\/td><td>\ubb34\ub8cc<\/td><\/tr><tr><td>\ubd80\ub2e4\ud398\uc2a4\ud2b8 \uc5ed\uc0ac\ubc15\ubb3c\uad00 \u2013 \ubd80\ub2e4\ud398\uc2a4\ud2b8 \uac24\ub7ec\ub9ac<\/td><td>\ubb34\ub8cc<\/td><\/tr><tr><td>\ubd80\ub2e4\ud398\uc2a4\ud2b8 \uc5ed\uc0ac\ubc15\ubb3c\uad00 \u2013 \uc911\uc138 \uc720\ub300\uc778 \uae30\ub3c4\uc2e4<\/td><td>\ubb34\ub8cc<\/td><\/tr><tr><td>\ub8e8\ub4dc\ube44\ud788 \ud604\ub300\ubbf8\uc220\uad00<\/td><td>\ubb34\ub8cc<\/td><\/tr><tr><td>\ub85c\ubc84\ud2b8 \uce74\ud30c \uc0ac\uc9c4 \uc13c\ud130<\/td><td>\ubb34\ub8cc<\/td><\/tr><tr><td>\ud5dd\uac00\ub9ac \uc0ac\uc9c4\uc791\uac00\uc758 \uc9d1 \u2013 \ub9c8\uc774 \ub9c8\ub178 \ud558\uc6b0\uc2a4<\/td><td>\ubb34\ub8cc<\/td><\/tr><tr><td>\ubc14\uc0ac\ub810\ub9ac \ubbf8\uc220\uad00<\/td><td>\ubb34\ub8cc<\/td><\/tr><tr><td>\uba54\uba58\ud1a0 \ud30c\ud06c \u2013 \uc870\uac01 \uacf5\uc6d0<\/td><td>\ubb34\ub8cc<\/td><\/tr><tr><td>\ubb34\uc5ed \ubc0f \uad00\uad11 \ubc15\ubb3c\uad00<\/td><td>\ubb34\ub8cc<\/td><\/tr><tr><td>\ud398\ub80c\uce20 \ud649 \uc544\uc2dc\uc544 \ubbf8\uc220\uad00<\/td><td>\ubb34\ub8cc<\/td><\/tr><tr><td>\uc9c0\ud558\ucca0 \ubc15\ubb3c\uad00<\/td><td>\ubb34\ub8cc<\/td><\/tr><tr><td>\uc624\ubd80\ub2e4 \ubc15\ubb3c\uad00<\/td><td>\ubb34\ub8cc<\/td><\/tr><tr><td>\uace8\ub4dc\ubc84\uac70 \uc12c\uc720 \uceec\ub809\uc158 \u2013 \uc624\ubd80\ub2e4 \ubc15\ubb3c\uad00<\/td><td>\ubb34\ub8cc<\/td><\/tr><tr><td>\ud314-\ubd50\uae30 \ub3d9\uad74<\/td><td>\ubb34\ub8cc<\/td><\/tr><tr><td>\ub9c8\uac00\ub81b\uc12c \uc804\ub9dd\ub300 \ubc0f \uc6cc\ud130\ud0c0\uc6cc<\/td><td>\ubb34\ub8cc<\/td><\/tr><tr><td>\ud398\uc2a4\ud2f0 \ube44\uac00\ub3c4<\/td><td>-50%<\/td><\/tr><tr><td>\ud504\ub77c\ub514 \ubc15\ubb3c\uad00<\/td><td>-50%<\/td><\/tr><tr><td>\ubbfc\uc18d\ud559 \ubc15\ubb3c\uad00<\/td><td>-25%<\/td><\/tr><tr><td>\uc131 \uc2a4\ud14c\ud310 \ub300\uc131\ub2f9<\/td><td>-20%<\/td><\/tr><tr><td>\uc8fc\uad50\uc88c \ub300\uc131\ub2f9<\/td><td>-20%<\/td><\/tr><tr><td>\uad34\ub4e4\ub8b0 \uc655\uad81<\/td><td>-20%<\/td><\/tr><tr><td>\ud5dd\uac00\ub9ac \uc74c\uc545\uc758 \uc9d1<\/td><td>-20%<\/td><\/tr><tr><td>\ubd80\ub2e4\ud398\uc2a4\ud2b8 \ub3d9\ubb3c\uc6d0 &#038; \uc2dd\ubb3c\uc6d0<\/td><td>-20%<\/td><\/tr><tr><td>\uc720\ub2c8\ucff0 \ud558\uc6b0\uc2a4<\/td><td>-20%<\/td><\/tr><tr><td>\ub9c8\ub2f4 \ud22c\uc18c \ubd80\ub2e4\ud398\uc2a4\ud2b8<\/td><td>-20%<\/td><\/tr><tr><td>\ud0c0\uc784\ud2b8\ub7a9 \ud0c8\ucd9c\uac8c\uc784<\/td><td>-20%<\/td><\/tr><tr><td>\ubd80\ub2e4\ud398\uc2a4\ud2b8 \uad00\ub78c\ucc28 (\uc0f4\ud398\uc778 \ud3ec\ud568)<\/td><td>-20%<\/td><\/tr><tr><td>\uc2dc\ud2f0\ud30c\ud06c \ubcf4\ud2b8 \ud638\uc218<\/td><td>-20%<\/td><\/tr><tr><td>\uc778\ub3c4\uc5b4 \uc2a4\uce74\uc774\ub2e4\uc774\ube59<\/td><td>-20%<\/td><\/tr><tr><td>\ud658\uc0c1\ubc15\ubb3c\uad00<\/td><td>-15%<\/td><\/tr><tr><td>\ub77c\uc774\ud2b8 \uc544\ud2b8 \ubc15\ubb3c\uad00<\/td><td>-15%<\/td><\/tr><tr><td>\ud2b8\ub85c\ud53c\uce74\ub9ac\uc6c0 \u2013 \uc0c1\uc5b4 \ub3d9\ubb3c\uc6d0<\/td><td>-15%<\/td><\/tr><tr><td>IKONO \ubd80\ub2e4\ud398\uc2a4\ud2b8<\/td><td>-15%<\/td><\/tr><tr><td>\uc2dc\ub124\ub9c8 \ubbf8\uc2a4\ud2f0\uce74<\/td><td>-10%<\/td><\/tr><tr><td>\ubc14\uc704 \uc18d \ubcd1\uc6d0 \u2013 \ud575 \ubc99\ucee4 \ubc15\ubb3c\uad00<\/td><td>-10%<\/td><\/tr><tr><td>\uce74\uc9c4\uce58 \uac70\ub9ac \ud68c\ub2f9<\/td><td>-10%<\/td><\/tr><tr><td>\ub3c4\ud558\ub2c8 \uac70\ub9ac \ud68c\ub2f9<\/td><td>-10%<\/td><\/tr><tr><td>\ud5dd\uac00\ub9ac \uc720\ub300\uc778 \ubc15\ubb3c\uad00 \ubc0f \uae30\ub85d\ubcf4\uad00\uc18c<\/td><td>-10%<\/td><\/tr><tr><td>\uc131 \uc2a4\ud14c\ud310 \ub300\uc131\ub2f9 \uc624\ub974\uac04 \ucf58\uc11c\ud2b8<\/td><td>-10%<\/td><\/tr><tr><td>\ud504\ub9ac\ubbf8\uc5b4 \uc544\uc6b8\ub81b \ubd80\ub2e4\ud398\uc2a4\ud2b8<\/td><td>-10%<\/td><\/tr><\/table><\/div>\n\n\n<h2 class=\"wp-block-heading\">\uc628\ucc9c &amp; \uc218\uc601\uc7a5<\/h2>\n\n\n<div class=\"ms-table\"><table><tr><th>\ud56d\ubaa9<\/th><th>\ud560\uc778<\/th><\/tr><tr><td>\uc138\uc778\ud2b8 \ub8e8\uce74\uce58 \uc628\ucc9c &#038; \uc218\uc601\uc7a5<\/td><td>\ubb34\ub8cc<\/td><\/tr><tr><td>\ub8e8\ud30c \ube44\uce58<\/td><td>\ubb34\ub8cc<\/td><\/tr><tr><td>\uc138\uccb4\ub2c8 \uc628\ucc9c &#038; \uc218\uc601\uc7a5<\/td><td>-20%<\/td><\/tr><tr><td>\ub8e8\ub2e4\uc288 \uc628\ucc9c &#038; \uc218\uc601\uc7a5<\/td><td>-20%<\/td><\/tr><tr><td>\ud314\ub77c\ud2f0\ub204\uc2a4 \uc628\ucc9c, \uacf5\uc6a9 &#038; \ud30c\ub3c4\ud480<\/td><td>-20%<\/td><\/tr><tr><td>\ub85c\ub9c8\uc774 \ubaa9\uc695\ud0d5<\/td><td>-20%<\/td><\/tr><tr><td>\uc544\ucfe0\uc544\uc6d4\ub4dc \ub9ac\uc870\ud2b8 \ubd80\ub2e4\ud398\uc2a4\ud2b8<\/td><td>-20%<\/td><\/tr><\/table><\/div>\n\n\n<h2 class=\"wp-block-heading\"><strong>\ubbf8\uc2dd<\/strong><\/h2>\n\n\n<div class=\"ms-table\"><table><tr><th>\ud56d\ubaa9<\/th><th>\ud560\uc778<\/th><\/tr><tr><td>GastroCellar \u2013 \ud14c\uc774\uc2a4\ud305<\/td><td>\ubb34\ub8cc<\/td><\/tr><tr><td>\ub3c4\uc2dc \uc911\uc2ec\ubd80\uc758 \ub791\uace0\uc2a4<\/td><td>-20%<\/td><\/tr><tr><td>Moln\u00e1r\u2019s K\u00fcrt\u0151skal\u00e1cs<\/td><td>-20%<\/td><\/tr><tr><td>Parisi Passage \ub808\uc2a4\ud1a0\ub791<\/td><td>-20%<\/td><\/tr><tr><td>Zsolnay \uce74\ud398<\/td><td>-20%<\/td><\/tr><tr><td>Yellow Bistro &#038; Bar<\/td><td>-20%<\/td><\/tr><tr><td>Caf\u00e9 Astoria &#038; \ub808\uc2a4\ud1a0\ub791<\/td><td>-20%<\/td><\/tr><tr><td>L\u00e1ng \ub808\uc2a4\ud1a0\ub791<\/td><td>-20%<\/td><\/tr><tr><td>\ud558\ub4dc\ub77d \uce74\ud398<\/td><td>-20%<\/td><\/tr><tr><td>Hal\u00e1szb\u00e1stya \ub808\uc2a4\ud1a0\ub791<\/td><td>-15%<\/td><\/tr><tr><td>TATI \ub808\uc2a4\ud1a0\ub791<\/td><td>-10%<\/td><\/tr><tr><td>VIRTU \ub808\uc2a4\ud1a0\ub791<\/td><td>-10%<\/td><\/tr><tr><td>Nokedlish<\/td><td>-10%<\/td><\/tr><tr><td>Eggscuse Me? \ube0c\ub7f0\uce58 &#038; \ube44\uc2a4\ud2b8\ub85c<\/td><td>-10%<\/td><\/tr><\/table><\/div>\n\n\n<h2 class=\"wp-block-heading\">72\uac00\uc9c0 \uc774\uc0c1\uc758 \ub3c5\uc810 \ud560\uc778<\/h2>\n\n\n<div class=\"ms-table\"><table><tr><th>\ud56d\ubaa9<\/th><th>\ud560\uc778<\/th><\/tr><tr><td>\uacf5\ud56d\uae4c\uc9c0 \ubb38\uc55e \ud53d\uc5c5 \u2013 miniBUD<\/td><td>\ubb34\ub8cc<\/td><\/tr><tr><td>\ub3c4\uc2dc \uc911\uc2ec\ubd80 L\u00c1NGOS!<\/td><td>\ubb34\ub8cc<\/td><\/tr><tr><td>Moln\u00e1r\u2019s K\u00fcrt\u0151skal\u00e1cs<\/td><td>\ubb34\ub8cc<\/td><\/tr><tr><td>\uc131\ubaa8 \ub9c8\ud2f0\uc544\uc2a4 \uad50\ud68c<\/td><td>\ubb34\ub8cc<\/td><\/tr><tr><td>\ubd80\ub2e4 \uc131 \ucf00\uc774\ube14\uce74<\/td><td>\ubb34\ub8cc<\/td><\/tr><\/table><\/div>\n\n\n<div class=\"ms-p ms-rounded ms-mb-last-child-0 ms-mb-children-condensed ms-mb-block ms-alert--neutral\">\n<h4 class=\"gb-text-8c5919a0\"><span class=\"gb-shape\"><svg viewBox=\"0 0 256 256\" fill=\"#000000\" height=\"32\" width=\"32\" xmlns=\"http:\/\/www.w3.org\/2000\/svg\"><path d=\"M108,84a16,16,0,1,1,16,16A16,16,0,0,1,108,84Zm128,44A108,108,0,1,1,128,20,108.12,108.12,0,0,1,236,128Zm-24,0a84,84,0,1,0-84,84A84.09,84.09,0,0,0,212,128Zm-72,36.68V132a20,20,0,0,0-20-20,12,12,0,0,0-4,23.32V168a20,20,0,0,0,20,20,12,12,0,0,0,4-23.32Z\"><\/path><\/svg><\/span><span class=\"gb-text\">\ucc38\uace0:<\/span><\/h4>\n\n\n\n<ul class=\"wp-block-list\">\n<li>\uc774 \uc815\ubcf4\ub294 2026\ub144 3\uc6d4\uc5d0 \ub9c8\uc9c0\ub9c9\uc73c\ub85c \uc5c5\ub370\uc774\ud2b8\ub418\uc5c8\uc2b5\ub2c8\ub2e4.<\/li>\n\n\n\n<li>\ubd80\ub2e4\ud398\uc2a4\ud2b8 \uce74\ub4dc\uc5d0 \ud3ec\ud568\ub41c \ud560\uc778 \ud61c\ud0dd\uc740 \uc0ac\uc804 \uacf5\uc9c0 \uc5c6\uc774 \ubcc0\uacbd\ub420 \uc218 \uc788\uc2b5\ub2c8\ub2e4.<\/li>\n<\/ul>\n<\/div>\n\n\n\n<p><\/p>\n","protected":false},"excerpt":{"rendered":"","protected":false},"author":1,"featured_media":0,"parent":0,"menu_order":3,"comment_status":"closed","ping_status":"closed","template":"","meta":{"_acf_changed":false,"footnotes":""},"post-style":[],"producer":[],"class_list":["post-8","page","type-page","status-publish"],"acf":[],"_links":{"self":[{"href":"https:\/\/www.budapestcard.org\/ko\/wp-json\/wp\/v2\/pages\/8","targetHints":{"allow":["GET"]}}],"collection":[{"href":"https:\/\/www.budapestcard.org\/ko\/wp-json\/wp\/v2\/pages"}],"about":[{"href":"https:\/\/www.budapestcard.org\/ko\/wp-json\/wp\/v2\/types\/page"}],"author":[{"embeddable":true,"href":"https:\/\/www.budapestcard.org\/ko\/wp-json\/wp\/v2\/users\/1"}],"replies":[{"embeddable":true,"href":"https:\/\/www.budapestcard.org\/ko\/wp-json\/wp\/v2\/comments?post=8"}],"version-history":[{"count":3,"href":"https:\/\/www.budapestcard.org\/ko\/wp-json\/wp\/v2\/pages\/8\/revisions"}],"predecessor-version":[{"id":1040,"href":"https:\/\/www.budapestcard.org\/ko\/wp-json\/wp\/v2\/pages\/8\/revisions\/1040"}],"wp:attachment":[{"href":"https:\/\/www.budapestcard.org\/ko\/wp-json\/wp\/v2\/media?parent=8"}],"wp:term":[{"taxonomy":"post-style","embeddable":true,"href":"https:\/\/www.budapestcard.org\/ko\/wp-json\/wp\/v2\/post-style?post=8"},{"taxonomy":"producer","embeddable":true,"href":"https:\/\/www.budapestcard.org\/ko\/wp-json\/wp\/v2\/producer?post=8"}],"curies":[{"name":"wp","href":"https:\/\/api.w.org\/{rel}","templated":true}]}}