{"id":27,"date":"2016-10-21T17:31:30","date_gmt":"2016-10-21T15:31:30","guid":{"rendered":"https:\/\/www.budapestcard.org\/nl\/?page_id=27"},"modified":"2026-04-13T06:07:30","modified_gmt":"2026-04-13T04:07:30","slug":"prijzen","status":"publish","type":"page","link":"https:\/\/www.budapestcard.org\/nl\/prijzen\/","title":{"rendered":"Prijzen Budapest Card"},"content":{"rendered":"\n<p>De Budapest Card is een van de beste hulpmiddelen om alles wat Boedapest te bieden heeft echt te ontdekken. Maar welke kaartoptie is de beste voor jou?<\/p>\n\n\n\n<p>De Budapest Card is verkrijgbaar in vijf verschillende geldigheidsduur: <strong>24<\/strong>, <strong>48<\/strong>, <strong>72<\/strong>, <strong>96 <\/strong>en <strong>120 <\/strong>uur. De kaart wordt pas geactiveerd wanneer je hem gebruikt, dus je kunt hem gerust al v\u00f3\u00f3r je reis kopen. Hij is geldig tot het einde van het huidige seizoen, tot 30 april 2026. Koop vroeg en bespaar!<\/p>\n\n\n\n<h3 class=\"wp-block-heading\">Prijstabel<\/h3>\n\n\n<div class=\"ms-table frozenColumn\"><table><tr><th>Volwassenen<\/th><th>Normale prijs<\/th><\/tr><tr><td>24 Uur<\/td><td>\u20ac55,00 (\u20ac55,00 per dag)<\/td><\/tr><tr><td>48 Uur<\/td><td>\u20ac71,50 (\u20ac35,75 per dag)<\/td><\/tr><tr><td>72 Uur<\/td><td>\u20ac91,30 (\u20ac30,43 per dag)<\/td><\/tr><tr><td>96 Uur<\/td><td>\u20ac114,40 (\u20ac28,60 per dag)<\/td><\/tr><tr><td>120 Uur<\/td><td>\u20ac127,60 (\u20ac25,52 per dag)<\/td><\/tr><\/table><\/div>\n\n\n<p><strong>Opmerking:<\/strong> Elke kaart is geldig voor \u00e9\u00e9n volwassene en \u00e9\u00e9n kind tot zes jaar oud.<\/p>\n\n\n\n<p>Om te bepalen of de Budapest Card het geld waard is, kun je jezelf deze drie vragen stellen:<\/p>\n\n\n\n<ol class=\"wp-block-list\">\n<li>Hoe lang blijf ik in Boedapest?<\/li>\n\n\n\n<li>Hoeveel wil ik zien en doen?<\/li>\n\n\n\n<li>Hoeveel wil ik besparen?<\/li>\n<\/ol>\n\n\n\n<p>Als je maar \u00e9\u00e9n dag in Boedapest bent om de beroemde Hongaarse schoorsteencakes (k\u00fcrt\u0151skal\u00e1cs) te proeven bij Moln\u00e1r&#8217;s K\u00fcrt\u0151skal\u00e1cs of om een duik te nemen in de thermale baden van Luk\u00e1cs, is een 24-uurskaart wellicht de beste optie. Blijf je langer of wil je meer doen dan alleen een lekkernij proeven en ontspannen in het bad, dan kun je beter voor een 48-, 72-, 96- of 120-uurskaart kiezen.<\/p>\n\n\n<div class=\"gb-container gb-container-bc0d9ca1 ms-alert--primary ms-p ms-rounded ms-mb-last-child-0 ms-mb-children-condensed ms-mb-block\">\n\n<p>De kaarten met een langere geldigheidsduur zijn erg voordelig. Vooral de 120-uurskaart is een goede deal, want die kost slechts \u20ac25,52 per dag.<\/p>\n\n<\/div>\n\n\n<p>De Budapest Card geeft je letterlijk de sleutels tot de stad. Tientallen bars, restaurants, kuuroorden, musea en andere locaties bieden enorme kortingen op toegang, diensten en aankopen. Je kunt gratis gebruikmaken van het openbaar vervoer, de bezienswaardigheden verkennen met gratis wandeltours, gratis riviercruises maken of gratis naar het thermale bad van Luk\u00e1cs gaan. De mogelijkheden zijn eindeloos.<\/p>\n\n\n\n<p>Bekijk onze pagina <a href=\"https:\/\/www.budapestcard.org\/nl\/kortingen\/\" target=\"_blank\" rel=\"noreferrer noopener\">Kortingen<\/a> voor meer informatie over alle voordelen van de Budapest Card.<\/p>\n","protected":false},"excerpt":{"rendered":"","protected":false},"author":1,"featured_media":0,"parent":0,"menu_order":4,"comment_status":"closed","ping_status":"closed","template":"","meta":{"_acf_changed":false,"footnotes":"","button_url":"https:\/\/www.tiqets.com\/nl\/things-to-do-in-budapest-c68199\/tickets-for-budapest-card-free-entrance-to-szt-lukacs-thermal-bath-and-pool-p974576\/?partner=budapestcard","ms_product_id":"","ms_product_name":"","ms_price":"","ms_currency":"","ms_rating_value":"","ms_review_count":"","rank_math_title":"Budapest Card - Prijzen in %currentyear%","rank_math_description":"Ontdek Boedapest in %currentyear% met de voordelige Budapest Card. Kies uit 24, 48, 72, 96 of 120 uur. Bekijk hier de prijzen van de Budapest Card."},"post-style":[],"producer":[],"class_list":["post-27","page","type-page","status-publish","has-post-thumbnail"],"acf":[],"product_schema":{"ms_product_id":"","ms_product_name":"","ms_price":"","ms_currency":"","ms_rating_value":"","ms_review_count":""},"_links":{"self":[{"href":"https:\/\/www.budapestcard.org\/nl\/wp-json\/wp\/v2\/pages\/27","targetHints":{"allow":["GET"]}}],"collection":[{"href":"https:\/\/www.budapestcard.org\/nl\/wp-json\/wp\/v2\/pages"}],"about":[{"href":"https:\/\/www.budapestcard.org\/nl\/wp-json\/wp\/v2\/types\/page"}],"author":[{"embeddable":true,"href":"https:\/\/www.budapestcard.org\/nl\/wp-json\/wp\/v2\/users\/1"}],"replies":[{"embeddable":true,"href":"https:\/\/www.budapestcard.org\/nl\/wp-json\/wp\/v2\/comments?post=27"}],"version-history":[{"count":3,"href":"https:\/\/www.budapestcard.org\/nl\/wp-json\/wp\/v2\/pages\/27\/revisions"}],"predecessor-version":[{"id":1056,"href":"https:\/\/www.budapestcard.org\/nl\/wp-json\/wp\/v2\/pages\/27\/revisions\/1056"}],"wp:attachment":[{"href":"https:\/\/www.budapestcard.org\/nl\/wp-json\/wp\/v2\/media?parent=27"}],"wp:term":[{"taxonomy":"post-style","embeddable":true,"href":"https:\/\/www.budapestcard.org\/nl\/wp-json\/wp\/v2\/post-style?post=27"},{"taxonomy":"producer","embeddable":true,"href":"https:\/\/www.budapestcard.org\/nl\/wp-json\/wp\/v2\/producer?post=27"}],"curies":[{"name":"wp","href":"https:\/\/api.w.org\/{rel}","templated":true}]}}