{"id":681,"date":"2024-10-22T13:11:57","date_gmt":"2024-10-22T11:11:57","guid":{"rendered":"https:\/\/www.budapestcard.org\/nl\/?page_id=681"},"modified":"2025-09-24T01:23:39","modified_gmt":"2025-09-23T23:23:39","slug":"contact","status":"publish","type":"page","link":"https:\/\/www.budapestcard.org\/nl\/contact\/","title":{"rendered":"Contact"},"content":{"rendered":"\n<h3 class=\"wp-block-heading\">Vragen over tickets<\/h3>\n\n\n\n<p>Voor vragen over tickets of uw bestaande boeking kunt u contact opnemen met onze ticketpartner:<\/p>\n\n\n\n<ul class=\"wp-block-list\">\n<li>E-mail: <a href=\"mailto:info@ticketbar.eu\">info@ticketbar.eu<\/a><\/li>\n\n\n\n<li>Telefoon: +44 2035142614<\/li>\n<\/ul>\n\n\n\n<hr class=\"wp-block-separator has-alpha-channel-opacity\"\/>\n\n\n\n<h3 class=\"wp-block-heading\">Toeristische informatie<\/h3>\n\n\n\n<h4 class=\"wp-block-heading\"><strong>Budapestinfo Toeristeninformatiekantoor<\/strong><\/h4>\n\n\n\n<p>Voor algemene vragen over toerisme in Boedapest en Hongarije, zoals plattegronden, gidsen en tips over bezienswaardigheden en evenementen:<\/p>\n\n\n\n<ul class=\"wp-block-list\">\n<li>Adres: 1052 V\u00e1rosh\u00e1za park, hoek van K\u00e1roly k\u00f6r\u00fat \u2013 B\u00e1rczy Istv\u00e1n Street (De\u00e1k-plein, Metro 1, Metro 2, Metro 3 of 100E busterminal tegenover de aankomsthal van de luchthaven).<\/li>\n<\/ul>\n\n\n\n<h4 class=\"wp-block-heading\"><strong>Budapest Card Informatie Hotline<\/strong><\/h4>\n\n\n\n<p>Voor gedetailleerde informatie over de Budapest Card, de kortingen en voordelen:<\/p>\n\n\n\n<ul class=\"wp-block-list\">\n<li>Telefoon: +36 30 955 0398 (bereikbaar van 9:00 tot 19:00 uur).<\/li>\n<\/ul>\n\n\n\n<hr class=\"wp-block-separator has-alpha-channel-opacity\"\/>\n\n\n\n<h3 class=\"wp-block-heading\">Website-ondersteuning<\/h3>\n\n\n\n<p>Voor vragen over deze website kunt u rechtstreeks contact met ons opnemen:<\/p>\n\n\n\n<ul class=\"wp-block-list\">\n<li>E-mail: info@moonshot.media<\/li>\n<\/ul>\n","protected":false},"excerpt":{"rendered":"","protected":false},"author":3,"featured_media":0,"parent":0,"menu_order":2,"comment_status":"closed","ping_status":"closed","template":"","meta":{"_acf_changed":false,"footnotes":"","button_url":"https:\/\/www.tiqets.com\/nl\/things-to-do-in-budapest-c68199\/tickets-for-budapest-card-free-entrance-to-szt-lukacs-thermal-bath-and-pool-p974576\/?partner=budapestcard","ms_product_id":"","ms_product_name":"","ms_price":"","ms_currency":"","ms_rating_value":"","ms_review_count":"","rank_math_title":"%title% %sep% %sitename%","rank_math_description":"Hulp nodig met uw Budapest Card? Neem contact op met onze ticketpartner voor hulp bij vragen over tickets of boekingen."},"post-style":[],"producer":[],"class_list":["post-681","page","type-page","status-publish","has-post-thumbnail"],"acf":[],"product_schema":{"ms_product_id":"","ms_product_name":"","ms_price":"","ms_currency":"","ms_rating_value":"","ms_review_count":""},"_links":{"self":[{"href":"https:\/\/www.budapestcard.org\/nl\/wp-json\/wp\/v2\/pages\/681","targetHints":{"allow":["GET"]}}],"collection":[{"href":"https:\/\/www.budapestcard.org\/nl\/wp-json\/wp\/v2\/pages"}],"about":[{"href":"https:\/\/www.budapestcard.org\/nl\/wp-json\/wp\/v2\/types\/page"}],"author":[{"embeddable":true,"href":"https:\/\/www.budapestcard.org\/nl\/wp-json\/wp\/v2\/users\/3"}],"replies":[{"embeddable":true,"href":"https:\/\/www.budapestcard.org\/nl\/wp-json\/wp\/v2\/comments?post=681"}],"version-history":[{"count":3,"href":"https:\/\/www.budapestcard.org\/nl\/wp-json\/wp\/v2\/pages\/681\/revisions"}],"predecessor-version":[{"id":982,"href":"https:\/\/www.budapestcard.org\/nl\/wp-json\/wp\/v2\/pages\/681\/revisions\/982"}],"wp:attachment":[{"href":"https:\/\/www.budapestcard.org\/nl\/wp-json\/wp\/v2\/media?parent=681"}],"wp:term":[{"taxonomy":"post-style","embeddable":true,"href":"https:\/\/www.budapestcard.org\/nl\/wp-json\/wp\/v2\/post-style?post=681"},{"taxonomy":"producer","embeddable":true,"href":"https:\/\/www.budapestcard.org\/nl\/wp-json\/wp\/v2\/producer?post=681"}],"curies":[{"name":"wp","href":"https:\/\/api.w.org\/{rel}","templated":true}]}}