{"id":8,"date":"2014-01-10T12:44:37","date_gmt":"2014-01-10T11:44:37","guid":{"rendered":"https:\/\/www.budapestcard.org\/nl\/?page_id=8"},"modified":"2026-03-29T05:51:23","modified_gmt":"2026-03-29T03:51:23","slug":"kortingen","status":"publish","type":"page","link":"https:\/\/www.budapestcard.org\/nl\/kortingen\/","title":{"rendered":"Budapest Card kortingen"},"content":{"rendered":"\n<div class=\"ms-p ms-rounded ms-mb-last-child-0 ms-mb-children-condensed ms-alert--contrast ms-mb-block\">\n<ul class=\"wp-block-list\">\n<li>De Budapest Card omvat onbeperkt openbaar vervoer door heel Boedapest (metro, tram, bus, inclusief vanaf het vliegveld).<\/li>\n\n\n\n<li>Krijg gratis toegang tot 22 musea en bezienswaardigheden zoals het Hongaars Nationaal Museum, de Nationale Galerij en het Boedapaleis.<\/li>\n\n\n\n<li>Geniet van een gratis thermaal bad in het Luk\u00e1csbad, \u00e9\u00e9n gratis Donaukruis en twee begeleide wandeltours.<\/li>\n\n\n\n<li>Bespaar 10\u201350% bij topattractions zoals het Sz\u00e9chenyibad, parlamentsrondleidingen en de Basiliek van de Heilige Stefanus.<\/li>\n\n\n\n<li>Plus kortingen in 12 of meer restaurants en andere ervaringen door de hele stad.<\/li>\n<\/ul>\n\n\n\n<p class=\"gb-text-fb1a3135\"><span class=\"gb-shape\"><svg xmlns=\"http:\/\/www.w3.org\/2000\/svg\" width=\"32\" height=\"32\" fill=\"#000000\" viewBox=\"0 0 256 256\"><path d=\"M228,144v64a12,12,0,0,1-12,12H40a12,12,0,0,1-12-12V144a12,12,0,0,1,24,0v52H204V144a12,12,0,0,1,24,0Zm-108.49,8.49a12,12,0,0,0,17,0l40-40a12,12,0,0,0-17-17L140,115V32a12,12,0,0,0-24,0v83L96.49,95.51a12,12,0,0,0-17,17Z\"><\/path><\/svg><\/span><span class=\"gb-text\"><a href=\"https:\/\/www.budapestcard.org\/wp-content\/uploads\/budapest-card-discounts.pdf\">Download de volledige kortingslijst (PDF)<\/a><\/span><\/p>\n<\/div>\n\n\n\n<h2 class=\"wp-block-heading\"><strong>Bezienswaardigheden<\/strong><\/h2>\n\n\n<div class=\"ms-table\"><table><tr><th>Item<\/th><th>Korting<\/th><\/tr><tr><td>BKK Openbaar Vervoer<\/td><td>Gratis<\/td><\/tr><tr><td>BKV Rivierbootdienst<\/td><td>Gratis<\/td><\/tr><tr><td>Sightseeingcruise<\/td><td>Gratis<\/td><\/tr><tr><td>Donaucruise<\/td><td>Gratis<\/td><\/tr><tr><td>Duna Bella Dagcruises<\/td><td>Gratis<\/td><\/tr><tr><td>Zugliget Stoeltjeslift<\/td><td>Gratis<\/td><\/tr><tr><td>Offici\u00eble Boedapest Kasteelbus<\/td><td>Gratis<\/td><\/tr><tr><td>Wandeltour Buda<\/td><td>Gratis<\/td><\/tr><tr><td>Wandeltour Pest<\/td><td>Gratis<\/td><\/tr><tr><td>Historische Voertuigen<\/td><td>Gratis<\/td><\/tr><tr><td>Brick \u2013 opladen onderweg, waar je ook bent<\/td><td>Gratis<\/td><\/tr><tr><td>Universal AirportHUB<\/td><td>-40%<\/td><\/tr><tr><td>Fietskar (Bring\u00f3hint\u00f3)<\/td><td>-25%<\/td><\/tr><tr><td>Legenda Stadscruises<\/td><td>-25%<\/td><\/tr><tr><td>BKV Avondrivierbootdienst<\/td><td>-20%<\/td><\/tr><tr><td>Deur-tot-deur Luchthaventransfer \u2013 miniBUD<\/td><td>-20%<\/td><\/tr><tr><td>EURAMA Sightseeingtours<\/td><td>-20%<\/td><\/tr><tr><td>Donauknie Tour<\/td><td>-20%<\/td><\/tr><tr><td>Budapest Flyride<\/td><td>-10%<\/td><\/tr><tr><td>Joods Erfgoed Tours<\/td><td>-10%<\/td><\/tr><\/table><\/div>\n\n\n<h2 class=\"wp-block-heading\"><strong>Musea en attracties<\/strong><\/h2>\n\n\n<div class=\"ms-table\"><table><tr><th>Item<\/th><th>Korting<\/th><\/tr><tr><td>Hongaars Nationaal Museum<\/td><td>Gratis<\/td><\/tr><tr><td>Hongaars Nationaal Galerij<\/td><td>Gratis<\/td><\/tr><tr><td>Geschiedenismuseum van Boedapest \u2013 Kasteelmuseum<\/td><td>Gratis<\/td><\/tr><tr><td>Sint-Stefanuszaal<\/td><td>Gratis<\/td><\/tr><tr><td>Museum voor Schone Kunsten<\/td><td>Gratis<\/td><\/tr><tr><td>Kunsthalle Boedapest<\/td><td>Gratis<\/td><\/tr><tr><td>Geschiedenismuseum van Boedapest \u2013 Aquincummuseum<\/td><td>Gratis<\/td><\/tr><tr><td>Geschiedenismuseum van Boedapest \u2013 Kiscell Museum<\/td><td>Gratis<\/td><\/tr><tr><td>Geschiedenismuseum van Boedapest \u2013 Boedapest Galerij<\/td><td>Gratis<\/td><\/tr><tr><td>Geschiedenismuseum van Boedapest \u2013 Middeleeuws Joods Gebedshuis<\/td><td>Gratis<\/td><\/tr><tr><td>Ludwig Museum \u2013 Hedendaagse Kunst<\/td><td>Gratis<\/td><\/tr><tr><td>Robert Capa Fotografiecentrum<\/td><td>Gratis<\/td><\/tr><tr><td>Huis van Hongaarse Fotografen \u2013 Mai Man\u00f3-huis<\/td><td>Gratis<\/td><\/tr><tr><td>Vasarely Museum Boedapest<\/td><td>Gratis<\/td><\/tr><tr><td>Memento Park \u2013 Het Beeldenpark<\/td><td>Gratis<\/td><\/tr><tr><td>Museum voor Handel en Toerisme<\/td><td>Gratis<\/td><\/tr><tr><td>Ferenc Hopp Museum voor Aziatische Kunsten<\/td><td>Gratis<\/td><\/tr><tr><td>Metrospoorwegmuseum<\/td><td>Gratis<\/td><\/tr><tr><td>Museum van \u00d3buda<\/td><td>Gratis<\/td><\/tr><tr><td>Goldberger Textielcollectie \u2013 \u00d3buda Museum<\/td><td>Gratis<\/td><\/tr><tr><td>P\u00e1l-v\u00f6lgyi Grot<\/td><td>Gratis<\/td><\/tr><tr><td>Watertoren en Panoramische Toren op Margaretha-eiland<\/td><td>Gratis<\/td><\/tr><tr><td>Pesti Vigad\u00f3<\/td><td>-50%<\/td><\/tr><tr><td>Fradi Museum<\/td><td>-50%<\/td><\/tr><tr><td>Museum voor Volkenkunde<\/td><td>-25%<\/td><\/tr><tr><td>Sint-Stefanusbasiliek<\/td><td>-20%<\/td><\/tr><tr><td>Parochiekerk van de Tenhemelopneming<\/td><td>-20%<\/td><\/tr><tr><td>Koninklijk Paleis van G\u00f6d\u00f6ll\u0151<\/td><td>-20%<\/td><\/tr><tr><td>Huis van Muziek Hongarije<\/td><td>-20%<\/td><\/tr><tr><td>Dierentuin en Botanische Tuin van Boedapest<\/td><td>-20%<\/td><\/tr><tr><td>Huis van Unicum<\/td><td>-20%<\/td><\/tr><tr><td>Madame Tussauds Boedapest<\/td><td>-20%<\/td><\/tr><tr><td>Timetrap Exit Game<\/td><td>-20%<\/td><\/tr><tr><td>Reuzenrad van Boedapest met champagne<\/td><td>-20%<\/td><\/tr><tr><td>Stadspark Roeivijver<\/td><td>-20%<\/td><\/tr><tr><td>Indoor Skydiving<\/td><td>-20%<\/td><\/tr><tr><td>Museum van Illusies<\/td><td>-15%<\/td><\/tr><tr><td>Light Art Museum<\/td><td>-15%<\/td><\/tr><tr><td>Tropicarium \u2013 Het Haaienzoo<\/td><td>-15%<\/td><\/tr><tr><td>IKONO Boedapest<\/td><td>-15%<\/td><\/tr><tr><td>Cinema Mystica<\/td><td>-10%<\/td><\/tr><tr><td>Hospitaal in de Rots \u2013 Nucleaire Bunker Museum<\/td><td>-10%<\/td><\/tr><tr><td>Synagoge in Kazinczy utca<\/td><td>-10%<\/td><\/tr><tr><td>Doh\u00e1ny Straat Synagoge<\/td><td>-10%<\/td><\/tr><tr><td>Hongaars Joods Museum en Archieven<\/td><td>-10%<\/td><\/tr><tr><td>Orgelconcert in de Sint-Stefanusbasiliek<\/td><td>-10%<\/td><\/tr><tr><td>Premier Outlet Boedapest<\/td><td>-10%<\/td><\/tr><\/table><\/div>\n\n\n<h2 class=\"wp-block-heading\">Baden en zwembaden<\/h2>\n\n\n<div class=\"ms-table\"><table><tr><th>Item<\/th><th>Korting<\/th><\/tr><tr><td>St. Luk\u00e1cs Thermale Bad &#038; Zwembad<\/td><td>Gratis<\/td><\/tr><tr><td>Lupa Beach<\/td><td>Gratis<\/td><\/tr><tr><td>Sz\u00e9chenyi Thermale Bad &#038; Zwembad<\/td><td>-20%<\/td><\/tr><tr><td>Rudas Thermale Bad &#038; Zwembad<\/td><td>-20%<\/td><\/tr><tr><td>Palatinus Thermale Bad, Publiek &#038; Golfslagbad<\/td><td>-20%<\/td><\/tr><tr><td>R\u00f3mai Bad<\/td><td>-20%<\/td><\/tr><tr><td>Aquaworld Resort Budapest<\/td><td>-20%<\/td><\/tr><\/table><\/div>\n\n\n<h2 class=\"wp-block-heading\"><strong>Gastronomie<\/strong><\/h2>\n\n\n<div class=\"ms-table\"><table><tr><th>Item<\/th><th>Korting<\/th><\/tr><tr><td>GastroCellar \u2013 Proeverij<\/td><td>Gratis<\/td><\/tr><tr><td>L\u00e1ngos in het hart van de stad<\/td><td>-20%<\/td><\/tr><tr><td>Moln\u00e1r\u2019s K\u00fcrt\u0151skal\u00e1cs<\/td><td>-20%<\/td><\/tr><tr><td>Parisi Passage Restaurant<\/td><td>-20%<\/td><\/tr><tr><td>Zsolnay Caf\u00e9<\/td><td>-20%<\/td><\/tr><tr><td>Yellow Bistro &#038; Bar<\/td><td>-20%<\/td><\/tr><tr><td>Caf\u00e9 Astoria &#038; Restaurant<\/td><td>-20%<\/td><\/tr><tr><td>L\u00e1ng Restaurant<\/td><td>-20%<\/td><\/tr><tr><td>Hard Rock Cafe<\/td><td>-20%<\/td><\/tr><tr><td>Hal\u00e1szb\u00e1stya Restaurant<\/td><td>-15%<\/td><\/tr><tr><td>TATI Restaurant<\/td><td>-10%<\/td><\/tr><tr><td>VIRTU Restaurant<\/td><td>-10%<\/td><\/tr><tr><td>Nokedlish<\/td><td>-10%<\/td><\/tr><tr><td>Eggscuse Me? Brunch &#038; Bistro<\/td><td>-10%<\/td><\/tr><\/table><\/div>\n\n\n<h2 class=\"wp-block-heading\">Budapest Card <strong>72 uur Plus<\/strong> Exclusieve kortingen<\/h2>\n\n\n<div class=\"ms-table\"><table><tr><th>Item<\/th><th>Korting<\/th><\/tr><tr><td>Deur-tot-deur Luchthaven Transfer \u2013 miniBUD<\/td><td>Gratis<\/td><\/tr><tr><td>L\u00c1NGOS in het hart van de stad!<\/td><td>Gratis<\/td><\/tr><tr><td>Moln\u00e1r\u2019s K\u00fcrt\u0151skal\u00e1cs<\/td><td>Gratis<\/td><\/tr><tr><td>Kerk van Onze Lieve Vrouw \u2013 Matthias Kerk<\/td><td>Gratis<\/td><\/tr><tr><td>Burcht van Boeda Kabelbaan<\/td><td>Gratis<\/td><\/tr><\/table><\/div>\n\n\n<div class=\"ms-p ms-rounded ms-mb-last-child-0 ms-mb-children-condensed ms-mb-block ms-alert--neutral\">\n<h4 class=\"gb-text-8c5919a0\"><span class=\"gb-shape\"><svg viewBox=\"0 0 256 256\" fill=\"#000000\" height=\"32\" width=\"32\" xmlns=\"http:\/\/www.w3.org\/2000\/svg\"><path d=\"M108,84a16,16,0,1,1,16,16A16,16,0,0,1,108,84Zm128,44A108,108,0,1,1,128,20,108.12,108.12,0,0,1,236,128Zm-24,0a84,84,0,1,0-84,84A84.09,84.09,0,0,0,212,128Zm-72,36.68V132a20,20,0,0,0-20-20,12,12,0,0,0-4,23.32V168a20,20,0,0,0,20,20,12,12,0,0,0,4-23.32Z\"><\/path><\/svg><\/span><span class=\"gb-text\">Let op:<\/span><\/h4>\n\n\n\n<ul class=\"wp-block-list\">\n<li>Deze informatie is voor het laatst bijgewerkt in maart 2026.<\/li>\n\n\n\n<li>De kortingen die bij de Budapest Card zijn inbegrepen, kunnen zonder voorafgaande kennisgeving worden gewijzigd.<\/li>\n<\/ul>\n<\/div>\n","protected":false},"excerpt":{"rendered":"","protected":false},"author":1,"featured_media":0,"parent":0,"menu_order":3,"comment_status":"closed","ping_status":"closed","template":"","meta":{"_acf_changed":false,"footnotes":"","button_url":"https:\/\/www.tiqets.com\/nl\/things-to-do-in-budapest-c68199\/tickets-for-budapest-card-free-entrance-to-szt-lukacs-thermal-bath-and-pool-p974576\/?partner=budapestcard","ms_product_id":"","ms_product_name":"","ms_price":"","ms_currency":"","ms_rating_value":"","ms_review_count":"","rank_math_title":"Budapest Card kortingen: de volledige lijst in %currentyear%","rank_math_description":"Bekijk de volledige lijst met kortingen die bij de Budapest Card zijn inbegrepen."},"post-style":[],"producer":[],"class_list":["post-8","page","type-page","status-publish","has-post-thumbnail"],"acf":[],"product_schema":{"ms_product_id":"","ms_product_name":"","ms_price":"","ms_currency":"","ms_rating_value":"","ms_review_count":""},"_links":{"self":[{"href":"https:\/\/www.budapestcard.org\/nl\/wp-json\/wp\/v2\/pages\/8","targetHints":{"allow":["GET"]}}],"collection":[{"href":"https:\/\/www.budapestcard.org\/nl\/wp-json\/wp\/v2\/pages"}],"about":[{"href":"https:\/\/www.budapestcard.org\/nl\/wp-json\/wp\/v2\/types\/page"}],"author":[{"embeddable":true,"href":"https:\/\/www.budapestcard.org\/nl\/wp-json\/wp\/v2\/users\/1"}],"replies":[{"embeddable":true,"href":"https:\/\/www.budapestcard.org\/nl\/wp-json\/wp\/v2\/comments?post=8"}],"version-history":[{"count":3,"href":"https:\/\/www.budapestcard.org\/nl\/wp-json\/wp\/v2\/pages\/8\/revisions"}],"predecessor-version":[{"id":1054,"href":"https:\/\/www.budapestcard.org\/nl\/wp-json\/wp\/v2\/pages\/8\/revisions\/1054"}],"wp:attachment":[{"href":"https:\/\/www.budapestcard.org\/nl\/wp-json\/wp\/v2\/media?parent=8"}],"wp:term":[{"taxonomy":"post-style","embeddable":true,"href":"https:\/\/www.budapestcard.org\/nl\/wp-json\/wp\/v2\/post-style?post=8"},{"taxonomy":"producer","embeddable":true,"href":"https:\/\/www.budapestcard.org\/nl\/wp-json\/wp\/v2\/producer?post=8"}],"curies":[{"name":"wp","href":"https:\/\/api.w.org\/{rel}","templated":true}]}}