{"id":27,"date":"2016-10-21T17:31:30","date_gmt":"2016-10-21T15:31:30","guid":{"rendered":"https:\/\/www.budapestcard.org\/?page_id=27"},"modified":"2026-04-13T06:12:50","modified_gmt":"2026-04-13T04:12:50","slug":"ceny","status":"publish","type":"page","link":"https:\/\/www.budapestcard.org\/pl\/ceny\/","title":{"rendered":"Ceny kart Budapest Card"},"content":{"rendered":"\n<p>Budapest Card to jedno z najlepszych narz\u0119dzi, kt\u00f3re pomo\u017ce Ci naprawd\u0119 odkry\u0107 wszystkie niesamowite rzeczy, kt\u00f3re Budapeszt ma do zaoferowania, ale kt\u00f3ra opcja karty jest dla Ciebie najlepsza?<\/p>\n\n\n\n<p>Istnieje pi\u0119\u0107 r\u00f3\u017cnych okres\u00f3w wa\u017cno\u015bci Budapest Card: <strong>24<\/strong>, <strong>48<\/strong>, <strong>72<\/strong>, <strong>96<\/strong> i <strong>120<\/strong> godzin. Ka\u017cda karta jest wa\u017cna od pierwszego u\u017cycia przez okres wskazany na karcie. Karta aktywuje si\u0119 dopiero przy pierwszym u\u017cyciu, wi\u0119c mo\u017cesz j\u0105 spokojnie kupi\u0107 przed podr\u00f3\u017c\u0105. Jest wa\u017cna do ko\u0144ca bie\u017c\u0105cego sezonu, czyli do 30 kwietnia 2026 roku. Kup wcze\u015bniej i oszcz\u0119dzaj!<\/p>\n\n\n\n<h3 class=\"wp-block-heading\">Tabela cen<\/h3>\n\n\n<div class=\"ms-table frozenColumn\"><table><tr><th>Doro\u015bli<\/th><th>Cena standardowa<\/th><\/tr><tr><td>24 Godziny<\/td><td>\u20ac55,00 (\u20ac55,00 za dzie\u0144)<\/td><\/tr><tr><td>48 Godzin<\/td><td>\u20ac71,50 (\u20ac35,75 za dzie\u0144)<\/td><\/tr><tr><td>72 Godziny<\/td><td>\u20ac91,30 (\u20ac30,43 za dzie\u0144)<\/td><\/tr><tr><td>96 Godzin<\/td><td>\u20ac114,40 (\u20ac28,60 za dzie\u0144)<\/td><\/tr><tr><td>120 Godzin<\/td><td>\u20ac127,60 (\u20ac25,52 za dzie\u0144)<\/td><\/tr><\/table><\/div>\n\n\n<p><strong>Uwaga:<\/strong> Ka\u017cda karta jest wa\u017cna dla jednej osoby doros\u0142ej i jednego podr\u00f3\u017cuj\u0105cego z ni\u0105 dziecka w wieku do sze\u015bciu lat.<\/p>\n\n\n\n<p>Aby okre\u015bli\u0107, czy Budapest Card jest warta swojej ceny, zadaj sobie nast\u0119puj\u0105ce trzy pytania:<\/p>\n\n\n\n<ol class=\"wp-block-list\">\n<li>Jak d\u0142ugo zamierzam zosta\u0107 w Budapeszcie?<\/li>\n\n\n\n<li>Ile niesamowitych rzeczy chc\u0119 zobaczy\u0107 podczas pobytu w Budapeszcie?<\/li>\n\n\n\n<li>Ile pieni\u0119dzy chc\u0119 zaoszcz\u0119dzi\u0107?<\/li>\n<\/ol>\n\n\n\n<p>Czy wpadasz do Budapesztu tylko na jeden dzie\u0144, aby spr\u00f3bowa\u0107 s\u0142ynnych tradycyjnych w\u0119gierskich ciastek kominowych w Moln\u00e1r&#8217;s K\u00fcrt\u0151skal\u00e1cs lub wyk\u0105pa\u0107 si\u0119 w \u0142a\u017ani termalnej i basenie Luk\u00e1cs? Je\u015bli tak, to inwestycja w kart\u0119 24-godzinn\u0105 mo\u017ce by\u0107 najlepszym rozwi\u0105zaniem. Je\u015bli zostajesz na d\u0142u\u017cej lub chcesz skorzysta\u0107 z czego\u015b wi\u0119cej ni\u017c tylko s\u0142odki pocz\u0119stunek i relaksuj\u0105ca k\u0105piel, rozwa\u017c karty 48-, 72-, 96- lub 120-godzinne.<\/p>\n\n\n<div class=\"gb-container gb-container-7d45ff9c ms-alert--primary ms-p ms-rounded ms-mb-last-child-0 ms-mb-children-condensed ms-mb-block\">\n\n<p>D\u0142u\u017csze karty maj\u0105 \u015bwietny stosunek jako\u015bci do ceny, zw\u0142aszcza karta 120-godzinna, kt\u00f3ra kosztuje zaledwie \u20ac25,52 dziennie.<\/p>\n\n<\/div>\n\n\n<p>Karta Budapeszt daje Ci klucze do miasta lub tak blisko, jak to tylko mo\u017cliwe. Dziesi\u0105tki bar\u00f3w, restauracji, spa, muze\u00f3w i innych miejsc oferuje ogromne zni\u017cki na wst\u0119p, us\u0142ugi lub zakupy. Mo\u017cesz bezp\u0142atnie korzysta\u0107 z transportu publicznego w mie\u015bcie, zwiedza\u0107 zabytki podczas bezp\u0142atnych pieszych wycieczek i rejs\u00f3w po rzece lub wpa\u015b\u0107 do \u0142a\u017ani termalnej Luk\u00e1cs na bezp\u0142atn\u0105 wizyt\u0119. Mo\u017cliwo\u015bci s\u0105 nieograniczone.<\/p>\n\n\n\n<p>Sprawd\u017a nasz\u0105 stron\u0119 <a href=\"https:\/\/www.budapestcard.org\/pl\/znizki\/\" data-type=\"page\" data-id=\"8\">ze zni\u017ckami<\/a>, aby uzyska\u0107 wi\u0119cej informacji na temat wszystkich niesamowitych oszcz\u0119dno\u015bci, kt\u00f3re s\u0105 mo\u017cliwe dzi\u0119ki Budapest Card.<\/p>\n","protected":false},"excerpt":{"rendered":"","protected":false},"author":2,"featured_media":0,"parent":0,"menu_order":6,"comment_status":"closed","ping_status":"closed","template":"","meta":{"_acf_changed":false,"footnotes":"","button_url":"https:\/\/www.tiqets.com\/pl\/things-to-do-in-budapest-c68199\/tickets-for-budapest-card-free-entrance-to-szt-lukacs-thermal-bath-and-pool-p974576\/?partner=budapestcard","ms_product_id":"","ms_product_name":"","ms_price":"","ms_currency":"","ms_rating_value":"","ms_review_count":"","rank_math_title":"Ceny Budapest Card w %currentyear%","rank_math_description":"Informacje o cenach Karty Budapeszt na jeden, dwa i trzy dni. Kliknij tutaj, aby dowiedzie\u0107 si\u0119 wi\u0119cej."},"post-style":[],"producer":[],"class_list":["post-27","page","type-page","status-publish","has-post-thumbnail"],"acf":[],"product_schema":{"ms_product_id":"","ms_product_name":"","ms_price":"","ms_currency":"","ms_rating_value":"","ms_review_count":""},"_links":{"self":[{"href":"https:\/\/www.budapestcard.org\/pl\/wp-json\/wp\/v2\/pages\/27","targetHints":{"allow":["GET"]}}],"collection":[{"href":"https:\/\/www.budapestcard.org\/pl\/wp-json\/wp\/v2\/pages"}],"about":[{"href":"https:\/\/www.budapestcard.org\/pl\/wp-json\/wp\/v2\/types\/page"}],"author":[{"embeddable":true,"href":"https:\/\/www.budapestcard.org\/pl\/wp-json\/wp\/v2\/users\/2"}],"replies":[{"embeddable":true,"href":"https:\/\/www.budapestcard.org\/pl\/wp-json\/wp\/v2\/comments?post=27"}],"version-history":[{"count":3,"href":"https:\/\/www.budapestcard.org\/pl\/wp-json\/wp\/v2\/pages\/27\/revisions"}],"predecessor-version":[{"id":929,"href":"https:\/\/www.budapestcard.org\/pl\/wp-json\/wp\/v2\/pages\/27\/revisions\/929"}],"wp:attachment":[{"href":"https:\/\/www.budapestcard.org\/pl\/wp-json\/wp\/v2\/media?parent=27"}],"wp:term":[{"taxonomy":"post-style","embeddable":true,"href":"https:\/\/www.budapestcard.org\/pl\/wp-json\/wp\/v2\/post-style?post=27"},{"taxonomy":"producer","embeddable":true,"href":"https:\/\/www.budapestcard.org\/pl\/wp-json\/wp\/v2\/producer?post=27"}],"curies":[{"name":"wp","href":"https:\/\/api.w.org\/{rel}","templated":true}]}}