{"id":29,"date":"2016-10-21T17:36:59","date_gmt":"2016-10-21T15:36:59","guid":{"rendered":"https:\/\/www.budapestcard.org\/?page_id=29"},"modified":"2025-06-04T06:20:35","modified_gmt":"2025-06-04T04:20:35","slug":"najczesciej-zadawane-pytania","status":"publish","type":"page","link":"https:\/\/www.budapestcard.org\/pl\/najczesciej-zadawane-pytania\/","title":{"rendered":"Najcz\u0119\u015bciej zadawane pytania"},"content":{"rendered":"<div id=\"rank-math-faq\" class=\"rank-math-block\">\n<div class=\"rank-math-list \">\n<div id=\"faq-question-1717062476605\" class=\"rank-math-list-item\">\n<h3 class=\"rank-math-question \">Czym jest Budapest Card?<\/h3>\n<div class=\"rank-math-answer \">\n\n<p>Budapest Card to Tw\u00f3j metaforyczny klucz do Budapesztu. Mo\u017cesz jej u\u017cywa\u0107 na trzy sposoby: jako karty transportowej, kt\u00f3ra zapewnia bezp\u0142atne przejazdy wszystkimi \u015brodkami transportu publicznego w mie\u015bcie; jako karty atrakcji, kt\u00f3ra zabierze Ci\u0119 przez bogat\u0105 histori\u0119 i kultur\u0119 miasta; oraz jako karty rabatowej, kt\u00f3ra pozwoli Ci zaoszcz\u0119dzi\u0107 wi\u0119cej ni\u017c troch\u0119 pieni\u0119dzy podczas pobytu w Budapeszcie.<\/p>\n<p>Karta Budapeszt oferuje bezp\u0142atne wej\u015bcia do ponad 30 muze\u00f3w i atrakcji, zni\u017cki do 50% w restauracjach, barach i sklepach, bezp\u0142atne piesze wycieczki i bezp\u0142atne rejsy po rzece, kt\u00f3re pomog\u0105 Ci zapozna\u0107 si\u0119 z tym niesamowitym miastem.<\/p>\n\n<\/div>\n<\/div>\n<div id=\"faq-question-1717062505033\" class=\"rank-math-list-item\">\n<h3 class=\"rank-math-question \">Jakie s\u0105 zalety karty Budapest Card?<\/h3>\n<div class=\"rank-math-answer \">\n\n<p>Najlepsz\u0105 rzecz\u0105 w Budapest Card jest to, \u017ce pomaga ona zaoszcz\u0119dzi\u0107 zar\u00f3wno czas, jak i pieni\u0105dze. Dzi\u0119ki bezp\u0142atnemu wst\u0119powi do ponad 30 atrakcji, w tym najwa\u017cniejszych miejsc, takich jak W\u0119gierskie Muzeum Narodowe i Termy \u015bw. Luk\u00e1csa, a tak\u017ce zni\u017ckom na wiele innych, mo\u017cesz z \u0142atwo\u015bci\u0105 zaoszcz\u0119dzi\u0107 setki euro. Nie ma znaczenia, czy lecisz sam, czy z przyjaci\u00f3\u0142mi, nadal uzyskasz te same du\u017ce oszcz\u0119dno\u015bci na atrakcjach.<\/p>\n<p>Niezale\u017cnie od tego, czy chcesz sp\u0119dzi\u0107 dzie\u0144 w spa w jednej z wielu \u0142a\u017ani termalnych w mie\u015bcie, czy te\u017c bardziej interesuje Ci\u0119 udzia\u0142 w przedstawieniu w historycznym teatrze lub muzeum, Budapest Card ma co\u015b dla ka\u017cdego.<\/p>\n\n<\/div>\n<\/div>\n<div id=\"faq-question-1717062519392\" class=\"rank-math-list-item\">\n<h3 class=\"rank-math-question \">Jakie zni\u017cki oferuje Budapest Card?<\/h3>\n<div class=\"rank-math-answer \">\n\n<p>Karta Budapest Card oferuje zni\u017cki na transport, atrakcje, wycieczki krajoznawcze, restauracje, spa i wiele innych. Ponadto karta oferuje bezp\u0142atny dost\u0119p do wszystkich \u015brodk\u00f3w transportu publicznego w Budapeszcie, wst\u0119p do jednej z legendarnych \u0142a\u017ani termalnych w mie\u015bcie oraz bezp\u0142atny wst\u0119p do ponad 30 najwa\u017cniejszych muze\u00f3w i miejsc historycznych w Budapeszcie. Opr\u00f3cz tego posiadacze Budapest Card otrzymuj\u0105 zni\u017cki na wst\u0119p do wielu innych zabytk\u00f3w kultury i ko\u015bcio\u0142\u00f3w w ca\u0142ym mie\u015bcie.<\/p>\n<p>Je\u015bli lubisz zwiedza\u0107, Budapest Card obejmuje bezp\u0142atne piesze wycieczki, z kt\u00f3rych mo\u017cesz skorzysta\u0107. Poka\u017c\u0105 Ci one wszystko, od Baszty Rybackiej w dzielnicy Zamku Burda po zadziwiaj\u0105co pi\u0119kn\u0105 Bazylik\u0119 \u015awi\u0119tego Stefana po stronie Pesztu. Mo\u017cesz tak\u017ce skorzysta\u0107 z bezp\u0142atnych rejs\u00f3w po rzece, kt\u00f3re oferuj\u0105 doskona\u0142\u0105 okazj\u0119 do podziwiania osza\u0142amiaj\u0105cej panoramy Budapesztu z Dunaju.<\/p>\n<p>Je\u015bli jeste\u015b smakoszem, Budapest Card zapewnia do 50% zni\u017cki w niekt\u00f3rych wspania\u0142ych restauracjach, kawiarniach i barach, dzi\u0119ki czemu mo\u017cesz cieszy\u0107 si\u0119 najlepsz\u0105 w\u0119giersk\u0105 kuchni\u0105 bez rozbijania banku. Kr\u00f3tko m\u00f3wi\u0105c, Budapest Card oferuje zni\u017cki dla ka\u017cdego typu podr\u00f3\u017cnika &#8211; niezale\u017cnie od tego, czy jeste\u015b tu ze wzgl\u0119du na histori\u0119, jedzenie czy zabaw\u0119. Sprawd\u017a stron\u0119 <a href=\"https:\/\/www.budapestcard.org\/pl\/znizki\/\" data-type=\"page\" data-id=\"8\">ze zni\u017ckami<\/a>, aby zobaczy\u0107 pe\u0142n\u0105 list\u0119 korzy\u015bci.<\/p>\n\n<\/div>\n<\/div>\n<div id=\"faq-question-1724240168809\" class=\"rank-math-list-item\">\n<h3 class=\"rank-math-question \">Czy karta Budapest Card jest tego warta?<\/h3>\n<div class=\"rank-math-answer \">\n\n<p>Karta Budapest Card zapewnia bezp\u0142atny dost\u0119p do systemu transportu miejskiego i obejmuje ponad 50 zni\u017cek na muzea, atrakcje, bary, restauracje, kawiarnie, bary i \u0142a\u017anie termalne. Karta nie tylko pozwala zaoszcz\u0119dzi\u0107 pieni\u0105dze, ale tak\u017ce daje swobod\u0119 zwiedzania miasta w spos\u00f3b, w jaki chcesz je zobaczy\u0107 i wygod\u0119 odwiedzania wszystkich niesamowitych atrakcji, kt\u00f3re Budapeszt ma do zaoferowania, na w\u0142asnych warunkach. To powiedziawszy, tylko Ty mo\u017cesz zdecydowa\u0107, czy Budapest Card jest warta inwestycji.<\/p>\n\n<\/div>\n<\/div>\n<div id=\"faq-question-1745833677532\" class=\"rank-math-list-item\">\n<h3 class=\"rank-math-question \">Czy z Budapest Card mo\u017cna omija\u0107 kolejki?<\/h3>\n<div class=\"rank-math-answer \">\n\n<p>Nie, Budapest Card nie pozwala na omijanie kolejek. Daje darmowy wst\u0119p lub zni\u017cki, ale trzeba sta\u0107 w kolejce jak inni.<\/p>\n\n<\/div>\n<\/div>\n<div id=\"faq-question-1745833685761\" class=\"rank-math-list-item\">\n<h3 class=\"rank-math-question \">Jak d\u0142ugo wa\u017cna jest Budapest Card?<\/h3>\n<div class=\"rank-math-answer \">\n\n<p>Mo\u017cesz wybra\u0107 kart\u0119 wa\u017cn\u0105 24, 48, 72, 96 lub 120 godzin od pierwszego u\u017cycia. Ka\u017cda karta obowi\u0105zuje w sezonie rocznym:<br \/><strong>2024\/2025:<\/strong> wa\u017cna od 1 maja 2024 do 30 kwietnia 2025<br \/><strong>2025\/2026:<\/strong> wa\u017cna od 1 maja 2025 do 30 kwietnia 2026<br \/>Upewnij si\u0119, \u017ce karta pasuje do Twoich dat podr\u00f3\u017cy!<\/p>\n\n<\/div>\n<\/div>\n<div id=\"faq-question-1745833704606\" class=\"rank-math-list-item\">\n<h3 class=\"rank-math-question \">Co zrobi\u0107, je\u015bli zgubi\u0119 Budapest Card?<\/h3>\n<div class=\"rank-math-answer \">\n\n<p>Nie martw si\u0119! Je\u015bli zarejestrowa\u0142e\u015b kart\u0119 na stronie po zakupie, mo\u017cesz otrzyma\u0107 duplikat w <a href=\"https:\/\/www.budapestcard.org\/pl\/kontakt\/\">punkcie informacji turystycznej Budapestinfo<\/a>.<\/p>\n\n<\/div>\n<\/div>\n<div id=\"faq-question-1729590316255\" class=\"rank-math-list-item\">\n<h3 class=\"rank-math-question \">Czym jest w\u0119gierska wiza cyfrowego nomada?<\/h3>\n<div class=\"rank-math-answer \">\n\n<p><a href=\"https:\/\/www.budapestcard.org\/pl\/wiza-nomada-cyfrowego-wegry\/\"><u>W\u0119gierska Wiza Cyfrowego Nomada<\/u><\/a>, znana r\u00f3wnie\u017c jako Bia\u0142a Karta, to roczne zezwolenie na pobyt, kt\u00f3re pozwala pracownikom zdalnym legalnie mieszka\u0107 i pracowa\u0107 na W\u0119grzech. Mo\u017cna j\u0105 odnowi\u0107 raz, co pozwala na maksymalny pobyt przez dwa lata.<\/p>\n\n<\/div>\n<\/div>\n<\/div>\n<\/div>","protected":false},"excerpt":{"rendered":"","protected":false},"author":2,"featured_media":0,"parent":0,"menu_order":7,"comment_status":"closed","ping_status":"closed","template":"","meta":{"_acf_changed":false,"footnotes":"","button_url":"https:\/\/www.tiqets.com\/pl\/things-to-do-in-budapest-c68199\/tickets-for-budapest-card-free-entrance-to-szt-lukacs-thermal-bath-and-pool-p974576\/?partner=budapestcard","ms_product_id":"","ms_product_name":"","ms_price":"","ms_currency":"","ms_rating_value":"","ms_review_count":"","rank_math_title":"Najcz\u0119\u015bciej zadawane pytania \u2013 Karta Budapeszt","rank_math_description":"Czym jest Karta Budapeszt? Najcz\u0119\u015bciej zadywane pytania na temat dzia\u0142ania karty, jej korzy\u015bci i zni\u017cek oraz dodatkowe informacje."},"post-style":[],"producer":[],"class_list":["post-29","page","type-page","status-publish","has-post-thumbnail"],"acf":[],"product_schema":{"ms_product_id":"","ms_product_name":"","ms_price":"","ms_currency":"","ms_rating_value":"","ms_review_count":""},"_links":{"self":[{"href":"https:\/\/www.budapestcard.org\/pl\/wp-json\/wp\/v2\/pages\/29","targetHints":{"allow":["GET"]}}],"collection":[{"href":"https:\/\/www.budapestcard.org\/pl\/wp-json\/wp\/v2\/pages"}],"about":[{"href":"https:\/\/www.budapestcard.org\/pl\/wp-json\/wp\/v2\/types\/page"}],"author":[{"embeddable":true,"href":"https:\/\/www.budapestcard.org\/pl\/wp-json\/wp\/v2\/users\/2"}],"replies":[{"embeddable":true,"href":"https:\/\/www.budapestcard.org\/pl\/wp-json\/wp\/v2\/comments?post=29"}],"version-history":[{"count":3,"href":"https:\/\/www.budapestcard.org\/pl\/wp-json\/wp\/v2\/pages\/29\/revisions"}],"predecessor-version":[{"id":849,"href":"https:\/\/www.budapestcard.org\/pl\/wp-json\/wp\/v2\/pages\/29\/revisions\/849"}],"wp:attachment":[{"href":"https:\/\/www.budapestcard.org\/pl\/wp-json\/wp\/v2\/media?parent=29"}],"wp:term":[{"taxonomy":"post-style","embeddable":true,"href":"https:\/\/www.budapestcard.org\/pl\/wp-json\/wp\/v2\/post-style?post=29"},{"taxonomy":"producer","embeddable":true,"href":"https:\/\/www.budapestcard.org\/pl\/wp-json\/wp\/v2\/producer?post=29"}],"curies":[{"name":"wp","href":"https:\/\/api.w.org\/{rel}","templated":true}]}}