{"id":654,"date":"2024-10-22T10:32:24","date_gmt":"2024-10-22T08:32:24","guid":{"rendered":"https:\/\/www.budapestcard.org\/pl\/?page_id=654"},"modified":"2025-04-21T08:33:55","modified_gmt":"2025-04-21T06:33:55","slug":"wiza-nomada-cyfrowego-wegry","status":"publish","type":"page","link":"https:\/\/www.budapestcard.org\/pl\/wiza-nomada-cyfrowego-wegry\/","title":{"rendered":"Wiza dla cyfrowych nomad\u00f3w na W\u0119grzech"},"content":{"rendered":"\n<p>W\u0119gry szybko staj\u0105 si\u0119 popularnym celem podr\u00f3\u017cy cyfrowych nomad\u00f3w poszukuj\u0105cych t\u0119tni\u0105cej \u017cyciem kultury, bogatej historii i przyst\u0119pnych cenowo warunk\u00f3w \u017cycia. W odpowiedzi na rosn\u0105cy trend pracy zdalnej, W\u0119gry ustanowi\u0142y wiz\u0119 dla cyfrowych nomad\u00f3w, zapewniaj\u0105c pracownikom zdalnym mo\u017cliwo\u015b\u0107 zamieszkania i pracy przy jednoczesnym przestrzeganiu wymog\u00f3w prawnych.<\/p>\n\n\n<div class=\"ms-credits\">\n<img decoding=\"async\" class=\"gb-media-1e639c38\" src=\"https:\/\/www.budapestcard.org\/wp-content\/uploads\/visit-camp-nou-1745208234.jpg\" alt=\"Hungary Digital Nomad Visa\" title=\"Hungary-digital-nomad-visa\"\/>\n<span class='ms-credits__info' id='media814'><svg xmlns=\"http:\/\/www.w3.org\/2000\/svg\" width=\"20\" height=\"22\" fill=\"#000000\" viewBox=\"0 0 256 256\"><path d=\"M128,24A104,104,0,1,0,232,128,104.11,104.11,0,0,0,128,24Zm0,192a88,88,0,1,1,88-88A88.1,88.1,0,0,1,128,216ZM96,128a32,32,0,0,0,57.6,19.2,8,8,0,0,1,12.8,9.61,48,48,0,1,1,0-57.62,8,8,0,0,1-12.8,9.61A32,32,0,0,0,96,128Z\"><\/path><\/svg>stadtratte\/<a href=https:\/\/depositphotos.com\/photo\/man-suitcase-travels-hungary-230842712.html rel='nofollow' target='_blank'>Depositphotos<\/a><\/span><span class='ms-credits__btn' id='btn_media814' onclick='ms_credits_trigger(\"#media814\", this)'><svg xmlns=\"http:\/\/www.w3.org\/2000\/svg\" class=\"info_icon\" width=\"28\" height=\"28\" fill=\"#FFF\" viewBox=\"0 0 256 256\"><path d=\"M128,24A104,104,0,1,0,232,128,104.11,104.11,0,0,0,128,24Zm0,192a88,88,0,1,1,88-88A88.1,88.1,0,0,1,128,216Zm16-40a8,8,0,0,1-8,8,16,16,0,0,1-16-16V128a8,8,0,0,1,0-16,16,16,0,0,1,16,16v40A8,8,0,0,1,144,176ZM112,84a12,12,0,1,1,12,12A12,12,0,0,1,112,84Z\"><\/path><\/svg><svg xmlns=\"http:\/\/www.w3.org\/2000\/svg\" class=\"close_icon\" width=\"28\" height=\"28\" fill=\"#FFF\" viewBox=\"0 0 256 256\"><path d=\"M165.66,101.66,139.31,128l26.35,26.34a8,8,0,0,1-11.32,11.32L128,139.31l-26.34,26.35a8,8,0,0,1-11.32-11.32L116.69,128,90.34,101.66a8,8,0,0,1,11.32-11.32L128,116.69l26.34-26.35a8,8,0,0,1,11.32,11.32ZM232,128A104,104,0,1,1,128,24,104.11,104.11,0,0,1,232,128Zm-16,0a88,88,0,1,0-88,88A88.1,88.1,0,0,0,216,128Z\"><\/path><\/svg><\/span><\/div>\n\n\n<h2 class=\"wp-block-heading\"><strong>Czym jest w\u0119gierska wiza dla cyfrowych nomad\u00f3w?<\/strong><\/h2>\n\n\n\n<p>W\u0119gierska Wiza Cyfrowego Nomada, znana r\u00f3wnie\u017c jako Bia\u0142a Karta, to roczne zezwolenie na pobyt, kt\u00f3re pozwala pracownikom zdalnym legalnie mieszka\u0107 i pracowa\u0107 na W\u0119grzech. Mo\u017cna j\u0105 odnowi\u0107 raz, co pozwala na maksymalny pobyt przez dwa lata.<\/p>\n\n\n\n<p>Wiza ta jest przeznaczona dla os\u00f3b, kt\u00f3re mog\u0105 udowodni\u0107, \u017ce maj\u0105 stabilny doch\u00f3d dzi\u0119ki pracy zdalnej, freelancerom lub prowadzeniu w\u0142asnych firm internetowych.<\/p>\n\n\n\n<h2 class=\"wp-block-heading\"><strong>Kwalifikowalno\u015b\u0107 i wymagania<\/strong><\/h2>\n\n\n\n<p>Aby kwalifikowa\u0107 si\u0119 do otrzymania wizy Digital Nomad na W\u0119grzech, wnioskodawcy musz\u0105 spe\u0142nia\u0107 nast\u0119puj\u0105ce wymagania:<\/p>\n\n\n\n<ul class=\"wp-block-list\">\n<li>By\u0107 obywatelem spoza UE\/EOG.<\/li>\n\n\n\n<li>Posiada\u0107 zweryfikowan\u0105 prac\u0119 zdaln\u0105 lub odnosz\u0105cy sukcesy biznes poza W\u0119grami.<\/li>\n\n\n\n<li>Prowadzi\u0107 prac\u0119 zdaln\u0105 przy u\u017cyciu zaawansowanej technologii cyfrowej.<\/li>\n\n\n\n<li>Nie mo\u017ce anga\u017cowa\u0107 si\u0119 w lokalne zatrudnienie ani posiada\u0107 udzia\u0142\u00f3w biznesowych na W\u0119grzech.<\/li>\n\n\n\n<li>Udowodnij minimalny miesi\u0119czny doch\u00f3d w wysoko\u015bci 3000 EUR za ostatnie sze\u015b\u0107 miesi\u0119cy.<\/li>\n\n\n\n<li>Przedstaw dow\u00f3d zakwaterowania na W\u0119grzech.<\/li>\n\n\n\n<li>Posiada\u0107 wa\u017cne ubezpieczenie zdrowotne.<\/li>\n\n\n\n<li>Posiada\u0107 wa\u017cny paszport.<\/li>\n<\/ul>\n\n\n\n<h2 class=\"wp-block-heading\"><strong>Proces sk\u0142adania wniosku<\/strong><\/h2>\n\n\n\n<p>Ubieganie si\u0119 o wiz\u0119 cyfrowego nomady na W\u0119grzech jest procesem dwuetapowym:<\/p>\n\n\n\n<ol class=\"wp-block-list\">\n<li>Po zatwierdzeniu, udaj si\u0119 na W\u0119gry i z\u0142\u00f3\u017c wniosek o Bia\u0142\u0105 Kart\u0119 w ci\u0105gu miesi\u0105ca od przyjazdu. Czas przetwarzania wniosku o Bia\u0142\u0105 Kart\u0119 wynosi oko\u0142o 21 dni.<\/li>\n\n\n\n<li>Z\u0142\u00f3\u017c wniosek o wiz\u0119 cyfrowego nomada w w\u0119gierskiej ambasadzie lub konsulacie w swoim kraju. Proces ten mo\u017ce potrwa\u0107 oko\u0142o 30 dni.<\/li>\n<\/ol>\n\n\n\n<p>Mo\u017cesz \u015bledzi\u0107 ca\u0142y proces sk\u0142adania wniosku na stronie <a href=\"http:\/\/www.hungaryvisa.org\/\" target=\"_blank\" rel=\"noreferrer noopener nofollow\"><u>www.hungaryvisa.org.<\/u><\/a><\/p>\n\n\n\n<h2 class=\"wp-block-heading\"><strong>Koszt<\/strong><\/h2>\n\n\n\n<p>Op\u0142aty zwi\u0105zane z wiz\u0105 cyfrowego nomady na W\u0119grzech s\u0105 nast\u0119puj\u0105ce:<\/p>\n\n\n\n<ul class=\"wp-block-list\">\n<li>Wniosek o wiz\u0119: 110 \u20ac (dla wniosk\u00f3w z\u0142o\u017conych poza W\u0119grami)<\/li>\n\n\n\n<li>Op\u0142ata za us\u0142ug\u0119 za z\u0142o\u017cenie wniosku osobi\u015bcie: 39 000 HUF (na terenie W\u0119gier)<\/li>\n\n\n\n<li>Op\u0142ata za rozpatrzenie wniosku online: 24 000 HUF (za po\u015brednictwem platformy Enter Hungary)<\/li>\n<\/ul>\n\n\n\n<h2 class=\"wp-block-heading\"><strong>Korzy\u015bci z wizy cyfrowego nomady na W\u0119grzech<\/strong><\/h2>\n\n\n\n<p>W\u0119gierska wiza cyfrowego nomady oferuje kilka korzy\u015bci dla pracownik\u00f3w zdalnych, w tym<\/p>\n\n\n\n<p>Mo\u017cliwo\u015b\u0107 zamieszkania i pracy na W\u0119grzech przez okres jednego roku, z opcj\u0105 przed\u0142u\u017cenia o dodatkowy rok, je\u015bli nadal kwalifikujesz si\u0119 do otrzymania wizy.<\/p>\n\n\n\n<p>Dost\u0119p do przyst\u0119pnych koszt\u00f3w \u017cycia na W\u0119grzech, t\u0119tni\u0105cej \u017cyciem kultury i malowniczych krajobraz\u00f3w.<\/p>\n\n\n\n<p>Mo\u017cliwo\u015b\u0107 podr\u00f3\u017cowania po strefie Schengen bez konieczno\u015bci posiadania dodatkowych wiz.<\/p>\n\n\n\n<h2 class=\"wp-block-heading\"><strong>\u017bycie na W\u0119grzech<\/strong><\/h2>\n\n\n\n<p>Jako cyfrowy nomada na W\u0119grzech b\u0119dziesz mie\u0107 okazj\u0119 do\u015bwiadczy\u0107 r\u00f3\u017cnych aspekt\u00f3w \u017cycia w tym kraju. Oto kilka kluczowych punkt\u00f3w do rozwa\u017cenia:<\/p>\n\n\n\n<p><strong>Koszty \u017cycia:<\/strong><\/p>\n\n\n\n<p>W\u0119gry oferuj\u0105 przyst\u0119pne koszty \u017cycia w por\u00f3wnaniu do wielu kraj\u00f3w Europy Zachodniej. Czynsz, media, artyku\u0142y spo\u017cywcze i transport s\u0105 generalnie bardziej przyjazne dla bud\u017cetu, co czyni je atrakcyjn\u0105 opcj\u0105 dla cyfrowych nomad\u00f3w.<\/p>\n\n\n\n<p><strong>Mieszkania:<\/strong><\/p>\n\n\n\n<p>Znajdziesz tu szereg opcji mieszkaniowych, od wsp\u00f3\u0142dzielonych mieszka\u0144 i prywatnych czynsz\u00f3w po przestrzenie co-livingowe i kr\u00f3tkoterminowe zakwaterowanie. Budapeszt, stolica kraju, jest popularnym wyborem, ale mniejsze miasta, takie jak Szeged, Debreczyn i Pecz, r\u00f3wnie\u017c maj\u0105 sw\u00f3j urok i atrakcyjno\u015b\u0107.<\/p>\n\n\n\n<p><strong>Internet i przestrzenie coworkingowe:<\/strong><\/p>\n\n\n\n<p>W\u0119gry maj\u0105 niezawodn\u0105 infrastruktur\u0119 internetow\u0105 z szerokim zasi\u0119giem Wi-Fi, nawet w miejscach publicznych. W wi\u0119kszych miastach, takich jak Budapeszt, znajdziesz przestrzenie coworkingowe, kt\u00f3re zaspokajaj\u0105 potrzeby spo\u0142eczno\u015bci cyfrowych nomad\u00f3w.<\/p>\n\n\n\n<p><strong>Transport:<\/strong><\/p>\n\n\n\n<p>W\u0119gry maj\u0105 rozbudowan\u0105 sie\u0107 transportu publicznego, w tym autobusy, tramwaje i poci\u0105gi. Budapeszt oferuje r\u00f3wnie\u017c system metra. Mo\u017cesz \u0142atwo podr\u00f3\u017cowa\u0107 po kraju lub zwiedza\u0107 s\u0105siednie kraje za pomoc\u0105 regionalnych poci\u0105g\u00f3w lub autobus\u00f3w.<\/p>\n\n\n\n<p><strong>Opieka zdrowotna:<\/strong><\/p>\n\n\n\n<p>W\u0119gry maj\u0105 publiczny system opieki zdrowotnej, kt\u00f3ry zapewnia mieszka\u0144com powszechny zasi\u0119g. Jako cyfrowy nomada prawdopodobnie b\u0119dziesz potrzebowa\u0107 prywatnego ubezpieczenia zdrowotnego, aby uzyska\u0107 dost\u0119p do us\u0142ug medycznych. Prywatne plac\u00f3wki opieki zdrowotnej, szczeg\u00f3lnie w wi\u0119kszych miastach, cz\u0119sto oferuj\u0105 wysokiej jako\u015bci opiek\u0119.<\/p>\n\n\n\n<p><strong>\u017bycie towarzyskie i nawi\u0105zywanie kontakt\u00f3w:<\/strong><\/p>\n\n\n\n<p>W\u0119gry oferuj\u0105 t\u0119tni\u0105c\u0105 \u017cyciem scen\u0119 towarzysk\u0105 z licznymi restauracjami, barami i wydarzeniami kulturalnymi. Mo\u017cliwo\u015bci nawi\u0105zywania kontakt\u00f3w obfituj\u0105 w grupy spotka\u0144, wydarzenia zwi\u0105zane z wymian\u0105 j\u0119zykow\u0105 i spo\u0142eczno\u015bci cyfrowych nomad\u00f3w.<\/p>\n","protected":false},"excerpt":{"rendered":"","protected":false},"author":3,"featured_media":814,"parent":0,"menu_order":3,"comment_status":"closed","ping_status":"closed","template":"","meta":{"_acf_changed":false,"footnotes":"","button_url":"https:\/\/www.tiqets.com\/pl\/things-to-do-in-budapest-c68199\/tickets-for-budapest-card-free-entrance-to-szt-lukacs-thermal-bath-and-pool-p974576\/?partner=budapestcard","ms_product_id":"","ms_product_name":"","ms_price":"","ms_currency":"","ms_rating_value":"","ms_review_count":"","rank_math_title":"","rank_math_description":""},"post-style":[],"producer":[],"class_list":["post-654","page","type-page","status-publish","has-post-thumbnail"],"acf":[],"product_schema":{"ms_product_id":"","ms_product_name":"","ms_price":"","ms_currency":"","ms_rating_value":"","ms_review_count":""},"_links":{"self":[{"href":"https:\/\/www.budapestcard.org\/pl\/wp-json\/wp\/v2\/pages\/654","targetHints":{"allow":["GET"]}}],"collection":[{"href":"https:\/\/www.budapestcard.org\/pl\/wp-json\/wp\/v2\/pages"}],"about":[{"href":"https:\/\/www.budapestcard.org\/pl\/wp-json\/wp\/v2\/types\/page"}],"author":[{"embeddable":true,"href":"https:\/\/www.budapestcard.org\/pl\/wp-json\/wp\/v2\/users\/3"}],"replies":[{"embeddable":true,"href":"https:\/\/www.budapestcard.org\/pl\/wp-json\/wp\/v2\/comments?post=654"}],"version-history":[{"count":3,"href":"https:\/\/www.budapestcard.org\/pl\/wp-json\/wp\/v2\/pages\/654\/revisions"}],"predecessor-version":[{"id":829,"href":"https:\/\/www.budapestcard.org\/pl\/wp-json\/wp\/v2\/pages\/654\/revisions\/829"}],"wp:featuredmedia":[{"embeddable":true,"href":"https:\/\/www.budapestcard.org\/pl\/wp-json\/wp\/v2\/media\/814"}],"wp:attachment":[{"href":"https:\/\/www.budapestcard.org\/pl\/wp-json\/wp\/v2\/media?parent=654"}],"wp:term":[{"taxonomy":"post-style","embeddable":true,"href":"https:\/\/www.budapestcard.org\/pl\/wp-json\/wp\/v2\/post-style?post=654"},{"taxonomy":"producer","embeddable":true,"href":"https:\/\/www.budapestcard.org\/pl\/wp-json\/wp\/v2\/producer?post=654"}],"curies":[{"name":"wp","href":"https:\/\/api.w.org\/{rel}","templated":true}]}}