{"id":658,"date":"2024-10-22T13:29:55","date_gmt":"2024-10-22T11:29:55","guid":{"rendered":"https:\/\/www.budapestcard.org\/pl\/?page_id=658"},"modified":"2025-03-19T09:14:59","modified_gmt":"2025-03-19T08:14:59","slug":"kontakt","status":"publish","type":"page","link":"https:\/\/www.budapestcard.org\/pl\/kontakt\/","title":{"rendered":"Kontakt"},"content":{"rendered":"\n<h3 class=\"wp-block-heading\">Zapytania dotycz\u0105ce bilet\u00f3w<\/h3>\n\n\n\n<p>W przypadku pyta\u0144 dotycz\u0105cych bilet\u00f3w lub istniej\u0105cej rezerwacji skontaktuj si\u0119 z naszym partnerem ds. bilet\u00f3w:<\/p>\n\n\n\n<ul class=\"wp-block-list\">\n<li>Email: info@ticketbar.eu<\/li>\n\n\n\n<li>Telefon: +44 2035142614<\/li>\n<\/ul>\n\n\n\n<hr class=\"wp-block-separator has-alpha-channel-opacity\" \/>\n\n\n\n<h3 class=\"wp-block-heading\">Informacje turystyczne<\/h3>\n\n\n\n<h4 class=\"wp-block-heading\"><strong>Biuro informacji turystycznej Budapestinfo<\/strong><\/h4>\n\n\n\n<p>W przypadku jakichkolwiek pyta\u0144 zwi\u0105zanych z turystyk\u0105 w Budapeszcie i na W\u0119grzech, takich jak mapy, przewodniki i wskaz\u00f3wki dotycz\u0105ce atrakcji i wydarze\u0144:<\/p>\n\n\n\n<ul class=\"wp-block-list\">\n<li>Adres: 1052 park V\u00e1rosh\u00e1za, r\u00f3g ulic K\u00e1roly k\u00f6r\u00fat &#8211; B\u00e1rczy Istv\u00e1n (plac De\u00e1k, Metro1, Metro2, Metro3 lub p\u0119tla autobusowa 100E naprzeciwko w przypadku przylotu z lotniska)<\/li>\n<\/ul>\n\n\n\n<h4 class=\"wp-block-heading\"><strong>Infolinia informacyjna Budapest Card<\/strong><\/h4>\n\n\n\n<p>Aby uzyska\u0107 szczeg\u00f3\u0142owe informacje na temat Budapest Card, zni\u017cek i korzy\u015bci:<\/p>\n\n\n\n<ul class=\"wp-block-list\">\n<li>Telefon: +36 30 955 0398 (dost\u0119pny w godzinach 9.00-19.00)<\/li>\n<\/ul>\n\n\n\n<hr class=\"wp-block-separator has-alpha-channel-opacity\" \/>\n\n\n\n<h3 class=\"wp-block-heading\">Obs\u0142uga strony internetowej<\/h3>\n\n\n\n<p>W przypadku jakichkolwiek pyta\u0144 zwi\u0105zanych z t\u0105 stron\u0105 internetow\u0105, skontaktuj si\u0119 z nami bezpo\u015brednio:<\/p>\n\n\n\n<ul class=\"wp-block-list\">\n<li>Email: info@moonshot.media<\/li>\n<\/ul>\n","protected":false},"excerpt":{"rendered":"","protected":false},"author":3,"featured_media":0,"parent":0,"menu_order":1,"comment_status":"closed","ping_status":"closed","template":"","meta":{"_acf_changed":false,"footnotes":"","button_url":"https:\/\/www.tiqets.com\/pl\/things-to-do-in-budapest-c68199\/tickets-for-budapest-card-free-entrance-to-szt-lukacs-thermal-bath-and-pool-p974576\/?partner=budapestcard","ms_product_id":"","ms_product_name":"","ms_price":"","ms_currency":"","ms_rating_value":"","ms_review_count":"","rank_math_title":"","rank_math_description":""},"post-style":[],"producer":[],"class_list":["post-658","page","type-page","status-publish","has-post-thumbnail"],"acf":[],"product_schema":{"ms_product_id":"","ms_product_name":"","ms_price":"","ms_currency":"","ms_rating_value":"","ms_review_count":""},"_links":{"self":[{"href":"https:\/\/www.budapestcard.org\/pl\/wp-json\/wp\/v2\/pages\/658","targetHints":{"allow":["GET"]}}],"collection":[{"href":"https:\/\/www.budapestcard.org\/pl\/wp-json\/wp\/v2\/pages"}],"about":[{"href":"https:\/\/www.budapestcard.org\/pl\/wp-json\/wp\/v2\/types\/page"}],"author":[{"embeddable":true,"href":"https:\/\/www.budapestcard.org\/pl\/wp-json\/wp\/v2\/users\/3"}],"replies":[{"embeddable":true,"href":"https:\/\/www.budapestcard.org\/pl\/wp-json\/wp\/v2\/comments?post=658"}],"version-history":[{"count":2,"href":"https:\/\/www.budapestcard.org\/pl\/wp-json\/wp\/v2\/pages\/658\/revisions"}],"predecessor-version":[{"id":662,"href":"https:\/\/www.budapestcard.org\/pl\/wp-json\/wp\/v2\/pages\/658\/revisions\/662"}],"wp:attachment":[{"href":"https:\/\/www.budapestcard.org\/pl\/wp-json\/wp\/v2\/media?parent=658"}],"wp:term":[{"taxonomy":"post-style","embeddable":true,"href":"https:\/\/www.budapestcard.org\/pl\/wp-json\/wp\/v2\/post-style?post=658"},{"taxonomy":"producer","embeddable":true,"href":"https:\/\/www.budapestcard.org\/pl\/wp-json\/wp\/v2\/producer?post=658"}],"curies":[{"name":"wp","href":"https:\/\/api.w.org\/{rel}","templated":true}]}}