{"id":8,"date":"2014-01-10T12:44:37","date_gmt":"2014-01-10T11:44:37","guid":{"rendered":"https:\/\/www.budapestcard.org\/?page_id=8"},"modified":"2026-03-29T05:47:54","modified_gmt":"2026-03-29T03:47:54","slug":"znizki","status":"publish","type":"page","link":"https:\/\/www.budapestcard.org\/pl\/znizki\/","title":{"rendered":"Zni\u017cki na Budapest Card"},"content":{"rendered":"\n<div class=\"ms-p ms-rounded ms-mb-last-child-0 ms-mb-children-condensed ms-alert--contrast ms-mb-block\">\n<ul class=\"wp-block-list\">\n<li>Budapest Card zapewnia nieograniczone korzystanie z transportu publicznego w ca\u0142ym Budapeszcie (metro, tramwaj, autobus, w tym z lotniska).<\/li>\n\n\n\n<li>Uzyskaj bezp\u0142atny wst\u0119p do 22 muze\u00f3w i zabytk\u00f3w, takich jak W\u0119gierskie Muzeum Narodowe, Galeria Narodowa i Zamek Budy.<\/li>\n\n\n\n<li>Skorzystaj z bezp\u0142atnej k\u0105pieli termalnej w St. Luk\u00e1cs, bezp\u0142atnego rejsu po Dunaju i dw\u00f3ch pieszych wycieczek z przewodnikiem.<\/li>\n\n\n\n<li>Zaoszcz\u0119d\u017a 10\u201350% w topowych atrakcjach, takich jak \u0141a\u017ania Termalna Sz\u00e9chenyi, wycieczki po Parlamencie i Bazylika \u015awi\u0119tego Stefana.<\/li>\n\n\n\n<li>Dodatkowo rabaty w 12 lub wi\u0119cej restauracjach i innych do\u015bwiadczeniach w ca\u0142ym mie\u015bcie.<\/li>\n<\/ul>\n\n\n\n<p class=\"gb-text-fb1a3135\"><span class=\"gb-shape\"><svg xmlns=\"http:\/\/www.w3.org\/2000\/svg\" width=\"32\" height=\"32\" fill=\"#000000\" viewBox=\"0 0 256 256\"><path d=\"M228,144v64a12,12,0,0,1-12,12H40a12,12,0,0,1-12-12V144a12,12,0,0,1,24,0v52H204V144a12,12,0,0,1,24,0Zm-108.49,8.49a12,12,0,0,0,17,0l40-40a12,12,0,0,0-17-17L140,115V32a12,12,0,0,0-24,0v83L96.49,95.51a12,12,0,0,0-17,17Z\"><\/path><\/svg><\/span><span class=\"gb-text\"><a href=\"https:\/\/www.budapestcard.org\/wp-content\/uploads\/budapest-card-discounts.pdf\">Pobierz pe\u0142n\u0105 list\u0119 rabat\u00f3w (PDF)<\/a><\/span><\/p>\n<\/div>\n\n\n\n<h2 class=\"wp-block-heading\"><strong>Transport i zwiedzanie<\/strong><\/h2>\n\n\n<div class=\"ms-table\"><table><tr><th>Element<\/th><th>Rabat<\/th><\/tr><tr><td>BKK Public Transportation<\/td><td>Darmowe<\/td><\/tr><tr><td>BKV Riverboat Service<\/td><td>Free*<\/td><\/tr><tr><td>Sightseeing Cruise<\/td><td>Free*<\/td><\/tr><tr><td>Danube River Cruise<\/td><td>Free*<\/td><\/tr><tr><td>Duna Bella Daytime Cruises<\/td><td>Free*<\/td><\/tr><tr><td>Zugliget Chairlift<\/td><td>Darmowe<\/td><\/tr><tr><td>Official Budapest Castle Bus<\/td><td>Darmowe<\/td><\/tr><tr><td>Walking Tour Buda<\/td><td>Darmowe<\/td><\/tr><tr><td>Walking Tour Pest<\/td><td>Darmowe<\/td><\/tr><tr><td>Historic Vehicles<\/td><td>Darmowe<\/td><\/tr><tr><td>Brick \u2013 charge on-the-go, wherever you are<\/td><td>Darmowe<\/td><\/tr><tr><td>Universal AirportHUB<\/td><td>-40%<\/td><\/tr><tr><td>Bike Carriage (Bring\u00f3hint\u00f3)<\/td><td>-25%<\/td><\/tr><tr><td>Legenda City Cruises<\/td><td>-25%<\/td><\/tr><tr><td>BKV Evening Riverboat Service<\/td><td>-20%<\/td><\/tr><tr><td>Door-to-door Airport Transfer &#8211; miniBUD<\/td><td>-20%<\/td><\/tr><tr><td>EURAMA Sightseeing Tours<\/td><td>-20%<\/td><\/tr><tr><td>Danube Bend Tour<\/td><td>-20%<\/td><\/tr><tr><td>Budapest Flyride<\/td><td>-10%<\/td><\/tr><tr><td>Jewish Heritage Tours<\/td><td>-10%<\/td><\/tr><\/table><\/div>\n\n\n<h2 class=\"wp-block-heading\"><strong>Muzea i atrakcje<\/strong><\/h2>\n\n\n<div class=\"ms-table\"><table><tr><th>Element<\/th><th>Rabat<\/th><\/tr><tr><td>Hungarian National Museum<\/td><td>Darmowe<\/td><\/tr><tr><td>Hungarian National Gallery<\/td><td>Darmowe<\/td><\/tr><tr><td>Budapest History Museum \u2013 Castle Museum<\/td><td>Darmowe<\/td><\/tr><tr><td>Saint Stephen\u2019s Hall<\/td><td>Darmowe<\/td><\/tr><tr><td>Museum of Fine Arts<\/td><td>Darmowe<\/td><\/tr><tr><td>Kunsthalle Budapest<\/td><td>Darmowe<\/td><\/tr><tr><td>Budapest History Museum \u2013 Aquincum Museum<\/td><td>Darmowe<\/td><\/tr><tr><td>Budapest History Museum \u2013 Kiscell Museum<\/td><td>Darmowe<\/td><\/tr><tr><td>Budapest History Museum \u2013 Budapest Gallery<\/td><td>Darmowe<\/td><\/tr><tr><td>Budapest History Museum \u2013 Medieval Jewish Prayer House<\/td><td>Darmowe<\/td><\/tr><tr><td>Ludwig Museum \u2013 Contemporary Art<\/td><td>Darmowe<\/td><\/tr><tr><td>Robert Capa Photography Center<\/td><td>Darmowe<\/td><\/tr><tr><td>House of Hungarian Photographers \u2013 Mai Man\u00f3 House<\/td><td>Darmowe<\/td><\/tr><tr><td>Vasarely Museum Budapest<\/td><td>Darmowe<\/td><\/tr><tr><td>Memento Park \u2013 The Statue Park<\/td><td>Darmowe<\/td><\/tr><tr><td>Museum of Trade and Tourism<\/td><td>Darmowe<\/td><\/tr><tr><td>Ferenc Hopp Museum of Asiatic Arts<\/td><td>Darmowe<\/td><\/tr><tr><td>Underground Railway Museum<\/td><td>Darmowe<\/td><\/tr><tr><td>Museum of \u00d3buda<\/td><td>Darmowe<\/td><\/tr><tr><td>Goldberger Textile Collection \u2013 \u00d3buda Museum<\/td><td>Darmowe<\/td><\/tr><tr><td>P\u00e1l-v\u00f6lgyi Cave<\/td><td>Darmowe<\/td><\/tr><tr><td>Margaret Island Water Tower and Panoramic Lookout Tower<\/td><td>Darmowe<\/td><\/tr><tr><td>Pesti Vigad\u00f3 | Historic walk tour<\/td><td>-50%<\/td><\/tr><tr><td>Museum Fradi<\/td><td>-50%<\/td><\/tr><tr><td>Museum of Ethnography<\/td><td>-25%<\/td><\/tr><tr><td>St. Stephen\u2019s Basilica<\/td><td>-20%<\/td><\/tr><tr><td>The Main Parish Church of the Assumption<\/td><td>-20%<\/td><\/tr><tr><td>G\u00f6d\u00f6ll\u0151 Royal Palace<\/td><td>-20%<\/td><\/tr><tr><td>House of Music Hungary<\/td><td>-20%<\/td><\/tr><tr><td>Budapest Zoo &#038; Botanical Garden<\/td><td>-20%<\/td><\/tr><tr><td>House of Unicum<\/td><td>-20%<\/td><\/tr><tr><td>Madame Tussauds Budapest<\/td><td>-20%<\/td><\/tr><tr><td>Timetrap Exit Game<\/td><td>-20%<\/td><\/tr><tr><td>Ferris Wheel of Budapest with champagne<\/td><td>-20%<\/td><\/tr><tr><td>City Park Boating Lake<\/td><td>-20%<\/td><\/tr><tr><td>Indoor Skydiving<\/td><td>-20%<\/td><\/tr><tr><td>Museum of Illusion<\/td><td>-15%<\/td><\/tr><tr><td>Light Art Museum<\/td><td>-15%<\/td><\/tr><tr><td>Tropicarium \u2013 The Shark Zoo<\/td><td>-15%<\/td><\/tr><tr><td>IKONO Budapest<\/td><td>-15%<\/td><\/tr><tr><td>Cinema Mystica<\/td><td>-10%<\/td><\/tr><tr><td>Hospital in the Rock \u2013 Nuclear Bunker Museum<\/td><td>-10%<\/td><\/tr><tr><td>Synagogue in Kazinczy utca<\/td><td>-10%<\/td><\/tr><tr><td>Doh\u00e1ny street Synagogue<\/td><td>-10%<\/td><\/tr><tr><td>Hungarian Jewish Museum and Archives<\/td><td>-10%<\/td><\/tr><tr><td>Organ Concert in St. Stephen\u2019s Basilica<\/td><td>-10%<\/td><\/tr><tr><td>Premier Outlet Budapest<\/td><td>-10%<\/td><\/tr><\/table><\/div>\n\n\n<h2 class=\"wp-block-heading\"><strong>Gastronomia<\/strong><\/h2>\n\n\n<div class=\"ms-table\"><table><tr><th>Element<\/th><th>Rabat<\/th><\/tr><tr><td>GastroCellar \u2013 Tasting<\/td><td>Darmowe<\/td><\/tr><tr><td>L\u00e1ngos in the heart of the city<\/td><td>-20%<\/td><\/tr><tr><td>Moln\u00e1r\u2019s K\u00fcrt\u0151skal\u00e1cs<\/td><td>-20%<\/td><\/tr><tr><td>Parisi Passage Restaurant<\/td><td>-20%<\/td><\/tr><tr><td>Zsolnay Caf\u00e9<\/td><td>-20%<\/td><\/tr><tr><td>Yellow Bistro &#038; Bar<\/td><td>-20%<\/td><\/tr><tr><td>Caf\u00e9 Astoria &#038; Restaurant<\/td><td>-20%<\/td><\/tr><tr><td>L\u00e1ng Restaurant<\/td><td>-20%<\/td><\/tr><tr><td>Hard Rock Cafe<\/td><td>-20%<\/td><\/tr><tr><td>Hal\u00e1szb\u00e1stya Restaurant<\/td><td>-15%<\/td><\/tr><tr><td>TATI Restaurant<\/td><td>-10%<\/td><\/tr><tr><td>VIRTU Restaurant<\/td><td>-10%<\/td><\/tr><tr><td>Nokedlish<\/td><td>-10%<\/td><\/tr><tr><td>Eggscuse Me? Brunch &#038; Bistro<\/td><td>-10%<\/td><\/tr><\/table><\/div>\n\n\n<h2 class=\"wp-block-heading\">\u0141a\u017anie i baseny<\/h2>\n\n\n<div class=\"ms-table\"><table><tr><th>Element<\/th><th>Rabat<\/th><\/tr><tr><td>St. Luk\u00e1cs Thermal Bath and Swimming Pool<\/td><td>Darmowe<\/td><\/tr><tr><td>Lupa Beach<\/td><td>Darmowe<\/td><\/tr><tr><td>Sz\u00e9chenyi Thermal Bath and Swimming Pool<\/td><td>-20%<\/td><\/tr><tr><td>Rudas Thermal Bath and Swimming Pool<\/td><td>-20%<\/td><\/tr><tr><td>Palatinus Thermal Bath, Public an Wave Pool<\/td><td>-20%<\/td><\/tr><tr><td>R\u00f3mai Bath<\/td><td>-20%<\/td><\/tr><tr><td>Aquaworld Resort Budapest<\/td><td>-20%<\/td><\/tr><\/table><\/div>\n\n\n<h2 class=\"wp-block-heading\">Budapest Card <strong>72h Plus<\/strong> Ekskluzywne zni\u017cki<\/h2>\n\n\n<div class=\"ms-table\"><table><tr><th>Element<\/th><th>Rabat<\/th><\/tr><tr><td>Door-to-door Airport Transfer &#8211; miniBUD<\/td><td>Darmowe<\/td><\/tr><tr><td>L\u00c1NGOS in the heart of the city!<\/td><td>Darmowe<\/td><\/tr><tr><td>Moln\u00e1r\u2019s K\u00fcrt\u0151skal\u00e1cs<\/td><td>Darmowe<\/td><\/tr><tr><td>Church of Our Lady &#8211; Matthias Church<\/td><td>Darmowe<\/td><\/tr><tr><td>Buda Castle Funicular<\/td><td>Darmowe<\/td><\/tr><\/table><\/div>\n\n\n<div class=\"ms-p ms-rounded ms-mb-last-child-0 ms-mb-children-condensed ms-mb-block ms-alert--neutral\">\n<h4 class=\"gb-text-8c5919a0\"><span class=\"gb-shape\"><svg viewBox=\"0 0 256 256\" fill=\"#000000\" height=\"32\" width=\"32\" xmlns=\"http:\/\/www.w3.org\/2000\/svg\"><path d=\"M108,84a16,16,0,1,1,16,16A16,16,0,0,1,108,84Zm128,44A108,108,0,1,1,128,20,108.12,108.12,0,0,1,236,128Zm-24,0a84,84,0,1,0-84,84A84.09,84.09,0,0,0,212,128Zm-72,36.68V132a20,20,0,0,0-20-20,12,12,0,0,0-4,23.32V168a20,20,0,0,0,20,20,12,12,0,0,0,4-23.32Z\"><\/path><\/svg><\/span><span class=\"gb-text\"><strong>Uwaga:<\/strong><\/span><\/h4>\n\n\n\n<ul class=\"wp-block-list\">\n<li>Informacje zaktualizowano w marcu 2026 r.<\/li>\n\n\n\n<li>Zni\u017cki zawarte w karcie Budapest Card mog\u0105 zosta\u0107 zmienione bez wcze\u015bniejszego powiadomienia.<\/li>\n<\/ul>\n<\/div>\n\n\n\n<p><\/p>\n","protected":false},"excerpt":{"rendered":"","protected":false},"author":2,"featured_media":0,"parent":0,"menu_order":4,"comment_status":"closed","ping_status":"closed","template":"","meta":{"_acf_changed":false,"footnotes":"","button_url":"https:\/\/www.tiqets.com\/pl\/things-to-do-in-budapest-c68199\/tickets-for-budapest-card-free-entrance-to-szt-lukacs-thermal-bath-and-pool-p974576\/?partner=budapestcard","ms_product_id":"","ms_product_name":"","ms_price":"","ms_currency":"","ms_rating_value":"","ms_review_count":"","rank_math_title":"Zni\u017cki na Budapest Card: Pe\u0142na lista w %currentyear%","rank_math_description":"Pe\u0142na lista wszystkich zni\u017cek obejmowanych przez Budapest Card."},"post-style":[],"producer":[],"class_list":["post-8","page","type-page","status-publish","has-post-thumbnail"],"acf":[],"product_schema":{"ms_product_id":"","ms_product_name":"","ms_price":"","ms_currency":"","ms_rating_value":"","ms_review_count":""},"_links":{"self":[{"href":"https:\/\/www.budapestcard.org\/pl\/wp-json\/wp\/v2\/pages\/8","targetHints":{"allow":["GET"]}}],"collection":[{"href":"https:\/\/www.budapestcard.org\/pl\/wp-json\/wp\/v2\/pages"}],"about":[{"href":"https:\/\/www.budapestcard.org\/pl\/wp-json\/wp\/v2\/types\/page"}],"author":[{"embeddable":true,"href":"https:\/\/www.budapestcard.org\/pl\/wp-json\/wp\/v2\/users\/2"}],"replies":[{"embeddable":true,"href":"https:\/\/www.budapestcard.org\/pl\/wp-json\/wp\/v2\/comments?post=8"}],"version-history":[{"count":3,"href":"https:\/\/www.budapestcard.org\/pl\/wp-json\/wp\/v2\/pages\/8\/revisions"}],"predecessor-version":[{"id":926,"href":"https:\/\/www.budapestcard.org\/pl\/wp-json\/wp\/v2\/pages\/8\/revisions\/926"}],"wp:attachment":[{"href":"https:\/\/www.budapestcard.org\/pl\/wp-json\/wp\/v2\/media?parent=8"}],"wp:term":[{"taxonomy":"post-style","embeddable":true,"href":"https:\/\/www.budapestcard.org\/pl\/wp-json\/wp\/v2\/post-style?post=8"},{"taxonomy":"producer","embeddable":true,"href":"https:\/\/www.budapestcard.org\/pl\/wp-json\/wp\/v2\/producer?post=8"}],"curies":[{"name":"wp","href":"https:\/\/api.w.org\/{rel}","templated":true}]}}