{"id":830,"date":"2025-04-25T07:05:06","date_gmt":"2025-04-25T05:05:06","guid":{"rendered":"https:\/\/www.budapestcard.org\/pl\/?page_id=830"},"modified":"2025-09-29T21:56:13","modified_gmt":"2025-09-29T19:56:13","slug":"budapest-pass","status":"publish","type":"page","link":"https:\/\/www.budapestcard.org\/pl\/budapest-pass\/","title":{"rendered":"Budapest Pass"},"content":{"rendered":"\n<p>Budapest Pass to co\u015b wi\u0119cej ni\u017c tylko bilet \u2013 to Tw\u00f3j VIP-owski dost\u0119p do serca miasta.<\/p>\n\n\n\n<div class=\"ms-cta-button ms-p ms-cta\">\n<a class=\"gb-text ms-btn ms-btn--primary ms-shadow\" href=\"https:\/\/www.tiqets.com\/pl\/checkout\/tickets-for-budapest-pass-p1013746\/booking_details\/?partner=budapestcard\" rel=\"nofollow noopener\">Sprawd\u017a dost\u0119pno\u015b\u0107<\/a>\n<\/div>\n\n\n\n<h2 class=\"wp-block-heading\">Korzy\u015bci<\/h2>\n\n\n\n<ul class=\"ms-icon-list\">\n<li class=\"ms-icon-list__item\"><span class=\"gb-shape\"><svg viewBox=\"0 0 256 256\" fill=\"#000000\" height=\"32\" width=\"32\" xmlns=\"http:\/\/www.w3.org\/2000\/svg\"><path d=\"M232.49,80.49l-128,128a12,12,0,0,1-17,0l-56-56a12,12,0,1,1,17-17L96,183,215.51,63.51a12,12,0,0,1,17,17Z\"><\/path><\/svg><\/span><span class=\"gb-text\">10% zni\u017cki na inne atrakcje w Budapeszcie.<\/span><\/li>\n\n\n\n<li class=\"ms-icon-list__item\"><span class=\"gb-shape\"><svg viewBox=\"0 0 256 256\" fill=\"#000000\" height=\"32\" width=\"32\" xmlns=\"http:\/\/www.w3.org\/2000\/svg\"><path d=\"M232.49,80.49l-128,128a12,12,0,0,1-17,0l-56-56a12,12,0,1,1,17-17L96,183,215.51,63.51a12,12,0,0,1,17,17Z\"><\/path><\/svg><\/span><span class=\"gb-text\">Bez ukrytych op\u0142at.<\/span><\/li>\n\n\n\n<li class=\"ms-icon-list__item\"><span class=\"gb-shape\"><svg viewBox=\"0 0 256 256\" fill=\"#000000\" height=\"32\" width=\"32\" xmlns=\"http:\/\/www.w3.org\/2000\/svg\"><path d=\"M232.49,80.49l-128,128a12,12,0,0,1-17,0l-56-56a12,12,0,1,1,17-17L96,183,215.51,63.51a12,12,0,0,1,17,17Z\"><\/path><\/svg><\/span><span class=\"gb-text\">Mo\u017cliwo\u015b\u0107 wyboru dogodnego terminu wizyty podczas finalizacji rezerwacji dla ka\u017cdej atrakcji.<\/span><\/li>\n<\/ul>\n\n\n\n<figure><div class=\"ms-credits\">\n<img decoding=\"async\" class=\"gb-media-4f95c955\" src=\"https:\/\/www.budapestcard.org\/wp-content\/uploads\/budapest-pass-1745508262.jpg\" alt=\"Budapest Digital Pass\" title=\"budapest-pass\"\/>\n<span class='ms-credits__info' id='media908'><svg xmlns=\"http:\/\/www.w3.org\/2000\/svg\" width=\"20\" height=\"22\" fill=\"#000000\" viewBox=\"0 0 256 256\"><path d=\"M128,24A104,104,0,1,0,232,128,104.11,104.11,0,0,0,128,24Zm0,192a88,88,0,1,1,88-88A88.1,88.1,0,0,1,128,216ZM96,128a32,32,0,0,0,57.6,19.2,8,8,0,0,1,12.8,9.61,48,48,0,1,1,0-57.62,8,8,0,0,1-12.8,9.61A32,32,0,0,0,96,128Z\"><\/path><\/svg><a href=https:\/\/aws-tiqets-cdn.imgix.net\/images\/content\/5b15a54f59bb4a72a684951fd8342bcd.png?auto=format%2Ccompress&#038;fit=crop&#038;h=1284&#038;ixlib=python-3.2.1&#038;q=70&#038;w=1284&#038;s=1b83f5203d9850100a55e1c2a2e6d972 rel='nofollow' target='_blank'>Tiqets<\/a><\/span><span class='ms-credits__btn' id='btn_media908' onclick='ms_credits_trigger(\"#media908\", this)'><svg xmlns=\"http:\/\/www.w3.org\/2000\/svg\" class=\"info_icon\" width=\"28\" height=\"28\" fill=\"#FFF\" viewBox=\"0 0 256 256\"><path d=\"M128,24A104,104,0,1,0,232,128,104.11,104.11,0,0,0,128,24Zm0,192a88,88,0,1,1,88-88A88.1,88.1,0,0,1,128,216Zm16-40a8,8,0,0,1-8,8,16,16,0,0,1-16-16V128a8,8,0,0,1,0-16,16,16,0,0,1,16,16v40A8,8,0,0,1,144,176ZM112,84a12,12,0,1,1,12,12A12,12,0,0,1,112,84Z\"><\/path><\/svg><svg xmlns=\"http:\/\/www.w3.org\/2000\/svg\" class=\"close_icon\" width=\"28\" height=\"28\" fill=\"#FFF\" viewBox=\"0 0 256 256\"><path d=\"M165.66,101.66,139.31,128l26.35,26.34a8,8,0,0,1-11.32,11.32L128,139.31l-26.34,26.35a8,8,0,0,1-11.32-11.32L116.69,128,90.34,101.66a8,8,0,0,1,11.32-11.32L128,116.69l26.34-26.35a8,8,0,0,1,11.32,11.32ZM232,128A104,104,0,1,1,128,24,104.11,104.11,0,0,1,232,128Zm-16,0a88,88,0,1,0-88,88A88.1,88.1,0,0,0,216,128Z\"><\/path><\/svg><\/span><\/div><\/figure>\n\n\n\n<div class=\"ms-alert--primary ms-p ms-rounded ms-mb-last-child-0 ms-mb-children-condensed ms-mb-block\">\n<h3 class=\"wp-block-heading has-ms-color-primary-darker-color has-text-color has-link-color wp-elements-77025729038ba1c46ad997a2d159c3ae\">Jak zarezerwowa\u0107<\/h3>\n\n\n\n<div class=\"gb-element-f4eb9e37\">\n<div>\n<p class=\"gb-text-91d99ec7 ms-link-unstyled\"><span class=\"gb-shape\"><svg viewBox=\"0 0 256 256\" fill=\"#000000\" height=\"32\" width=\"32\" xmlns=\"http:\/\/www.w3.org\/2000\/svg\"><path d=\"M246.15,133.18,146.83,33.86A19.85,19.85,0,0,0,132.69,28H40A12,12,0,0,0,28,40v92.69a19.85,19.85,0,0,0,5.86,14.14l99.32,99.32a20,20,0,0,0,28.28,0l84.69-84.69A20,20,0,0,0,246.15,133.18Zm-98.83,93.17L52,131V52h79l95.32,95.32ZM100,84A16,16,0,1,1,84,68,16,16,0,0,1,100,84Z\"><\/path><\/svg><\/span><span class=\"gb-text\"><strong>Wybierz swoj\u0105 kart\u0119<\/strong><\/span><\/p>\n\n\n\n<p class=\"has-ms-color-primary-darker-color has-text-color has-link-color wp-elements-5624122b22190f080da0b5f9e869eb91\">Wybierz liczb\u0119 uczestnik\u00f3w i dat\u0119 rozpocz\u0119cia wa\u017cno\u015bci karty.<\/p>\n<\/div>\n\n\n\n<div>\n<p class=\"gb-text-71a39911 ms-link-unstyled\"><span class=\"gb-shape\"><svg viewBox=\"0 0 256 256\" fill=\"#000000\" height=\"32\" width=\"32\" xmlns=\"http:\/\/www.w3.org\/2000\/svg\"><path d=\"M128,20A108,108,0,1,0,236,128,108.12,108.12,0,0,0,128,20Zm0,192a84,84,0,1,1,84-84A84.09,84.09,0,0,1,128,212Zm68-84a12,12,0,0,1-12,12H128a12,12,0,0,1-12-12V72a12,12,0,0,1,24,0v44h44A12,12,0,0,1,196,128Z\"><\/path><\/svg><\/span><span class=\"gb-text\"><strong>Zarezerwuj bilety<\/strong><\/span><\/p>\n\n\n\n<p class=\"has-ms-color-primary-darker-color has-text-color has-link-color wp-elements-6e8487bd9bab26b219eeedb84c2282d5\">Wybierz dat\u0119 i godzin\u0119 zwiedzania atrakcji i udzia\u0142u w zaj\u0119ciach.<\/p>\n<\/div>\n<\/div>\n\n\n\n<div class=\"gb-element-b221a285\">\n<div>\n<p class=\"gb-text-a8e13d94 ms-link-unstyled\"><span class=\"gb-shape\"><svg viewBox=\"0 0 256 256\" fill=\"#000000\" height=\"32\" width=\"32\" xmlns=\"http:\/\/www.w3.org\/2000\/svg\"><path d=\"M224,44H32A20,20,0,0,0,12,64V192a20,20,0,0,0,20,20H224a20,20,0,0,0,20-20V64A20,20,0,0,0,224,44Zm-4,24V88H36V68ZM36,188V112H220v76Zm172-24a12,12,0,0,1-12,12H164a12,12,0,0,1,0-24h32A12,12,0,0,1,208,164Zm-68,0a12,12,0,0,1-12,12H116a12,12,0,0,1,0-24h12A12,12,0,0,1,140,164Z\"><\/path><\/svg><\/span><span class=\"gb-text\"><strong>Potwierd\u017a i zap\u0142a\u0107<\/strong><\/span><\/p>\n\n\n\n<p class=\"has-ms-color-primary-darker-color has-text-color has-link-color wp-elements-86e7cb7b7dd4f527d7302f89e24b8522\">Wprowad\u017a swoje dane i dokonaj bezpiecznej p\u0142atno\u015bci.<\/p>\n<\/div>\n\n\n\n<div>\n<p class=\"gb-text-26106146 ms-link-unstyled\"><span class=\"gb-shape\"><svg viewBox=\"0 0 256 256\" fill=\"#000000\" height=\"32\" width=\"32\" xmlns=\"http:\/\/www.w3.org\/2000\/svg\"><path d=\"M176.49,95.51a12,12,0,0,1,0,17l-56,56a12,12,0,0,1-17,0l-24-24a12,12,0,1,1,17-17L112,143l47.51-47.52A12,12,0,0,1,176.49,95.51ZM236,128A108,108,0,1,1,128,20,108.12,108.12,0,0,1,236,128Zm-24,0a84,84,0,1,0-84,84A84.09,84.09,0,0,0,212,128Z\"><\/path><\/svg><\/span><span class=\"gb-text\"><strong>Odbierz bilety<\/strong><\/span><\/p>\n\n\n\n<p class=\"has-ms-color-primary-darker-color has-text-color has-link-color wp-elements-7e91baa2933039019fdcd44bc84fe859\">Otrzymaj bilety cyfrowe natychmiast na sw\u00f3j adres e-mail.<\/p>\n<\/div>\n<\/div>\n<\/div>\n\n\n\n<h2 class=\"wp-block-heading\">Jak to dzia\u0142a<\/h2>\n\n\n\n<ol class=\"wp-block-list\">\n<li><strong>Aktywacja karty<\/strong>: Twoja karta Budapest Pass zostanie automatycznie aktywowana w dniu wybranym podczas rezerwacji.<\/li>\n\n\n\n<li><strong>Realizacja biletu<\/strong>: Poka\u017c bilet cyfrowy (wys\u0142any na Tw\u00f3j adres e-mail) przy wej\u015bciu do ka\u017cdej obj\u0119tej biletem atrakcji (np. rejs po Dunaju, \u0141a\u017anie Sz\u00e9chenyi).<\/li>\n\n\n\n<li><strong>Bez drukowania<\/strong>: Wystarczy u\u017cy\u0107 biletu mobilnego na smartfonie.<\/li>\n<\/ol>\n\n\n\n<div class=\"ms-p ms-rounded ms-mb-last-child-0 ms-mb-children-condensed ms-alert--contrast ms-mb-block\">\n<h4 class=\"gb-text-26a71c5b\"><span class=\"gb-shape\"><svg viewBox=\"0 0 256 256\" fill=\"#000000\" height=\"32\" width=\"32\" xmlns=\"http:\/\/www.w3.org\/2000\/svg\"><path d=\"M108,84a16,16,0,1,1,16,16A16,16,0,0,1,108,84Zm128,44A108,108,0,1,1,128,20,108.12,108.12,0,0,1,236,128Zm-24,0a84,84,0,1,0-84,84A84.09,84.09,0,0,0,212,128Zm-72,36.68V132a20,20,0,0,0-20-20,12,12,0,0,0-4,23.32V168a20,20,0,0,0,20,20,12,12,0,0,0,4-23.32Z\"><\/path><\/svg><\/span><span class=\"gb-text\">Oferta specjalna:<\/span><\/h4>\n\n\n\n<p class=\"gb-text\">Po dokonaniu rezerwacji otrzymasz e-mailem osobisty kod z <strong>10% zni\u017ck\u0105<\/strong>, wa\u017cny przez miesi\u0105c na kolejne 5 atrakcji Budapesztu.<\/p>\n\n\n\n<p class=\"gb-text\">Aby uzyska\u0107 wi\u0119cej informacji, <a href=\"https:\/\/www.tiqets.com\/pl\/things-to-do-in-budapest-c68199\/budapest-pass-p1013746\/?partner=budapestcard\" data-type=\"link\" data-id=\"https:\/\/www.tiqets.com\/en\/things-to-do-in-budapest-c68199\/budapest-pass-p1013746\/?partner=budapestcard\" rel=\"nofollow noopener\">kliknij tutaj \u00bb<\/a><\/p>\n<\/div>\n\n\n\n<h2 class=\"wp-block-heading\">Co obejmuje karta<\/h2>\n\n\n\n<h3 class=\"wp-block-heading\">\u0141a\u017ania termalna Sz\u00e9chenyi<\/h3>\n\n\n\n<ul class=\"wp-block-list\">\n<li>Ca\u0142odzienny wst\u0119p do \u0142a\u017ani Sz\u00e9chenyi, jednego z najwi\u0119kszych kompleks\u00f3w termalnych w Europie<\/li>\n\n\n\n<li>3 baseny zewn\u0119trzne i 15 basen\u00f3w wewn\u0119trznych<\/li>\n\n\n\n<li>W cenie degustacja p\u00e1linki (lub napoju bezalkoholowego, je\u015bli wolisz) oraz szafka lub kabina (w zale\u017cno\u015bci od biletu)<\/li>\n<\/ul>\n\n\n\n<h3 class=\"wp-block-heading\"><strong>Rejs po Dunaju (z napojem)<\/strong><\/h3>\n\n\n\n<ul class=\"wp-block-list\">\n<li>Zrelaksuj si\u0119 na rzece i podziwiaj najlepsze widoki Budapesztu<\/li>\n\n\n\n<li>Zobacz s\u0142ynne zabytki, takie jak Parlament, Most \u0141a\u0144cuchowy i inne, z perspektywy wody<\/li>\n\n\n\n<li>W cenie drink powitalny na rejsie<\/li>\n<\/ul>\n\n\n\n<h3 class=\"wp-block-heading\">Aplikacja z audioprzewodnikiem POPGuide<\/h3>\n\n\n\n<ul class=\"wp-block-list\">\n<li>Nieograniczone przejazdy autobusami, tramwajami i metrem<\/li>\n\n\n\n<li>Bardzo wygodny spos\u00f3b dotarcia do atrakcji rozsianych po Budzie i Peszcie<\/li>\n\n\n\n<li>Nie musisz kupowa\u0107 oddzielnych kart ani bilet\u00f3w<\/li>\n<\/ul>\n\n\n\n<h2 class=\"wp-block-heading\">Budapest Pass a Budapest Card: jaka jest r\u00f3\u017cnica?<\/h2>\n\n\n<div class=\"ms-table frozenColumn\"><table><tr><th><\/th><th><a href=\"https:\/\/www.tiqets.com\/pl\/things-to-do-in-budapest-c68199\/budapest-pass-p1013746\/?partner=budapestcard\" rel=\"nofollow noopener\" target=\"_blank\">Budapest Pass<\/a><\/th><th><a href=\"https:\/\/www.tiqets.com\/pl\/things-to-do-in-budapest-c68199\/tickets-for-budapest-card-free-entrance-to-szt-lukacs-thermal-bath-and-pool-p974576\/?partner=budapestcard\" rel=\"nofollow noopener\" target=\"_blank\">Budapest Card<\/a><\/th><\/tr><tr><td>G\u0142\u00f3wne cele<\/td><td>Wybrane atrakcje, kt\u00f3re warto zobaczy\u0107 z przewodnikiem<\/td><td>Darmowy lub ta\u0144szy wst\u0119p do wielu muze\u00f3w i \u0142a\u017ani<\/td><\/tr><tr><td>Co zawiera<\/td><td>\u0141a\u017anie termalne Sz\u00e9chenyi, Rejsy po Dunaju w Budapeszcie<\/td><td>Bazylika \u015bw. Stefana, \u0141a\u017anie Luk\u00e1csa, 30+ muze\u00f3w i atrakcji<\/td><\/tr><tr><td>Aplikacja z audioprzewodnikiem<\/td><td>\u2713<\/td><td> <\/td><\/tr><tr><td>Darmowa komunikacja publiczna<\/td><td><\/td><td>\u2713<\/td><\/tr><tr><td>Dodatkowe zni\u017cki<\/td><td>10% zni\u017cki na inne atrakcje w Budapeszcie<\/td><td>Zni\u017cki w wybranych restauracjach, muzeach i spa. <a href=\"https:\/\/www.budapestcard.org\/pl\/znizki\/\" rel=\"nofollow\" target=\"_blank\">Sprawd\u017a tutaj \u00bb<\/a><\/td><\/tr><tr><td>Szacowane oszcz\u0119dno\u015bci<\/td><td>Oszcz\u0119d\u017a do 10% w por\u00f3wnaniu z rezerwacj\u0105 ka\u017cdej aktywno\u015bci osobno<\/td><td>Oszcz\u0119d\u017a 10\u201350% na restauracjach, atrakcjach, wycieczkach, \u0142a\u017aniach i wi\u0119cej<\/td><\/tr><\/table><\/div>\n\n\n<h3 class=\"wp-block-heading\">Kup Budapest Pass, je\u015bli:<\/h3>\n\n\n\n<ul class=\"wp-block-list\">\n<li>Chcesz mie\u0107 bardziej zorganizowan\u0105 wycieczk\u0119 z wcze\u015bniej wybranymi, najwa\u017cniejszymi atrakcjami<\/li>\n\n\n\n<li>Wolisz du\u017ce atrakcje, takie jak \u0141a\u017anie Sz\u00e9chenyi i rejs po Dunaju<\/li>\n\n\n\n<li>Chcesz, aby karta zaplanowa\u0142a zwiedzanie za Ciebie<\/li>\n<\/ul>\n\n\n\n<p><a href=\"https:\/\/www.tiqets.com\/pl\/things-to-do-in-budapest-c68199\/budapest-pass-p1013746\/?partner=budapestcard\" rel=\"nofollow noopener\"><strong>Sprawd\u017a dost\u0119pno\u015b\u0107 \u00bb<\/strong><\/a><\/p>\n\n\n\n<h3 class=\"wp-block-heading\">Kup kart\u0119 Budapest Card, je\u015bli:<\/h3>\n\n\n\n<ul class=\"wp-block-list\">\n<li>Lubisz odwiedza\u0107 muzea i zabytki (szczeg\u00f3lnie je\u015bli wiesz, co chcesz zobaczy\u0107)<\/li>\n\n\n\n<li>Chcesz zwiedza\u0107 we w\u0142asnym tempie, wybieraj\u0105c z szerszej listy mniejszych atrakcji<\/li>\n\n\n\n<li>Masz ograniczony bud\u017cet i potrzebujesz wi\u0119kszej elastyczno\u015bci<\/li>\n<\/ul>\n\n\n\n<p><a href=\"https:\/\/www.tiqets.com\/pl\/things-to-do-in-budapest-c68199\/tickets-for-budapest-card-free-entrance-to-szt-lukacs-thermal-bath-and-pool-p974576\/?partner=budapestcard\" rel=\"nofollow noopener\"><strong>Sprawd\u017a dost\u0119pno\u015b\u0107 \u00bb<\/strong><\/a><\/p>\n\n\n\n<h2 class=\"wp-block-heading\">Cz\u0119sto zadawane pytania<\/h2>\n\n\n\n<div class=\"ms-accordion ms-mb-block\">\n<div class=\"ms-accordion__item\">\n<div class=\"ms-accordion__header\">\n<h3 class=\"gb-text\">Czy mog\u0119 wybra\u0107 j\u0119zyk wycieczek z przewodnikiem?<\/h3>\n<\/div>\n\n\n\n<div class=\"ms-accordion__body\">\n<p class=\"gb-text\">Wi\u0119kszo\u015b\u0107 wycieczek (po mie\u015bcie, W\u0119gierski Parlament, Muzeum P\u00e1linki) jest prowadzona w j\u0119zyku angielskim, ale niekt\u00f3re mog\u0105 by\u0107 dost\u0119pne w innych j\u0119zykach. Sprawd\u017a dost\u0119pno\u015b\u0107 podczas rezerwacji.<\/p>\n<\/div>\n<\/div>\n\n\n\n<div class=\"ms-accordion__item\">\n<div class=\"ms-accordion__header\">\n<h3 class=\"gb-text\">Jak mog\u0119 zrealizowa\u0107 lub odebra\u0107 kart\u0119?<\/h3>\n<\/div>\n\n\n\n<div class=\"ms-accordion__body\">\n<p class=\"gb-text\">Po zakupie otrzymasz bilety cyfrowe poczt\u0105 elektroniczn\u0105.<\/p>\n<\/div>\n<\/div>\n\n\n\n<div class=\"ms-accordion__item\">\n<div class=\"ms-accordion__header\">\n<h3 class=\"gb-text\">Czy mog\u0119 udost\u0119pni\u0107 kart\u0119 innej osobie?<\/h3>\n<\/div>\n\n\n\n<div class=\"ms-accordion__body\">\n<p class=\"gb-text\">Nie. Budapest Pass jest osobisty i nie mo\u017cna go przekaza\u0107 innej osobie. W ka\u017cdej atrakcji nale\u017cy okaza\u0107 sw\u00f3j bilet (a w niekt\u00f3rych przypadkach r\u00f3wnie\u017c dokument to\u017csamo\u015bci).<\/p>\n<\/div>\n<\/div>\n\n\n\n<div class=\"ms-accordion__item\">\n<div class=\"ms-accordion__header\">\n<h3 class=\"gb-text\">Jak dzia\u0142a kod rabatowy 10%?<\/h3>\n<\/div>\n\n\n\n<div class=\"ms-accordion__body\">\n<p class=\"gb-text\">Po dokonaniu rezerwacji otrzymasz e-mailem osobisty kod. Mo\u017cesz go wykorzysta\u0107 do pi\u0119ciu razy na dodatkowe atrakcje lub do\u015bwiadczenia w Budapeszcie za po\u015brednictwem Tiqets. Kod jest wa\u017cny przez ograniczony czas, wi\u0119c sprawd\u017a dat\u0119 wa\u017cno\u015bci.<\/p>\n<\/div>\n<\/div>\n<\/div>\n","protected":false},"excerpt":{"rendered":"","protected":false},"author":4,"featured_media":831,"parent":0,"menu_order":0,"comment_status":"closed","ping_status":"closed","template":"","meta":{"_acf_changed":false,"footnotes":"","button_url":"https:\/\/www.tiqets.com\/pl\/things-to-do-in-budapest-c68199\/budapest-pass-p1013746\/?partner=budapestcard","ms_product_id":"1013746","ms_product_name":"Budapest Pass","ms_price":"69","ms_currency":"EUR","ms_rating_value":"4","ms_review_count":"12","rank_math_title":"Budapest Pass \u2013 Bilety, Ceny i Informacje","rank_math_description":"Odkryj Budapeszt z Budapest Pass: termy, rejs po Dunaju, Parlament i wi\u0119cej. W zestawie transport publiczny i atrakcyjne zni\u017cki."},"post-style":[],"producer":[],"class_list":["post-830","page","type-page","status-publish","has-post-thumbnail"],"acf":[],"product_schema":{"ms_product_id":"1013746","ms_product_name":"Budapest Pass","ms_price":"69","ms_currency":"EUR","ms_rating_value":"4","ms_review_count":"12"},"_links":{"self":[{"href":"https:\/\/www.budapestcard.org\/pl\/wp-json\/wp\/v2\/pages\/830","targetHints":{"allow":["GET"]}}],"collection":[{"href":"https:\/\/www.budapestcard.org\/pl\/wp-json\/wp\/v2\/pages"}],"about":[{"href":"https:\/\/www.budapestcard.org\/pl\/wp-json\/wp\/v2\/types\/page"}],"author":[{"embeddable":true,"href":"https:\/\/www.budapestcard.org\/pl\/wp-json\/wp\/v2\/users\/4"}],"replies":[{"embeddable":true,"href":"https:\/\/www.budapestcard.org\/pl\/wp-json\/wp\/v2\/comments?post=830"}],"version-history":[{"count":3,"href":"https:\/\/www.budapestcard.org\/pl\/wp-json\/wp\/v2\/pages\/830\/revisions"}],"predecessor-version":[{"id":871,"href":"https:\/\/www.budapestcard.org\/pl\/wp-json\/wp\/v2\/pages\/830\/revisions\/871"}],"wp:featuredmedia":[{"embeddable":true,"href":"https:\/\/www.budapestcard.org\/pl\/wp-json\/wp\/v2\/media\/831"}],"wp:attachment":[{"href":"https:\/\/www.budapestcard.org\/pl\/wp-json\/wp\/v2\/media?parent=830"}],"wp:term":[{"taxonomy":"post-style","embeddable":true,"href":"https:\/\/www.budapestcard.org\/pl\/wp-json\/wp\/v2\/post-style?post=830"},{"taxonomy":"producer","embeddable":true,"href":"https:\/\/www.budapestcard.org\/pl\/wp-json\/wp\/v2\/producer?post=830"}],"curies":[{"name":"wp","href":"https:\/\/api.w.org\/{rel}","templated":true}]}}